{"id":20,"date":"2026-03-26T21:23:28","date_gmt":"2026-03-27T00:23:28","guid":{"rendered":"https:\/\/www.ct.ufpb.br\/lpsau\/?page_id=20"},"modified":"2026-03-26T21:23:28","modified_gmt":"2026-03-27T00:23:28","slug":"infraestrutura","status":"publish","type":"page","link":"https:\/\/www.ct.ufpb.br\/lpsau\/infraestrutura\/","title":{"rendered":"Infraestrutura"},"content":{"rendered":"\n<p>Pertencente ao Centro de Tecnologia da UFPB, o Laborat\u00f3rio de Pesquisas em Sistemas Ambientais Urbanos \u2013 o LPSAU,&nbsp;tem atuado para oferecer um ambiente de aprendizagem diferenciado para os estudantes de engenharia civil e ambiental, entre outros, al\u00e9m dos alunos de p\u00f3s gradua\u00e7\u00e3o. Criado em 2020, o LPSAU \u00e9 um laborat\u00f3rio de ensino \/ pesquisa que visa a oferecer infraestrutura adequada para que os alunos possam desenvolver os seus projetos de diversos tipos \u2013 oferecendo apoio e ambiente de estudo para aulas dos cursos de engenharia, trabalhos de conclus\u00f5es de curso, bem como disciplinas de p\u00f3s gradua\u00e7\u00e3o.<\/p>\n\n\n\n<p>O LPSAU disp\u00f5e de uma \u00e1rea de 24 metros quadrados e conta com tr\u00eas espa\u00e7os f\u00edsicos presentes nesse mesmo ambiente: uma&nbsp;<strong>sala de aula<\/strong>&nbsp;adaptada para aulas de p\u00f3s gradua\u00e7\u00e3o e defesas de TCC\u2019s para 8 alunos; um&nbsp;<strong>ambiente para reuni\u00f5es<\/strong>&nbsp;e o terceiro espa\u00e7o contendo os&nbsp;<strong>equipamentos computacionais<\/strong>&nbsp;\u2013 2 computadores conectados \u00e0 internet para uso do corpo discente.<\/p>\n\n\n\n<p>Na&nbsp;<strong>sala de aula<\/strong>, os m\u00f3veis podem ser rearranjados para aulas com quatro a oito alunos no m\u00e1ximo, devidamente acomodados, juntamente com o professor para o estudo da disciplina em pauta. A proje\u00e7\u00e3o de imagens utilizada pelo professor \u2013 atrav\u00e9s de um datashow, ocorre simultaneamente em uma das paredes longitudinais da sala, de modo que todos os alunos presentes visualizam adequadamente o material. O professor fica posicionado no centro da sala, tendo maior proximidade com os alunos. A sala de aula \u00e9 utilizada em hor\u00e1rios regulares da grade curricular para atividades e tamb\u00e9m para atividades dos projetos que tenham continuidade posteriormente, de forma mais aut\u00f4noma e individual, pelos alunos nos demais espa\u00e7os de uso do LPSAU.<\/p>\n\n\n\n<p>J\u00e1 o&nbsp;<strong>espa\u00e7o para reuni\u00f5es<\/strong>&nbsp;\u00e9 constitu\u00eddo de uma mesa redonda, que possibilita a vis\u00e3o entre os membros participantes e onde s\u00e3o discutidas e estabelecidas as solu\u00e7\u00f5es sobre diferentes aspectos, a exemplo de projetos de pesquisa, extens\u00e3o, entre outros.<\/p>\n\n\n\n<p>Por fim, o&nbsp;<strong>ambiente destinado aos computadores<\/strong>&nbsp;serve de apoio as pesquisas documentais (artigos, teses, disserta\u00e7\u00f5es e tcc\u2019s) para os alunos de gradua\u00e7\u00e3o e p\u00f3s gradua\u00e7\u00e3o que se utilizam do ambiente f\u00edsico do LPSAU.<\/p>\n\n\n\n<p>Podemos dizer que o LPSAU \u00e9 um laborat\u00f3rio multifacetado, oferecendo em um mesmo ambiente, diferentes espa\u00e7os de estudos e desenvolvimento do conhecimento t\u00e9cnico especializado para seus diferentes usu\u00e1rios.<\/p>\n","protected":false},"excerpt":{"rendered":"<p>Pertencente ao Centro de Tecnologia da UFPB, o Laborat\u00f3rio de Pesquisas em Sistemas Ambientais Urbanos [&hellip;]<\/p>\n","protected":false},"author":285,"featured_media":0,"parent":0,"menu_order":0,"comment_status":"closed","ping_status":"closed","template":"","meta":{"footnotes":""},"class_list":["post-20","page","type-page","status-publish","hentry"],"_links":{"self":[{"href":"https:\/\/www.ct.ufpb.br\/lpsau\/wp-json\/wp\/v2\/pages\/20","targetHints":{"allow":["GET"]}}],"collection":[{"href":"https:\/\/www.ct.ufpb.br\/lpsau\/wp-json\/wp\/v2\/pages"}],"about":[{"href":"https:\/\/www.ct.ufpb.br\/lpsau\/wp-json\/wp\/v2\/types\/page"}],"author":[{"embeddable":true,"href":"https:\/\/www.ct.ufpb.br\/lpsau\/wp-json\/wp\/v2\/users\/285"}],"replies":[{"embeddable":true,"href":"https:\/\/www.ct.ufpb.br\/lpsau\/wp-json\/wp\/v2\/comments?post=20"}],"version-history":[{"count":1,"href":"https:\/\/www.ct.ufpb.br\/lpsau\/wp-json\/wp\/v2\/pages\/20\/revisions"}],"predecessor-version":[{"id":21,"href":"https:\/\/www.ct.ufpb.br\/lpsau\/wp-json\/wp\/v2\/pages\/20\/revisions\/21"}],"wp:attachment":[{"href":"https:\/\/www.ct.ufpb.br\/lpsau\/wp-json\/wp\/v2\/media?parent=20"}],"curies":[{"name":"wp","href":"https:\/\/api.w.org\/{rel}","templated":true}]}}