{"id":18,"date":"2026-03-26T21:23:08","date_gmt":"2026-03-27T00:23:08","guid":{"rendered":"https:\/\/www.ct.ufpb.br\/lpsau\/?page_id=18"},"modified":"2026-03-26T21:23:08","modified_gmt":"2026-03-27T00:23:08","slug":"areas-de-atuacao","status":"publish","type":"page","link":"https:\/\/www.ct.ufpb.br\/lpsau\/areas-de-atuacao\/","title":{"rendered":"\u00c1reas de atua\u00e7\u00e3o"},"content":{"rendered":"\n<ul class=\"wp-block-list\">\n<li>Gest\u00e3o Ambiental<\/li>\n<\/ul>\n\n\n\n<ul class=\"wp-block-list\">\n<li>Res\u00edduos S\u00f3lidos<\/li>\n<\/ul>\n\n\n\n<p><\/p>\n\n\n\n<p><\/p>\n","protected":false},"excerpt":{"rendered":"","protected":false},"author":285,"featured_media":0,"parent":0,"menu_order":0,"comment_status":"closed","ping_status":"closed","template":"","meta":{"footnotes":""},"class_list":["post-18","page","type-page","status-publish","hentry"],"_links":{"self":[{"href":"https:\/\/www.ct.ufpb.br\/lpsau\/wp-json\/wp\/v2\/pages\/18","targetHints":{"allow":["GET"]}}],"collection":[{"href":"https:\/\/www.ct.ufpb.br\/lpsau\/wp-json\/wp\/v2\/pages"}],"about":[{"href":"https:\/\/www.ct.ufpb.br\/lpsau\/wp-json\/wp\/v2\/types\/page"}],"author":[{"embeddable":true,"href":"https:\/\/www.ct.ufpb.br\/lpsau\/wp-json\/wp\/v2\/users\/285"}],"replies":[{"embeddable":true,"href":"https:\/\/www.ct.ufpb.br\/lpsau\/wp-json\/wp\/v2\/comments?post=18"}],"version-history":[{"count":1,"href":"https:\/\/www.ct.ufpb.br\/lpsau\/wp-json\/wp\/v2\/pages\/18\/revisions"}],"predecessor-version":[{"id":19,"href":"https:\/\/www.ct.ufpb.br\/lpsau\/wp-json\/wp\/v2\/pages\/18\/revisions\/19"}],"wp:attachment":[{"href":"https:\/\/www.ct.ufpb.br\/lpsau\/wp-json\/wp\/v2\/media?parent=18"}],"curies":[{"name":"wp","href":"https:\/\/api.w.org\/{rel}","templated":true}]}}