{"id":14,"date":"2026-03-26T21:21:46","date_gmt":"2026-03-27T00:21:46","guid":{"rendered":"https:\/\/www.ct.ufpb.br\/lpsau\/?page_id=14"},"modified":"2026-03-26T21:21:46","modified_gmt":"2026-03-27T00:21:46","slug":"grupo-de-pesquisa","status":"publish","type":"page","link":"https:\/\/www.ct.ufpb.br\/lpsau\/grupo-de-pesquisa\/","title":{"rendered":"Grupo de Pesquisa"},"content":{"rendered":"\n<p>O grupo de pesquisa Bio res\u00edduos conta atualmente com seis membros, divididos entre dois docentes e quatro p\u00f3s-graduandos, sendo dois alunos de doutorado do Programa do P\u00f3s-Gradua\u00e7\u00e3o em Engenharia Civil e Ambiental (PPGECAM-UFPB) e de dois alunos de p\u00f3s-doutorado. Cabe salientar que o grupo de pesquisa tem parceria com o Institut National des Sciences Appliqu\u00e9e (INSA \u2013 Lyon), atrav\u00e9s do projeto CAPES\/COFECUB.<\/p>\n\n\n\n<p><\/p>\n","protected":false},"excerpt":{"rendered":"<p>O grupo de pesquisa Bio res\u00edduos conta atualmente com seis membros, divididos entre dois docentes [&hellip;]<\/p>\n","protected":false},"author":285,"featured_media":0,"parent":0,"menu_order":0,"comment_status":"closed","ping_status":"closed","template":"","meta":{"footnotes":""},"class_list":["post-14","page","type-page","status-publish","hentry"],"_links":{"self":[{"href":"https:\/\/www.ct.ufpb.br\/lpsau\/wp-json\/wp\/v2\/pages\/14","targetHints":{"allow":["GET"]}}],"collection":[{"href":"https:\/\/www.ct.ufpb.br\/lpsau\/wp-json\/wp\/v2\/pages"}],"about":[{"href":"https:\/\/www.ct.ufpb.br\/lpsau\/wp-json\/wp\/v2\/types\/page"}],"author":[{"embeddable":true,"href":"https:\/\/www.ct.ufpb.br\/lpsau\/wp-json\/wp\/v2\/users\/285"}],"replies":[{"embeddable":true,"href":"https:\/\/www.ct.ufpb.br\/lpsau\/wp-json\/wp\/v2\/comments?post=14"}],"version-history":[{"count":1,"href":"https:\/\/www.ct.ufpb.br\/lpsau\/wp-json\/wp\/v2\/pages\/14\/revisions"}],"predecessor-version":[{"id":15,"href":"https:\/\/www.ct.ufpb.br\/lpsau\/wp-json\/wp\/v2\/pages\/14\/revisions\/15"}],"wp:attachment":[{"href":"https:\/\/www.ct.ufpb.br\/lpsau\/wp-json\/wp\/v2\/media?parent=14"}],"curies":[{"name":"wp","href":"https:\/\/api.w.org\/{rel}","templated":true}]}}