{"id":54,"date":"2025-12-06T11:21:41","date_gmt":"2025-12-06T11:21:41","guid":{"rendered":"https:\/\/www.ct.ufpb.br\/lhdr2\/?page_id=54"},"modified":"2025-12-06T11:21:41","modified_gmt":"2025-12-06T11:21:41","slug":"experiencias-hidraulicas","status":"publish","type":"page","link":"https:\/\/www.ct.ufpb.br\/lhdr\/experiencias-hidraulicas\/","title":{"rendered":"Experi\u00eancias Hidr\u00e1ulicas"},"content":{"rendered":"\n<div class=\"wp-block-media-text is-stacked-on-mobile has-background has-small-font-size\" style=\"background:linear-gradient(135deg,rgb(2,3,129) 0%,rgb(40,116,252) 38%);grid-template-columns:22% auto\"><figure class=\"wp-block-media-text__media\"><a href=\"https:\/\/www.ct.ufpb.br\/lhdr\/experiencias-hidraulicas\/golpe-de-ariete\/\"><img loading=\"lazy\" decoding=\"async\" width=\"1024\" height=\"1024\" src=\"https:\/\/www.ct.ufpb.br\/lhdr\/wp-content\/uploads\/sites\/107\/sites\/200\/2025\/03\/3-1024x1024.png\" alt=\"\" class=\"wp-image-309 size-full\" srcset=\"https:\/\/www.ct.ufpb.br\/lhdr\/wp-content\/uploads\/sites\/107\/sites\/200\/2025\/03\/3-1024x1024.png 1024w, https:\/\/www.ct.ufpb.br\/lhdr\/wp-content\/uploads\/sites\/107\/sites\/200\/2025\/03\/3-300x300.png 300w, https:\/\/www.ct.ufpb.br\/lhdr\/wp-content\/uploads\/sites\/107\/sites\/200\/2025\/03\/3-150x150.png 150w, https:\/\/www.ct.ufpb.br\/lhdr\/wp-content\/uploads\/sites\/107\/sites\/200\/2025\/03\/3-768x768.png 768w, https:\/\/www.ct.ufpb.br\/lhdr\/wp-content\/uploads\/sites\/107\/sites\/200\/2025\/03\/3.png 1080w\" sizes=\"auto, (max-width: 1024px) 100vw, 1024px\" \/><\/a><\/figure><div class=\"wp-block-media-text__content\">\n<p class=\"has-text-align-left has-white-color has-text-color has-link-color has-medium-font-size wp-elements-a431c4ce88046f7f435736b3d3e534f8\"><strong>Experimento IX &#8211; Golpe de Ar\u00edete.<\/strong><\/p>\n\n\n\n<p class=\"has-white-color has-text-color has-link-color wp-elements-680a0a9ee9fc5e8587c9f707c25463b9\">Experimenta\u00e7\u00e3o do bombeamento de fluido atrav\u00e9s do Carneiro Hidr\u00e1ulico.<\/p>\n<\/div><\/div>\n\n\n\n<p><\/p>\n","protected":false},"excerpt":{"rendered":"<p>Experimento IX &#8211; Golpe de Ar\u00edete.<\/p>\n","protected":false},"author":47,"featured_media":7,"parent":0,"menu_order":0,"comment_status":"closed","ping_status":"closed","template":"","meta":{"footnotes":""},"class_list":["post-54","page","type-page","status-publish","has-post-thumbnail","hentry"],"_links":{"self":[{"href":"https:\/\/www.ct.ufpb.br\/lhdr\/wp-json\/wp\/v2\/pages\/54","targetHints":{"allow":["GET"]}}],"collection":[{"href":"https:\/\/www.ct.ufpb.br\/lhdr\/wp-json\/wp\/v2\/pages"}],"about":[{"href":"https:\/\/www.ct.ufpb.br\/lhdr\/wp-json\/wp\/v2\/types\/page"}],"author":[{"embeddable":true,"href":"https:\/\/www.ct.ufpb.br\/lhdr\/wp-json\/wp\/v2\/users\/47"}],"replies":[{"embeddable":true,"href":"https:\/\/www.ct.ufpb.br\/lhdr\/wp-json\/wp\/v2\/comments?post=54"}],"version-history":[{"count":6,"href":"https:\/\/www.ct.ufpb.br\/lhdr\/wp-json\/wp\/v2\/pages\/54\/revisions"}],"predecessor-version":[{"id":413,"href":"https:\/\/www.ct.ufpb.br\/lhdr\/wp-json\/wp\/v2\/pages\/54\/revisions\/413"}],"wp:featuredmedia":[{"embeddable":true,"href":"https:\/\/www.ct.ufpb.br\/lhdr\/wp-json\/wp\/v2\/media\/7"}],"wp:attachment":[{"href":"https:\/\/www.ct.ufpb.br\/lhdr\/wp-json\/wp\/v2\/media?parent=54"}],"curies":[{"name":"wp","href":"https:\/\/api.w.org\/{rel}","templated":true}]}}