{"id":28,"date":"2024-08-07T18:15:27","date_gmt":"2024-08-07T18:15:27","guid":{"rendered":"https:\/\/www.ct.ufpb.br\/lhdr2\/?page_id=28"},"modified":"2026-04-26T00:12:16","modified_gmt":"2026-04-26T00:12:16","slug":"experiencias-mecanica-dos-fluidos","status":"publish","type":"page","link":"https:\/\/www.ct.ufpb.br\/lhdr\/experiencias-mecanica-dos-fluidos\/","title":{"rendered":"Experi\u00eancias Mec\u00e2nica dos Fluidos"},"content":{"rendered":"\n<div class=\"wp-block-media-text is-stacked-on-mobile has-background has-small-font-size\" style=\"background:linear-gradient(135deg,rgb(2,3,129) 0%,rgb(40,116,252) 38%);grid-template-columns:22% auto\"><figure class=\"wp-block-media-text__media\"><a href=\"https:\/\/www.ct.ufpb.br\/lhdr\/experiencias-mecanica-dos-fluidos\/experiencia-1-densidade-dos-liquidos\/\"><img loading=\"lazy\" decoding=\"async\" width=\"200\" height=\"200\" src=\"http:\/\/www.ct.ufpb.br\/lhdr2\/wp-content\/uploads\/sites\/107\/sites\/200\/2024\/11\/f9e089e9-41f2-4915-a8bd-3ce37d6390d9.png\" alt=\"\" class=\"wp-image-184 size-full\" srcset=\"https:\/\/www.ct.ufpb.br\/lhdr\/wp-content\/uploads\/sites\/107\/sites\/200\/2024\/11\/f9e089e9-41f2-4915-a8bd-3ce37d6390d9.png 200w, https:\/\/www.ct.ufpb.br\/lhdr\/wp-content\/uploads\/sites\/107\/sites\/200\/2024\/11\/f9e089e9-41f2-4915-a8bd-3ce37d6390d9-150x150.png 150w\" sizes=\"auto, (max-width: 200px) 100vw, 200px\" \/><\/a><\/figure><div class=\"wp-block-media-text__content\">\n<p class=\"has-text-align-left has-white-color has-text-color has-link-color has-medium-font-size wp-elements-c69b855b9197d7c4cb2b895408627c5a\"><strong>Experimento I &#8211; Densidade dos L\u00edquidos<\/strong><\/p>\n\n\n\n<p class=\"has-white-color has-text-color has-link-color wp-elements-cf04cc169ca650ad494b6892fdf17bfc\">Determina\u00e7\u00e3o da densidade relativa de subst\u00e2ncias l\u00edquidas.<\/p>\n<\/div><\/div>\n\n\n\n<div class=\"wp-block-media-text is-stacked-on-mobile has-background has-small-font-size\" style=\"background:linear-gradient(135deg,rgb(2,3,129) 0%,rgb(40,116,252) 38%);grid-template-columns:22% auto\"><figure class=\"wp-block-media-text__media\"><a href=\"https:\/\/www.ct.ufpb.br\/lhdr\/experiencias-mecanica-dos-fluidos\/experiencia-2-viscosidade-de-oleos-lubrificantes\/\"><img loading=\"lazy\" decoding=\"async\" width=\"200\" height=\"200\" src=\"http:\/\/www.ct.ufpb.br\/lhdr2\/wp-content\/uploads\/sites\/107\/sites\/200\/2024\/11\/217fd8fe-7595-4d29-b188-7398e50042f4.png\" alt=\"\" class=\"wp-image-194 size-full\" srcset=\"https:\/\/www.ct.ufpb.br\/lhdr\/wp-content\/uploads\/sites\/107\/sites\/200\/2024\/11\/217fd8fe-7595-4d29-b188-7398e50042f4.png 200w, https:\/\/www.ct.ufpb.br\/lhdr\/wp-content\/uploads\/sites\/107\/sites\/200\/2024\/11\/217fd8fe-7595-4d29-b188-7398e50042f4-150x150.png 150w\" sizes=\"auto, (max-width: 200px) 100vw, 200px\" \/><\/a><\/figure><div class=\"wp-block-media-text__content\">\n<p class=\"has-text-align-left has-white-color has-text-color has-link-color has-medium-font-size wp-elements-56059ae69ba4f691595c0826ab0c667e\"><strong>Experimento II &#8211; Viscosidade de \u00d3leos Lubrificantes<\/strong><\/p>\n\n\n\n<p class=\"has-white-color has-text-color has-link-color wp-elements-a39d09e49c0670d63841a6a7119cdf45\">Determina\u00e7\u00e3o da viscosidade do \u00f3leo lubrificante automotivo e sua classifica\u00e7\u00e3o segundo a SAE .<\/p>\n<\/div><\/div>\n\n\n\n<div class=\"wp-block-media-text is-stacked-on-mobile has-background has-small-font-size\" style=\"background:linear-gradient(135deg,rgb(2,3,129) 0%,rgb(40,116,252) 38%);grid-template-columns:22% auto\"><figure class=\"wp-block-media-text__media\"><a href=\"https:\/\/www.ct.ufpb.br\/lhdr\/experiencias-mecanica-dos-fluidos\/experiencia-3-medidas-de-pressao\/\"><img loading=\"lazy\" decoding=\"async\" width=\"200\" height=\"200\" src=\"http:\/\/www.ct.ufpb.br\/lhdr2\/wp-content\/uploads\/sites\/107\/sites\/200\/2024\/11\/90f97e4a-1774-4217-a99f-5d22691b974e.png\" alt=\"\" class=\"wp-image-193 size-full\" srcset=\"https:\/\/www.ct.ufpb.br\/lhdr\/wp-content\/uploads\/sites\/107\/sites\/200\/2024\/11\/90f97e4a-1774-4217-a99f-5d22691b974e.png 200w, https:\/\/www.ct.ufpb.br\/lhdr\/wp-content\/uploads\/sites\/107\/sites\/200\/2024\/11\/90f97e4a-1774-4217-a99f-5d22691b974e-150x150.png 150w\" sizes=\"auto, (max-width: 200px) 100vw, 200px\" \/><\/a><\/figure><div class=\"wp-block-media-text__content\">\n<p class=\"has-text-align-left has-white-color has-text-color has-link-color has-medium-font-size wp-elements-b93088bf59d4ac2ac966fe0985bbcb5e\"><strong>Experimento III &#8211; Medidas de Press\u00e3o<\/strong><\/p>\n\n\n\n<p class=\"has-white-color has-text-color has-link-color wp-elements-641ea81fa0e1495c5e64c585a2edb03c\">Apresenta\u00e7\u00e3o dos principais tipos de medidores de press\u00e3o e aferi\u00e7\u00e3o de um man\u00f4metro mec\u00e2nico.<\/p>\n<\/div><\/div>\n\n\n\n<div class=\"wp-block-media-text is-stacked-on-mobile has-background has-small-font-size\" style=\"background:linear-gradient(135deg,rgb(2,3,129) 0%,rgb(40,116,252) 38%);grid-template-columns:22% auto\"><figure class=\"wp-block-media-text__media\"><a href=\"https:\/\/www.ct.ufpb.br\/lhdr\/experiencias-mecanica-dos-fluidos\/experiencia-4-medidas-de-fluxo\/\"><img loading=\"lazy\" decoding=\"async\" width=\"200\" height=\"200\" src=\"http:\/\/www.ct.ufpb.br\/lhdr2\/wp-content\/uploads\/sites\/107\/sites\/200\/2024\/11\/d231cfb2-df3c-4909-b417-1be8913c183f.png\" alt=\"\" class=\"wp-image-192 size-full\" srcset=\"https:\/\/www.ct.ufpb.br\/lhdr\/wp-content\/uploads\/sites\/107\/sites\/200\/2024\/11\/d231cfb2-df3c-4909-b417-1be8913c183f.png 200w, https:\/\/www.ct.ufpb.br\/lhdr\/wp-content\/uploads\/sites\/107\/sites\/200\/2024\/11\/d231cfb2-df3c-4909-b417-1be8913c183f-150x150.png 150w\" sizes=\"auto, (max-width: 200px) 100vw, 200px\" \/><\/a><\/figure><div class=\"wp-block-media-text__content\">\n<p class=\"has-text-align-left has-white-color has-text-color has-link-color has-medium-font-size wp-elements-668181b6867d0b971eac0ec3faf974d5\"><strong>Experimento IV &#8211; Medidas de Fluxo<\/strong><\/p>\n\n\n\n<p class=\"has-white-color has-text-color has-link-color wp-elements-d54398c798b4242ca9eda66e83a11638\">Calibragem do medidor de Venturi e do Medidor de Orif\u00edcio.<\/p>\n<\/div><\/div>\n\n\n\n<div class=\"wp-block-media-text is-stacked-on-mobile has-background has-small-font-size\" style=\"background:linear-gradient(135deg,rgb(2,3,129) 0%,rgb(40,116,252) 38%);grid-template-columns:22% auto\"><figure class=\"wp-block-media-text__media\"><a href=\"https:\/\/www.ct.ufpb.br\/lhdr\/experiencias-mecanica-dos-fluidos\/experiencia-5-forca-de-impacto-de-jatos\/\"><img loading=\"lazy\" decoding=\"async\" width=\"200\" height=\"200\" src=\"http:\/\/www.ct.ufpb.br\/lhdr2\/wp-content\/uploads\/sites\/107\/sites\/200\/2024\/11\/893b8cc2-6149-4f99-be40-f096be1e41df.png\" alt=\"\" class=\"wp-image-195 size-full\" srcset=\"https:\/\/www.ct.ufpb.br\/lhdr\/wp-content\/uploads\/sites\/107\/sites\/200\/2024\/11\/893b8cc2-6149-4f99-be40-f096be1e41df.png 200w, https:\/\/www.ct.ufpb.br\/lhdr\/wp-content\/uploads\/sites\/107\/sites\/200\/2024\/11\/893b8cc2-6149-4f99-be40-f096be1e41df-150x150.png 150w\" sizes=\"auto, (max-width: 200px) 100vw, 200px\" \/><\/a><\/figure><div class=\"wp-block-media-text__content\">\n<p class=\"has-text-align-left has-white-color has-text-color has-link-color has-medium-font-size wp-elements-97e0a382c212f4f2438f3564028bdcd4\"><strong>Experimento V &#8211; For\u00e7a de Impacto de Jatos<\/strong><\/p>\n\n\n\n<p class=\"has-white-color has-text-color has-link-color wp-elements-6bf5bc28ed87bd924cf2d8277d23f5f7\">Determina\u00e7\u00e3o experimental de for\u00e7as de impacto de jatos d&#8217;\u00e1gua em superf\u00edcies defletoras<\/p>\n<\/div><\/div>\n\n\n\n<div class=\"wp-block-media-text is-stacked-on-mobile has-background has-small-font-size\" style=\"background:linear-gradient(135deg,rgb(2,3,129) 0%,rgb(40,116,252) 38%);grid-template-columns:22% auto\"><figure class=\"wp-block-media-text__media\"><a href=\"https:\/\/www.ct.ufpb.br\/lhdr\/experiencias-mecanica-dos-fluidos\/experiencia-6-atrito-em-tubos-lisos\/\"><img loading=\"lazy\" decoding=\"async\" width=\"200\" height=\"200\" src=\"http:\/\/www.ct.ufpb.br\/lhdr2\/wp-content\/uploads\/sites\/107\/sites\/200\/2024\/11\/c62cf9ba-6ebe-4bfb-9c82-4afa2ed4cc32.png\" alt=\"\" class=\"wp-image-191 size-full\" srcset=\"https:\/\/www.ct.ufpb.br\/lhdr\/wp-content\/uploads\/sites\/107\/sites\/200\/2024\/11\/c62cf9ba-6ebe-4bfb-9c82-4afa2ed4cc32.png 200w, https:\/\/www.ct.ufpb.br\/lhdr\/wp-content\/uploads\/sites\/107\/sites\/200\/2024\/11\/c62cf9ba-6ebe-4bfb-9c82-4afa2ed4cc32-150x150.png 150w\" sizes=\"auto, (max-width: 200px) 100vw, 200px\" \/><\/a><\/figure><div class=\"wp-block-media-text__content\">\n<p class=\"has-text-align-left has-white-color has-text-color has-link-color has-medium-font-size wp-elements-39ab0b249a21d7bcf0079953f7c2a5fa\"><strong>Experimento VI &#8211; Atrito em Tubos Lisos<\/strong><\/p>\n\n\n\n<p class=\"has-white-color has-text-color has-link-color wp-elements-e174088b3bd1a869cd99b5076e74d008\">Obten\u00e7\u00e3o experimental da perda de carga linear em tubos lisos.<\/p>\n<\/div><\/div>\n\n\n\n<div class=\"wp-block-media-text is-stacked-on-mobile has-background has-small-font-size\" style=\"background:linear-gradient(135deg,rgb(2,3,129) 0%,rgb(40,116,252) 38%);grid-template-columns:22% auto\"><figure class=\"wp-block-media-text__media\"><a href=\"https:\/\/www.ct.ufpb.br\/lhdr\/experiencias-mecanica-dos-fluidos\/experiencia-7-perfil-de-velocidades-em-tubos-circulares\/\"><img loading=\"lazy\" decoding=\"async\" width=\"200\" height=\"200\" src=\"http:\/\/www.ct.ufpb.br\/lhdr2\/wp-content\/uploads\/sites\/107\/sites\/200\/2024\/11\/17850a65-bd9b-4e89-b7c3-aa107a60dd67.png\" alt=\"\" class=\"wp-image-190 size-full\" srcset=\"https:\/\/www.ct.ufpb.br\/lhdr\/wp-content\/uploads\/sites\/107\/sites\/200\/2024\/11\/17850a65-bd9b-4e89-b7c3-aa107a60dd67.png 200w, https:\/\/www.ct.ufpb.br\/lhdr\/wp-content\/uploads\/sites\/107\/sites\/200\/2024\/11\/17850a65-bd9b-4e89-b7c3-aa107a60dd67-150x150.png 150w\" sizes=\"auto, (max-width: 200px) 100vw, 200px\" \/><\/a><\/figure><div class=\"wp-block-media-text__content\">\n<p class=\"has-text-align-left has-white-color has-text-color has-link-color has-medium-font-size wp-elements-ea3679915e7cc4b478712b3aefd93a44\"><strong>Experimento VII &#8211; Velocidade em Tubos Circulares<\/strong><\/p>\n\n\n\n<p class=\"has-white-color has-text-color has-link-color wp-elements-f9eb9fd20c075964ed7024e8fd034e28\">Determina\u00e7\u00e3o experimental de perfis de velocidades em tubos circulares.<\/p>\n<\/div><\/div>\n\n\n\n<div class=\"wp-block-media-text is-stacked-on-mobile has-background has-small-font-size\" style=\"background:linear-gradient(135deg,rgb(2,3,129) 0%,rgb(40,116,252) 38%);grid-template-columns:22% auto\"><figure class=\"wp-block-media-text__media\"><a href=\"https:\/\/www.ct.ufpb.br\/lhdr\/experiencias-mecanica-dos-fluidos\/experiencia-ix-determinacao-da-distribuicao-de-pressao-e-do-coeficiente-de-arraste-de-um-cilindro\/\"><img loading=\"lazy\" decoding=\"async\" width=\"1024\" height=\"1035\" src=\"https:\/\/www.ct.ufpb.br\/lhdr\/wp-content\/uploads\/sites\/107\/sites\/200\/2026\/04\/experimento_ix.jpeg\" alt=\"\" class=\"wp-image-479 size-full\" srcset=\"https:\/\/www.ct.ufpb.br\/lhdr\/wp-content\/uploads\/sites\/107\/sites\/200\/2026\/04\/experimento_ix.jpeg 1024w, https:\/\/www.ct.ufpb.br\/lhdr\/wp-content\/uploads\/sites\/107\/sites\/200\/2026\/04\/experimento_ix-297x300.jpeg 297w, https:\/\/www.ct.ufpb.br\/lhdr\/wp-content\/uploads\/sites\/107\/sites\/200\/2026\/04\/experimento_ix-1013x1024.jpeg 1013w, https:\/\/www.ct.ufpb.br\/lhdr\/wp-content\/uploads\/sites\/107\/sites\/200\/2026\/04\/experimento_ix-768x776.jpeg 768w\" sizes=\"auto, (max-width: 1024px) 100vw, 1024px\" \/><\/a><\/figure><div class=\"wp-block-media-text__content\">\n<p class=\"has-text-align-left has-white-color has-text-color has-link-color has-medium-font-size wp-elements-ab7ce1ade936082f3016699235e735ea\"><strong>Experi\u00eancia IX \u2013 Determina\u00e7\u00e3o da Distribui\u00e7\u00e3o de Press\u00e3o e do Coeficiente de Arraste de um Cilindro<\/strong><\/p>\n\n\n\n<p class=\"has-white-color has-text-color has-link-color wp-elements-b27921e99850958467ace2d29ac48b91\">Determinar a distribui\u00e7\u00e3o de press\u00e3o em torno de um cilindro.<\/p>\n<\/div><\/div>\n","protected":false},"excerpt":{"rendered":"<p>Experimento I &#8211; Densidade dos L\u00edquidos Determina\u00e7\u00e3o da densidade relativa de subst\u00e2ncias l\u00edquidas. Experimento II [&hellip;]<\/p>\n","protected":false},"author":47,"featured_media":7,"parent":0,"menu_order":0,"comment_status":"closed","ping_status":"closed","template":"","meta":{"footnotes":""},"class_list":["post-28","page","type-page","status-publish","has-post-thumbnail","hentry"],"_links":{"self":[{"href":"https:\/\/www.ct.ufpb.br\/lhdr\/wp-json\/wp\/v2\/pages\/28","targetHints":{"allow":["GET"]}}],"collection":[{"href":"https:\/\/www.ct.ufpb.br\/lhdr\/wp-json\/wp\/v2\/pages"}],"about":[{"href":"https:\/\/www.ct.ufpb.br\/lhdr\/wp-json\/wp\/v2\/types\/page"}],"author":[{"embeddable":true,"href":"https:\/\/www.ct.ufpb.br\/lhdr\/wp-json\/wp\/v2\/users\/47"}],"replies":[{"embeddable":true,"href":"https:\/\/www.ct.ufpb.br\/lhdr\/wp-json\/wp\/v2\/comments?post=28"}],"version-history":[{"count":18,"href":"https:\/\/www.ct.ufpb.br\/lhdr\/wp-json\/wp\/v2\/pages\/28\/revisions"}],"predecessor-version":[{"id":490,"href":"https:\/\/www.ct.ufpb.br\/lhdr\/wp-json\/wp\/v2\/pages\/28\/revisions\/490"}],"wp:featuredmedia":[{"embeddable":true,"href":"https:\/\/www.ct.ufpb.br\/lhdr\/wp-json\/wp\/v2\/media\/7"}],"wp:attachment":[{"href":"https:\/\/www.ct.ufpb.br\/lhdr\/wp-json\/wp\/v2\/media?parent=28"}],"curies":[{"name":"wp","href":"https:\/\/api.w.org\/{rel}","templated":true}]}}