{"id":25,"date":"2024-08-07T18:09:26","date_gmt":"2024-08-07T18:09:26","guid":{"rendered":"https:\/\/www.ct.ufpb.br\/lhdr2\/?page_id=25"},"modified":"2024-08-07T18:10:32","modified_gmt":"2024-08-07T18:10:32","slug":"servicos-prestados","status":"publish","type":"page","link":"https:\/\/www.ct.ufpb.br\/lhdr\/servicos-prestados\/","title":{"rendered":"Servi\u00e7os Prestados"},"content":{"rendered":"\n<p><strong>Servi\u00e7os<\/strong><\/p>\n\n\n\n<p>Rela\u00e7\u00e3o de servi\u00e7os que poder\u00e3o ser prestados pelo laborat\u00f3rio:<\/p>\n\n\n\n<ul class=\"wp-block-list\">\n<li>Medi\u00e7\u00e3o de Vaz\u00e3o em rios e canais<\/li>\n\n\n\n<li>Medi\u00e7\u00e3o de Vaz\u00e3o em dutos para l\u00edquidos e gases<\/li>\n\n\n\n<li>Dimensionamento de instala\u00e7\u00f5es de bombeamento<\/li>\n\n\n\n<li>An\u00e1lise de sistema de bombeamento<\/li>\n\n\n\n<li>Teste hidrost\u00e1tico em vasos de press\u00e3o<\/li>\n\n\n\n<li>Inspe\u00e7\u00e3o de seguran\u00e7a em caldeiras<\/li>\n\n\n\n<li>Analise de instala\u00e7\u00f5es industriais com rela\u00e7\u00e3o a economia de energia na ind\u00fastria<\/li>\n<\/ul>\n\n\n\n<p class=\" \"><strong>Equipamentos<\/strong><\/p>\n\n\n\n<p>Rela\u00e7\u00e3o de Equipamentos que est\u00e3o dispon\u00edveis pelo laborat\u00f3rio:<\/p>\n\n\n\n<ul class=\"wp-block-list\">\n<li>Carneiro Hidr\u00e1ulico<\/li>\n\n\n\n<li>Bombas<\/li>\n\n\n\n<li>Tubula\u00e7\u00f5es<\/li>\n\n\n\n<li>Conex\u00f5es<\/li>\n\n\n\n<li>Man\u00f4metro<\/li>\n\n\n\n<li>Bar\u00f4metro<\/li>\n\n\n\n<li>Micromolinete<\/li>\n<\/ul>\n\n\n\n<p class=\" \">&nbsp;<strong>Cursos<\/strong><\/p>\n\n\n\n<p>Rela\u00e7\u00e3o&nbsp;dos cursos que poder\u00e3o ser ministrados:<\/p>\n\n\n\n<ul class=\"wp-block-list\">\n<li> Inspe\u00e7\u00e3o de seguran\u00e7a em caldeiras<\/li>\n\n\n\n<li>Hidra\u00falica de instala\u00e7\u00f5es de bombeamento<\/li>\n\n\n\n<li>Curso de operadores de caldeira<br><\/li>\n<\/ul>\n\n\n\n<p><br><br><\/p>\n","protected":false},"excerpt":{"rendered":"<p>Servi\u00e7os Rela\u00e7\u00e3o de servi\u00e7os que poder\u00e3o ser prestados pelo laborat\u00f3rio: Equipamentos Rela\u00e7\u00e3o de Equipamentos que [&hellip;]<\/p>\n","protected":false},"author":47,"featured_media":0,"parent":0,"menu_order":0,"comment_status":"closed","ping_status":"closed","template":"","meta":{"footnotes":""},"class_list":["post-25","page","type-page","status-publish","hentry"],"_links":{"self":[{"href":"https:\/\/www.ct.ufpb.br\/lhdr\/wp-json\/wp\/v2\/pages\/25","targetHints":{"allow":["GET"]}}],"collection":[{"href":"https:\/\/www.ct.ufpb.br\/lhdr\/wp-json\/wp\/v2\/pages"}],"about":[{"href":"https:\/\/www.ct.ufpb.br\/lhdr\/wp-json\/wp\/v2\/types\/page"}],"author":[{"embeddable":true,"href":"https:\/\/www.ct.ufpb.br\/lhdr\/wp-json\/wp\/v2\/users\/47"}],"replies":[{"embeddable":true,"href":"https:\/\/www.ct.ufpb.br\/lhdr\/wp-json\/wp\/v2\/comments?post=25"}],"version-history":[{"count":2,"href":"https:\/\/www.ct.ufpb.br\/lhdr\/wp-json\/wp\/v2\/pages\/25\/revisions"}],"predecessor-version":[{"id":27,"href":"https:\/\/www.ct.ufpb.br\/lhdr\/wp-json\/wp\/v2\/pages\/25\/revisions\/27"}],"wp:attachment":[{"href":"https:\/\/www.ct.ufpb.br\/lhdr\/wp-json\/wp\/v2\/media?parent=25"}],"curies":[{"name":"wp","href":"https:\/\/api.w.org\/{rel}","templated":true}]}}