{"id":20,"date":"2024-08-07T17:54:31","date_gmt":"2024-08-07T17:54:31","guid":{"rendered":"https:\/\/www.ct.ufpb.br\/lhdr2\/?page_id=20"},"modified":"2024-08-07T17:54:31","modified_gmt":"2024-08-07T17:54:31","slug":"infraestrutura","status":"publish","type":"page","link":"https:\/\/www.ct.ufpb.br\/lhdr\/infraestrutura\/","title":{"rendered":"Infraestrutura"},"content":{"rendered":"\n<p>O Laborat\u00f3rio de Hidr\u00e1ulica, criado em Junho de 1975, est\u00e1 localizado no Centro de Tecnologia da UFPB, possui uma \u00e1rea de aproximadamente 600 m2 e destina\u2010se \u00e0s aulas pr\u00e1ticas de disciplinas dos cursos de gradua\u00e7\u00e3o e p\u00f3s\u2010gradua\u00e7\u00e3o em Engenharia Civil, Ambiental, Mec\u00e2nica e El\u00e9trica, al\u00e9m de desenvolver atividades de apoio \u00e0 pesquisa e extens\u00e3o. O Laborat\u00f3rio de Hidr\u00e1ulica da UFPB, a partir de setembro de 2005, passou a dividir as suas instala\u00e7\u00f5es com o Laborat\u00f3rio de Efici\u00eancia Energ\u00e9tica e Hidr\u00e1ulica em Saneamento \u2010 LENHS Nordeste.<br>Rede de distribui\u00e7\u00e3o de \u00e1gua composta por um reservat\u00f3rio inferior (capacidade =30m3); uma esta\u00e7\u00e3o elevat\u00f3ria com tr\u00eas conjuntos moto bomba dispostas em paralelo, sendo duas iguais (162 m3\/h e 15 CV) e uma maior com vaz\u00e3o nominal de 360m3\/h e pot\u00eancia de 40 CV, possuindo tubula\u00e7\u00f5es de recalque de di\u00e2metros que variam de DN 150 a DN 250; reservat\u00f3rio superior com eleva\u00e7\u00e3o de 5m e capacidade de 18m3. O conjunto de tubula\u00e7\u00f5es de que distribui a \u00e1gua pelo laborat\u00f3rio \u00e9 formado por tubos de ferro d\u00factil com di\u00e2metros que variam de DN 150 a DN 500; esta rede de distribui\u00e7\u00e3o pode ser alimentada tanto pelo reservat\u00f3rio superior como diretamente pela esta\u00e7\u00e3o elevat\u00f3ria (ver Figura 39). Existe ainda uma rede de canaletas dispostas por todo o laborat\u00f3rio a fim de captar a \u00e1gua utilizada nos experimentos e devolv\u00ea\u2010la ao reservat\u00f3rio inferior, mantendo o sistema fechado.<\/p>\n\n\n\n<div class=\"wp-block-columns is-layout-flex wp-container-core-columns-is-layout-9d6595d7 wp-block-columns-is-layout-flex\">\n<div class=\"wp-block-column is-layout-flow wp-block-column-is-layout-flow\">\n<figure class=\"wp-block-image size-full\"><img loading=\"lazy\" decoding=\"async\" width=\"576\" height=\"1024\" src=\"https:\/\/www.ct.ufpb.br\/lhdr2\/wp-content\/uploads\/sites\/107\/sites\/200\/2024\/08\/hidraulica4.jpg\" alt=\"\" class=\"wp-image-22\" srcset=\"https:\/\/www.ct.ufpb.br\/lhdr\/wp-content\/uploads\/sites\/107\/sites\/200\/2024\/08\/hidraulica4.jpg 576w, https:\/\/www.ct.ufpb.br\/lhdr\/wp-content\/uploads\/sites\/107\/sites\/200\/2024\/08\/hidraulica4-169x300.jpg 169w\" sizes=\"auto, (max-width: 576px) 100vw, 576px\" \/><\/figure>\n<\/div>\n\n\n\n<div class=\"wp-block-column is-layout-flow wp-block-column-is-layout-flow\">\n<figure class=\"wp-block-image size-full\"><img loading=\"lazy\" decoding=\"async\" width=\"576\" height=\"1024\" src=\"https:\/\/www.ct.ufpb.br\/lhdr2\/wp-content\/uploads\/sites\/107\/sites\/200\/2024\/08\/hidraulica3-1.jpg\" alt=\"\" class=\"wp-image-23\" srcset=\"https:\/\/www.ct.ufpb.br\/lhdr\/wp-content\/uploads\/sites\/107\/sites\/200\/2024\/08\/hidraulica3-1.jpg 576w, https:\/\/www.ct.ufpb.br\/lhdr\/wp-content\/uploads\/sites\/107\/sites\/200\/2024\/08\/hidraulica3-1-169x300.jpg 169w\" sizes=\"auto, (max-width: 576px) 100vw, 576px\" \/><\/figure>\n<\/div>\n<\/div>\n","protected":false},"excerpt":{"rendered":"<p>O Laborat\u00f3rio de Hidr\u00e1ulica, criado em Junho de 1975, est\u00e1 localizado no Centro de Tecnologia [&hellip;]<\/p>\n","protected":false},"author":47,"featured_media":0,"parent":0,"menu_order":0,"comment_status":"closed","ping_status":"closed","template":"","meta":{"footnotes":""},"class_list":["post-20","page","type-page","status-publish","hentry"],"_links":{"self":[{"href":"https:\/\/www.ct.ufpb.br\/lhdr\/wp-json\/wp\/v2\/pages\/20","targetHints":{"allow":["GET"]}}],"collection":[{"href":"https:\/\/www.ct.ufpb.br\/lhdr\/wp-json\/wp\/v2\/pages"}],"about":[{"href":"https:\/\/www.ct.ufpb.br\/lhdr\/wp-json\/wp\/v2\/types\/page"}],"author":[{"embeddable":true,"href":"https:\/\/www.ct.ufpb.br\/lhdr\/wp-json\/wp\/v2\/users\/47"}],"replies":[{"embeddable":true,"href":"https:\/\/www.ct.ufpb.br\/lhdr\/wp-json\/wp\/v2\/comments?post=20"}],"version-history":[{"count":1,"href":"https:\/\/www.ct.ufpb.br\/lhdr\/wp-json\/wp\/v2\/pages\/20\/revisions"}],"predecessor-version":[{"id":24,"href":"https:\/\/www.ct.ufpb.br\/lhdr\/wp-json\/wp\/v2\/pages\/20\/revisions\/24"}],"wp:attachment":[{"href":"https:\/\/www.ct.ufpb.br\/lhdr\/wp-json\/wp\/v2\/media?parent=20"}],"curies":[{"name":"wp","href":"https:\/\/api.w.org\/{rel}","templated":true}]}}