{"id":9,"date":"2024-03-12T08:15:33","date_gmt":"2024-03-12T11:15:33","guid":{"rendered":"https:\/\/www.cear.ufpb.br\/lenhs2\/?page_id=9"},"modified":"2025-12-22T14:09:42","modified_gmt":"2025-12-22T17:09:42","slug":"equipe","status":"publish","type":"page","link":"https:\/\/www.ct.ufpb.br\/lenhs\/equipe\/","title":{"rendered":"Equipe"},"content":{"rendered":"\n<figure class=\"wp-block-table\"><table><tbody><tr><td class=\"has-text-align-center\" data-align=\"center\">Nome<\/td><td>Resumo<\/td><td>Lattes<\/td><\/tr><tr><td class=\"has-text-align-center\" data-align=\"center\"><img loading=\"lazy\" decoding=\"async\" width=\"577\" height=\"806\" class=\"wp-image-93\" style=\"width: 100px\" src=\"http:\/\/www.cear.ufpb.br\/lenhs2\/wp-content\/uploads\/sites\/103\/sites\/153\/2025\/06\/prof-heber-1.jpeg\" alt=\"\" srcset=\"https:\/\/www.ct.ufpb.br\/lenhs\/wp-content\/uploads\/sites\/103\/sites\/153\/2025\/06\/prof-heber-1.jpeg 577w, https:\/\/www.ct.ufpb.br\/lenhs\/wp-content\/uploads\/sites\/103\/sites\/153\/2025\/06\/prof-heber-1-215x300.jpeg 215w\" sizes=\"auto, (max-width: 577px) 100vw, 577px\" \/><\/td><td><strong>Heber Pimentel Gomes (Coordenador)<\/strong><br>Eng. Civil, Doutor, professor do DECA\/UFPB<\/td><td><a href=\"http:\/\/lattes.cnpq.br\/9852959315178905\" target=\"_blank\" rel=\"noreferrer noopener\"><img loading=\"lazy\" decoding=\"async\" width=\"354\" height=\"409\" class=\"wp-image-112\" style=\"width: 50px\" src=\"http:\/\/www.cear.ufpb.br\/lenhs2\/wp-content\/uploads\/sites\/103\/sites\/153\/2025\/06\/Lattes.png\" alt=\"\" srcset=\"https:\/\/www.ct.ufpb.br\/lenhs\/wp-content\/uploads\/sites\/103\/sites\/153\/2025\/06\/Lattes.png 354w, https:\/\/www.ct.ufpb.br\/lenhs\/wp-content\/uploads\/sites\/103\/sites\/153\/2025\/06\/Lattes-260x300.png 260w\" sizes=\"auto, (max-width: 354px) 100vw, 354px\" \/><\/a><\/td><\/tr><tr><td class=\"has-text-align-center\" data-align=\"center\"><img loading=\"lazy\" decoding=\"async\" width=\"507\" height=\"507\" class=\"wp-image-97\" style=\"width: 150px\" src=\"http:\/\/www.cear.ufpb.br\/lenhs2\/wp-content\/uploads\/sites\/103\/sites\/153\/2025\/06\/Prof.-Juan.jpg\" alt=\"\" srcset=\"https:\/\/www.ct.ufpb.br\/lenhs\/wp-content\/uploads\/sites\/103\/sites\/153\/2025\/06\/Prof.-Juan.jpg 507w, https:\/\/www.ct.ufpb.br\/lenhs\/wp-content\/uploads\/sites\/103\/sites\/153\/2025\/06\/Prof.-Juan-300x300.jpg 300w, https:\/\/www.ct.ufpb.br\/lenhs\/wp-content\/uploads\/sites\/103\/sites\/153\/2025\/06\/Prof.-Juan-150x150.jpg 150w\" sizes=\"auto, (max-width: 507px) 100vw, 507px\" \/><\/td><td>Juan Moises Mauricio Villanueva<br>Eng. Eletr\u00f4nico, Doutor em Engenharia&nbsp; El\u00e9trica, professor do DEE\/UFPB<\/td><td><a href=\"http:\/\/lattes.cnpq.br\/1715030763709959\" data-type=\"link\" data-id=\"http:\/\/lattes.cnpq.br\/1715030763709959\" target=\"_blank\" rel=\"noreferrer noopener\"><img loading=\"lazy\" decoding=\"async\" width=\"354\" height=\"409\" class=\"wp-image-112\" style=\"width: 50px\" src=\"http:\/\/www.cear.ufpb.br\/lenhs2\/wp-content\/uploads\/sites\/103\/sites\/153\/2025\/06\/Lattes.png\" alt=\"\" srcset=\"https:\/\/www.ct.ufpb.br\/lenhs\/wp-content\/uploads\/sites\/103\/sites\/153\/2025\/06\/Lattes.png 354w, https:\/\/www.ct.ufpb.br\/lenhs\/wp-content\/uploads\/sites\/103\/sites\/153\/2025\/06\/Lattes-260x300.png 260w\" sizes=\"auto, (max-width: 354px) 100vw, 354px\" \/><\/a><\/td><\/tr><tr><td class=\"has-text-align-center\" data-align=\"center\"><img loading=\"lazy\" decoding=\"async\" width=\"243\" height=\"293\" class=\"wp-image-99\" style=\"width: 150px\" src=\"http:\/\/www.cear.ufpb.br\/lenhs2\/wp-content\/uploads\/sites\/103\/sites\/153\/2025\/06\/Prof.-Albanise.jpg\" alt=\"\"><\/td><td>Albanise Barbosa Marinho<br>Eng. Agr\u00edcola, Doutora em Produ\u00e7\u00e3o Vegetal&nbsp; DECA\/CT\/UFPB<\/td><td><a href=\"http:\/\/lattes.cnpq.br\/4756944361021666\" target=\"_blank\" rel=\"noreferrer noopener\"><img loading=\"lazy\" decoding=\"async\" width=\"354\" height=\"409\" class=\"wp-image-112\" style=\"width: 50px\" src=\"http:\/\/www.cear.ufpb.br\/lenhs2\/wp-content\/uploads\/sites\/103\/sites\/153\/2025\/06\/Lattes.png\" alt=\"\" srcset=\"https:\/\/www.ct.ufpb.br\/lenhs\/wp-content\/uploads\/sites\/103\/sites\/153\/2025\/06\/Lattes.png 354w, https:\/\/www.ct.ufpb.br\/lenhs\/wp-content\/uploads\/sites\/103\/sites\/153\/2025\/06\/Lattes-260x300.png 260w\" sizes=\"auto, (max-width: 354px) 100vw, 354px\" \/><\/a><\/td><\/tr><tr><td class=\"has-text-align-center\" data-align=\"center\"><img loading=\"lazy\" decoding=\"async\" width=\"75\" height=\"100\" class=\"wp-image-100\" style=\"width: 150px\" src=\"http:\/\/www.cear.ufpb.br\/lenhs2\/wp-content\/uploads\/sites\/103\/sites\/153\/2025\/06\/Prof.-Simplicio.jpg\" alt=\"\"><\/td><td>Simpl\u00edcio Arnaud da Silva<br>Eng. Eletricista, Doutor,&nbsp;professor do DEE\/UFPB<\/td><td><img loading=\"lazy\" decoding=\"async\" width=\"354\" height=\"409\" class=\"wp-image-112\" style=\"width: 50px\" src=\"http:\/\/www.cear.ufpb.br\/lenhs2\/wp-content\/uploads\/sites\/103\/sites\/153\/2025\/06\/Lattes.png\" alt=\"\" srcset=\"https:\/\/www.ct.ufpb.br\/lenhs\/wp-content\/uploads\/sites\/103\/sites\/153\/2025\/06\/Lattes.png 354w, https:\/\/www.ct.ufpb.br\/lenhs\/wp-content\/uploads\/sites\/103\/sites\/153\/2025\/06\/Lattes-260x300.png 260w\" sizes=\"auto, (max-width: 354px) 100vw, 354px\" \/><\/td><\/tr><tr><td class=\"has-text-align-center\" data-align=\"center\"><img loading=\"lazy\" decoding=\"async\" width=\"75\" height=\"100\" class=\"wp-image-101\" style=\"width: 150px\" src=\"http:\/\/www.cear.ufpb.br\/lenhs2\/wp-content\/uploads\/sites\/103\/sites\/153\/2025\/06\/Prof.-Saulo.jpg\" alt=\"\"><\/td><td>Saulo de Tarso Marques Bezerra<br>Eng. Civil, doutor em Engenharia Mec\u00e2nica, professor adjunto da Universidade Federal de Pernambuco (UFPE)<\/td><td><img loading=\"lazy\" decoding=\"async\" width=\"354\" height=\"409\" class=\"wp-image-112\" style=\"width: 50px\" src=\"http:\/\/www.cear.ufpb.br\/lenhs2\/wp-content\/uploads\/sites\/103\/sites\/153\/2025\/06\/Lattes.png\" alt=\"\" srcset=\"https:\/\/www.ct.ufpb.br\/lenhs\/wp-content\/uploads\/sites\/103\/sites\/153\/2025\/06\/Lattes.png 354w, https:\/\/www.ct.ufpb.br\/lenhs\/wp-content\/uploads\/sites\/103\/sites\/153\/2025\/06\/Lattes-260x300.png 260w\" sizes=\"auto, (max-width: 354px) 100vw, 354px\" \/><\/td><\/tr><tr><td class=\"has-text-align-center\" data-align=\"center\"><img loading=\"lazy\" decoding=\"async\" width=\"534\" height=\"557\" class=\"wp-image-102\" style=\"width: 150px\" src=\"http:\/\/www.cear.ufpb.br\/lenhs2\/wp-content\/uploads\/sites\/103\/sites\/153\/2025\/06\/Prof.-Carlos-Alberto.jpg\" alt=\"\" srcset=\"https:\/\/www.ct.ufpb.br\/lenhs\/wp-content\/uploads\/sites\/103\/sites\/153\/2025\/06\/Prof.-Carlos-Alberto.jpg 534w, https:\/\/www.ct.ufpb.br\/lenhs\/wp-content\/uploads\/sites\/103\/sites\/153\/2025\/06\/Prof.-Carlos-Alberto-288x300.jpg 288w\" sizes=\"auto, (max-width: 534px) 100vw, 534px\" \/><\/td><td>Carlos Alberto de Souza Filho<br>Eng. El\u00e9trica, doutor em Engenharia El\u00e9trica,&nbsp;professor do DEE\/UFPB<\/td><td><img loading=\"lazy\" decoding=\"async\" width=\"354\" height=\"409\" class=\"wp-image-112\" style=\"width: 50px\" src=\"http:\/\/www.cear.ufpb.br\/lenhs2\/wp-content\/uploads\/sites\/103\/sites\/153\/2025\/06\/Lattes.png\" alt=\"\" srcset=\"https:\/\/www.ct.ufpb.br\/lenhs\/wp-content\/uploads\/sites\/103\/sites\/153\/2025\/06\/Lattes.png 354w, https:\/\/www.ct.ufpb.br\/lenhs\/wp-content\/uploads\/sites\/103\/sites\/153\/2025\/06\/Lattes-260x300.png 260w\" sizes=\"auto, (max-width: 354px) 100vw, 354px\" \/><\/td><\/tr><tr><td class=\"has-text-align-center\" data-align=\"center\"><img loading=\"lazy\" decoding=\"async\" width=\"233\" height=\"315\" class=\"wp-image-103\" style=\"width: 150px\" src=\"http:\/\/www.cear.ufpb.br\/lenhs2\/wp-content\/uploads\/sites\/103\/sites\/153\/2025\/06\/kenny.png\" alt=\"\" srcset=\"https:\/\/www.ct.ufpb.br\/lenhs\/wp-content\/uploads\/sites\/103\/sites\/153\/2025\/06\/kenny.png 233w, https:\/\/www.ct.ufpb.br\/lenhs\/wp-content\/uploads\/sites\/103\/sites\/153\/2025\/06\/kenny-222x300.png 222w\" sizes=\"auto, (max-width: 233px) 100vw, 233px\" \/><\/td><td>Kenny Rogers da Silva Henriques<br>Engenheiro Sanitarista e Ambiental. Mestrando do Programa de P\u00f3s Gradua\u00e7\u00e3o em Engenharia Mec\u00e2nica na \u00e1rea de Din\u00e2mica e Controle de Sistemas<\/td><td><img loading=\"lazy\" decoding=\"async\" width=\"354\" height=\"409\" class=\"wp-image-112\" style=\"width: 50px\" src=\"http:\/\/www.cear.ufpb.br\/lenhs2\/wp-content\/uploads\/sites\/103\/sites\/153\/2025\/06\/Lattes.png\" alt=\"\" srcset=\"https:\/\/www.ct.ufpb.br\/lenhs\/wp-content\/uploads\/sites\/103\/sites\/153\/2025\/06\/Lattes.png 354w, https:\/\/www.ct.ufpb.br\/lenhs\/wp-content\/uploads\/sites\/103\/sites\/153\/2025\/06\/Lattes-260x300.png 260w\" sizes=\"auto, (max-width: 354px) 100vw, 354px\" \/><\/td><\/tr><tr><td class=\"has-text-align-center\" data-align=\"center\" colspan=\"3\"><strong>ALUNOS VINCULADOS AO LENHS<\/strong><\/td><\/tr><tr><td class=\"has-text-align-center\" data-align=\"center\"><img loading=\"lazy\" decoding=\"async\" width=\"339\" height=\"368\" class=\"wp-image-107\" style=\"width: 150px\" src=\"http:\/\/www.cear.ufpb.br\/lenhs2\/wp-content\/uploads\/sites\/103\/sites\/153\/2025\/06\/Gabriella.png\" alt=\"\" srcset=\"https:\/\/www.ct.ufpb.br\/lenhs\/wp-content\/uploads\/sites\/103\/sites\/153\/2025\/06\/Gabriella.png 339w, https:\/\/www.ct.ufpb.br\/lenhs\/wp-content\/uploads\/sites\/103\/sites\/153\/2025\/06\/Gabriella-276x300.png 276w\" sizes=\"auto, (max-width: 339px) 100vw, 339px\" \/><\/td><td>Maria Gabriella Negromonte Barbosa<br>Mestranda do Programa de P\u00f3s Gradua\u00e7\u00e3o em Engenharia Civil e Ambiental (PPGECAM)<\/td><td><a href=\"http:\/\/lattes.cnpq.br\/7455554219673210\" target=\"_blank\" rel=\"noreferrer noopener\"><img loading=\"lazy\" decoding=\"async\" width=\"354\" height=\"409\" class=\"wp-image-112\" style=\"width: 50px\" src=\"http:\/\/www.cear.ufpb.br\/lenhs2\/wp-content\/uploads\/sites\/103\/sites\/153\/2025\/06\/Lattes.png\" alt=\"\" srcset=\"https:\/\/www.ct.ufpb.br\/lenhs\/wp-content\/uploads\/sites\/103\/sites\/153\/2025\/06\/Lattes.png 354w, https:\/\/www.ct.ufpb.br\/lenhs\/wp-content\/uploads\/sites\/103\/sites\/153\/2025\/06\/Lattes-260x300.png 260w\" sizes=\"auto, (max-width: 354px) 100vw, 354px\" \/><\/a><\/td><\/tr><tr><td class=\"has-text-align-center\" data-align=\"center\"><img loading=\"lazy\" decoding=\"async\" width=\"230\" height=\"306\" class=\"wp-image-108\" style=\"width: 150px\" src=\"http:\/\/www.cear.ufpb.br\/lenhs2\/wp-content\/uploads\/sites\/103\/sites\/153\/2025\/06\/Thommas.png\" alt=\"\" srcset=\"https:\/\/www.ct.ufpb.br\/lenhs\/wp-content\/uploads\/sites\/103\/sites\/153\/2025\/06\/Thommas.png 230w, https:\/\/www.ct.ufpb.br\/lenhs\/wp-content\/uploads\/sites\/103\/sites\/153\/2025\/06\/Thommas-225x300.png 225w\" sizes=\"auto, (max-width: 230px) 100vw, 230px\" \/><\/td><td>Thommas Kevin Sales Flores<br>Mestre em Engenharia El\u00e9trica, desenvolvendo trabalho de pesquisa em sistemas de automa\u00e7\u00e3o inteligente. Doutorando no Programa de P\u00f3s-Gradua\u00e7\u00e3o em Engenharia El\u00e9trica e de Computa\u00e7\u00e3o.<\/td><td><img loading=\"lazy\" decoding=\"async\" width=\"354\" height=\"409\" class=\"wp-image-112\" style=\"width: 50px\" src=\"http:\/\/www.cear.ufpb.br\/lenhs2\/wp-content\/uploads\/sites\/103\/sites\/153\/2025\/06\/Lattes.png\" alt=\"\" srcset=\"https:\/\/www.ct.ufpb.br\/lenhs\/wp-content\/uploads\/sites\/103\/sites\/153\/2025\/06\/Lattes.png 354w, https:\/\/www.ct.ufpb.br\/lenhs\/wp-content\/uploads\/sites\/103\/sites\/153\/2025\/06\/Lattes-260x300.png 260w\" sizes=\"auto, (max-width: 354px) 100vw, 354px\" \/><\/td><\/tr><tr><td class=\"has-text-align-center\" data-align=\"center\"><img loading=\"lazy\" decoding=\"async\" width=\"204\" height=\"264\" class=\"wp-image-109\" style=\"width: 150px\" src=\"http:\/\/www.cear.ufpb.br\/lenhs2\/wp-content\/uploads\/sites\/103\/sites\/153\/2025\/06\/Hugo.jpg\" alt=\"\"><\/td><td>Hugo Augusto Marinho Moreira<br>Mestre e Doutorando do Programa de P\u00f3s Gradua\u00e7\u00e3o em Engenharia Mec\u00e2nica, com \u00e1rea de pesquisa em Din\u00e2mica e Controle de Sistemas, Bolsista CAPES.<\/td><td><img loading=\"lazy\" decoding=\"async\" width=\"354\" height=\"409\" class=\"wp-image-112\" style=\"width: 50px\" src=\"http:\/\/www.cear.ufpb.br\/lenhs2\/wp-content\/uploads\/sites\/103\/sites\/153\/2025\/06\/Lattes.png\" alt=\"\" srcset=\"https:\/\/www.ct.ufpb.br\/lenhs\/wp-content\/uploads\/sites\/103\/sites\/153\/2025\/06\/Lattes.png 354w, https:\/\/www.ct.ufpb.br\/lenhs\/wp-content\/uploads\/sites\/103\/sites\/153\/2025\/06\/Lattes-260x300.png 260w\" sizes=\"auto, (max-width: 354px) 100vw, 354px\" \/><\/td><\/tr><tr><td class=\"has-text-align-center\" data-align=\"center\"><img loading=\"lazy\" decoding=\"async\" width=\"113\" height=\"150\" class=\"wp-image-110\" style=\"width: 113px\" src=\"http:\/\/www.cear.ufpb.br\/lenhs2\/wp-content\/uploads\/sites\/103\/sites\/153\/2025\/06\/Higo.png\" alt=\"\"><\/td><td>Higo Braga da Silva<br>Engenheiro Civil e de Seguran\u00e7a do Trabalho. Mestre e Doutorando&nbsp;do Programa de P\u00f3s-Gradua\u00e7\u00e3o em Engenharia Mec\u00e2nica,&nbsp;com \u00e1rea de pesquisa em Din\u00e2mica e Controle de Sistemas.<\/td><td><img loading=\"lazy\" decoding=\"async\" width=\"354\" height=\"409\" class=\"wp-image-112\" style=\"width: 50px\" src=\"http:\/\/www.cear.ufpb.br\/lenhs2\/wp-content\/uploads\/sites\/103\/sites\/153\/2025\/06\/Lattes.png\" alt=\"\" srcset=\"https:\/\/www.ct.ufpb.br\/lenhs\/wp-content\/uploads\/sites\/103\/sites\/153\/2025\/06\/Lattes.png 354w, https:\/\/www.ct.ufpb.br\/lenhs\/wp-content\/uploads\/sites\/103\/sites\/153\/2025\/06\/Lattes-260x300.png 260w\" sizes=\"auto, (max-width: 354px) 100vw, 354px\" \/><\/td><\/tr><tr><td class=\"has-text-align-center\" data-align=\"center\"><img loading=\"lazy\" decoding=\"async\" width=\"1064\" height=\"1080\" class=\"wp-image-111\" style=\"width: 150px\" src=\"http:\/\/www.cear.ufpb.br\/lenhs2\/wp-content\/uploads\/sites\/103\/sites\/153\/2025\/06\/Jose-Helio.jpg\" alt=\"\" srcset=\"https:\/\/www.ct.ufpb.br\/lenhs\/wp-content\/uploads\/sites\/103\/sites\/153\/2025\/06\/Jose-Helio.jpg 1064w, https:\/\/www.ct.ufpb.br\/lenhs\/wp-content\/uploads\/sites\/103\/sites\/153\/2025\/06\/Jose-Helio-296x300.jpg 296w, https:\/\/www.ct.ufpb.br\/lenhs\/wp-content\/uploads\/sites\/103\/sites\/153\/2025\/06\/Jose-Helio-1009x1024.jpg 1009w, https:\/\/www.ct.ufpb.br\/lenhs\/wp-content\/uploads\/sites\/103\/sites\/153\/2025\/06\/Jose-Helio-768x780.jpg 768w\" sizes=\"auto, (max-width: 1064px) 100vw, 1064px\" \/><\/td><td>Jos\u00e9 Helio Bento da Silva<br>Graduado em Engenharia El\u00e9trica da UFPB. Mestrando do Programa de P\u00f3s-Gradua\u00e7\u00e3o em Engenharia El\u00e9trica, com \u00e1rea de pesquisa em Automa\u00e7\u00e3o e Controle.<\/td><td><img loading=\"lazy\" decoding=\"async\" width=\"354\" height=\"409\" class=\"wp-image-112\" style=\"width: 50px\" src=\"http:\/\/www.cear.ufpb.br\/lenhs2\/wp-content\/uploads\/sites\/103\/sites\/153\/2025\/06\/Lattes.png\" alt=\"\" srcset=\"https:\/\/www.ct.ufpb.br\/lenhs\/wp-content\/uploads\/sites\/103\/sites\/153\/2025\/06\/Lattes.png 354w, https:\/\/www.ct.ufpb.br\/lenhs\/wp-content\/uploads\/sites\/103\/sites\/153\/2025\/06\/Lattes-260x300.png 260w\" sizes=\"auto, (max-width: 354px) 100vw, 354px\" \/><\/td><\/tr><\/tbody><\/table><\/figure>\n","protected":false},"excerpt":{"rendered":"<p>Nome Resumo Lattes Heber Pimentel Gomes (Coordenador)Eng. Civil, Doutor, professor do DECA\/UFPB Juan Moises Mauricio VillanuevaEng. Eletr\u00f4nico, Doutor em Engenharia&nbsp; El\u00e9trica, professor do DEE\/UFPB Albanise Barbosa MarinhoEng. Agr\u00edcola, Doutora em Produ\u00e7\u00e3o Vegetal&nbsp; DECA\/CT\/UFPB Simpl\u00edcio Arnaud da SilvaEng. Eletricista, Doutor,&nbsp;professor do DEE\/UFPB Saulo de Tarso Marques BezerraEng. Civil, doutor em Engenharia Mec\u00e2nica, professor adjunto da Universidade [&hellip;]<\/p>\n","protected":false},"author":47,"featured_media":0,"parent":0,"menu_order":0,"comment_status":"closed","ping_status":"closed","template":"","meta":{"footnotes":""},"class_list":["post-9","page","type-page","status-publish","hentry"],"_links":{"self":[{"href":"https:\/\/www.ct.ufpb.br\/lenhs\/wp-json\/wp\/v2\/pages\/9","targetHints":{"allow":["GET"]}}],"collection":[{"href":"https:\/\/www.ct.ufpb.br\/lenhs\/wp-json\/wp\/v2\/pages"}],"about":[{"href":"https:\/\/www.ct.ufpb.br\/lenhs\/wp-json\/wp\/v2\/types\/page"}],"author":[{"embeddable":true,"href":"https:\/\/www.ct.ufpb.br\/lenhs\/wp-json\/wp\/v2\/users\/47"}],"replies":[{"embeddable":true,"href":"https:\/\/www.ct.ufpb.br\/lenhs\/wp-json\/wp\/v2\/comments?post=9"}],"version-history":[{"count":13,"href":"https:\/\/www.ct.ufpb.br\/lenhs\/wp-json\/wp\/v2\/pages\/9\/revisions"}],"predecessor-version":[{"id":237,"href":"https:\/\/www.ct.ufpb.br\/lenhs\/wp-json\/wp\/v2\/pages\/9\/revisions\/237"}],"wp:attachment":[{"href":"https:\/\/www.ct.ufpb.br\/lenhs\/wp-json\/wp\/v2\/media?parent=9"}],"curies":[{"name":"wp","href":"https:\/\/api.w.org\/{rel}","templated":true}]}}