{"id":6,"date":"2024-03-12T08:14:42","date_gmt":"2024-03-12T11:14:42","guid":{"rendered":"https:\/\/www.cear.ufpb.br\/lenhs2\/?page_id=6"},"modified":"2025-06-28T14:28:22","modified_gmt":"2025-06-28T17:28:22","slug":"quem-somos","status":"publish","type":"page","link":"https:\/\/www.ct.ufpb.br\/lenhs\/quem-somos\/","title":{"rendered":"Quem somos?"},"content":{"rendered":"\n<p>O LENHS \u00e9 resultado do desenvolvimento de a\u00e7\u00f5es integrantes do Programa Nacional de Efici\u00eancia Energ\u00e9tica no Saneamento Ambiental \u2013 PROCEL SANEAR \u2013 das Centrais El\u00e9tricas Brasileiras S. A. \u2013 ELETROBRAS. Este laborat\u00f3rio, pertencente \u00e0 Universidade Federal da Para\u00edba \u2013 UFPB &#8211; desenvolve servi\u00e7os especializados, atividades de ensino, pesquisa e extens\u00e3o, relacionadas ao uso eficiente de energia e \u00e1gua no saneamento. Seu objetivo maior \u00e9 gerar economia por interm\u00e9dio do combate aos desperd\u00edcios e incrementos na efici\u00eancia energ\u00e9tica e hidr\u00e1ulica de sistemas e equipamentos, reduzindo custos e aumentando a competitividade setorial. O LENHS UFPB foi implantado com o objetivo de ser um centro de refer\u00eancia para as companhias de saneamento do Brasil, transferindo tecnologias que possam ser aplicadas com o intuito de melhorar a efici\u00eancia dos sistemas de distribui\u00e7\u00e3o de \u00e1gua e esgotamento sanit\u00e1rio.<\/p>\n\n\n\n<p><strong>ATRIBUI\u00c7\u00d5ES<\/strong><\/p>\n\n\n\n<ul class=\"wp-block-list\">\n<li>Realiza\u00e7\u00e3o de estudos para comprovar a efici\u00eancia energ\u00e9tica de equipamentos el\u00e9tricos e hidr\u00e1ulicos aplic\u00e1veis em sistema de saneamento, incluindo a inser\u00e7\u00e3o de novas tecnologias.<\/li>\n\n\n\n<li>Presta\u00e7\u00e3o de servi\u00e7os \u00e0 comunidade, diagnosticando \u201cin loco\u201d a efici\u00eancia energ\u00e9tica e hidr\u00e1ulica de sistemas e propondo solu\u00e7\u00f5es para as suas melhorias.<\/li>\n\n\n\n<li>Treinamento de pessoal envolvido no projeto e opera\u00e7\u00e3o de sistemas de abastecimento, utilizando para isso as instala\u00e7\u00f5es did\u00e1ticas do laborat\u00f3rio.<\/li>\n\n\n\n<li>Orienta\u00e7\u00e3o de trabalhos de inicia\u00e7\u00e3o cient\u00edfica, monografias de conclus\u00e3o de cursos, disserta\u00e7\u00f5es de mestrado e teses de doutorado voltadas para o uso eficiente de energia e \u00e1gua, bem como a realiza\u00e7\u00e3o de diagn\u00f3sticos hidroenerg\u00e9ticos em instala\u00e7\u00f5es de saneamento.<\/li>\n\n\n\n<li>Apoiar as pesquisas destinadas ao incremento da efici\u00eancia energ\u00e9tica e hidr\u00e1ulica no saneamento, bem como o desenvolvimento de tecnologias referentes ao uso eficiente de \u00e1gua e energia.<\/li>\n\n\n\n<li>Modelagem hidr\u00e1ulica de sistemas de abastecimento de \u00e1gua e de esgotamento sanit\u00e1rio.<\/li>\n\n\n\n<li>Calibra\u00e7\u00e3o de macromedidores e de micromedidores de vaz\u00e3o.<\/li>\n\n\n\n<li>Desenvolvimento de sensores de baixo custo para medi\u00e7\u00e3o de vari\u00e1veis hidr\u00e1ulicas \u2013 vaz\u00e3o, press\u00e3o e n\u00edveis de reservat\u00f3rios.<\/li>\n\n\n\n<li>Desenvolvimento de Controladores L\u00f3gicos Program\u00e1veis (CLPs) e de Sistemas Supervis\u00f3rios para Automa\u00e7\u00e3o de sistemas de abastecimento de \u00e1gua e esgotamento sanit\u00e1rio.&nbsp;&nbsp;&nbsp;<\/li>\n\n\n\n<li>Constru\u00e7\u00e3o de cadastro integrado de rede de abastecimento de \u00e1gua e esgotamento sanit\u00e1rio: CAD, GIS e Modelagem Hidr\u00e1ulica.<\/li>\n<\/ul>\n\n\n\n<p><strong>TRANSFER\u00caNCIA DE TECNOLOGIA ATRAV\u00c9S DOS SEGUINTES MINICURSOS<\/strong><\/p>\n\n\n\n<ol start=\"1\" style=\"list-style-type:upper-roman\" class=\"wp-block-list\">\n<li>Analise e dimensionamento de redes de abastecimento de \u00e1gua atrav\u00e9s dos programas EPANET e LENHSNET.<\/li>\n\n\n\n<li>Efici\u00eancia Energ\u00e9tica e Automa\u00e7\u00e3o em Sistemas de Abastecimento e Elevat\u00f3rias de \u00c1gua e Esgoto.<\/li>\n\n\n\n<li>Gest\u00e3o de Sistemas de Drenagem Urbana e de Esgotamento Sanit\u00e1rio atrav\u00e9s do Programa SWMM.&nbsp;<\/li>\n\n\n\n<li>Controle de Perdas de \u00c1gua em Sistemas Urbanos de Abastecimento.&nbsp;<\/li>\n\n\n\n<li>Avalia\u00e7\u00e3o econ\u00f4mica de projetos de sistemas de saneamento.<\/li>\n\n\n\n<li>Medi\u00e7\u00f5es pitom\u00e9tricas em sistemas de abastecimento de \u00e1gua e de esgotamento sanit\u00e1rio.<\/li>\n\n\n\n<li>Valida\u00e7\u00e3o de tecnologias 4.0, com o emprego de intelig\u00eancia artificial, desenvolvidas e aplicadas a otimiza\u00e7\u00e3o operacional de sistemas de abastecimento e esgotamento sanit\u00e1rio.<\/li>\n\n\n\n<li>Concep\u00e7\u00e3o e novos projetos de abastecimento de \u00e1gua com opera\u00e7\u00e3o eficiente em termos de efici\u00eancia hidroenerg\u00e9tica.<\/li>\n<\/ol>\n\n\n\n<p class=\"has-vivid-cyan-blue-color has-text-color has-link-color wp-elements-b82e6142fce1ec4321b0840de967020f\"><a href=\"https:\/\/www.ct.ufpb.br\/lenhs\/cursos-online\/\" target=\"_blank\" rel=\"noreferrer noopener\">\u00a0OBS. Os detalhes sobre esses treinamentos podem ser obtidos atrav\u00e9s do site<\/a><\/p>\n\n\n\n<p><\/p>\n","protected":false},"excerpt":{"rendered":"<p>O LENHS \u00e9 resultado do desenvolvimento de a\u00e7\u00f5es integrantes do Programa Nacional de Efici\u00eancia Energ\u00e9tica no Saneamento Ambiental \u2013 PROCEL SANEAR \u2013 das Centrais El\u00e9tricas Brasileiras S. A. \u2013 ELETROBRAS. Este laborat\u00f3rio, pertencente \u00e0 Universidade Federal da Para\u00edba \u2013 UFPB &#8211; desenvolve servi\u00e7os especializados, atividades de ensino, pesquisa e extens\u00e3o, relacionadas ao uso eficiente de [&hellip;]<\/p>\n","protected":false},"author":47,"featured_media":0,"parent":0,"menu_order":0,"comment_status":"closed","ping_status":"closed","template":"","meta":{"footnotes":""},"class_list":["post-6","page","type-page","status-publish","hentry"],"_links":{"self":[{"href":"https:\/\/www.ct.ufpb.br\/lenhs\/wp-json\/wp\/v2\/pages\/6","targetHints":{"allow":["GET"]}}],"collection":[{"href":"https:\/\/www.ct.ufpb.br\/lenhs\/wp-json\/wp\/v2\/pages"}],"about":[{"href":"https:\/\/www.ct.ufpb.br\/lenhs\/wp-json\/wp\/v2\/types\/page"}],"author":[{"embeddable":true,"href":"https:\/\/www.ct.ufpb.br\/lenhs\/wp-json\/wp\/v2\/users\/47"}],"replies":[{"embeddable":true,"href":"https:\/\/www.ct.ufpb.br\/lenhs\/wp-json\/wp\/v2\/comments?post=6"}],"version-history":[{"count":3,"href":"https:\/\/www.ct.ufpb.br\/lenhs\/wp-json\/wp\/v2\/pages\/6\/revisions"}],"predecessor-version":[{"id":216,"href":"https:\/\/www.ct.ufpb.br\/lenhs\/wp-json\/wp\/v2\/pages\/6\/revisions\/216"}],"wp:attachment":[{"href":"https:\/\/www.ct.ufpb.br\/lenhs\/wp-json\/wp\/v2\/media?parent=6"}],"curies":[{"name":"wp","href":"https:\/\/api.w.org\/{rel}","templated":true}]}}