{"id":21,"date":"2024-03-12T08:21:15","date_gmt":"2024-03-12T11:21:15","guid":{"rendered":"https:\/\/www.cear.ufpb.br\/lenhs2\/?page_id=21"},"modified":"2026-02-05T00:50:55","modified_gmt":"2026-02-05T03:50:55","slug":"epanet","status":"publish","type":"page","link":"https:\/\/www.ct.ufpb.br\/lenhs\/downlodas\/epanet\/","title":{"rendered":"EPANET"},"content":{"rendered":"\n<p>O EPANET 2.0 foi desenvolvido pela U. S.&nbsp;<em>Environmental Protection Agency<\/em>&nbsp;(USEPA). \u00c9 um simulador de sistemas de abastecimento de \u00e1gua amplamente testado e cred\u00edvel. Obs.:&nbsp;A tradu\u00e7\u00e3o do EPANET \u00e9 referente \u00e0 vers\u00e3o original em ingl\u00eas 2.00.12.<br><\/p>\n\n\n\n<h3 class=\"wp-block-heading\">Donwload do EPANET<\/h3>\n\n\n\n<p class=\"has-vivid-cyan-blue-color has-text-color has-link-color wp-elements-17243d24cddf834f67c9e1aab759df51\">Manual do EPANET BRASIL (<strong><a href=\"http:\/\/www.cear.ufpb.br\/lenhs2\/wp-content\/uploads\/sites\/103\/sites\/153\/2025\/06\/manual_do_epanet_brasil.pdf\" target=\"_blank\" rel=\"noreferrer noopener\">Arquivo PDF<\/a><\/strong>)<\/p>\n\n\n\n<p class=\"has-vivid-cyan-blue-color has-text-color has-link-color wp-elements-fed33db457b717df9be388de888709f7\">Programa EPANET 2.2 BRASIL (<strong><a href=\"https:\/\/www.ct.ufpb.br\/lenhs\/wp-content\/uploads\/sites\/103\/sites\/153\/2026\/02\/instalador_epanet22_brasil.zip\" target=\"_blank\" rel=\"noreferrer noopener\">Download<\/a><\/strong>)<br><\/p>\n\n\n\n<h3 class=\"wp-block-heading\">O que \u00e9 o EPANET BRASIL?<\/h3>\n\n\n\n<p>O EPANET \u00e9 um programa de computador que permite executar simula\u00e7\u00f5es est\u00e1ticas e din\u00e2micas do comportamento hidr\u00e1ulico e de qualidade da \u00e1gua em redes de distribui\u00e7\u00e3o pressurizada. Uma rede \u00e9 constitu\u00edda por tubula\u00e7\u00f5es, bombas, v\u00e1lvulas, reservat\u00f3rios de n\u00edvel fixo e\/ou reservat\u00f3rios de n\u00edvel vari\u00e1vel. O EPANET permite obter os valores da vaz\u00e3o em cada tubula\u00e7\u00e3o, da press\u00e3o em cada n\u00f3, da altura de \u00e1gua em cada reservat\u00f3rio de n\u00edvel vari\u00e1vel e da concentra\u00e7\u00e3o de esp\u00e9cies qu\u00edmicas atrav\u00e9s da rede durante o per\u00edodo de simula\u00e7\u00e3o, subdividido em m\u00faltiplos intervalos de c\u00e1lculo. Adicionalmente, al\u00e9m de esp\u00e9cies qu\u00edmicas, o modelo simula o c\u00e1lculo da idade da \u00e1gua e o rastreio da origem de \u00e1gua em qualquer ponto da rede.<br>O EPANET foi concebido para ser uma ferramenta de apoio \u00e0 an\u00e1lise de sistemas de distribui\u00e7\u00e3o, melhorando o conhecimento sobre o transporte e o destino dos constituintes da \u00e1gua para consumo humano. Pode ser utilizado em diversas situa\u00e7\u00f5es onde seja necess\u00e1rio efetuar simula\u00e7\u00f5es de sistemas pressurizados de distribui\u00e7\u00e3o. O estabelecimento de cen\u00e1rios de projeto (p.ex., expans\u00e3o de uma rede existente), a calibra\u00e7\u00e3o de modelos hidr\u00e1ulicos, a an\u00e1lise do decaimento do cloro residual e a avalia\u00e7\u00e3o dos consumos s\u00e3o alguns exemplos de aplica\u00e7\u00e3o do programa.<br>O EPANET pode ajudar a analisar estrat\u00e9gias alternativas de gest\u00e3o, de modo a melhorar a qualidade da \u00e1gua do sistema, atrav\u00e9s de:<\/p>\n\n\n\n<ul class=\"wp-block-list\">\n<li>Altera\u00e7\u00f5es na utiliza\u00e7\u00e3o de origens da \u00e1gua num sistema com m\u00faltiplas origens<\/li>\n\n\n\n<li>Altera\u00e7\u00e3o de esquema de funcionamento de grupos elevat\u00f3rios e enchimento\/esvaziamento de reservat\u00f3rios de n\u00edvel vari\u00e1vel<\/li>\n\n\n\n<li>Utiliza\u00e7\u00e3o de tratamento adicional, tal como a recloragem<\/li>\n\n\n\n<li>Sele\u00e7\u00e3o de tubula\u00e7\u00f5es para limpeza e substitui\u00e7\u00e3o (reabilita\u00e7\u00e3o).<\/li>\n<\/ul>\n\n\n\n<p>Em ambiente Windows, o EPANET fornece uma interface integrada para editar dados de entrada da rede, executar simula\u00e7\u00f5es hidr\u00e1ulicas e de qualidade da \u00e1gua e visualizar os resultados em v\u00e1rios formatos. Estes \u00faltimos incluem isolinhas.<br><\/p>\n\n\n\n<h3 class=\"wp-block-heading\">Capacidades de Modelagem Hidr\u00e1ulica<\/h3>\n\n\n\n<p>Uma rede completamente caracterizada (ou seja, incluindo todas as tubula\u00e7\u00f5es, sem simplifica\u00e7\u00f5es) e uma modelagem hidr\u00e1ulica confi\u00e1vel constituem pr\u00e9-requisitos essenciais para a correta modelagem de qualidade da \u00e1gua. O EPANET cont\u00e9m um conjunto de ferramentas de c\u00e1lculo para apoio \u00e0 simula\u00e7\u00e3o hidr\u00e1ulica, onde se destacam como principais caracter\u00edsticas:<\/p>\n\n\n\n<ul class=\"wp-block-list\">\n<li>Dimens\u00e3o ilimitada do n\u00famero de componentes da rede analisada<\/li>\n\n\n\n<li>C\u00e1lculo da perda de carga utilizando as f\u00f3rmulas de Hazen-Williams, Darcy-Weisbach ou Chezy-Manning<\/li>\n\n\n\n<li>Considera\u00e7\u00e3o das perdas de carga singulares em curvas, alargamentos, estreitamentos, etc<\/li>\n\n\n\n<li>Modelagem de bombas de velocidade constante ou vari\u00e1vel<\/li>\n\n\n\n<li>C\u00e1lculo da energia de bombeamento e do respectivo custo<\/li>\n\n\n\n<li>Modelagem dos principais tipos de v\u00e1lvulas, incluindo v\u00e1lvulas de seccionamento, de reten\u00e7\u00e3o, reguladoras de press\u00e3o e de vaz\u00e3o<\/li>\n\n\n\n<li>Modelagem de reservat\u00f3rios de armazenamento de n\u00edvel vari\u00e1vel de formas diversas, atrav\u00e9s de curvas de volume em fun\u00e7\u00e3o da altura de \u00e1gua<\/li>\n\n\n\n<li>M\u00faltiplas categorias de consumo nos n\u00f3s, cada uma com um padr\u00e3o pr\u00f3prio de varia\u00e7\u00e3o no tempo<\/li>\n\n\n\n<li>Modelagem da rela\u00e7\u00e3o entre press\u00e3o e vaz\u00e3o efluente de dispositivos emissores (p.ex. aspersores de irriga\u00e7\u00e3o, ou consumos dependentes da press\u00e3o)<\/li>\n\n\n\n<li>Possibilidade de basear as condi\u00e7\u00f5es de opera\u00e7\u00e3o do sistema em controles simples, dependentes de uma s\u00f3 condi\u00e7\u00e3o (p.ex., altura de \u00e1gua num reservat\u00f3rio de n\u00edvel vari\u00e1vel, tempo), ou em controles com condi\u00e7\u00f5es m\u00faltiplas.<\/li>\n<\/ul>\n\n\n\n<h3 class=\"wp-block-heading\"><br>Capacidades de Modelagem da Qualidade da \u00c1gua<\/h3>\n\n\n\n<p>Al\u00e9m da modelagem hidr\u00e1ulica, o EPANET fornece as seguintes possibilidades relativas \u00e0 modelagem da qualidade da \u00e1gua:<\/p>\n\n\n\n<ul class=\"wp-block-list\">\n<li>Modelagem do transporte de um constituinte n\u00e3o-reativo (p.ex., um tra\u00e7ador) atrav\u00e9s da rede ao longo do tempo<\/li>\n\n\n\n<li>Modelagem do transporte, mistura e transforma\u00e7\u00e3o de um constituinte reativo, \u00e0 medida que este sofre decaimento (p.ex., cloro residual) ou crescimento (p.ex., um subproduto da desinfec\u00e7\u00e3o) com o tempo<\/li>\n\n\n\n<li>Modelagem do tempo de percurso da \u00e1gua atrav\u00e9s da rede<\/li>\n\n\n\n<li>C\u00e1lculo da porcentagem de vaz\u00e3o que, com origem em determinado n\u00f3, atinge qualquer outro n\u00f3 ao longo do tempo (p.ex., c\u00e1lculo da import\u00e2ncia relativa de duas origens de \u00e1gua diferentes)<\/li>\n\n\n\n<li>Modelagem de rea\u00e7\u00f5es de decaimento do cloro no volume do escoamento e na parede da tubula\u00e7\u00e3o<\/li>\n\n\n\n<li>Utiliza\u00e7\u00e3o de cin\u00e9ticas de ordem \u201cn\u201d para modelar rea\u00e7\u00f5es no volume do escoamento em tubula\u00e7\u00f5es e reservat\u00f3rios<\/li>\n\n\n\n<li>Utiliza\u00e7\u00e3o de cin\u00e9ticas de ordem 0 ou 1 para modelar rea\u00e7\u00f5es na parede das tubula\u00e7\u00f5es<\/li>\n\n\n\n<li>Defini\u00e7\u00e3o de limites para a transfer\u00eancia de massa na modelagem de rea\u00e7\u00f5es na parede<\/li>\n\n\n\n<li>Permitir que as rea\u00e7\u00f5es de crescimento ou decaimento sejam controladas por um valor de concentra\u00e7\u00e3o-limite<\/li>\n\n\n\n<li>Aplica\u00e7\u00e3o \u00e0 rede de coeficientes de rea\u00e7\u00e3o globais, que podem ser modificados individualmente para cada tubula\u00e7\u00e3o<br>Possibilidade de relacionar o coeficiente de rea\u00e7\u00e3o na parede com a rugosidade da tubula\u00e7\u00e3o<\/li>\n\n\n\n<li>Defini\u00e7\u00e3o de varia\u00e7\u00e3o temporal da concentra\u00e7\u00e3o ou de entrada de massa em qualquer ponto da rede<\/li>\n\n\n\n<li>Modelagem de reservat\u00f3rios de armazenamento de n\u00edvel vari\u00e1vel como reatores de mistura completa, de escoamento em \u00eambolo ou ainda de mistura com dois compartimentos.<\/li>\n<\/ul>\n\n\n\n<p>Aproveitando as possibilidades antes citadas, o EPANET pode efetuar os seguintes tipos de an\u00e1lise:<\/p>\n\n\n\n<ul class=\"wp-block-list\">\n<li>Mistura de \u00e1gua a partir de diversas origens<\/li>\n\n\n\n<li>Determina\u00e7\u00e3o do tempo de percurso da \u00e1gua atrav\u00e9s de um sistema<\/li>\n\n\n\n<li>Determina\u00e7\u00e3o da perda de cloro residual<\/li>\n\n\n\n<li>Determina\u00e7\u00e3o do crescimento de subprodutos da desinfec\u00e7\u00e3o<\/li>\n\n\n\n<li>Rastreio da propaga\u00e7\u00e3o de contaminantes ao longo da rede.<\/li>\n<\/ul>\n\n\n\n<h3 class=\"wp-block-heading\"><br>Pref\u00e1cio da edi\u00e7\u00e3o original e brasileira (Manual do Usu\u00e1rio &#8211; Epanet 2.0 Brasil)<br><\/h3>\n\n\n\n<h3 class=\"wp-block-heading\">&nbsp;<strong>1. VERS\u00c3O ORIGINAL<\/strong><\/h3>\n\n\n\n<p>A U.S. Environmental Protection Agency (EPA) \u00e9 a ag\u00eancia estatal norte-americana encarregada pelo Congresso dos Estados Unidos da Am\u00e9rica de proteger os seus recursos naturais (terra, ar e recursos h\u00eddricos). De acordo com a legisla\u00e7\u00e3o norte-americana em mat\u00e9ria ambiental, cabe a esta institui\u00e7\u00e3o conceber e implementar a\u00e7\u00f5es que conduzam a um balan\u00e7o entre as atividades humanas e a capacidade dos sistemas naturais para suportar e garantir n\u00edveis ambientais aceit\u00e1veis. Para cumprir este objetivo, o programa de pesquisa da EPA fornece informa\u00e7\u00e3o de base e suporte t\u00e9cnico para a resolu\u00e7\u00e3o de problemas ambientais reais, que permitam construir uma base de conhecimento cient\u00edfico necess\u00e1ria a uma adequada gest\u00e3o dos recursos ecol\u00f3gicos, e que tamb\u00e9m permitam ajudar a compreender o modo como os poluentes podem afetar a sa\u00fade p\u00fablica, e prevenir ou minimizar futuros riscos ambientais.<\/p>\n\n\n\n<p>O National Risk Management Research Laboratory , um dos laborat\u00f3rios da EPA, constitui a unidade principal para a pesquisa de t\u00e9cnicas e metodologias de gest\u00e3o que permita reduzir os riscos para a sa\u00fade humana e o ambiente. Os seus principais objetivos s\u00e3o: o desenvolvimento de metodologias de preven\u00e7\u00e3o e controle da polui\u00e7\u00e3o do ar, terrase recursos superficiais; a prote\u00e7\u00e3o da qualidade da \u00e1gua em sistemas p\u00fablicos de abastecimento; o melhoramento das condi\u00e7\u00f5es ambientais de locais contaminados e de aqu\u00edferos subterr\u00e2neos; e a preven\u00e7\u00e3o e controle da polui\u00e7\u00e3o do ar em recintos fechados. As principais fun\u00e7\u00f5es desta unidade de pesquisa s\u00e3o: desenvolver e implementar tecnologias ambientais inovadoras e economicamente vi\u00e1veis; desenvolver informa\u00e7\u00e3o cient\u00edfica e de engenharia, necess\u00e1rias \u00e0 EPA para apoio \u00e0 decis\u00e3o no \u00e2mbito de regulamentos e de pol\u00edticas; e, ainda, fornecer suporte t\u00e9cnico e proporcionar a transfer\u00eancia de informa\u00e7\u00e3o que assegure a implementa\u00e7\u00e3o eficaz de decis\u00f5es e regulamenta\u00e7\u00f5es ambientais.<\/p>\n\n\n\n<p>De forma a satisfazer os requisitos regulamentares e as necessidades dos consumidores, as entidades gestoras de sistemas de abastecimento de \u00e1gua sentem a necessidade de compreender melhor os movimentos e transforma\u00e7\u00f5es que a \u00e1gua destinada ao consumo humano est\u00e1 sujeita atrav\u00e9s dos sistemas de distribui\u00e7\u00e3o. O EPANET \u00e9 um modelo automatizado de simula\u00e7\u00e3o que ajuda a atingir este objetivo. Permite simular o comportamento hidr\u00e1ulico e de qualidade da \u00e1gua de um sistema de distribui\u00e7\u00e3o sujeito a diversas condi\u00e7\u00f5es operacionais, durante um determinado per\u00edodo de funcionamento. Este manual descreve como utilizar esta nova vers\u00e3o do programa, a qual incorpora v\u00e1rios avan\u00e7os na modelagem alcan\u00e7ados durante os \u00faltimos anos.<\/p>\n\n\n\n<p><em>E. Timothy Oppelt<br><\/em><em>Diretor do National Risk Management Research Laboratory<\/em><em><\/em><\/p>\n\n\n\n<p><strong>2. VERS\u00c3O BRASILEIRA<\/strong><\/p>\n\n\n\n<p>A vers\u00e3o do programa EPANET para o portugu\u00eas, falado e escrito no Brasil, \u00e9 uma iniciativa do Laborat\u00f3rio de Efici\u00eancia Energ\u00e9tica e Hidr\u00e1ulica em Saneamento (LENHS), pertencente ao Departamento de Engenharia Civil e Ambiental, do Centro de Tecnologia, da Universidade Federal da Para\u00edba (UFPB). Esta iniciativa foi proporcionada pela necessidade de se dispor, no Brasil, de forma acess\u00edvel a todos os poss\u00edveis usu\u00e1rios, de um programa de modelagem hidr\u00e1ulica e de qualidade de \u00e1gua, que possa auxiliar os profissionais e estudiosos que lidam com a necessidade de melhoramento das condi\u00e7\u00f5es operacionais de sistemas de abastecimento de \u00e1gua.<\/p>\n\n\n\n<p>O EPANET \u00e9, indiscutivelmente, o programa de modelagem hidr\u00e1ulica e de qualidade de \u00e1gua mais empregado no mundo; \u00e9 encontrado em vers\u00f5es nos principais idiomas e seu n\u00famero de usu\u00e1rios aumenta, exponencialmente, devido a sua facilidade de uso e por ser um programa disponibilizado gratuitamente.<\/p>\n\n\n\n<p>A elabora\u00e7\u00e3o da vers\u00e3o brasileira do EPANET somente foi poss\u00edvel gra\u00e7as \u00e0 louv\u00e1vel pol\u00edtica da EPA (Ag\u00eancia de Prote\u00e7\u00e3o Ambiental dos Estados Unidos) que disponibiliza o programa livremente, com o seu c\u00f3digo fonte, de forma que este possa ser adaptado para as diversas vers\u00f5es a serem realizadas no mundo.<\/p>\n\n\n\n<p>A atual vers\u00e3o est\u00e1 embasada, tamb\u00e9m, nas contribui\u00e7\u00f5es proporcionadas pelas vers\u00f5es em espanhol e portugu\u00eas (de Portugal) elaboradas, respectivamente, pelo Centro Multidisciplinar de Modelaci\u00f3n de Fluidos da Universidad Polit\u00e9cnica de Valencia (GMMF\/UPV) e pelo Laborat\u00f3rio Nacional de Engenharia Civil (LNEC\/Portugal).<\/p>\n\n\n\n<p>O arquivo de instala\u00e7\u00e3o da vers\u00e3o brasileira do EPANET 2.0 e o seu respectivo Manual est\u00e3o disponibilizados para download no endere\u00e7o www.lenhs.ct.ufpb.br.<\/p>\n\n\n\n<p>A presente edi\u00e7\u00e3o da vers\u00e3o brasileira do EPANET contou com o patroc\u00ednio da ELETROBR\u00c1S (Centrais El\u00e9tricas Brasileiras S. A.), no \u00e2mbito do Programa Nacional de Conserva\u00e7\u00e3o de Energia El\u00e9trica para o Setor de Saneamento (PROCEL SANEAR \u2013 Efici\u00eancia Energ\u00e9tica no Saneamento Ambiental).<\/p>\n\n\n\n<p><em>Laborat\u00f3rio de Efici\u00eancia Energ\u00e9tica e Hidr\u00e1ulica em Saneamento da UFPB<\/em><em><br>Agosto de 2009<\/em><\/p>\n","protected":false},"excerpt":{"rendered":"<p>O EPANET 2.0 foi desenvolvido pela U. S.&nbsp;Environmental Protection Agency&nbsp;(USEPA). \u00c9 um simulador de sistemas de abastecimento de \u00e1gua amplamente testado e cred\u00edvel. Obs.:&nbsp;A tradu\u00e7\u00e3o do EPANET \u00e9 referente \u00e0 vers\u00e3o original em ingl\u00eas 2.00.12. Donwload do EPANET Manual do EPANET BRASIL (Arquivo PDF) Programa EPANET 2.2 BRASIL (Download) O que \u00e9 o EPANET BRASIL? [&hellip;]<\/p>\n","protected":false},"author":47,"featured_media":0,"parent":44,"menu_order":0,"comment_status":"closed","ping_status":"closed","template":"","meta":{"footnotes":""},"class_list":["post-21","page","type-page","status-publish","hentry"],"_links":{"self":[{"href":"https:\/\/www.ct.ufpb.br\/lenhs\/wp-json\/wp\/v2\/pages\/21","targetHints":{"allow":["GET"]}}],"collection":[{"href":"https:\/\/www.ct.ufpb.br\/lenhs\/wp-json\/wp\/v2\/pages"}],"about":[{"href":"https:\/\/www.ct.ufpb.br\/lenhs\/wp-json\/wp\/v2\/types\/page"}],"author":[{"embeddable":true,"href":"https:\/\/www.ct.ufpb.br\/lenhs\/wp-json\/wp\/v2\/users\/47"}],"replies":[{"embeddable":true,"href":"https:\/\/www.ct.ufpb.br\/lenhs\/wp-json\/wp\/v2\/comments?post=21"}],"version-history":[{"count":7,"href":"https:\/\/www.ct.ufpb.br\/lenhs\/wp-json\/wp\/v2\/pages\/21\/revisions"}],"predecessor-version":[{"id":263,"href":"https:\/\/www.ct.ufpb.br\/lenhs\/wp-json\/wp\/v2\/pages\/21\/revisions\/263"}],"up":[{"embeddable":true,"href":"https:\/\/www.ct.ufpb.br\/lenhs\/wp-json\/wp\/v2\/pages\/44"}],"wp:attachment":[{"href":"https:\/\/www.ct.ufpb.br\/lenhs\/wp-json\/wp\/v2\/media?parent=21"}],"curies":[{"name":"wp","href":"https:\/\/api.w.org\/{rel}","templated":true}]}}