{"id":19,"date":"2024-03-12T08:20:44","date_gmt":"2024-03-12T11:20:44","guid":{"rendered":"https:\/\/www.cear.ufpb.br\/lenhs2\/?page_id=19"},"modified":"2026-02-05T00:55:05","modified_gmt":"2026-02-05T03:55:05","slug":"swmm","status":"publish","type":"page","link":"https:\/\/www.ct.ufpb.br\/lenhs\/downlodas\/swmm\/","title":{"rendered":"SWMM"},"content":{"rendered":"\n<h3 class=\"wp-block-heading\">Download SWMM<\/h3>\n\n\n\n<p>Manual do SWMM BRASIL&nbsp;(<a href=\"http:\/\/plone.ufpb.br\/lenhs\/contents\/documentos\/programa-swmm\/manual_swmm.pdf\" target=\"_blank\" rel=\"noreferrer noopener\">arquivo PDF<\/a>)<\/p>\n\n\n\n<p>Programa SWMM BRASIL\u00a0(<strong><a href=\"https:\/\/www.ct.ufpb.br\/lenhs\/wp-content\/uploads\/sites\/103\/sites\/153\/2026\/02\/swmm_50022_brasil.zip\" target=\"_blank\" rel=\"noreferrer noopener\">Download<\/a><\/strong>)<br><\/p>\n\n\n\n<p><strong>O que \u00e9 o EPA SWMM?<\/strong><\/p>\n\n\n\n<p>O&nbsp;<em>Storm Water Management Model<\/em><em>&nbsp;\u2013 SWMM&nbsp;<\/em>(Modelo de Gest\u00e3o de Drenagem Urbana \u2013 SWMM), da&nbsp;<em>U. S<\/em>.&nbsp;<em>Environmental Protection Agency<\/em>&nbsp;(US EPA), \u00e9 um modelo din\u00e2mico chuva-vaz\u00e3o, utilizado para a gest\u00e3o de drenagem urbana, que simula a quantidade e a qualidade do escoamento superficial, especialmente em \u00e1reas urbanas. Pode ser utilizado para a simula\u00e7\u00e3o de um \u00fanico evento chuvoso, para uma simula\u00e7\u00e3o cont\u00ednua de longo prazo, bem como para a drenagem de \u00e1guas residu\u00e1rias. O componente relativo ao escoamento superficial do SWMM opera com um conjunto de sub-bacias hidrogr\u00e1ficas que recebem precipita\u00e7\u00f5es e geram escoamentos e cargas poluidoras. O m\u00f3dulo de transporte hidr\u00e1ulico do SWMM simula o percurso destas \u00e1guas atrav\u00e9s de um sistema composto por tubula\u00e7\u00f5es, canais, dispositivos de armazenamento e tratamento, bombas e elementos de regula\u00e7\u00e3o. O SWMM acompanha a evolu\u00e7\u00e3o da quantidade e da qualidade do escoamento dentro de cada sub-bacia, assim como a vaz\u00e3o, a altura de escoamento e a qualidade da \u00e1gua em cada tubula\u00e7\u00e3o e canal, durante um per\u00edodo de simula\u00e7\u00e3o composto por m\u00faltiplos intervalos de tempo.<\/p>\n\n\n\n<p>\u00c9 amplamente utilizado em v\u00e1rias partes do mundo, para o planejamento, an\u00e1lises e projetos de sistemas de drenagem de \u00e1guas pluviais em \u00e1reas urbanas, sistemas coletores de \u00e1guas residu\u00e1rias (sejam eles separados, unit\u00e1rios ou mistos), com muitas aplica\u00e7\u00f5es, tamb\u00e9m, em \u00e1reas n\u00e3o urbanas. A edi\u00e7\u00e3o atual, que corresponde \u00e0 quinta vers\u00e3o do programa, \u00e9 um c\u00f3digo re-escrito completamente a partir de edi\u00e7\u00f5es anteriores. Funcionando sob a plataforma Windows\u00ae, o SWMM 5 proporciona um ambiente integrado, que permite a entrada de dados para a \u00e1rea de estudo, simular o comportamento hidrol\u00f3gico, hidr\u00e1ulico, estimar a qualidade da \u00e1gua e visualizar os&nbsp; resultados da modelagem em uma grande variedade de formatos. Como exemplos, podem-se citar: \u00e1reas de drenagem codificadas por meio de cores; mapas de sistemas de coletores de \u00e1gua; gr\u00e1ficos e tabelas de s\u00e9ries temporais; diagramas de perfil e an\u00e1lises estat\u00edsticas de frequ\u00eancia. A atual tradu\u00e7\u00e3o do SWMM para o portug\u00eas \u00e9 referente \u00e0 vers\u00e3o original em ingl\u00eas 5.00.22.<\/p>\n\n\n\n<h3 class=\"wp-block-heading\">Capacidade da Modelagem<\/h3>\n\n\n\n<p>O SWMM considera distintos processos hidrol\u00f3gicos que produzem escoamentos procedentes de \u00e1reas urbanas. Entre estes se encontram:<\/p>\n\n\n\n<ul class=\"wp-block-list\">\n<li>Precipita\u00e7\u00f5es vari\u00e1veis no tempo.<\/li>\n\n\n\n<li>Evapora\u00e7\u00e3o de \u00e1guas empo\u00e7adas.<\/li>\n\n\n\n<li>Acumula\u00e7\u00e3o e degelo da neve.<\/li>\n\n\n\n<li>Intercepta\u00e7\u00e3o de precipita\u00e7\u00f5es por armazenamento em depress\u00f5es.<\/li>\n\n\n\n<li>Infiltra\u00e7\u00e3o das precipita\u00e7\u00f5es em camadas do solo n\u00e3o saturadas.<\/li>\n\n\n\n<li>Percola\u00e7\u00e3o da \u00e1gua infiltrada nas camadas dos aqu\u00edferos.<\/li>\n\n\n\n<li>Troca de fluxo entre os aqu\u00edferos e o sistema de drenagem.<\/li>\n\n\n\n<li>Modelagem do fluxo superficial por meio de reservat\u00f3rios n\u00e3o-lineares.<\/li>\n\n\n\n<li>Capta\u00e7\u00e3o e reten\u00e7\u00e3o das precipita\u00e7\u00f5es e dos escoamentos em diversos dispositivos de baixo impacto.<\/li>\n<\/ul>\n\n\n\n<p><br>A variabilidade espacial, em todos estes processos, \u00e9 obtida dividindo-se uma determinada \u00e1rea de estudo em \u00e1reas de capta\u00e7\u00e3o de \u00e1gua, menores e homog\u00eaneas, denominadas sub-bacias, cada uma com sua pr\u00f3pria fra\u00e7\u00e3o de sub-\u00e1reas perme\u00e1veis e imperme\u00e1veis. O escoamento superficial \u00e9 conduzido entre as diversas sub-\u00e1reas, entre as diferentes sub-bacias ou entre os pontos de entrada de um sistema de drenagem.<\/p>\n\n\n\n<p>Al\u00e9m disso, o SWMM possui um conjunto vers\u00e1til de ferramentas de modelagem hidr\u00e1ulica, utilizadas para conduzir o fluxo decorrente do escoamento superficial e das contribui\u00e7\u00f5es externas de vaz\u00e3o, atrav\u00e9s de uma rede de tubula\u00e7\u00f5es, canais, dispositivos de armazenamento e tratamento da \u00e1gua, e demais estruturas. Estas ferramentas proporcionam a capacidade de:<\/p>\n\n\n\n<ul class=\"wp-block-list\">\n<li>Manipular redes de tamanho ilimitado.<\/li>\n\n\n\n<li>Utilizar uma ampla variedade de geometrias para os condutos, tanto abertos como fechados, assim como para os canais naturais.<\/li>\n\n\n\n<li>Modelar elementos especiais como unidades de armazenamento e tratamento, divisores de fluxo, bombas, vertedores e orif\u00edcios.<\/li>\n\n\n\n<li>Considerar escoamentos externos quanto \u00e0 qualidade e quantidade, sejam eles superficiais ou provenientes de trocas com aqu\u00edferos; infiltra\u00e7\u00f5es no sistema de drenagem devido \u00e0 precipita\u00e7\u00e3o RDII (<em>Rainfall-Dependent Infiltration\/Inflow<\/em>); \u00e1guas residu\u00e1rias em tempos secos (sistemas unit\u00e1rios ou mistos de drenagem) e outros definidos pelo usu\u00e1rio.<\/li>\n\n\n\n<li>Utilizar tanto o m\u00e9todo da onda cinem\u00e1tica como o m\u00e9todo completo da onda din\u00e2mica para a propaga\u00e7\u00e3o dos fluxos.<\/li>\n\n\n\n<li>Modelar distintos regimes de fluxo, tais como remanso, entrada em carga, fluxo reverso e alagamentos.<\/li>\n\n\n\n<li>Aplicar controles din\u00e2micos, definidos pelo usu\u00e1rio, para simular o funcionamento das bombas, a abertura de orif\u00edcios ou a posi\u00e7\u00e3o da crista de vertedores.<\/li>\n<\/ul>\n\n\n\n<p>Al\u00e9m de modelar a gera\u00e7\u00e3o e transporte do escoamento superficial, o SWMM tamb\u00e9m pode estimar a produ\u00e7\u00e3o e a evolu\u00e7\u00e3o de cargas de agentes poluentes associadas a este tipo de escoamento. Os processos seguintes podem ser modelados para qualquer n\u00famero de subst\u00e2ncias associadas \u00e0 qualidade da \u00e1gua definidas pelo usu\u00e1rio:<\/p>\n\n\n\n<ul class=\"wp-block-list\">\n<li>Acumula\u00e7\u00e3o do poluente durante o tempo seco, para diferentes usos do solo.<\/li>\n\n\n\n<li>Lixivia\u00e7\u00e3o do agente poluente como fun\u00e7\u00e3o do tipo de uso do solo.<\/li>\n\n\n\n<li>Contribui\u00e7\u00e3o direta decorrente da pr\u00f3pria chuva.<\/li>\n\n\n\n<li>Redu\u00e7\u00e3o da polui\u00e7\u00e3o acumulada devido \u00e0 limpeza da rua.<\/li>\n\n\n\n<li>Redu\u00e7\u00e3o da carga de poluentes arrastados pela enxurrada devido a boas pr\u00e1ticas de manejo (BMPs).<\/li>\n\n\n\n<li>Entrada de \u00e1guas residu\u00e1rias em tempo seco e outras contribui\u00e7\u00f5es externas especificadas pelo usu\u00e1rio em qualquer ponto do sistema de drenagem.<\/li>\n\n\n\n<li>Propaga\u00e7\u00e3o de subst\u00e2ncias associadas \u00e0 qualidade da \u00e1gua ao longo do sistema de drenagem.<\/li>\n\n\n\n<li>Redu\u00e7\u00e3o na concentra\u00e7\u00e3o do poluente por meio de tratamentos em reservat\u00f3rios ou devido a processos naturais em tubula\u00e7\u00f5es e canais.<\/li>\n<\/ul>\n\n\n\n<h3 class=\"wp-block-heading\"><\/h3>\n\n\n\n<h3 class=\"wp-block-heading\">Aplica\u00e7\u00f5es T\u00edpicas do SWMM<\/h3>\n\n\n\n<p>Desde a sua cria\u00e7\u00e3o, o SWMM tem sido utilizado em milhares de estudos de redes de drenagem, tanto de \u00e1guas residu\u00e1rias como de \u00e1guas pluviais. Entre as aplica\u00e7\u00f5es t\u00edpicas podem-se mencionar:<\/p>\n\n\n\n<ul class=\"wp-block-list\">\n<li>Concep\u00e7\u00e3o e dimensionamento de componentes da rede de drenagem para controle de inunda\u00e7\u00f5es.<\/li>\n\n\n\n<li>Dimensionamento de estruturas de reten\u00e7\u00e3o e acess\u00f3rios, para o controle de inunda\u00e7\u00f5es e a prote\u00e7\u00e3o da qualidade das \u00e1guas.<\/li>\n\n\n\n<li>Delimita\u00e7\u00e3o de zonas de inunda\u00e7\u00e3o em leitos naturais.<\/li>\n\n\n\n<li>Concep\u00e7\u00e3o de estrat\u00e9gias de controle para minimizar o transbordamento de sistemas unit\u00e1rios e mistos.<\/li>\n\n\n\n<li>Avalia\u00e7\u00e3o do impacto de contribui\u00e7\u00f5es e infiltra\u00e7\u00f5es sobre o transbordamento de sistemas de drenagem de \u00e1guas residu\u00e1rias.<\/li>\n\n\n\n<li>Gera\u00e7\u00e3o de polui\u00e7\u00e3o difusa para estudos de lan\u00e7amento de efluentes (carga de contaminantes).<\/li>\n\n\n\n<li>Avalia\u00e7\u00e3o da efic\u00e1cia das BMPs (Boas Pr\u00e1ticas de Manejo) para reduzir o carreamento de poluentes durante a chuva.<\/li>\n<\/ul>\n","protected":false},"excerpt":{"rendered":"<p>Download SWMM Manual do SWMM BRASIL&nbsp;(arquivo PDF) Programa SWMM BRASIL\u00a0(Download) O que \u00e9 o EPA SWMM? O&nbsp;Storm Water Management Model&nbsp;\u2013 SWMM&nbsp;(Modelo de Gest\u00e3o de Drenagem Urbana \u2013 SWMM), da&nbsp;U. S.&nbsp;Environmental Protection Agency&nbsp;(US EPA), \u00e9 um modelo din\u00e2mico chuva-vaz\u00e3o, utilizado para a gest\u00e3o de drenagem urbana, que simula a quantidade e a qualidade do escoamento superficial, [&hellip;]<\/p>\n","protected":false},"author":47,"featured_media":0,"parent":44,"menu_order":0,"comment_status":"closed","ping_status":"closed","template":"","meta":{"footnotes":""},"class_list":["post-19","page","type-page","status-publish","hentry"],"_links":{"self":[{"href":"https:\/\/www.ct.ufpb.br\/lenhs\/wp-json\/wp\/v2\/pages\/19","targetHints":{"allow":["GET"]}}],"collection":[{"href":"https:\/\/www.ct.ufpb.br\/lenhs\/wp-json\/wp\/v2\/pages"}],"about":[{"href":"https:\/\/www.ct.ufpb.br\/lenhs\/wp-json\/wp\/v2\/types\/page"}],"author":[{"embeddable":true,"href":"https:\/\/www.ct.ufpb.br\/lenhs\/wp-json\/wp\/v2\/users\/47"}],"replies":[{"embeddable":true,"href":"https:\/\/www.ct.ufpb.br\/lenhs\/wp-json\/wp\/v2\/comments?post=19"}],"version-history":[{"count":3,"href":"https:\/\/www.ct.ufpb.br\/lenhs\/wp-json\/wp\/v2\/pages\/19\/revisions"}],"predecessor-version":[{"id":266,"href":"https:\/\/www.ct.ufpb.br\/lenhs\/wp-json\/wp\/v2\/pages\/19\/revisions\/266"}],"up":[{"embeddable":true,"href":"https:\/\/www.ct.ufpb.br\/lenhs\/wp-json\/wp\/v2\/pages\/44"}],"wp:attachment":[{"href":"https:\/\/www.ct.ufpb.br\/lenhs\/wp-json\/wp\/v2\/media?parent=19"}],"curies":[{"name":"wp","href":"https:\/\/api.w.org\/{rel}","templated":true}]}}