{"id":17,"date":"2024-03-12T08:20:12","date_gmt":"2024-03-12T11:20:12","guid":{"rendered":"https:\/\/www.cear.ufpb.br\/lenhs2\/?page_id=17"},"modified":"2026-02-13T22:46:01","modified_gmt":"2026-02-14T01:46:01","slug":"anais-dos-sereas","status":"publish","type":"page","link":"https:\/\/www.ct.ufpb.br\/lenhs\/publicacoes\/anais-dos-sereas\/","title":{"rendered":"Anais dos SEREAs"},"content":{"rendered":"\n<p><strong><a href=\"https:\/\/www.ct.ufpb.br\/lenhs\/wp-content\/uploads\/sites\/103\/sites\/153\/2026\/02\/Anais-SEREA-2025-Joao-Pessoa-Brasil-compactado.pdf\" target=\"_blank\" rel=\"noreferrer noopener\">Anais do XVIII SEREA (2025)<\/a> &#8211; Jo\u00e3o Pessoa &#8211; Brasil<\/strong><\/p>\n\n\n\n<p>Anais do XVII SEREA (2023) &#8211; C\u00f3rdoba &#8211; Espanha<\/p>\n\n\n\n<p><a href=\"http:\/\/plone.ufpb.br\/lenhs\/contents\/documentos\/anais-dos-serea\/serea_2019.pdf\" target=\"_blank\" rel=\"noreferrer noopener\">Anais do XVI SEREA (2019)<\/a>&nbsp;\u2013 Lisboa- Portugal<br>XVI SEREA \u2013 Semin\u00e1rio Iberoamericano sobre Sistemas de Abastecimento Urbano de \u00c1gua<\/p>\n\n\n\n<p><a href=\"http:\/\/plone.ufpb.br\/lenhs\/contents\/documentos\/anais-dos-serea\/memorias-serea2017.rar\" target=\"_blank\" rel=\"noreferrer noopener\">Anais do XV SEREA (2017)<\/a>&nbsp;\u2013 Bogot\u00e1 \u2013 Colombia<br>XV SEREA \u2013 Semin\u00e1rio Iberoamericano sobre Sistemas de Abastecimento Urbano de \u00c1gua<\/p>\n\n\n\n<p><a href=\"http:\/\/plone.ufpb.br\/lenhs\/contents\/documentos\/anais-dos-serea\/serea_2015.pdf\" target=\"_blank\" rel=\"noreferrer noopener\">Anais do XIV SEREA (2015)<\/a>&nbsp;\u2013 Guanajuato \u2013 M\u00e9xico<br>XIV SEREA \u2013 Semin\u00e1rio Iberoamericano sobre Sistemas de Abastecimento Urbano de \u00c1gua<\/p>\n\n\n\n<p>Anais do XIII SEREA (2014) \u2013 Fortaleza \u2013 Brasil<br><a href=\"http:\/\/plone.ufpb.br\/lenhs\/contents\/documentos\/anais-dos-serea\/serea-2014-parte-1.rar\" target=\"_blank\" rel=\"noreferrer noopener\">Parte 1<\/a>&nbsp;e&nbsp;<a href=\"http:\/\/plone.ufpb.br\/lenhs\/contents\/documentos\/anais-dos-serea\/serea-2014-parte-2.rar\" target=\"_blank\" rel=\"noreferrer noopener\">Parte 2<\/a><br>XIII SEREA \u2013 Semin\u00e1rio Iberoamericano sobre Sistemas de Abastecimento Urbano de \u00c1gua<\/p>\n\n\n\n<p><a href=\"http:\/\/plone.ufpb.br\/lenhs\/contents\/documentos\/anais-dos-serea\/serea-2013.rar\" target=\"_blank\" rel=\"noreferrer noopener\">Anais do XII SEREA (2013)<\/a>&nbsp;\u2013 Buenos Aires- Argentina<br>XII SEREA \u2013 Semin\u00e1rio Iberoamericano sobre Sistemas de Abastecimento Urbano de \u00c1gua<\/p>\n\n\n\n<p><a href=\"http:\/\/plone.ufpb.br\/lenhs\/contents\/documentos\/anais-dos-serea\/anais-do-serea-2012.rar\" target=\"_blank\" rel=\"noreferrer noopener\">Anais do XI SEREA (2012)<\/a>&nbsp;\u2013 Coimbra- Portugal<br>XI SEREA \u2013 Semin\u00e1rio Iberoamericano sobre Sistemas de Abastecimento Urbano de \u00c1gua<\/p>\n\n\n\n<p><a href=\"http:\/\/plone.ufpb.br\/lenhs\/contents\/documentos\/anais-dos-serea\/articulos.rar\" target=\"_blank\" rel=\"noreferrer noopener\">Anais do X SEREA (2011)<\/a>&nbsp;\u2013 Michoac\u00e1n \u2013 M\u00e9xico<br>X SEREA \u2013 Semin\u00e1rio Iberoamericano sobre Sistemas de Abastecimento Urbano de \u00c1gua<\/p>\n\n\n\n<p><a href=\"http:\/\/plone.ufpb.br\/lenhs\/contents\/documentos\/anais-dos-serea\/serea_2009.pdf\" target=\"_blank\" rel=\"noreferrer noopener\">Anais do IX SEREA (2009)&nbsp;<\/a>\u2013 Valencia \u2013 Espanha<br>IX SEREA \u2013 Semin\u00e1rio Iberoamericano sobre Sistemas de Abastecimento Urbano de \u00c1gua<\/p>\n\n\n\n<p><a href=\"http:\/\/plone.ufpb.br\/lenhs\/contents\/documentos\/anais-dos-serea\/2008-resumo_viiiserea.pdf\" target=\"_blank\" rel=\"noreferrer noopener\">Anais do VIII SEREA (2008)<\/a>&nbsp;\u2013 Lisboa \u2013 Portugal:<br>VIII SEREA \u2013 Semin\u00e1rio Iberoamericano sobre Sistemas de Abastecimento Urbano de \u00c1gua<\/p>\n\n\n\n<p><a href=\"http:\/\/plone.ufpb.br\/lenhs\/contents\/documentos\/anais-dos-serea\/2007.rar\" target=\"_blank\" rel=\"noreferrer noopener\">Anais do VII SEREA (2007)<\/a>&nbsp;\u2013 Mor\u00e9lia \u2013 M\u00e9xico:<br>VII SEREA \u2013 Semin\u00e1rio Iberoamericano sobre Sistemas de Abastecimento Urbano de \u00c1gua<\/p>\n\n\n\n<p><a href=\"http:\/\/plone.ufpb.br\/lenhs\/contents\/documentos\/anais-dos-serea\/2006.rar\" target=\"_blank\" rel=\"noreferrer noopener\">Anais do VI SEREA (2006)<\/a>&nbsp;\u2013 Jo\u00e3o Pessoa \u2013 Brasil:<br>VI SEREA \u2013 Semin\u00e1rio Iberoamericano sobre Sistemas de Abastecimento Urbano de \u00c1gua<\/p>\n\n\n\n<p><a href=\"http:\/\/plone.ufpb.br\/lenhs\/contents\/documentos\/anais-dos-serea\/ponencias.rar\" target=\"_blank\" rel=\"noreferrer noopener\">Resumos do V SEREA (2005)<\/a>&nbsp;\u2013 Val\u00eancia \u2013 Espanha:<br>V SEREA \u2013 Semin\u00e1rio Iberoamericano sobre Sistemas de Abastecimento Urbano de \u00c1gua<\/p>\n\n\n\n<p><a href=\"http:\/\/plone.ufpb.br\/lenhs\/contents\/documentos\/anais-dos-serea\/artigos.rar\" target=\"_blank\" rel=\"noreferrer noopener\">Anais do IV SEREA (2004)<\/a>&nbsp;\u2013 Jo\u00e3o Pessoa \u2013 Brasil:<br>IV SEREA \u2013 Semin\u00e1rio Hispano-Brasileiro sobre Sistemas de Abastecimento de \u00c1gua<\/p>\n\n\n\n<p><a href=\"http:\/\/plone.ufpb.br\/lenhs\/contents\/documentos\/anais-dos-serea\/trabalhos.rar\" target=\"_blank\" rel=\"noreferrer noopener\">Anais do I SEREA (2002)<\/a>&nbsp;\u2013 Jo\u00e3o Pessoa \u2013 Brasil:<br>Planejamento, Projeto e Opera\u00e7\u00e3o de Redes de Abastecimento de \u00c1gua<\/p>\n\n\n\n<p><\/p>\n\n\n\n<p><\/p>\n\n\n\n<p><\/p>\n\n\n\n<figure class=\"wp-block-table\"><table><tbody><tr><td colspan=\"2\">Semin\u00e1rio Iberoamericano sobre Sistemas de Abastecimento de \u00c1gua<\/td><\/tr><tr><td>2019<\/td><td><a href=\"http:\/\/plone.ufpb.br\/lenhs\/contents\/documentos\/anais-dos-serea\/serea_2019.pdf\" target=\"_blank\" rel=\"noreferrer noopener\">Anais do XVI SEREA (2019)<\/a>&nbsp;\u2013 Lisboa- Portugal<br>XVI SEREA \u2013 Semin\u00e1rio Iberoamericano sobre Sistemas de Abastecimento Urbano de \u00c1gua<\/td><\/tr><tr><td>2017<\/td><td><a href=\"http:\/\/plone.ufpb.br\/lenhs\/contents\/documentos\/anais-dos-serea\/memorias-serea2017.rar\" target=\"_blank\" rel=\"noreferrer noopener\">Anais do XV SEREA (2017)<\/a>&nbsp;\u2013 Bogot\u00e1 \u2013 Colombia<br>XV SEREA \u2013 Semin\u00e1rio Iberoamericano sobre Sistemas de Abastecimento Urbano de \u00c1gua<\/td><\/tr><tr><td>2015<\/td><td><a href=\"http:\/\/plone.ufpb.br\/lenhs\/contents\/documentos\/anais-dos-serea\/serea_2015.pdf\" target=\"_blank\" rel=\"noreferrer noopener\">Anais do XIV SEREA (2015)<\/a>&nbsp;\u2013 Guanajuato \u2013 M\u00e9xico<br>XIV SEREA \u2013 Semin\u00e1rio Iberoamericano sobre Sistemas de Abastecimento Urbano de \u00c1gua<\/td><\/tr><tr><td>2014<\/td><td>Anais do XIII SEREA (2014) \u2013 Fortaleza \u2013 Brasil<br><a href=\"http:\/\/plone.ufpb.br\/lenhs\/contents\/documentos\/anais-dos-serea\/serea-2014-parte-1.rar\" target=\"_blank\" rel=\"noreferrer noopener\">Parte 1<\/a>&nbsp;e&nbsp;<a href=\"http:\/\/plone.ufpb.br\/lenhs\/contents\/documentos\/anais-dos-serea\/serea-2014-parte-2.rar\" target=\"_blank\" rel=\"noreferrer noopener\">Parte 2<\/a><br>XIII SEREA \u2013 Semin\u00e1rio Iberoamericano sobre Sistemas de Abastecimento Urbano de \u00c1gua<\/td><\/tr><tr><td>2013<\/td><td><a href=\"http:\/\/plone.ufpb.br\/lenhs\/contents\/documentos\/anais-dos-serea\/serea-2013.rar\" target=\"_blank\" rel=\"noreferrer noopener\">Anais do XII SEREA (2013)<\/a>&nbsp;\u2013 Buenos Aires- Argentina<br>XII SEREA \u2013 Semin\u00e1rio Iberoamericano sobre Sistemas de Abastecimento Urbano de \u00c1gua<\/td><\/tr><tr><td>2012<\/td><td><a href=\"http:\/\/plone.ufpb.br\/lenhs\/contents\/documentos\/anais-dos-serea\/anais-do-serea-2012.rar\" target=\"_blank\" rel=\"noreferrer noopener\">Anais do XI SEREA (2012)<\/a>&nbsp;\u2013 Coimbra- Portugal<br>XI SEREA \u2013 Semin\u00e1rio Iberoamericano sobre Sistemas de Abastecimento Urbano de \u00c1gua<\/td><\/tr><tr><td>2011<\/td><td><a href=\"http:\/\/plone.ufpb.br\/lenhs\/contents\/documentos\/anais-dos-serea\/articulos.rar\" target=\"_blank\" rel=\"noreferrer noopener\">Anais do X SEREA (2011)<\/a>&nbsp;\u2013 Michoac\u00e1n \u2013 M\u00e9xico<br>X SEREA \u2013 Semin\u00e1rio Iberoamericano sobre Sistemas de Abastecimento Urbano de \u00c1gua<\/td><\/tr><tr><td>2009<\/td><td><a href=\"http:\/\/plone.ufpb.br\/lenhs\/contents\/documentos\/anais-dos-serea\/serea_2009.pdf\" target=\"_blank\" rel=\"noreferrer noopener\">Anais do IX SEREA (2009)&nbsp;<\/a>\u2013 Valencia \u2013 Espanha<br>IX SEREA \u2013 Semin\u00e1rio Iberoamericano sobre Sistemas de Abastecimento Urbano de \u00c1gua<\/td><\/tr><tr><td>2008<\/td><td><a href=\"http:\/\/plone.ufpb.br\/lenhs\/contents\/documentos\/anais-dos-serea\/2008-resumo_viiiserea.pdf\" target=\"_blank\" rel=\"noreferrer noopener\">Anais do VIII SEREA (2008)<\/a>&nbsp;\u2013 Lisboa \u2013 Portugal:<br>VIII SEREA \u2013 Semin\u00e1rio Iberoamericano sobre Sistemas de Abastecimento Urbano de \u00c1gua<\/td><\/tr><tr><td>2007<\/td><td><a href=\"http:\/\/plone.ufpb.br\/lenhs\/contents\/documentos\/anais-dos-serea\/2007.rar\" target=\"_blank\" rel=\"noreferrer noopener\">Anais do VII SEREA (2007)<\/a>&nbsp;\u2013 Mor\u00e9lia \u2013 M\u00e9xico:<br>VII SEREA \u2013 Semin\u00e1rio Iberoamericano sobre Sistemas de Abastecimento Urbano de \u00c1gua<\/td><\/tr><tr><td>2006<\/td><td><a href=\"http:\/\/plone.ufpb.br\/lenhs\/contents\/documentos\/anais-dos-serea\/2006.rar\" target=\"_blank\" rel=\"noreferrer noopener\">Anais do VI SEREA (2006)<\/a>&nbsp;\u2013 Jo\u00e3o Pessoa \u2013 Brasil:<br>VI SEREA \u2013 Semin\u00e1rio Iberoamericano sobre Sistemas de Abastecimento Urbano de \u00c1gua<\/td><\/tr><tr><td>2005<\/td><td><a href=\"http:\/\/plone.ufpb.br\/lenhs\/contents\/documentos\/anais-dos-serea\/ponencias.rar\" target=\"_blank\" rel=\"noreferrer noopener\">Resumos do V SEREA (2005)<\/a>&nbsp;\u2013 Val\u00eancia \u2013 Espanha:<br>V SEREA \u2013 Semin\u00e1rio Iberoamericano sobre Sistemas de Abastecimento Urbano de \u00c1gua<\/td><\/tr><tr><td>2004<\/td><td><a href=\"http:\/\/plone.ufpb.br\/lenhs\/contents\/documentos\/anais-dos-serea\/artigos.rar\" target=\"_blank\" rel=\"noreferrer noopener\">Anais do IV SEREA (2004)<\/a>&nbsp;\u2013 Jo\u00e3o Pessoa \u2013 Brasil:<br>IV SEREA \u2013 Semin\u00e1rio Hispano-Brasileiro sobre Sistemas de Abastecimento de \u00c1gua<\/td><\/tr><tr><td>2002<\/td><td><a href=\"http:\/\/plone.ufpb.br\/lenhs\/contents\/documentos\/anais-dos-serea\/trabalhos.rar\" target=\"_blank\" rel=\"noreferrer noopener\">Anais do I SEREA (2002)<\/a>&nbsp;\u2013 Jo\u00e3o Pessoa \u2013 Brasil:<br>Planejamento, Projeto e Opera\u00e7\u00e3o de Redes de Abastecimento de \u00c1gua<\/td><\/tr><\/tbody><\/table><\/figure>\n\n\n\n<p><\/p>\n\n\n\n<p><\/p>\n\n\n\n<p><\/p>\n\n\n","protected":false},"excerpt":{"rendered":"<p>Anais do XVIII SEREA (2025) &#8211; Jo\u00e3o Pessoa &#8211; Brasil Anais do XVII SEREA (2023) &#8211; C\u00f3rdoba &#8211; Espanha Anais do XVI SEREA (2019)&nbsp;\u2013 Lisboa- PortugalXVI SEREA \u2013 Semin\u00e1rio Iberoamericano sobre Sistemas de Abastecimento Urbano de \u00c1gua Anais do XV SEREA (2017)&nbsp;\u2013 Bogot\u00e1 \u2013 ColombiaXV SEREA \u2013 Semin\u00e1rio Iberoamericano sobre Sistemas de Abastecimento Urbano de [&hellip;]<\/p>\n","protected":false},"author":47,"featured_media":0,"parent":36,"menu_order":0,"comment_status":"closed","ping_status":"closed","template":"","meta":{"footnotes":""},"class_list":["post-17","page","type-page","status-publish","hentry"],"_links":{"self":[{"href":"https:\/\/www.ct.ufpb.br\/lenhs\/wp-json\/wp\/v2\/pages\/17","targetHints":{"allow":["GET"]}}],"collection":[{"href":"https:\/\/www.ct.ufpb.br\/lenhs\/wp-json\/wp\/v2\/pages"}],"about":[{"href":"https:\/\/www.ct.ufpb.br\/lenhs\/wp-json\/wp\/v2\/types\/page"}],"author":[{"embeddable":true,"href":"https:\/\/www.ct.ufpb.br\/lenhs\/wp-json\/wp\/v2\/users\/47"}],"replies":[{"embeddable":true,"href":"https:\/\/www.ct.ufpb.br\/lenhs\/wp-json\/wp\/v2\/comments?post=17"}],"version-history":[{"count":9,"href":"https:\/\/www.ct.ufpb.br\/lenhs\/wp-json\/wp\/v2\/pages\/17\/revisions"}],"predecessor-version":[{"id":273,"href":"https:\/\/www.ct.ufpb.br\/lenhs\/wp-json\/wp\/v2\/pages\/17\/revisions\/273"}],"up":[{"embeddable":true,"href":"https:\/\/www.ct.ufpb.br\/lenhs\/wp-json\/wp\/v2\/pages\/36"}],"wp:attachment":[{"href":"https:\/\/www.ct.ufpb.br\/lenhs\/wp-json\/wp\/v2\/media?parent=17"}],"curies":[{"name":"wp","href":"https:\/\/api.w.org\/{rel}","templated":true}]}}