{"id":15,"date":"2024-03-12T08:19:41","date_gmt":"2024-03-12T11:19:41","guid":{"rendered":"https:\/\/www.cear.ufpb.br\/lenhs2\/?page_id=15"},"modified":"2025-06-28T14:26:38","modified_gmt":"2025-06-28T17:26:38","slug":"cursos-online","status":"publish","type":"page","link":"https:\/\/www.ct.ufpb.br\/lenhs\/cursos-online\/","title":{"rendered":"Cursos Online"},"content":{"rendered":"\n<h2 class=\"wp-block-heading\">1. Curso de Capacita\u00e7\u00e3o em Acionamentos Digitais (Inversores e Soft Starters)<\/h2>\n\n\n\n<ul class=\"wp-block-list\">\n<li class=\"has-vivid-cyan-blue-color has-text-color has-link-color wp-elements-00aea2032a579db9b1026457808a4d6b\"><strong><a href=\"http:\/\/www.cear.ufpb.br\/lenhs2\/wp-content\/uploads\/sites\/103\/sites\/153\/2025\/06\/curso-de-capacitacao-cagepa-para-divulgacao.pdf\" target=\"_blank\" rel=\"noreferrer noopener\">Download Informa\u00e7\u00f5es do <\/a><a href=\"http:\/\/www.cear.ufpb.br\/lenhs2\/wp-content\/uploads\/sites\/103\/sites\/153\/2025\/06\/curso-de-capacitacao-cagepa-para-divulgacao.pdf\" target=\"_blank\" rel=\"noreferrer noopener nofollow\">Curso<\/a><\/strong><\/li>\n<\/ul>\n\n\n\n<ul class=\"wp-block-list\">\n<li><strong>Per\u00edodo:\u00a0 dias 2, 3, 9 e 10 julho de 2025<\/strong><\/li>\n\n\n\n<li><strong>Hor\u00e1rio: das 08 \u00e0s 16 horas<\/strong><\/li>\n<\/ul>\n\n\n\n<h2 class=\"wp-block-heading\">2. An\u00e1lise e dimensionamento de redes de abastecimento de \u00e1gua\u00a0atrav\u00e9s dos programas EPANET e LENHSNET<\/h2>\n\n\n\n<ul class=\"wp-block-list\">\n<li class=\"has-vivid-cyan-blue-color has-text-color has-link-color wp-elements-4ad8dd5554d49bd8e6639a8ad3933aa8\"><strong><a href=\"http:\/\/www.cear.ufpb.br\/lenhs2\/wp-content\/uploads\/sites\/103\/sites\/153\/2025\/06\/curso-do-epanet-e-lenhsnet_on-line_2025-1.pdf\" target=\"_blank\" rel=\"noreferrer noopener\">Download Informa\u00e7\u00f5es do Curso<\/a><\/strong><\/li>\n<\/ul>\n\n\n\n<ul class=\"wp-block-list\">\n<li><strong>Per\u00edodo:\u00a0 a definir<\/strong><\/li>\n\n\n\n<li><strong>Hor\u00e1rio: das 20 \u00e0s 22 horas<\/strong><\/li>\n<\/ul>\n\n\n\n<h2 class=\"wp-block-heading\">3. Gest\u00e3o de Sistemas de Drenagem Urbana e de Esgotamento Sanit\u00e1rio atrav\u00e9s do Programa SWMM<\/h2>\n\n\n\n<ul class=\"wp-block-list\">\n<li class=\"has-vivid-cyan-blue-color has-text-color has-link-color wp-elements-c74c95b353a418fe145e6f70f14b8046\"><strong><a href=\"http:\/\/www.cear.ufpb.br\/lenhs2\/wp-content\/uploads\/sites\/103\/sites\/153\/2025\/06\/curso-swmm_2025-1_novo.pdf\" target=\"_blank\" rel=\"noreferrer noopener\">Download Informa\u00e7\u00f5es do Curso<\/a><\/strong><\/li>\n\n\n\n<li><strong>Per\u00edodo: a definir<\/strong><\/li>\n<\/ul>\n\n\n\n<h2 class=\"wp-block-heading\">4. Efici\u00eancia Energ\u00e9tica e Automa\u00e7\u00e3o em Sistema de Abastecimento Urbano e Irriga\u00e7\u00e3o e em Elevat\u00f3rias de \u00c1gua e Esgoto<\/h2>\n\n\n\n<ul class=\"wp-block-list\">\n<li class=\"has-vivid-cyan-blue-color has-text-color has-link-color wp-elements-3124122558e2966398cc78623b2bd016\"><strong><a href=\"http:\/\/www.cear.ufpb.br\/lenhs2\/wp-content\/uploads\/sites\/103\/sites\/153\/2025\/06\/curso-de-eficiencia-e-automacao-2023-2.pdf\" target=\"_blank\" rel=\"noreferrer noopener\">Download Informa\u00e7\u00f5es do Curso<\/a><\/strong><\/li>\n\n\n\n<li><strong>Per\u00edodo: a definir<\/strong><\/li>\n<\/ul>\n\n\n\n<h2 class=\"wp-block-heading\">5. Dimensionamento Econ\u00f4mico e Opera\u00e7\u00e3o Otimizada de Sistemas Pressurizados de Irriga\u00e7\u00e3o (redes e energia) Atrav\u00e9s dos Programas LENHSNET e EPANET<\/h2>\n\n\n\n<ul class=\"wp-block-list\">\n<li class=\"has-vivid-cyan-blue-color has-text-color has-link-color wp-elements-79b9aaab7a6387094b685f80793b9d8e\"><strong><a href=\"http:\/\/www.cear.ufpb.br\/lenhs2\/wp-content\/uploads\/sites\/103\/sites\/153\/2025\/06\/curso_de_irrigacao_on_line_2023_1.pdf\" target=\"_blank\" rel=\"noreferrer noopener\">Download Informa\u00e7\u00f5es do Curso<\/a><\/strong><\/li>\n<\/ul>\n\n\n\n<ul class=\"wp-block-list\">\n<li><strong>Per\u00edodo: a definir.<\/strong><strong>\u00a0<\/strong><\/li>\n<\/ul>\n\n\n\n<h2 class=\"wp-block-heading\">6. Controle de Perdas de \u00c1gua em Sistemas Urbanos de Abastecimento<\/h2>\n\n\n\n<ul class=\"wp-block-list\">\n<li class=\"has-vivid-cyan-blue-color has-text-color has-link-color wp-elements-9f88445821b027426e5041003130c7e4\"><strong><a href=\"http:\/\/www.cear.ufpb.br\/lenhs2\/wp-content\/uploads\/sites\/103\/sites\/153\/2025\/06\/programa-do-curso-sobre-gestao-de-perdas.pdf\" target=\"_blank\" rel=\"noreferrer noopener\">Download Informa\u00e7\u00f5es do Curso<\/a><\/strong><\/li>\n\n\n\n<li><strong>Per\u00edodo: a definir<\/strong><\/li>\n<\/ul>\n\n\n\n<h2 class=\"wp-block-heading\">7. Estudo de Viabilidade Econ\u00f4mica e Financeira de Projetos\u00a0no Setor de Saneamento B\u00e1sico e Irriga\u00e7\u00e3o<\/h2>\n\n\n\n<ul class=\"wp-block-list\">\n<li class=\"has-vivid-cyan-blue-color has-text-color has-link-color wp-elements-dc2d96f89624998412f0d466313c0743\"><strong><a href=\"http:\/\/www.cear.ufpb.br\/lenhs2\/wp-content\/uploads\/sites\/103\/sites\/153\/2025\/06\/viabilidade-economica-e-financeira.pdf\" target=\"_blank\" rel=\"noreferrer noopener\">Download Informa\u00e7\u00f5es do Curso<\/a><\/strong><\/li>\n\n\n\n<li><strong>Per\u00edodo: a definir<\/strong><\/li>\n<\/ul>\n\n\n\n<h2 class=\"wp-block-heading\">INSCRI\u00c7\u00d5ES\u00a0<\/h2>\n\n\n\n<ul class=\"wp-block-list\">\n<li class=\"has-vivid-red-color has-text-color has-link-color wp-elements-9827793ba5b87ca2e816f68bc83b7ea9\"><strong><a href=\"http:\/\/www.cear.ufpb.br\/lenhs2\/wp-content\/uploads\/sites\/103\/sites\/153\/2025\/06\/formulario-cursos-lenhs_2025.pdf\" target=\"_blank\" rel=\"noreferrer noopener\">Download do formul\u00e1rio de Inscri\u00e7\u00e3o<\/a><\/strong><\/li>\n<\/ul>\n\n\n\n<p><\/p>\n","protected":false},"excerpt":{"rendered":"<p>1. Curso de Capacita\u00e7\u00e3o em Acionamentos Digitais (Inversores e Soft Starters) 2. An\u00e1lise e dimensionamento de redes de abastecimento de \u00e1gua\u00a0atrav\u00e9s dos programas EPANET e LENHSNET 3. Gest\u00e3o de Sistemas de Drenagem Urbana e de Esgotamento Sanit\u00e1rio atrav\u00e9s do Programa SWMM 4. Efici\u00eancia Energ\u00e9tica e Automa\u00e7\u00e3o em Sistema de Abastecimento Urbano e Irriga\u00e7\u00e3o e em [&hellip;]<\/p>\n","protected":false},"author":47,"featured_media":0,"parent":0,"menu_order":0,"comment_status":"closed","ping_status":"closed","template":"","meta":{"footnotes":""},"class_list":["post-15","page","type-page","status-publish","hentry"],"_links":{"self":[{"href":"https:\/\/www.ct.ufpb.br\/lenhs\/wp-json\/wp\/v2\/pages\/15","targetHints":{"allow":["GET"]}}],"collection":[{"href":"https:\/\/www.ct.ufpb.br\/lenhs\/wp-json\/wp\/v2\/pages"}],"about":[{"href":"https:\/\/www.ct.ufpb.br\/lenhs\/wp-json\/wp\/v2\/types\/page"}],"author":[{"embeddable":true,"href":"https:\/\/www.ct.ufpb.br\/lenhs\/wp-json\/wp\/v2\/users\/47"}],"replies":[{"embeddable":true,"href":"https:\/\/www.ct.ufpb.br\/lenhs\/wp-json\/wp\/v2\/comments?post=15"}],"version-history":[{"count":16,"href":"https:\/\/www.ct.ufpb.br\/lenhs\/wp-json\/wp\/v2\/pages\/15\/revisions"}],"predecessor-version":[{"id":214,"href":"https:\/\/www.ct.ufpb.br\/lenhs\/wp-json\/wp\/v2\/pages\/15\/revisions\/214"}],"wp:attachment":[{"href":"https:\/\/www.ct.ufpb.br\/lenhs\/wp-json\/wp\/v2\/media?parent=15"}],"curies":[{"name":"wp","href":"https:\/\/api.w.org\/{rel}","templated":true}]}}