{"id":11,"date":"2024-03-12T08:17:54","date_gmt":"2024-03-12T11:17:54","guid":{"rendered":"https:\/\/www.cear.ufpb.br\/lenhs2\/?page_id=11"},"modified":"2025-06-28T14:01:43","modified_gmt":"2025-06-28T17:01:43","slug":"livros","status":"publish","type":"page","link":"https:\/\/www.ct.ufpb.br\/lenhs\/publicacoes\/livros\/","title":{"rendered":"Livros"},"content":{"rendered":"\n<figure class=\"wp-block-table\"><table><tbody><tr><td><img loading=\"lazy\" decoding=\"async\" width=\"1760\" height=\"2480\" class=\"wp-image-122\" style=\"width: 150px\" src=\"http:\/\/www.cear.ufpb.br\/lenhs2\/wp-content\/uploads\/sites\/103\/sites\/153\/2025\/06\/capa_livro2019.jpg\" alt=\"\" srcset=\"https:\/\/www.ct.ufpb.br\/lenhs\/wp-content\/uploads\/sites\/103\/sites\/153\/2025\/06\/capa_livro2019.jpg 1760w, https:\/\/www.ct.ufpb.br\/lenhs\/wp-content\/uploads\/sites\/103\/sites\/153\/2025\/06\/capa_livro2019-213x300.jpg 213w, https:\/\/www.ct.ufpb.br\/lenhs\/wp-content\/uploads\/sites\/103\/sites\/153\/2025\/06\/capa_livro2019-727x1024.jpg 727w, https:\/\/www.ct.ufpb.br\/lenhs\/wp-content\/uploads\/sites\/103\/sites\/153\/2025\/06\/capa_livro2019-768x1082.jpg 768w, https:\/\/www.ct.ufpb.br\/lenhs\/wp-content\/uploads\/sites\/103\/sites\/153\/2025\/06\/capa_livro2019-1090x1536.jpg 1090w, https:\/\/www.ct.ufpb.br\/lenhs\/wp-content\/uploads\/sites\/103\/sites\/153\/2025\/06\/capa_livro2019-1453x2048.jpg 1453w\" sizes=\"auto, (max-width: 1760px) 100vw, 1760px\" \/><\/td><td>Abastecimento de \u00c1gua (2019)<br><a href=\"http:\/\/www.cear.ufpb.br\/lenhs2\/wp-content\/uploads\/sites\/103\/sites\/153\/2025\/06\/prefacio_21-04-19.pdf\" target=\"_blank\" rel=\"noreferrer noopener\"><strong>Pref\u00e1cio<\/strong>\u00a0<\/a>e\u00a0<a href=\"http:\/\/www.cear.ufpb.br\/lenhs2\/wp-content\/uploads\/sites\/103\/sites\/153\/2025\/06\/sumario_21-04-19.pdf\" target=\"_blank\" rel=\"noreferrer noopener nofollow\"><strong>Sum\u00e1rio<\/strong><\/a><br>Exemplos do Livro<br>Contato para Compra:\u00a0heberp@uol.com.br\u00a0<\/td><\/tr><tr><td><img loading=\"lazy\" decoding=\"async\" width=\"76\" height=\"114\" class=\"wp-image-124\" style=\"width: 76px\" src=\"http:\/\/www.cear.ufpb.br\/lenhs2\/wp-content\/uploads\/sites\/103\/sites\/153\/2025\/06\/abastecimento2014.jpg\" alt=\"\"><\/td><td>Abastecimento de \u00c1gua \u2013 Informa\u00e7\u00e3o para Efici\u00eancia Hidroenerg\u00e9tica (2014)<br><a href=\"http:\/\/www.cear.ufpb.br\/lenhs2\/wp-content\/uploads\/sites\/103\/sites\/153\/2025\/06\/livro_completo-compactado.pdf\" target=\"_blank\" rel=\"noreferrer noopener\"><strong>Livro Completo<\/strong><\/a><\/td><\/tr><tr><td><img loading=\"lazy\" decoding=\"async\" width=\"83\" height=\"113\" class=\"wp-image-125\" style=\"width: 83px\" src=\"http:\/\/www.cear.ufpb.br\/lenhs2\/wp-content\/uploads\/sites\/103\/sites\/153\/2025\/06\/economia2014.jpg\" alt=\"\"><\/td><td>Avalia\u00e7\u00e3o Econ\u00f4mica &#8211; Efici\u00eancia Energ\u00e9tica (2014)<br><a href=\"http:\/\/www.cear.ufpb.br\/lenhs2\/wp-content\/uploads\/sites\/103\/sites\/153\/2025\/06\/prefacio_avaliacao.pdf\" target=\"_blank\" rel=\"noreferrer noopener\"><strong>Pref\u00e1cio<\/strong><\/a>\u00a0e\u00a0<a href=\"http:\/\/www.cear.ufpb.br\/lenhs2\/wp-content\/uploads\/sites\/103\/sites\/153\/2025\/06\/folhaderosto_avaliacao.pdf\" target=\"_blank\" rel=\"noreferrer noopener\"><strong>Folha de Rosto<\/strong><\/a><br>Contato para Compra:\u00a0heberp@uol.com.br<\/td><\/tr><tr><td><img loading=\"lazy\" decoding=\"async\" width=\"80\" height=\"113\" class=\"wp-image-162\" style=\"width: 80px\" src=\"http:\/\/www.cear.ufpb.br\/lenhs2\/wp-content\/uploads\/sites\/103\/sites\/153\/2025\/06\/Sistema-de-irrigacao-2013.jpg\" alt=\"\"><\/td><td>Sistemas de Irriga\u00e7\u00e3o &#8211; Efici\u00eancia Energ\u00e9tica (2013)<br><a href=\"http:\/\/www.cear.ufpb.br\/lenhs2\/wp-content\/uploads\/sites\/103\/sites\/153\/2025\/06\/prefacio_irrigacao.pdf\" target=\"_blank\" rel=\"noreferrer noopener\"><strong>Pref\u00e1cio<\/strong><\/a>\u00a0e\u00a0<a href=\"http:\/\/www.cear.ufpb.br\/lenhs2\/wp-content\/uploads\/sites\/103\/sites\/153\/2025\/06\/sumario_irrigacao.pdf\" target=\"_blank\" rel=\"noreferrer noopener\"><strong>Sum\u00e1rio<\/strong><\/a><br>Contato para Compra:\u00a0heberp@uol.com.br<\/td><\/tr><tr><td><img loading=\"lazy\" decoding=\"async\" width=\"80\" height=\"115\" class=\"wp-image-127\" style=\"width: 80px\" src=\"http:\/\/www.cear.ufpb.br\/lenhs2\/wp-content\/uploads\/sites\/103\/sites\/153\/2025\/06\/livro_perdas2013.jpg\" alt=\"\"><\/td><td>Perdas de \u00c1gua &#8211; Tecnologias de Controle (2013)<br><strong><a href=\"http:\/\/www.cear.ufpb.br\/lenhs2\/wp-content\/uploads\/sites\/103\/sites\/153\/2025\/06\/livro_perdas.pdf\" target=\"_blank\" rel=\"noreferrer noopener\">Primeiras p\u00e1ginas<\/a><\/strong><br>Contato para Compra:\u00a0heberp@uol.com.br<\/td><\/tr><tr><td><img loading=\"lazy\" decoding=\"async\" width=\"80\" height=\"107\" class=\"wp-image-128\" style=\"width: 80px\" src=\"http:\/\/www.cear.ufpb.br\/lenhs2\/wp-content\/uploads\/sites\/103\/sites\/153\/2025\/06\/manual_swmm2012.jpg\" alt=\"\"><\/td><td>Manual do SWMM 5.0 Brasil &#8211; Modelo de Gest\u00e3o de Drenagem Urbana (2012)<br>Contato para Compra:&nbsp;heberp@uol.com.br<\/td><\/tr><tr><td><img loading=\"lazy\" decoding=\"async\" width=\"80\" height=\"113\" class=\"wp-image-129\" style=\"width: 80px\" src=\"http:\/\/www.cear.ufpb.br\/lenhs2\/wp-content\/uploads\/sites\/103\/sites\/153\/2025\/06\/manual_bombeamento2012.png\" alt=\"\"><\/td><td>Manual de Sistemas de Bombeamento: Efici\u00eancia Energ\u00e9tica (2012)<br><strong><a href=\"http:\/\/www.cear.ufpb.br\/lenhs2\/wp-content\/uploads\/sites\/103\/sites\/153\/2025\/06\/prefacio_sumario.pdf\" target=\"_blank\" rel=\"noreferrer noopener\">Pref\u00e1cio e Sum\u00e1rio<\/a><\/strong><br>Contato para Compra:\u00a0heberp@uol.com.br<\/td><\/tr><tr><td><img loading=\"lazy\" decoding=\"async\" width=\"80\" height=\"113\" class=\"wp-image-130\" style=\"width: 80px\" src=\"http:\/\/www.cear.ufpb.br\/lenhs2\/wp-content\/uploads\/sites\/103\/sites\/153\/2025\/06\/capa_eficiencia_energetica2010.jpg\" alt=\"\"><\/td><td>Sistemas de Saneamento &#8211; Efici\u00eancia Energ\u00e9tica (2010)<br>Livro Completo<\/td><\/tr><tr><td><img loading=\"lazy\" decoding=\"async\" width=\"80\" height=\"112\" class=\"wp-image-131\" style=\"width: 80px\" src=\"http:\/\/www.cear.ufpb.br\/lenhs2\/wp-content\/uploads\/sites\/103\/sites\/153\/2025\/06\/bombeamento2009.jpg\" alt=\"\"><\/td><td>Sistemas de Bombeamento &#8211; Efici\u00eancia Energ\u00e9tica (2009)<br><strong><a href=\"http:\/\/www.cear.ufpb.br\/lenhs2\/wp-content\/uploads\/sites\/103\/sites\/153\/2025\/06\/bombeamento.pdf\" target=\"_blank\" rel=\"noreferrer noopener\">Pref\u00e1cio e Sum\u00e1rio<\/a><\/strong><br>Contato para Compra:\u00a0heberp@uol.com.br<\/td><\/tr><tr><td><img loading=\"lazy\" decoding=\"async\" width=\"80\" height=\"117\" class=\"wp-image-132\" style=\"width: 80px\" src=\"http:\/\/www.cear.ufpb.br\/lenhs2\/wp-content\/uploads\/sites\/103\/sites\/153\/2025\/06\/micromedicao2009.jpg\" alt=\"\"><\/td><td>Micromedi\u00e7\u00e3o em Sistemas de Abastecimento de \u00c1gua (2009)<br><strong><a href=\"http:\/\/www.cear.ufpb.br\/lenhs2\/wp-content\/uploads\/sites\/103\/sites\/153\/2025\/06\/paginas_iniciais.pdf\" target=\"_blank\" rel=\"noreferrer noopener\">Pref\u00e1cio e Sum\u00e1rio<\/a><\/strong><br>Contato para Compra:\u00a0heberp@uol.com.br<\/td><\/tr><tr><td><img loading=\"lazy\" decoding=\"async\" width=\"80\" height=\"117\" class=\"wp-image-133\" style=\"width: 80px\" src=\"http:\/\/www.cear.ufpb.br\/lenhs2\/wp-content\/uploads\/sites\/103\/sites\/153\/2025\/06\/capa_macromedicao2009.png\" alt=\"\"><\/td><td>Macromedi\u00e7\u00e3o &#8211; DTA &#8211; Documento T\u00e9cnico de Apoio n\u00b0 D2. 3ra Edi\u00e7\u00e3o. Revisada e Ampliada (2009)<br><strong><a href=\"http:\/\/www.cear.ufpb.br\/lenhs2\/wp-content\/uploads\/sites\/103\/sites\/153\/2025\/06\/macromedicao.pdf\" target=\"_blank\" rel=\"noreferrer noopener\">Pref\u00e1cio e Sum\u00e1rio<\/a><\/strong><br>Contato para Compra:\u00a0heberp@uol.com.br<\/td><\/tr><tr><td><img loading=\"lazy\" decoding=\"async\" width=\"80\" height=\"114\" class=\"wp-image-134\" style=\"width: 80px\" src=\"http:\/\/www.cear.ufpb.br\/lenhs2\/wp-content\/uploads\/sites\/103\/sites\/153\/2025\/06\/capa_economia2009.jpg\" alt=\"\"><\/td><td>Efici\u00eancia Hidr\u00e1ulica e Energ\u00e9tica em Saneamento &#8211; An\u00e1lise Econ\u00f4mica de Projetos. 2da Edi\u00e7\u00e3o. Revisada e Ampliada (2009)<br><strong><a href=\"http:\/\/www.cear.ufpb.br\/lenhs2\/wp-content\/uploads\/sites\/103\/sites\/153\/2025\/06\/livro_EFICIENCIA-HIDRAULICA.pdf\" target=\"_blank\" rel=\"noreferrer noopener\">Sum\u00e1rio e Cap\u00edtulo 1<\/a><\/strong><br><strong><a href=\"http:\/\/www.cear.ufpb.br\/lenhs2\/wp-content\/uploads\/sites\/103\/sites\/153\/2025\/06\/exemplo_cap6.xls\" target=\"_blank\" rel=\"noreferrer noopener\">Exemplos<\/a><\/strong><br>Contato para Compra:\u00a0heberp@uol.com.br<\/td><\/tr><tr><td><img loading=\"lazy\" decoding=\"async\" width=\"80\" height=\"114\" class=\"wp-image-136\" style=\"width: 80px\" src=\"http:\/\/www.cear.ufpb.br\/lenhs2\/wp-content\/uploads\/sites\/103\/sites\/153\/2025\/06\/capa_dimen2009.jpg\" alt=\"\"><\/td><td>Sistemas de Abastecimento de \u00c1gua\u00a0 &#8211; Dimensionamento Econ\u00f4mico e Opera\u00e7\u00e3o de Redes e Elevat\u00f3rias &#8211; 3ra Edi\u00e7\u00e3o (2009)<br><strong><a href=\"http:\/\/www.cear.ufpb.br\/lenhs2\/wp-content\/uploads\/sites\/103\/sites\/153\/2025\/06\/sumario_dimen.pdf\" target=\"_blank\" rel=\"noreferrer noopener\">Sum\u00e1rio<\/a><\/strong><br>Contato para Compra:\u00a0heberp@uol.com.br<\/td><\/tr><tr><td><img loading=\"lazy\" decoding=\"async\" width=\"80\" height=\"118\" class=\"wp-image-135\" style=\"width: 80px\" src=\"http:\/\/www.cear.ufpb.br\/lenhs2\/wp-content\/uploads\/sites\/103\/sites\/153\/2025\/06\/capa_prosab2009.png\" alt=\"\"><\/td><td>Uso Racional de \u00c1gua e Energia &#8211; Conserva\u00e7\u00e3o de \u00c1gua e Energia em Sistemas Prediais e P\u00fablicos de Abastecimento de \u00c1gua (2009)<br>Livro Completo&nbsp;<\/td><\/tr><tr><td><img loading=\"lazy\" decoding=\"async\" width=\"80\" height=\"106\" class=\"wp-image-137\" style=\"width: 80px\" src=\"http:\/\/www.cear.ufpb.br\/lenhs2\/wp-content\/uploads\/sites\/103\/sites\/153\/2025\/06\/capa_abast2009.png\" alt=\"\"><\/td><td>Abastecimento de \u00c1gua &#8211; O Estado da Arte e T\u00e9cnicas Avan\u00e7adas (2007)<br><strong><a href=\"http:\/\/www.cear.ufpb.br\/lenhs2\/wp-content\/uploads\/sites\/103\/sites\/153\/2025\/06\/prefacio_abast.pdf\" target=\"_blank\" rel=\"noreferrer noopener\">Pref\u00e1cio<\/a><\/strong><br><strong><a href=\"http:\/\/www.cear.ufpb.br\/lenhs2\/wp-content\/uploads\/sites\/103\/sites\/153\/2025\/06\/sumario_abast.pdf\" target=\"_blank\" rel=\"noreferrer noopener\">Sum\u00e1rio<\/a><\/strong><br>Contato para Compra:\u00a0heberp@uol.com.br<\/td><\/tr><tr><td><img loading=\"lazy\" decoding=\"async\" width=\"80\" height=\"104\" class=\"wp-image-138\" style=\"width: 80px\" src=\"http:\/\/www.cear.ufpb.br\/lenhs2\/wp-content\/uploads\/sites\/103\/sites\/153\/2025\/06\/capa_agua.png\" alt=\"\"><\/td><td>\u00c1gua e Energia &#8211; Aproveitando as Oportunidades de Eficientiza\u00e7\u00e3o de \u00c1gua e Energia n\u00e3o Exploradas nos Sistemas de \u00c1gua Municipais<br><strong><a href=\"http:\/\/www.cear.ufpb.br\/lenhs2\/wp-content\/uploads\/sites\/103\/sites\/153\/2025\/06\/aguaeenergia-compactado.pdf\" target=\"_blank\" rel=\"noreferrer noopener\">Livro Completo<\/a><\/strong><\/td><\/tr><tr><td><img loading=\"lazy\" decoding=\"async\" width=\"80\" height=\"103\" class=\"wp-image-139\" style=\"width: 80px\" src=\"http:\/\/www.cear.ufpb.br\/lenhs2\/wp-content\/uploads\/sites\/103\/sites\/153\/2025\/06\/gerenciamento.png\" alt=\"\"><\/td><td>Gerenciamento de Perdas de \u00c1gua e Energia El\u00e9trica em Sistemas de Abastecimento &#8211; Guia do Profissional em Treinamento<br>Livro Completo<\/td><\/tr><\/tbody><\/table><\/figure>\n","protected":false},"excerpt":{"rendered":"<p>Abastecimento de \u00c1gua (2019)Pref\u00e1cio\u00a0e\u00a0Sum\u00e1rioExemplos do LivroContato para Compra:\u00a0heberp@uol.com.br\u00a0 Abastecimento de \u00c1gua \u2013 Informa\u00e7\u00e3o para Efici\u00eancia Hidroenerg\u00e9tica (2014)Livro Completo Avalia\u00e7\u00e3o Econ\u00f4mica &#8211; Efici\u00eancia Energ\u00e9tica (2014)Pref\u00e1cio\u00a0e\u00a0Folha de RostoContato para Compra:\u00a0heberp@uol.com.br Sistemas de Irriga\u00e7\u00e3o &#8211; Efici\u00eancia Energ\u00e9tica (2013)Pref\u00e1cio\u00a0e\u00a0Sum\u00e1rioContato para Compra:\u00a0heberp@uol.com.br Perdas de \u00c1gua &#8211; Tecnologias de Controle (2013)Primeiras p\u00e1ginasContato para Compra:\u00a0heberp@uol.com.br Manual do SWMM 5.0 Brasil &#8211; Modelo [&hellip;]<\/p>\n","protected":false},"author":47,"featured_media":0,"parent":36,"menu_order":0,"comment_status":"closed","ping_status":"closed","template":"","meta":{"footnotes":""},"class_list":["post-11","page","type-page","status-publish","hentry"],"_links":{"self":[{"href":"https:\/\/www.ct.ufpb.br\/lenhs\/wp-json\/wp\/v2\/pages\/11","targetHints":{"allow":["GET"]}}],"collection":[{"href":"https:\/\/www.ct.ufpb.br\/lenhs\/wp-json\/wp\/v2\/pages"}],"about":[{"href":"https:\/\/www.ct.ufpb.br\/lenhs\/wp-json\/wp\/v2\/types\/page"}],"author":[{"embeddable":true,"href":"https:\/\/www.ct.ufpb.br\/lenhs\/wp-json\/wp\/v2\/users\/47"}],"replies":[{"embeddable":true,"href":"https:\/\/www.ct.ufpb.br\/lenhs\/wp-json\/wp\/v2\/comments?post=11"}],"version-history":[{"count":25,"href":"https:\/\/www.ct.ufpb.br\/lenhs\/wp-json\/wp\/v2\/pages\/11\/revisions"}],"predecessor-version":[{"id":189,"href":"https:\/\/www.ct.ufpb.br\/lenhs\/wp-json\/wp\/v2\/pages\/11\/revisions\/189"}],"up":[{"embeddable":true,"href":"https:\/\/www.ct.ufpb.br\/lenhs\/wp-json\/wp\/v2\/pages\/36"}],"wp:attachment":[{"href":"https:\/\/www.ct.ufpb.br\/lenhs\/wp-json\/wp\/v2\/media?parent=11"}],"curies":[{"name":"wp","href":"https:\/\/api.w.org\/{rel}","templated":true}]}}