{"id":80,"date":"2025-04-29T21:13:01","date_gmt":"2025-04-30T00:13:01","guid":{"rendered":"https:\/\/www.ct.ufpb.br\/lba\/?page_id=80"},"modified":"2025-10-28T02:51:50","modified_gmt":"2025-10-28T05:51:50","slug":"agenda","status":"publish","type":"page","link":"https:\/\/www.ct.ufpb.br\/lba\/agenda\/","title":{"rendered":"Agenda, Reserva do Laborat\u00f3rio e Formul\u00e1rio de Utiliza\u00e7\u00e3o"},"content":{"rendered":"\n<p>Para reservar o laborat\u00f3rio para atividades de pesquisa e extens\u00e3o, clique no link abaixo, preencha todas as informa\u00e7\u00f5es solicitadas e no campo &#8220;Mensagem&#8221;, informe os seguintes dados: Nome completo do discente e orientador,&nbsp; Centro, Departamento ou Programa de P\u00f3s-gradua\u00e7\u00e3o que est\u00e1 vinculado, Data de Reserva, Atividade(s) que deseja realizar no LBA (ex: An\u00e1lise de pH), Equipamentos e Vidrarias requeridos, Tipo de trabalho (TCC, disserta\u00e7\u00e3o, tese,&#8230;) e T\u00edtulo do Trabalho de Pesquisa<\/p>\n\n\n\n<p><a href=\"https:\/\/atendimento.ct.ufpb.br\/index.php?category=84&amp;a=add\">Preencher formul\u00e1rio de reserva<\/a><\/p>\n\n\n\n<p>Preencher formul\u00e1rio de utiliza\u00e7\u00e3o de equipamentos do laborat\u00f3rio<\/p>\n\n\n\n<p><a href=\"https:\/\/docs.google.com\/forms\/d\/e\/1FAIpQLSe67Gbr3BHqz1l2l9uByIjlzfktgNxnBdtby7dxCbgrSq0DUQ\/viewform?usp=sharing&amp;ouid=115126054243465740053\">Preencher Formul\u00e1rio de Registro de Atividades do LBA<\/a><\/p>\n\n\n\n<p><\/p>\n\n\n\n<p><\/p>\n\n\n\n\n\n\n\n<p><a href=\"https:\/\/calendar.google.com\/calendar\/u\/0\/embed?src=lba.ufpb@gmail.com&amp;ctz=America\/Recife&amp;pli=1\">Laborat\u00f3rio de Bebidas Alco\u00f3licas &#8211; LBA<\/a><\/p>\n","protected":false},"excerpt":{"rendered":"<p>Para reservar o laborat\u00f3rio para atividades de pesquisa e extens\u00e3o, clique no link abaixo, preencha [&hellip;]<\/p>\n","protected":false},"author":47,"featured_media":0,"parent":0,"menu_order":0,"comment_status":"closed","ping_status":"closed","template":"","meta":{"footnotes":""},"class_list":["post-80","page","type-page","status-publish","hentry"],"_links":{"self":[{"href":"https:\/\/www.ct.ufpb.br\/lba\/wp-json\/wp\/v2\/pages\/80","targetHints":{"allow":["GET"]}}],"collection":[{"href":"https:\/\/www.ct.ufpb.br\/lba\/wp-json\/wp\/v2\/pages"}],"about":[{"href":"https:\/\/www.ct.ufpb.br\/lba\/wp-json\/wp\/v2\/types\/page"}],"author":[{"embeddable":true,"href":"https:\/\/www.ct.ufpb.br\/lba\/wp-json\/wp\/v2\/users\/47"}],"replies":[{"embeddable":true,"href":"https:\/\/www.ct.ufpb.br\/lba\/wp-json\/wp\/v2\/comments?post=80"}],"version-history":[{"count":23,"href":"https:\/\/www.ct.ufpb.br\/lba\/wp-json\/wp\/v2\/pages\/80\/revisions"}],"predecessor-version":[{"id":725,"href":"https:\/\/www.ct.ufpb.br\/lba\/wp-json\/wp\/v2\/pages\/80\/revisions\/725"}],"wp:attachment":[{"href":"https:\/\/www.ct.ufpb.br\/lba\/wp-json\/wp\/v2\/media?parent=80"}],"curies":[{"name":"wp","href":"https:\/\/api.w.org\/{rel}","templated":true}]}}