{"id":76,"date":"2025-04-29T21:10:50","date_gmt":"2025-04-30T00:10:50","guid":{"rendered":"https:\/\/www.ct.ufpb.br\/lba\/?page_id=76"},"modified":"2026-02-05T16:38:24","modified_gmt":"2026-02-05T19:38:24","slug":"artigos-cientificos-publicados-em-periodicos","status":"publish","type":"page","link":"https:\/\/www.ct.ufpb.br\/lba\/artigos-cientificos-publicados-em-periodicos\/","title":{"rendered":"Artigos Cient\u00edficos Publicados em Peri\u00f3dicos"},"content":{"rendered":"\n<p><a href=\"https:\/\/www.ufpb.br\/lba\/contents\/arquivos\/artigos\/artigo-desenvolvimento-e-caracterizacao-de-fermentado-acetico-de-sapoti-manilkara-zapota.pdf\"><strong>Desenvolvimento e caracteriza\u00e7\u00e3o de fermentado ac\u00e9tico de sapoti\u00a0<\/strong><\/a><\/p>\n\n\n\n<p class=\"has-small-font-size\">OLIVEIRA, MARIA CEC\u00cdLIA SOARES CORREIA DE ; SILVA, CL\u00d3VIS GOUVEIA DA ; SILVA, MARIA CONCEI\u00c7\u00c3O RAMOS DA SOLEDADE BEZERRA ; RIBEIRO, JOS\u00c9 EVANGELISTA SANTOS ; SILVA, NATHAN DE ANDRADE ; SANTOS, LAIZA DE ANDRADE; SOUSA, CARLOS ALBERTO BISPO DE;\u00a0<strong>Lopes, Julice Dutra<\/strong>. Desenvolvimento e caracteriza\u00e7\u00e3o de fermentado ac\u00e9tico de sapoti (Manilkara zapota). OBSERVATORIO DE LA ECONOM\u00cdA LATINOAMERICANA, v. 22, p. e7938, 2024.<\/p>\n\n\n\n<p><\/p>\n","protected":false},"excerpt":{"rendered":"<p>Desenvolvimento e caracteriza\u00e7\u00e3o de fermentado ac\u00e9tico de sapoti\u00a0 OLIVEIRA, MARIA CEC\u00cdLIA SOARES CORREIA DE ; [&hellip;]<\/p>\n","protected":false},"author":47,"featured_media":0,"parent":0,"menu_order":0,"comment_status":"closed","ping_status":"closed","template":"","meta":{"footnotes":""},"class_list":["post-76","page","type-page","status-publish","hentry"],"_links":{"self":[{"href":"https:\/\/www.ct.ufpb.br\/lba\/wp-json\/wp\/v2\/pages\/76","targetHints":{"allow":["GET"]}}],"collection":[{"href":"https:\/\/www.ct.ufpb.br\/lba\/wp-json\/wp\/v2\/pages"}],"about":[{"href":"https:\/\/www.ct.ufpb.br\/lba\/wp-json\/wp\/v2\/types\/page"}],"author":[{"embeddable":true,"href":"https:\/\/www.ct.ufpb.br\/lba\/wp-json\/wp\/v2\/users\/47"}],"replies":[{"embeddable":true,"href":"https:\/\/www.ct.ufpb.br\/lba\/wp-json\/wp\/v2\/comments?post=76"}],"version-history":[{"count":8,"href":"https:\/\/www.ct.ufpb.br\/lba\/wp-json\/wp\/v2\/pages\/76\/revisions"}],"predecessor-version":[{"id":588,"href":"https:\/\/www.ct.ufpb.br\/lba\/wp-json\/wp\/v2\/pages\/76\/revisions\/588"}],"wp:attachment":[{"href":"https:\/\/www.ct.ufpb.br\/lba\/wp-json\/wp\/v2\/media?parent=76"}],"curies":[{"name":"wp","href":"https:\/\/api.w.org\/{rel}","templated":true}]}}