{"id":70,"date":"2025-04-29T21:09:45","date_gmt":"2025-04-30T00:09:45","guid":{"rendered":"https:\/\/www.ct.ufpb.br\/lba\/?page_id=70"},"modified":"2025-07-04T13:31:11","modified_gmt":"2025-07-04T16:31:11","slug":"trabalhos-de-conclusao-de-curso","status":"publish","type":"page","link":"https:\/\/www.ct.ufpb.br\/lba\/trabalhos-de-conclusao-de-curso\/","title":{"rendered":"Trabalhos de Conclus\u00e3o de Curso"},"content":{"rendered":"\n<ul class=\"wp-block-list\">\n<li><a href=\"https:\/\/www.ufpb.br\/lba\/contents\/arquivos\/trabalhos-de-conclusao-de-cursos\/avaliacao-cinetica-da-fermentacao-alcoolica-de-mel-industrial-como-substrato-na-producao-de-hidromel-tammyrys-maria-o-dantas-2016.pdf\">Avalia\u00e7\u00e3o Cin\u00e9tica da Fermenta\u00e7\u00e3o Alco\u00f3lica de M\u00e9is&nbsp;Industriais como Substrato na Produ\u00e7\u00e3o de Hidrom\u00e9is<\/a><br>DANTAS, Tammyrys Maria de Oliveira.&nbsp;<strong>AVALIA\u00c7\u00c3O CIN\u00c9TICA DA FERMENTA\u00c7\u00c3O ALCO\u00d3LICA DE M\u00c9IS INDUSTRIAIS COMO SUBSTRATO NA PRODU\u00c7\u00c3O DE HIDROM\u00c9IS.&nbsp;<\/strong>2016. 67 p. TCC (Gradua\u00e7\u00e3o) \u2013 Curso de Engenharia de Alimentos, Departamento de Engenharia de Alimentos, Universidade Federal da Para\u00edba, Jo\u00e3o Pessoa, 2016.<\/li>\n<\/ul>\n\n\n\n<ul class=\"wp-block-list\">\n<li><a href=\"https:\/\/www.ufpb.br\/lba\/contents\/arquivos\/trabalhos-de-conclusao-de-cursos\/cinetica-da-fermentacao-de-mel-durante-a-producao-de-hidromel-de-tres-diferentes-floradas-julia-ferreira-da-costa-2016.pdf\" data-type=\"link\" data-id=\"https:\/\/www.ufpb.br\/lba\/contents\/arquivos\/trabalhos-de-conclusao-de-cursos\/cinetica-da-fermentacao-de-mel-durante-a-producao-de-hidromel-de-tres-diferentes-floradas-julia-ferreira-da-costa-2016.pdf\">Cin\u00e9tica da Fermenta\u00e7\u00e3o de Mel Durante a Produ\u00e7\u00e3o de Hidromel de Tr\u00eas Diferentes Floradas<\/a><br>SILVA, J\u00falia Ferreira da.&nbsp;<strong>Cin\u00e9tica da Fermenta\u00e7\u00e3o de Mel Durante a Produ\u00e7\u00e3o de Hidromel de Tr\u00eas Diferentes Floradas.&nbsp;<\/strong>2016. 49 p. TCC (Gradua\u00e7\u00e3o) \u2013 Curso de Engenharia de Alimentos, Departamento de Engenharia de Alimentos, Universidade Federal da Para\u00edba, J\u00falia Ferreira da Silva, 2016.<\/li>\n\n\n\n<li><a href=\"https:\/\/www.ufpb.br\/lba\/contents\/arquivos\/trabalhos-de-conclusao-de-cursos\/tcc-thalita-pereira-vieira.pdf\">Potencial agron\u00f4mico e tecnol\u00f3gico da esp\u00e9cie Manilkara zapota: revis\u00e3o&nbsp; bibliogr\u00e1fica<\/a><br>Thalita Pereira Vieira na atividade.&nbsp;<strong>Potencial agron\u00f4mico e tecnol\u00f3gico da esp\u00e9cie Manilkara zapota: revis\u00e3o bibliogr\u00e1fica<\/strong>. 2020. Trabalho de Conclus\u00e3o de Curso. (Gradua\u00e7\u00e3o em Qu\u00edmica Industrial) \u2013 Universidade Federal da Para\u00edba. Orientador: Julice Dutra Lopes.<\/li>\n\n\n\n<li><a href=\"https:\/\/www.ufpb.br\/lba\/contents\/arquivos\/trabalhos-de-conclusao-de-cursos\/tcc-mirele-kaline-de-lima-pereira.pdf\">Qualidade f\u00edsico-qu\u00edmica e microbiol\u00f3gica de m\u00e9is de abelha Apis mellifera produzidos no estado da Para\u00edba<\/a><br>Mirele Kaline de Lima Pereira.&nbsp;<strong>Qualidade f\u00edsico-qu\u00edmica e microbiol\u00f3gica de m\u00e9is de abelha Apis mellifera produzidos no estado da Para\u00edba: uma revis\u00e3o<\/strong>. 2020. Trabalho de Conclus\u00e3o de Curso. (Gradua\u00e7\u00e3o em Qu\u00edmica Industrial) \u2013 Universidade Federal da Para\u00edba. Orientador: Julice Dutra Lopes.<\/li>\n\n\n\n<li><a href=\"https:\/\/www.ufpb.br\/lba\/contents\/arquivos\/trabalhos-de-conclusao-de-cursos\/tcc-zildomar-aranha-de-carvalho-filho.pdf\">Contribui\u00e7\u00e3o do laborat\u00f3rio piloto de qu\u00edmica industrial (LAPQ) para o enfrentamento da pandemia da Covid-19. 2021<\/a><br>Zildomar Aranha de Carvalho Filho.&nbsp;<strong>Contribui\u00e7\u00e3o do laborat\u00f3rio piloto de qu\u00edmica industrial (LAPQ) para o enfrentamento da pandemia da Covid-19. 2021<\/strong>. Trabalho de Conclus\u00e3o de Curso. (Gradua\u00e7\u00e3o em Qu\u00edmica Industrial) \u2013 Universidade Federal da Para\u00edba. Orientador: Julice Dutra Lopes.<\/li>\n\n\n\n<li><a href=\"https:\/\/www.ufpb.br\/lba\/contents\/arquivos\/trabalhos-de-conclusao-de-cursos\/tcc-paloma-versao-final-assinado.pdf\">Farinha de casca de jabuticaba na formula\u00e7\u00e3o de produtos aliment\u00edcios: uma revis\u00e3o bibliogr\u00e1fica<\/a><br>Paloma Almeida Paulo da Silva.&nbsp;<strong>Farinha de casca de jabuticaba na formula\u00e7\u00e3o de produtos aliment\u00edcios: uma revis\u00e3o bibliogr\u00e1fica.<\/strong>&nbsp;2021. Trabalho de Conclus\u00e3o de Curso. (Gradua\u00e7\u00e3o em Qu\u00edmica Industrial) \u2013 Universidade Federal da Para\u00edba. Orientador: Julice Dutra Lopes.<\/li>\n\n\n\n<li><a href=\"https:\/\/www.ufpb.br\/lba\/contents\/arquivos\/trabalhos-de-conclusao-de-cursos\/tcc_thiago_quimica_industrial_versao_final_ficha_catalografica.pdf\">A ind\u00fastria de Cannabis&nbsp; &nbsp; medicinal (Cannabis sativa&nbsp; L.): uma revis\u00e3o<\/a><br>Thiago Oliveira Pereira.&nbsp;<strong>A ind\u00fastria de Cannabis medicinal (Cannabis sativa L.)<\/strong>: uma revis\u00e3o. 2022. Trabalho de Conclus\u00e3o de Curso. (Gradua\u00e7\u00e3o em Qu\u00edmica Industrial) \u2013 Universidade Federal da Para\u00edba. Orientador: Julice Dutra Lopes.<\/li>\n<\/ul>\n\n\n\n<ul class=\"wp-block-list\">\n<li>Produ\u00e7\u00e3o de aguardente de&nbsp; &nbsp;sapoti: estudo cin\u00e9tico e caracteriza\u00e7\u00e3o fisico-qu\u00edmica<br>Matheus \u00cdtalo Ferreira Neves. P<strong>rodu\u00e7\u00e3o de aguardente de sapoti: estudo cin\u00e9tico e caracteriza\u00e7\u00e3o fisico-qu\u00edmica<\/strong>. 2023. Trabalho de Conclus\u00e3o de Curso. (Gradua\u00e7\u00e3o em Engenharia Qu\u00edmica) \u2013 Universidade Federal da Para\u00edba. Orientador: Julice Dutra Lopes.<\/li>\n<\/ul>\n\n\n\n<ul class=\"wp-block-list\"><\/ul>\n\n\n\n<p><\/p>\n","protected":false},"excerpt":{"rendered":"","protected":false},"author":47,"featured_media":0,"parent":0,"menu_order":0,"comment_status":"closed","ping_status":"closed","template":"","meta":{"footnotes":""},"class_list":["post-70","page","type-page","status-publish","hentry"],"_links":{"self":[{"href":"https:\/\/www.ct.ufpb.br\/lba\/wp-json\/wp\/v2\/pages\/70","targetHints":{"allow":["GET"]}}],"collection":[{"href":"https:\/\/www.ct.ufpb.br\/lba\/wp-json\/wp\/v2\/pages"}],"about":[{"href":"https:\/\/www.ct.ufpb.br\/lba\/wp-json\/wp\/v2\/types\/page"}],"author":[{"embeddable":true,"href":"https:\/\/www.ct.ufpb.br\/lba\/wp-json\/wp\/v2\/users\/47"}],"replies":[{"embeddable":true,"href":"https:\/\/www.ct.ufpb.br\/lba\/wp-json\/wp\/v2\/comments?post=70"}],"version-history":[{"count":5,"href":"https:\/\/www.ct.ufpb.br\/lba\/wp-json\/wp\/v2\/pages\/70\/revisions"}],"predecessor-version":[{"id":372,"href":"https:\/\/www.ct.ufpb.br\/lba\/wp-json\/wp\/v2\/pages\/70\/revisions\/372"}],"wp:attachment":[{"href":"https:\/\/www.ct.ufpb.br\/lba\/wp-json\/wp\/v2\/media?parent=70"}],"curies":[{"name":"wp","href":"https:\/\/api.w.org\/{rel}","templated":true}]}}