{"id":68,"date":"2025-04-29T21:09:20","date_gmt":"2025-04-30T00:09:20","guid":{"rendered":"https:\/\/www.ct.ufpb.br\/lba\/?page_id=68"},"modified":"2025-07-04T13:28:55","modified_gmt":"2025-07-04T16:28:55","slug":"dissertacoes","status":"publish","type":"page","link":"https:\/\/www.ct.ufpb.br\/lba\/dissertacoes\/","title":{"rendered":"Disserta\u00e7\u00f5es"},"content":{"rendered":"\n<p><\/p>\n\n\n\n<ul class=\"wp-block-list\">\n<li><a href=\"http:\/\/plone.ufpb.br\/lba\/contents\/arquivos\/teses\/clovis-certo-1.pdf\">DESENVOLVIMENTO DE UM SISTEMA MICRO-INDUSRIAL PARA OBTEN\u00c7\u00c3O DE AGUARDENTE BIDESTILADA DE ALGAROBA (PROSOPIS JULIFORA (SW.) ) <\/a>  SILVA, Cl\u00f3vis Gouveia da.Desenvolvimento de um Sistema Micro-Indusrial para Obten\u00e7\u00e3o de Aguardente Bidestilada de Algaroba (prosopis julifora (sw.) ) Naturais, Universidade Federal de Campina Grande, Campina Grande, 2002<\/li>\n\n\n\n<li><a href=\"http:\/\/plone.ufpb.br\/lba\/contents\/arquivos\/dissertacoes\/dissertacao-andressaclaudiadasilvasantanacavalcante_dissert.pdf\">DESENVOLVIMENTO DE UMA BEBIDA ALCO\u00d3LICA FERMENTADA GASEIFICADA DO FRUTO DO SAPOTIZEIRO (MANILKARA ZAPOTA L.)      <\/a>                              Andressa Cl\u00e1udia da Silva Santana. Desenvolvimento de uma bebida alco\u00f3lica fermentada gaseificada do fruto do sapotizeiro (Manilkara zapota L.). 2020. Disserta\u00e7\u00e3o (Mestrado em Programa de P\u00f3s Gradua\u00e7\u00e3o em Engenharia Qu\u00edmica) \u2013 Universidade Federal da Para\u00edba. Orientador: Julice Dutra Lopes.<\/li>\n<\/ul>\n\n\n\n<ul class=\"wp-block-list\">\n<li><a href=\"http:\/\/plone.ufpb.br\/lba\/contents\/arquivos\/dissertacoes\/dissertacoes\/deslomar.pdf\">ESTUDO DA OBTEN\u00c7\u00c3O IN\u00c9DITA DE ETANOL ANIDRO DA ALGAROBA PARA INOVADORA APLICA\u00c7\u00c3O NA PRODU\u00c7\u00c3O DE BIODIESEL      <\/a>       ALBUQUERQUE, Deslomar da Silva .Estudo da Obten\u00e7\u00e3o In\u00e9dita de Etanol Anidro da Algaroba para Inovadora Aplica\u00e7\u00e3o na Produ\u00e7\u00e3o de Biodiesel.2022. Disserta\u00e7\u00e3o. Universidade Federal da Para\u00edba. Jo\u00e3o Pessoa. 2022 <\/li>\n<\/ul>\n\n\n\n<ul class=\"wp-block-list\"><\/ul>\n\n\n\n<ul class=\"wp-block-list\"><\/ul>\n\n\n\n<p><\/p>\n","protected":false},"excerpt":{"rendered":"","protected":false},"author":47,"featured_media":0,"parent":0,"menu_order":0,"comment_status":"closed","ping_status":"closed","template":"","meta":{"footnotes":""},"class_list":["post-68","page","type-page","status-publish","hentry"],"_links":{"self":[{"href":"https:\/\/www.ct.ufpb.br\/lba\/wp-json\/wp\/v2\/pages\/68","targetHints":{"allow":["GET"]}}],"collection":[{"href":"https:\/\/www.ct.ufpb.br\/lba\/wp-json\/wp\/v2\/pages"}],"about":[{"href":"https:\/\/www.ct.ufpb.br\/lba\/wp-json\/wp\/v2\/types\/page"}],"author":[{"embeddable":true,"href":"https:\/\/www.ct.ufpb.br\/lba\/wp-json\/wp\/v2\/users\/47"}],"replies":[{"embeddable":true,"href":"https:\/\/www.ct.ufpb.br\/lba\/wp-json\/wp\/v2\/comments?post=68"}],"version-history":[{"count":5,"href":"https:\/\/www.ct.ufpb.br\/lba\/wp-json\/wp\/v2\/pages\/68\/revisions"}],"predecessor-version":[{"id":370,"href":"https:\/\/www.ct.ufpb.br\/lba\/wp-json\/wp\/v2\/pages\/68\/revisions\/370"}],"wp:attachment":[{"href":"https:\/\/www.ct.ufpb.br\/lba\/wp-json\/wp\/v2\/media?parent=68"}],"curies":[{"name":"wp","href":"https:\/\/api.w.org\/{rel}","templated":true}]}}