{"id":66,"date":"2025-04-29T21:09:04","date_gmt":"2025-04-30T00:09:04","guid":{"rendered":"https:\/\/www.ct.ufpb.br\/lba\/?page_id=66"},"modified":"2025-07-04T13:30:02","modified_gmt":"2025-07-04T16:30:02","slug":"teses","status":"publish","type":"page","link":"https:\/\/www.ct.ufpb.br\/lba\/teses\/","title":{"rendered":"Teses"},"content":{"rendered":"\n<p><\/p>\n\n\n\n<ul class=\"wp-block-list\">\n<li><a href=\"https:\/\/www.ufpb.br\/lba\/contents\/arquivos\/teses\/tese-de-clovis.pdf\">Otimiza\u00e7\u00e3o do Processo de Produ\u00e7\u00e3o da Aguardente de Algaroba e Aproveitamento dos Res\u00edduos S\u00f3lidos em Produtos Alimentares<\/a><br>SILVA, Cl\u00f3vis Gouveia da. OTIMIZA\u00c7\u00c3O DO PROCESSO DE PRODU\u00c7\u00c3O DA AGUARDENTE DE ALGAROBA E APROVEITAMENTO DOS RES\u00cdDUOS S\u00d3LIDOS EM PRODUTOS ALIMENTARES. 2009. 232 f. Tese (Doutorado) &#8211; Curso de Engenharia de Processos, Universidade Federal de Campina Grande, Campina Grande, 2009.<\/li>\n\n\n\n<li><a href=\"https:\/\/bdtd.ufcg.edu.br\/jspui\/bitstream\/riufcg\/2075\/3\/MARCELO%20BARBOSA%20MUNIZ%20-%20TESE%20%28PPGEP%29%202009.pdf\">PROCESSAMENTO DAS VAGENS DE ALGAROBA (Prosopis juliflora)<br>PARA PRODU\u00c7\u00c3O DE BIOPRODUTOS<br><\/a>Campina Grande \u2013 Para\u00edba<br>MUNIZ, Marcelo Barbosa. Processamento das vagens de algaroba (Prosopolis juliflora) para<br>produ\u00e7\u00e3o de bioprodutos. Marcelo Barbosa Muniz &#8211; Campina<br>Grande 2009<\/li>\n<\/ul>\n\n\n\n<ul class=\"wp-block-list\">\n<li><a href=\"https:\/\/www.ufpb.br\/lba\/contents\/arquivos\/teses\/discurso-e-contra-discurso-1.pdf\" data-type=\"link\" data-id=\"https:\/\/www.ufpb.br\/lba\/contents\/arquivos\/teses\/discurso-e-contra-discurso-1.pdf\">Os Discursos e Contra-discursos Sobre a Algarobeira (Prosopis sp) no Cariri Paraibano<\/a><br>FRANCO, Euler Soares. OS DISCURSOS E CONTRA-DISCURSOS SOBRE A ALGAROBEIRA (Prosopis sp) NO CARIRI PARAIBANO. 2008. 112 f. Tese (Doutorado) &#8211; Curso de Recursos Naturais, Universidade Federal de Campina Grande, Campina Grande, 2009.<\/li>\n\n\n\n<li><a href=\"https:\/\/www.ufpb.br\/lba\/contents\/arquivos\/teses\/hermeval-jales-dantas-2013-tese-ppgep-cct-2013.pdf\">Aguardente Bidestilada de Algaroba Envelhecida em Barris de Diferentes Madeiras<\/a><br>DANTAS, Hemerval Jales . AGUARDENTE BIDESTILADA DE ALGAROBA ENVELHECIDA EM BARRIS DE DIFERENTES MADEIRAS. 2013 Tese (Doutorado) &#8211; Curso de Engenharia de Processos, Universidade Federal de Campina Grande, Campina Grande, 2013<\/li>\n<\/ul>\n\n\n\n<p><\/p>\n\n\n\n<ul class=\"wp-block-list\"><\/ul>\n\n\n\n<p><\/p>\n","protected":false},"excerpt":{"rendered":"","protected":false},"author":47,"featured_media":0,"parent":0,"menu_order":0,"comment_status":"closed","ping_status":"closed","template":"","meta":{"footnotes":""},"class_list":["post-66","page","type-page","status-publish","hentry"],"_links":{"self":[{"href":"https:\/\/www.ct.ufpb.br\/lba\/wp-json\/wp\/v2\/pages\/66","targetHints":{"allow":["GET"]}}],"collection":[{"href":"https:\/\/www.ct.ufpb.br\/lba\/wp-json\/wp\/v2\/pages"}],"about":[{"href":"https:\/\/www.ct.ufpb.br\/lba\/wp-json\/wp\/v2\/types\/page"}],"author":[{"embeddable":true,"href":"https:\/\/www.ct.ufpb.br\/lba\/wp-json\/wp\/v2\/users\/47"}],"replies":[{"embeddable":true,"href":"https:\/\/www.ct.ufpb.br\/lba\/wp-json\/wp\/v2\/comments?post=66"}],"version-history":[{"count":6,"href":"https:\/\/www.ct.ufpb.br\/lba\/wp-json\/wp\/v2\/pages\/66\/revisions"}],"predecessor-version":[{"id":371,"href":"https:\/\/www.ct.ufpb.br\/lba\/wp-json\/wp\/v2\/pages\/66\/revisions\/371"}],"wp:attachment":[{"href":"https:\/\/www.ct.ufpb.br\/lba\/wp-json\/wp\/v2\/media?parent=66"}],"curies":[{"name":"wp","href":"https:\/\/api.w.org\/{rel}","templated":true}]}}