{"id":44,"date":"2025-04-29T20:32:15","date_gmt":"2025-04-29T23:32:15","guid":{"rendered":"https:\/\/www.ct.ufpb.br\/lba\/?page_id=44"},"modified":"2025-05-02T15:57:00","modified_gmt":"2025-05-02T18:57:00","slug":"tecnologia-cosmetica","status":"publish","type":"page","link":"https:\/\/www.ct.ufpb.br\/lba\/tecnologia-cosmetica\/","title":{"rendered":"Tecnologia Cosm\u00e9tica"},"content":{"rendered":"\n<p><strong>Curso: Qu\u00edmica Industrial e Engenharia Qu\u00edmica &#8211; Profa: Mel\u00e2nia Corn\u00e9lio<\/strong><\/p>\n\n\n\n<h2 class=\"wp-block-heading\"><div class=\"linha-header\">Aula Pr\u00e1tica: Desenvolvimento de Formula\u00e7\u00f5es &#8211; Perfumes<\/div><\/h2>\n\n\n\n<figure class=\"wp-block-image size-full is-resized\"><img loading=\"lazy\" decoding=\"async\" width=\"400\" height=\"236\" src=\"https:\/\/www.ct.ufpb.br\/lba\/wp-content\/uploads\/sites\/107\/sites\/298\/2025\/05\/baee95ef-2632-43bd-a6cd-ba8078414b05.jpeg\" alt=\"\" class=\"wp-image-157\" style=\"width:740px;height:auto\" srcset=\"https:\/\/www.ct.ufpb.br\/lba\/wp-content\/uploads\/sites\/107\/sites\/298\/2025\/05\/baee95ef-2632-43bd-a6cd-ba8078414b05.jpeg 400w, https:\/\/www.ct.ufpb.br\/lba\/wp-content\/uploads\/sites\/107\/sites\/298\/2025\/05\/baee95ef-2632-43bd-a6cd-ba8078414b05-300x177.jpeg 300w\" sizes=\"auto, (max-width: 400px) 100vw, 400px\" \/><\/figure>\n\n\n\n<p><\/p>\n\n\n\n<p>A magia do perfume est\u00e1 na necessidade de acrescentarmos algo a mais no nosso dia-a-dia. Estar perfumado, \u00e9 marcar presen\u00e7a, ser reconhecido, lembrado..<\/p>\n\n\n\n<h2 class=\"wp-block-heading\"><div class=\"linha-header\"><strong>Estar perfumado, \u00e9 marcar presen\u00e7a, ser reconhecido, lembrado<\/strong><\/div><\/h2>\n\n\n\n<p><br>A magia do perfume est\u00e1 na necessidade de acrescentarmos algo a mais no nosso dia-a-dia. Estar perfumado, \u00e9 marcar presen\u00e7a, ser reconhecido, lembrado. \u00c9 criar uma nova emo\u00e7\u00e3o a cada dia e despertar o prazer atrav\u00e9s dos sentidos. Por esse motivo perfumar-se se tornou um gesto quase indispens\u00e1vel. . As origens da perfumaria remota h\u00e1 milh\u00f5es de anos. A palavra perfume vem do latim &#8221; Per Fumum&#8221; , ou seja, aquilo que se dissipa atrav\u00e9s da fuma\u00e7a. A cria\u00e7\u00e3o de um perfume \u00e9 baseada em conhecimentos t\u00e9cnicos, est\u00e9ticos e culturais. O perfume, \u00e9 uma composi\u00e7\u00e3o harmoniosa de diversas mat\u00e9rias-primas naturais e sint\u00e9ticas. Cada mat\u00e9ria-prima possui um ponto de evapora\u00e7\u00e3o espec\u00edfico. Algumas desaparecem em pouco minutos, outras permanecem por algumas horas e outras podem durar por um ou mais dias. A aula pr\u00e1tica proporcionou aos alunos desenvolverem perfumes com diversos perfis olfativos.<\/p>\n\n\n\n<h2 class=\"wp-block-heading\"><div class=\"linha-header\">Aula Pr\u00e1tica: Sabonete L\u00edquido<\/div><\/h2>\n\n\n\n<p>Os sabonetes l\u00edquidos s\u00e3o prepara\u00e7\u00f5es destinadas a limpeza da pela e s\u00e3o suaves cuidando da pele trazendo limpeza e hidrata\u00e7\u00e3o. S\u00e3o obtidos a partir de v\u00e1rios tipos de tensoativos que promovem uma espuma cremosa e sua. Os alunos aplicam os conhecimentos te\u00f3ricos na obten\u00e7\u00e3o do sabonete l\u00edquido atrav\u00e9s das formula\u00e7\u00f5es desenvolvidas no laborat\u00f3rio.<\/p>\n\n\n\n<h2 class=\"wp-block-heading\"><div class=\"linha-header\">Aula Pr\u00e1tica: obten\u00e7\u00e3o de sabonete a partir de \u00f3leo vegetal<\/div><\/h2>\n\n\n\n<figure class=\"wp-block-image size-full is-resized\"><img loading=\"lazy\" decoding=\"async\" width=\"400\" height=\"300\" src=\"https:\/\/www.ct.ufpb.br\/lba\/wp-content\/uploads\/sites\/107\/sites\/298\/2025\/05\/40fb0240-0b30-403c-a04d-c48c46ed3f07.jpeg\" alt=\"\" class=\"wp-image-158\" style=\"width:740px;height:auto\" srcset=\"https:\/\/www.ct.ufpb.br\/lba\/wp-content\/uploads\/sites\/107\/sites\/298\/2025\/05\/40fb0240-0b30-403c-a04d-c48c46ed3f07.jpeg 400w, https:\/\/www.ct.ufpb.br\/lba\/wp-content\/uploads\/sites\/107\/sites\/298\/2025\/05\/40fb0240-0b30-403c-a04d-c48c46ed3f07-300x225.jpeg 300w\" sizes=\"auto, (max-width: 400px) 100vw, 400px\" \/><\/figure>\n\n\n\n<p>Os sabonetes s\u00e3o prepara\u00e7\u00f5es cosm\u00e9ticas que tem a fun\u00e7\u00e3o de limpeza e higiene corporal e s\u00e3o Os sabonetes s\u00e3o prepara\u00e7\u00f5es cosm\u00e9ticas que tem a fun\u00e7\u00e3o de limpeza e higiene corporal e s\u00e3o indispens\u00e1veis ao nosso dia-dia. Os discentes tiveram a oportunidade de produzirem o sabonete a partir da rea\u00e7\u00e3o de saponifica\u00e7\u00e3o assim aprofundando os seus conhecimentos em qu\u00edmica aplicada e obtendo um excelente sabonete.<\/p>\n","protected":false},"excerpt":{"rendered":"<p>Curso: Qu\u00edmica Industrial e Engenharia Qu\u00edmica &#8211; Profa: Mel\u00e2nia Corn\u00e9lio Aula Pr\u00e1tica: Desenvolvimento de Formula\u00e7\u00f5es [&hellip;]<\/p>\n","protected":false},"author":47,"featured_media":0,"parent":0,"menu_order":0,"comment_status":"closed","ping_status":"closed","template":"","meta":{"footnotes":""},"class_list":["post-44","page","type-page","status-publish","hentry"],"_links":{"self":[{"href":"https:\/\/www.ct.ufpb.br\/lba\/wp-json\/wp\/v2\/pages\/44","targetHints":{"allow":["GET"]}}],"collection":[{"href":"https:\/\/www.ct.ufpb.br\/lba\/wp-json\/wp\/v2\/pages"}],"about":[{"href":"https:\/\/www.ct.ufpb.br\/lba\/wp-json\/wp\/v2\/types\/page"}],"author":[{"embeddable":true,"href":"https:\/\/www.ct.ufpb.br\/lba\/wp-json\/wp\/v2\/users\/47"}],"replies":[{"embeddable":true,"href":"https:\/\/www.ct.ufpb.br\/lba\/wp-json\/wp\/v2\/comments?post=44"}],"version-history":[{"count":3,"href":"https:\/\/www.ct.ufpb.br\/lba\/wp-json\/wp\/v2\/pages\/44\/revisions"}],"predecessor-version":[{"id":159,"href":"https:\/\/www.ct.ufpb.br\/lba\/wp-json\/wp\/v2\/pages\/44\/revisions\/159"}],"wp:attachment":[{"href":"https:\/\/www.ct.ufpb.br\/lba\/wp-json\/wp\/v2\/media?parent=44"}],"curies":[{"name":"wp","href":"https:\/\/api.w.org\/{rel}","templated":true}]}}