{"id":40,"date":"2025-04-29T20:30:44","date_gmt":"2025-04-29T23:30:44","guid":{"rendered":"https:\/\/www.ct.ufpb.br\/lba\/?page_id=40"},"modified":"2025-05-02T15:52:42","modified_gmt":"2025-05-02T18:52:42","slug":"engenharia-bioquimica","status":"publish","type":"page","link":"https:\/\/www.ct.ufpb.br\/lba\/engenharia-bioquimica\/","title":{"rendered":"Engenharia Bioqu\u00edmica"},"content":{"rendered":"\n<p>Curso: Engenharia de Alimentos &#8211; Prof.: Marcelo Barbosa Muniz<\/p>\n\n\n\n<h2 class=\"wp-block-heading\"><div class=\"linha-header\">Aula pr\u00e1tica: Contagem celular por m\u00e9todo direto usando c\u00e2mara de Neubauer.<\/div><\/h2>\n\n\n\n<p><br>A c\u00e2mara de contagem, tamb\u00e9m conhecida como c\u00e2mara de Neubauer, Funchs Rosenthal ou ainda hemacit\u00f4metro, foi desenvolvida originalmente para determinar a concentra\u00e7\u00e3o de c\u00e9lulas sangu\u00edneas. hoje mant\u00e9m o mesmo objetivo, determinar o n\u00famero de c\u00e9lulas em um volume espec\u00edfico de solu\u00e7\u00e3o, por\u00e9m tornou-se mais abrangente e possui v\u00e1rias aplica\u00e7\u00f5es biol\u00f3gicas. Al\u00e9m de c\u00e9lulas sangu\u00edneas \u00e9 utilizada ainda em microbiologia, contagem de c\u00e9lulas suspensas, espermatoz\u00f3ides, urin\u00e1lise, entre outros.<\/p>\n\n\n\n<figure class=\"wp-block-image\"><img decoding=\"async\" src=\"http:\/\/plone.ufpb.br\/lba\/contents\/imagens\/aulas-2\/whatsapp-image-2019-03-19-at-16-07-04-1.jpeg\/@@images\/8488955e-41b9-4ae3-b634-242386f238dc.jpeg\" alt=\"Engenharia Bioqu\u00edmica 2018.2 5\" title=\"Engenharia Bioqu\u00edmica 2018.2 5\"\/><\/figure>\n\n\n\n<p>As c\u00e2maras de contagem s\u00e3o dispositivos que consistem geralmente em uma l\u00e2mina grossa de uso microsc\u00f3pio com uma profundidade espec\u00edfica para o dep\u00f3sito da amostra.&nbsp;Como h\u00e1 padroniza\u00e7\u00e3o destes quadrantes \u00e9 poss\u00edvel visualizar a amostra ao microsc\u00f3pio e assim realizar a contagem determinando o n\u00famero de c\u00e9lulas presentes naquela determinada \u00e1rea.<\/p>\n","protected":false},"excerpt":{"rendered":"<p>Curso: Engenharia de Alimentos &#8211; Prof.: Marcelo Barbosa Muniz Aula pr\u00e1tica: Contagem celular por m\u00e9todo [&hellip;]<\/p>\n","protected":false},"author":47,"featured_media":0,"parent":0,"menu_order":0,"comment_status":"closed","ping_status":"closed","template":"","meta":{"footnotes":""},"class_list":["post-40","page","type-page","status-publish","hentry"],"_links":{"self":[{"href":"https:\/\/www.ct.ufpb.br\/lba\/wp-json\/wp\/v2\/pages\/40","targetHints":{"allow":["GET"]}}],"collection":[{"href":"https:\/\/www.ct.ufpb.br\/lba\/wp-json\/wp\/v2\/pages"}],"about":[{"href":"https:\/\/www.ct.ufpb.br\/lba\/wp-json\/wp\/v2\/types\/page"}],"author":[{"embeddable":true,"href":"https:\/\/www.ct.ufpb.br\/lba\/wp-json\/wp\/v2\/users\/47"}],"replies":[{"embeddable":true,"href":"https:\/\/www.ct.ufpb.br\/lba\/wp-json\/wp\/v2\/comments?post=40"}],"version-history":[{"count":2,"href":"https:\/\/www.ct.ufpb.br\/lba\/wp-json\/wp\/v2\/pages\/40\/revisions"}],"predecessor-version":[{"id":153,"href":"https:\/\/www.ct.ufpb.br\/lba\/wp-json\/wp\/v2\/pages\/40\/revisions\/153"}],"wp:attachment":[{"href":"https:\/\/www.ct.ufpb.br\/lba\/wp-json\/wp\/v2\/media?parent=40"}],"curies":[{"name":"wp","href":"https:\/\/api.w.org\/{rel}","templated":true}]}}