{"id":38,"date":"2025-04-29T20:30:30","date_gmt":"2025-04-29T23:30:30","guid":{"rendered":"https:\/\/www.ct.ufpb.br\/lba\/?page_id=38"},"modified":"2025-09-15T13:38:43","modified_gmt":"2025-09-15T16:38:43","slug":"bioquimica-basica","status":"publish","type":"page","link":"https:\/\/www.ct.ufpb.br\/lba\/bioquimica-basica\/","title":{"rendered":"Bioqu\u00edmica B\u00e1sica"},"content":{"rendered":"\n<p>Curso: Qu\u00edmica Industrial &#8211; Profa.: Julice Dutra Lopes<\/p>\n\n\n\n<p>Equipe: Profa. Dra. Julice Dutra Lopes\/Dr. Cl\u00f3vis Gouveia da Silva\/Dra. Maria Concei\u00e7\u00e3o Ramos da Soledade Bezerra Silva<\/p>\n\n\n\n<h2 class=\"wp-block-heading\"><div class=\"linha-header\"><strong>Aula pr\u00e1tica<\/strong>&nbsp;sobre efeito da solu\u00e7\u00e3o tamp\u00e3o e titula\u00e7\u00e3o de um \u00e1cido fraco<\/div><\/h2>\n\n\n\n<figure class=\"wp-block-image size-full\"><img loading=\"lazy\" decoding=\"async\" width=\"748\" height=\"420\" src=\"https:\/\/www.ct.ufpb.br\/lba\/wp-content\/uploads\/sites\/107\/sites\/298\/2025\/05\/bc8f55b1-6089-43e8-b9c6-f8770a229c95.jpeg\" alt=\"\" class=\"wp-image-151\" srcset=\"https:\/\/www.ct.ufpb.br\/lba\/wp-content\/uploads\/sites\/107\/sites\/298\/2025\/05\/bc8f55b1-6089-43e8-b9c6-f8770a229c95.jpeg 748w, https:\/\/www.ct.ufpb.br\/lba\/wp-content\/uploads\/sites\/107\/sites\/298\/2025\/05\/bc8f55b1-6089-43e8-b9c6-f8770a229c95-300x168.jpeg 300w\" sizes=\"auto, (max-width: 748px) 100vw, 748px\" \/><\/figure>\n\n\n\n<p><\/p>\n\n\n\n<p>&#8220;Solu\u00e7\u00e3o tamp\u00e3o \u00e9 uma solu\u00e7\u00e3o aquosa capaz de resistir a mudan\u00e7as de pH quando \u00e1cidos ou bases s\u00e3o adicionados. Tamp\u00f5es s\u00e3o formados pela mistura de \u00e1cidos fracos e suas bases conjugadas em uma solu\u00e7\u00e3o de pH pr\u00f3ximo ao pK do \u00e1cido. Alternativamente, podem ser formados por uma base fraca e seu \u00e1cido conjugado. A capacidade tamponante de um sistema tamp\u00e3o depende da concentra\u00e7\u00e3o dos seus componentes. Sistemas tamp\u00f5es s\u00e3o extremamente importantes em fluidos biol\u00f3gicos, j\u00e1 que o grau de ioniza\u00e7\u00e3o pode afetar a estabilidade de mol\u00e9culas e consequentemente suas fun\u00e7\u00f5es.&nbsp;&#8221;&nbsp;<\/p>\n\n\n\n<figure class=\"wp-block-image\"><img decoding=\"async\" src=\"http:\/\/plone.ufpb.br\/lba\/contents\/imagens\/aulas-2\/whatsapp-image-2019-03-27-at-15-28-39.jpeg\/@@images\/79989b8b-4968-4608-a937-77d183dc37ee.jpeg\" alt=\"Bioqu\u00edmica 2018.2 8\" title=\"Bioqu\u00edmica 2018.2 8\" \/><\/figure>\n\n\n\n<p><strong>Os objetivos desta aula pr\u00e1tica s\u00e3o:<\/strong><\/p>\n\n\n\n<p>&#8211; Preparar dois tipos de solu\u00e7\u00f5es tamp\u00e3o e comparar o efeito de tamponamento de ambas&nbsp;frente a adi\u00e7\u00e3o de uma base forte em quantidades conhecidas;<br>&#8211; Aprender a calibrar o pHmetro;<br>&#8211; Titular um \u00e1cido fraco (\u00e1cido ac\u00e9tico) com uma base forte e observar a forma\u00e7\u00e3o de um&nbsp;tamp\u00e3o acetato, bem como construir um gr\u00e1fico relacionando pH x volume de NaOH.<\/p>\n\n\n\n<h2 class=\"wp-block-heading\"><div class=\"linha-header\"><strong>Aula Pr\u00e1tica&nbsp; sobre determina\u00e7\u00e3o de S\u00f3lidos Sol\u00faveis por Refratometria e Densimetria&nbsp; &nbsp;&nbsp;<\/strong><\/div><\/h2>\n\n\n\n<p>O teor de s\u00f3lidos sol\u00faveis \u00e9 o total de todos os s\u00f3lidos dissolvidos em \u00e1gua, incluindo a\u00e7\u00facar, prote\u00ednas, \u00f3leos essenciais, amino\u00e1cidos livres,&nbsp;\u00e1cidos org\u00e2nicos e \u00e9 usualmente medido&nbsp;em&nbsp;\u00b0Brix (escala num\u00e9rica) a 20 \u00b0C.&nbsp;Uma unidade de Brix corresponde a 1 g de s\u00f3lidos sol\u00faveis em suspens\u00e3o em 100 g de solu\u00e7\u00e3o&nbsp;(% m\/m ou %m\/v) \u00e0 uma determinada temperatura.&nbsp;Ao ocorrer varia\u00e7\u00e3o nessa temperatura,&nbsp;adiciona-se ou subtrai-se um fator do valor que foi encontrado. Uma vez que em solu\u00e7\u00f5es&nbsp;a\u00e7ucaradas o soluto em maior concentra\u00e7\u00e3o \u00e9 o a\u00e7\u00facar (carboidratos), o Brix aproxima a&nbsp;concentra\u00e7\u00e3o de a\u00e7\u00facar na amostra. Entretanto, como este n\u00e3o \u00e9 um m\u00e9todo espec\u00edfico, o brix&nbsp;tamb\u00e9m pode determinar outros tipos de s\u00f3lidos que possam estar sol\u00faveis, como \u00e1cidos&nbsp;org\u00e2nicos, prote\u00ednas e minerais.<br>A determina\u00e7\u00e3o do \u00b0Brix \u00e9 utilizada nas ind\u00fastrias de doces, sucos, n\u00e9ctar, polpas, leite&nbsp;condensado, \u00e1lcool, a\u00e7\u00facar, sorvetes, licores e bebidas em geral.<br>Os objetivos desta aula pr\u00e1tica s\u00e3o:<br>&#8211; Determinar a quantidade de s\u00f3lidos sol\u00faveis (\u00b0 Brix) de diferentes materiais, utilizando as&nbsp;t\u00e9cnicas de refratometria e densimetria;<br>&#8211; Aprender a utilizar os equipamentos para determina\u00e7\u00e3o de s\u00f3lidos sol\u00faveis.<\/p>\n\n\n\n<figure class=\"wp-block-image size-large\"><img loading=\"lazy\" decoding=\"async\" width=\"768\" height=\"1024\" src=\"https:\/\/www.ct.ufpb.br\/lba\/wp-content\/uploads\/sites\/107\/sites\/298\/2025\/09\/IMG_5702-1-768x1024.jpeg\" alt=\"\" class=\"wp-image-513\" srcset=\"https:\/\/www.ct.ufpb.br\/lba\/wp-content\/uploads\/sites\/107\/sites\/298\/2025\/09\/IMG_5702-1-768x1024.jpeg 768w, https:\/\/www.ct.ufpb.br\/lba\/wp-content\/uploads\/sites\/107\/sites\/298\/2025\/09\/IMG_5702-1-225x300.jpeg 225w, https:\/\/www.ct.ufpb.br\/lba\/wp-content\/uploads\/sites\/107\/sites\/298\/2025\/09\/IMG_5702-1-1152x1536.jpeg 1152w, https:\/\/www.ct.ufpb.br\/lba\/wp-content\/uploads\/sites\/107\/sites\/298\/2025\/09\/IMG_5702-1-1536x2048.jpeg 1536w, https:\/\/www.ct.ufpb.br\/lba\/wp-content\/uploads\/sites\/107\/sites\/298\/2025\/09\/IMG_5702-1-scaled.jpeg 1920w\" sizes=\"auto, (max-width: 768px) 100vw, 768px\" \/><\/figure>\n\n\n\n<h2 class=\"wp-block-heading\"><div class=\"linha-header\">Aula pr\u00e1tica sobre fermenta\u00e7\u00e3o alco\u00f3lica<\/div><\/h2>\n\n\n\n<p><img decoding=\"async\" src=\"http:\/\/plone.ufpb.br\/lba\/contents\/imagens\/aulas-2\/whatsapp-image-2019-05-06-at-16-56-17.jpeg\/@@images\/89b0e016-910b-4249-a80e-176892b14534.jpeg\" alt=\"Fermenta\u00e7\u00e3o alcoolica 1\">A fermenta\u00e7\u00e3o alco\u00f3lica \u00e9 um processo de libera\u00e7\u00e3o de energia que ocorre&nbsp;sem a participa\u00e7\u00e3o do oxig\u00eanio&nbsp;(processo anaer\u00f3bio). Consiste na convers\u00e3o da glicose em \u00e1lcool et\u00edlico, com&nbsp;libera\u00e7\u00e3o de g\u00e1s carb\u00f4nico e energia qu\u00edmica&nbsp; (ATP).<br>A fermenta\u00e7\u00e3o compreende um conjunto de rea\u00e7\u00f5es enzimaticamente controladas, atrav\u00e9s&nbsp;das quais uma mol\u00e9cula org\u00e2nica \u00e9 degradada em compostos mais simples, liberando energia.&nbsp;A&nbsp;glicose&nbsp;\u00e9 uma das subst\u00e2ncias mais empregadas pelos microrganismos como ponto de&nbsp;partida na fermenta\u00e7\u00e3o.&nbsp;A fermenta\u00e7\u00e3o alco\u00f3lica \u00e9 normalmente realizada por leveduras e bact\u00e9rias, sendo bastante&nbsp;explorada economicamente pelo homem, principalmente para a fabrica\u00e7\u00e3o de alimentos como&nbsp;o p\u00e3o e de&nbsp;bebidas como a cerveja, vinho e destilados.<\/p>\n\n\n\n<figure class=\"wp-block-image size-large\"><img loading=\"lazy\" decoding=\"async\" width=\"768\" height=\"1024\" src=\"https:\/\/www.ct.ufpb.br\/lba\/wp-content\/uploads\/sites\/107\/sites\/298\/2025\/09\/IMG_5701-768x1024.jpeg\" alt=\"\" class=\"wp-image-514\" srcset=\"https:\/\/www.ct.ufpb.br\/lba\/wp-content\/uploads\/sites\/107\/sites\/298\/2025\/09\/IMG_5701-768x1024.jpeg 768w, https:\/\/www.ct.ufpb.br\/lba\/wp-content\/uploads\/sites\/107\/sites\/298\/2025\/09\/IMG_5701-225x300.jpeg 225w, https:\/\/www.ct.ufpb.br\/lba\/wp-content\/uploads\/sites\/107\/sites\/298\/2025\/09\/IMG_5701-1152x1536.jpeg 1152w, https:\/\/www.ct.ufpb.br\/lba\/wp-content\/uploads\/sites\/107\/sites\/298\/2025\/09\/IMG_5701-1536x2048.jpeg 1536w, https:\/\/www.ct.ufpb.br\/lba\/wp-content\/uploads\/sites\/107\/sites\/298\/2025\/09\/IMG_5701-scaled.jpeg 1920w\" sizes=\"auto, (max-width: 768px) 100vw, 768px\" \/><\/figure>\n\n\n\n<p>O objetivo desta aula pr\u00e1tica \u00e9:<\/p>\n\n\n\n<figure class=\"wp-block-image\"><img decoding=\"async\" src=\"http:\/\/plone.ufpb.br\/lba\/contents\/imagens\/aulas-2\/whatsapp-image-2019-05-06-at-16-57-04.jpeg\/@@images\/9d12d9fd-db6a-4bca-87bf-cf16628d7089.jpeg\" alt=\"Fermenta\u00e7\u00e3o alcoolica 2\" title=\"Fermenta\u00e7\u00e3o alcoolica 2\" \/><\/figure>\n\n\n\n<p>&nbsp;&nbsp;Transformar a glicose em etanol a partir da fermenta\u00e7\u00e3o alco\u00f3lica por processo anaer\u00f3bio,&nbsp;utilizando caldo de cana e\/ou sucos de frutas no processo fermentativo.<\/p>\n","protected":false},"excerpt":{"rendered":"<p>Curso: Qu\u00edmica Industrial &#8211; Profa.: Julice Dutra Lopes Equipe: Profa. Dra. Julice Dutra Lopes\/Dr. Cl\u00f3vis [&hellip;]<\/p>\n","protected":false},"author":47,"featured_media":0,"parent":0,"menu_order":0,"comment_status":"closed","ping_status":"closed","template":"","meta":{"footnotes":""},"class_list":["post-38","page","type-page","status-publish","hentry"],"_links":{"self":[{"href":"https:\/\/www.ct.ufpb.br\/lba\/wp-json\/wp\/v2\/pages\/38","targetHints":{"allow":["GET"]}}],"collection":[{"href":"https:\/\/www.ct.ufpb.br\/lba\/wp-json\/wp\/v2\/pages"}],"about":[{"href":"https:\/\/www.ct.ufpb.br\/lba\/wp-json\/wp\/v2\/types\/page"}],"author":[{"embeddable":true,"href":"https:\/\/www.ct.ufpb.br\/lba\/wp-json\/wp\/v2\/users\/47"}],"replies":[{"embeddable":true,"href":"https:\/\/www.ct.ufpb.br\/lba\/wp-json\/wp\/v2\/comments?post=38"}],"version-history":[{"count":4,"href":"https:\/\/www.ct.ufpb.br\/lba\/wp-json\/wp\/v2\/pages\/38\/revisions"}],"predecessor-version":[{"id":821,"href":"https:\/\/www.ct.ufpb.br\/lba\/wp-json\/wp\/v2\/pages\/38\/revisions\/821"}],"wp:attachment":[{"href":"https:\/\/www.ct.ufpb.br\/lba\/wp-json\/wp\/v2\/media?parent=38"}],"curies":[{"name":"wp","href":"https:\/\/api.w.org\/{rel}","templated":true}]}}