{"id":34,"date":"2025-04-29T20:29:04","date_gmt":"2025-04-29T23:29:04","guid":{"rendered":"https:\/\/www.ct.ufpb.br\/lba\/?page_id=34"},"modified":"2025-07-14T13:53:05","modified_gmt":"2025-07-14T16:53:05","slug":"frutas-tropicais","status":"publish","type":"page","link":"https:\/\/www.ct.ufpb.br\/lba\/frutas-tropicais\/","title":{"rendered":"Frutas tropicais"},"content":{"rendered":"\n<p>S\u00e3o aquelas que tem uma melhor produ\u00e7\u00e3o em lugares com climas de temperatura mais elevada. Elas s\u00e3o produzidas por plantas de diversos tipos de ecossistema.<\/p>\n\n\n\n<div class=\"wp-block-media-text is-stacked-on-mobile\" style=\"grid-template-columns:42% auto\"><figure class=\"wp-block-media-text__media\"><img loading=\"lazy\" decoding=\"async\" width=\"200\" height=\"125\" src=\"https:\/\/www.ct.ufpb.br\/lba\/wp-content\/uploads\/sites\/107\/sites\/298\/2025\/07\/e9cc3382-2553-4b97-8727-b0e3951ad472.jpeg\" alt=\"\" class=\"wp-image-468 size-full\" \/><\/figure><div class=\"wp-block-media-text__content\">\n<p>S\u00e3o aquelas que tem uma melhor produ\u00e7\u00e3o em lugares com climas de temperatura mais elevada. Elas s\u00e3o produzidas por plantas de diversos tipos de ecossistema.\u00a0Por serem frutas tropicais, elas compartilham uma intoler\u00e2ncia a climas de temperatura baixa.<\/p>\n<\/div><\/div>\n\n\n\n<p><strong>Algumas frutas tropicais:<\/strong><\/p>\n\n\n\n<p>Abacate &#8211; A\u00e7a\u00ed &#8211; Banana &#8211; Cacau &#8211; Carambola &#8211; Jabuticaba &#8211;&nbsp;Jaca &#8211; Kiwi &#8211; Mam\u00e3o &#8211; Manga &#8211; Maracuj\u00e1 &#8211; Pequi<\/p>\n\n\n\n<p>Muitas frutas tropicais ainda conseguem aguentar o tempo seco, como o cerrado. Mas frutas como o caju vivem apenas em terras arenosas. A maioria \u00e9 rica em antioxidantes, que \u00e9 essencial para combater os radicais livres de nossos corpos.<\/p>\n","protected":false},"excerpt":{"rendered":"<p>S\u00e3o aquelas que tem uma melhor produ\u00e7\u00e3o em lugares com climas de temperatura mais elevada. [&hellip;]<\/p>\n","protected":false},"author":47,"featured_media":0,"parent":0,"menu_order":0,"comment_status":"closed","ping_status":"closed","template":"","meta":{"footnotes":""},"class_list":["post-34","page","type-page","status-publish","hentry"],"_links":{"self":[{"href":"https:\/\/www.ct.ufpb.br\/lba\/wp-json\/wp\/v2\/pages\/34","targetHints":{"allow":["GET"]}}],"collection":[{"href":"https:\/\/www.ct.ufpb.br\/lba\/wp-json\/wp\/v2\/pages"}],"about":[{"href":"https:\/\/www.ct.ufpb.br\/lba\/wp-json\/wp\/v2\/types\/page"}],"author":[{"embeddable":true,"href":"https:\/\/www.ct.ufpb.br\/lba\/wp-json\/wp\/v2\/users\/47"}],"replies":[{"embeddable":true,"href":"https:\/\/www.ct.ufpb.br\/lba\/wp-json\/wp\/v2\/comments?post=34"}],"version-history":[{"count":3,"href":"https:\/\/www.ct.ufpb.br\/lba\/wp-json\/wp\/v2\/pages\/34\/revisions"}],"predecessor-version":[{"id":470,"href":"https:\/\/www.ct.ufpb.br\/lba\/wp-json\/wp\/v2\/pages\/34\/revisions\/470"}],"wp:attachment":[{"href":"https:\/\/www.ct.ufpb.br\/lba\/wp-json\/wp\/v2\/media?parent=34"}],"curies":[{"name":"wp","href":"https:\/\/api.w.org\/{rel}","templated":true}]}}