{"id":21,"date":"2025-04-29T20:16:21","date_gmt":"2025-04-29T23:16:21","guid":{"rendered":"https:\/\/www.ct.ufpb.br\/lba\/?page_id=21"},"modified":"2025-12-04T15:12:11","modified_gmt":"2025-12-04T18:12:11","slug":"areas-de-atuacao","status":"publish","type":"page","link":"https:\/\/www.ct.ufpb.br\/lba\/areas-de-atuacao\/","title":{"rendered":"\u00c1reas de atua\u00e7\u00e3o"},"content":{"rendered":"\n<p class=\" \"><strong>O Laborat\u00f3rio de An\u00e1lises e Pesquisas de Bebidas Alco\u00f3licas<\/strong>&nbsp;pertence ao Departamento de Engenharia Qu\u00edmica e est\u00e1 localizado no Centro de Tecnologia da Universidade Federal da Para\u00edba.<\/p>\n\n\n\n<p><strong>OBJETIVO<\/strong><\/p>\n\n\n\n<p>Apoiar o ensino profissionalizante de Qu\u00edmica Industrial e Engenharia Qu\u00edmica e viabilizar solu\u00e7\u00f5es para o ensino, a pesquisa e a extens\u00e3o dos programas de Gradua\u00e7\u00e3o e P\u00f3s-Gradua\u00e7\u00e3o ligados ao Departamento de Engenharia Qu\u00edmica da Universidade Federal da Para\u00edba. Atualmente al\u00e9m dos cursos citados, o laborat\u00f3rio tamb\u00e9m atende o curso de Engenharia de Alimentos e desenvolve atividades de pesquisas e desenvolvimento de produtos e processos nas \u00e1reas de saneantes e cosm\u00e9ticos.<br><\/p>\n\n\n\n<p><strong>PRINCIPAIS \u00c1REAS DE ATUA\u00c7\u00c3O:<\/strong><\/p>\n\n\n\n<p><strong>ATIVIDADES DE ENSINO<\/strong><\/p>\n\n\n\n<figure class=\"wp-block-gallery has-nested-images columns-default is-cropped wp-block-gallery-1 is-layout-flex wp-block-gallery-is-layout-flex\">\n<figure class=\"wp-block-image size-large\"><img loading=\"lazy\" decoding=\"async\" width=\"1024\" height=\"461\" data-id=\"796\" src=\"https:\/\/www.ct.ufpb.br\/lba\/wp-content\/uploads\/sites\/107\/sites\/298\/2025\/12\/IMG_20221026_143521742_MF_PORTRAIT-1024x461.jpg\" alt=\"\" class=\"wp-image-796\" srcset=\"https:\/\/www.ct.ufpb.br\/lba\/wp-content\/uploads\/sites\/107\/sites\/298\/2025\/12\/IMG_20221026_143521742_MF_PORTRAIT-1024x461.jpg 1024w, https:\/\/www.ct.ufpb.br\/lba\/wp-content\/uploads\/sites\/107\/sites\/298\/2025\/12\/IMG_20221026_143521742_MF_PORTRAIT-300x135.jpg 300w, https:\/\/www.ct.ufpb.br\/lba\/wp-content\/uploads\/sites\/107\/sites\/298\/2025\/12\/IMG_20221026_143521742_MF_PORTRAIT-768x346.jpg 768w, https:\/\/www.ct.ufpb.br\/lba\/wp-content\/uploads\/sites\/107\/sites\/298\/2025\/12\/IMG_20221026_143521742_MF_PORTRAIT-1536x691.jpg 1536w, https:\/\/www.ct.ufpb.br\/lba\/wp-content\/uploads\/sites\/107\/sites\/298\/2025\/12\/IMG_20221026_143521742_MF_PORTRAIT-2048x922.jpg 2048w\" sizes=\"auto, (max-width: 1024px) 100vw, 1024px\" \/><\/figure>\n<\/figure>\n\n\n\n<p><strong><\/strong>Apoio \u00e0s atividades acad\u00eamicas que envolvam aulas pr\u00e1ticas das&nbsp;disciplinas de Tecnologia do A\u00e7\u00facar e do \u00c1lcool, Tecnologia das Fermenta\u00e7\u00f5es, Processos Industriais, Bioqu\u00edmica B\u00e1sica, Engenharia Bioqu\u00edmica, Tecnologia Cosm\u00e9tica, Tecnologia de Saneantes, e outras. Est\u00e1gios: extra-curricular e supervisionado, atividades de extens\u00e3o.<\/p>\n\n\n\n<p><strong>ATIVIDADES DE PESQUISA: <\/strong>GRADUA\u00c7\u00c3O E P\u00d3S-GRADUA\u00c7\u00c3O<\/p>\n\n\n\n<figure class=\"wp-block-gallery has-nested-images columns-default is-cropped wp-block-gallery-2 is-layout-flex wp-block-gallery-is-layout-flex\">\n<figure class=\"wp-block-image size-large\"><img loading=\"lazy\" decoding=\"async\" width=\"1024\" height=\"768\" data-id=\"795\" src=\"https:\/\/www.ct.ufpb.br\/lba\/wp-content\/uploads\/sites\/107\/sites\/298\/2025\/12\/IMG-20181211-WA0058-1024x768.jpg\" alt=\"\" class=\"wp-image-795\" srcset=\"https:\/\/www.ct.ufpb.br\/lba\/wp-content\/uploads\/sites\/107\/sites\/298\/2025\/12\/IMG-20181211-WA0058-1024x768.jpg 1024w, https:\/\/www.ct.ufpb.br\/lba\/wp-content\/uploads\/sites\/107\/sites\/298\/2025\/12\/IMG-20181211-WA0058-300x225.jpg 300w, https:\/\/www.ct.ufpb.br\/lba\/wp-content\/uploads\/sites\/107\/sites\/298\/2025\/12\/IMG-20181211-WA0058-768x576.jpg 768w, https:\/\/www.ct.ufpb.br\/lba\/wp-content\/uploads\/sites\/107\/sites\/298\/2025\/12\/IMG-20181211-WA0058.jpg 1280w\" sizes=\"auto, (max-width: 1024px) 100vw, 1024px\" \/><\/figure>\n<\/figure>\n\n\n\n<p><strong><\/strong>Orienta\u00e7\u00e3o e apoio a projetos de pesquisas cient\u00edficas nas \u00e1reas qu\u00edmicas, biotecnol\u00f3gica, alimentar. Atividades experimentais a n\u00edvel de bancada que envolvam os processos de extra\u00e7\u00e3o, tratamento, processamento, controle e an\u00e1lises das principais etapas de um projeto de desenvolvimento de produtos fermento destilados. Ex.: extra\u00e7\u00e3o de \u00f3leo e poupa de vegetais, produ\u00e7\u00e3o de cacha\u00e7a, aguardente de abacaxi, aguardente de caju, aguardente de caj\u00e1, cacha\u00e7a mista, aguardente de algaroba, aguardentes de sapoti, etanol de algaroba, vinagre de algaroba, etanol de cana-de-a\u00e7\u00facar e de outras mat\u00e9rias-primas regionais.<\/p>\n\n\n\n<p><strong>ATIVIDADES DE EXTENS\u00c3O<\/strong><\/p>\n\n\n\n<figure class=\"wp-block-gallery has-nested-images columns-default is-cropped wp-block-gallery-3 is-layout-flex wp-block-gallery-is-layout-flex\">\n<figure class=\"wp-block-image size-large\"><img loading=\"lazy\" decoding=\"async\" width=\"1024\" height=\"768\" data-id=\"794\" src=\"https:\/\/www.ct.ufpb.br\/lba\/wp-content\/uploads\/sites\/107\/sites\/298\/2025\/12\/IMG-20181219-WA0079-1024x768.jpg\" alt=\"\" class=\"wp-image-794\" srcset=\"https:\/\/www.ct.ufpb.br\/lba\/wp-content\/uploads\/sites\/107\/sites\/298\/2025\/12\/IMG-20181219-WA0079-1024x768.jpg 1024w, https:\/\/www.ct.ufpb.br\/lba\/wp-content\/uploads\/sites\/107\/sites\/298\/2025\/12\/IMG-20181219-WA0079-300x225.jpg 300w, https:\/\/www.ct.ufpb.br\/lba\/wp-content\/uploads\/sites\/107\/sites\/298\/2025\/12\/IMG-20181219-WA0079-768x576.jpg 768w, https:\/\/www.ct.ufpb.br\/lba\/wp-content\/uploads\/sites\/107\/sites\/298\/2025\/12\/IMG-20181219-WA0079.jpg 1280w\" sizes=\"auto, (max-width: 1024px) 100vw, 1024px\" \/><\/figure>\n<\/figure>\n\n\n\n<p>Promo\u00e7\u00e3o de cursos, palestras, elabora\u00e7\u00e3o de projetos para implanta\u00e7\u00e3o de micro e pequenas empresas na \u00e1rea objeto do laborat\u00f3rio e promo\u00e7\u00e3o e participa\u00e7\u00e3o em eventos.<\/p>\n","protected":false},"excerpt":{"rendered":"<p>O Laborat\u00f3rio de An\u00e1lises e Pesquisas de Bebidas Alco\u00f3licas&nbsp;pertence ao Departamento de Engenharia Qu\u00edmica e [&hellip;]<\/p>\n","protected":false},"author":47,"featured_media":0,"parent":0,"menu_order":0,"comment_status":"closed","ping_status":"closed","template":"","meta":{"footnotes":""},"class_list":["post-21","page","type-page","status-publish","hentry"],"_links":{"self":[{"href":"https:\/\/www.ct.ufpb.br\/lba\/wp-json\/wp\/v2\/pages\/21","targetHints":{"allow":["GET"]}}],"collection":[{"href":"https:\/\/www.ct.ufpb.br\/lba\/wp-json\/wp\/v2\/pages"}],"about":[{"href":"https:\/\/www.ct.ufpb.br\/lba\/wp-json\/wp\/v2\/types\/page"}],"author":[{"embeddable":true,"href":"https:\/\/www.ct.ufpb.br\/lba\/wp-json\/wp\/v2\/users\/47"}],"replies":[{"embeddable":true,"href":"https:\/\/www.ct.ufpb.br\/lba\/wp-json\/wp\/v2\/comments?post=21"}],"version-history":[{"count":5,"href":"https:\/\/www.ct.ufpb.br\/lba\/wp-json\/wp\/v2\/pages\/21\/revisions"}],"predecessor-version":[{"id":814,"href":"https:\/\/www.ct.ufpb.br\/lba\/wp-json\/wp\/v2\/pages\/21\/revisions\/814"}],"wp:attachment":[{"href":"https:\/\/www.ct.ufpb.br\/lba\/wp-json\/wp\/v2\/media?parent=21"}],"curies":[{"name":"wp","href":"https:\/\/api.w.org\/{rel}","templated":true}]}}