{"id":123,"date":"2025-04-29T21:24:39","date_gmt":"2025-04-30T00:24:39","guid":{"rendered":"https:\/\/www.ct.ufpb.br\/lba\/?page_id=123"},"modified":"2025-06-18T15:18:40","modified_gmt":"2025-06-18T18:18:40","slug":"tecnologia-de-saneantes","status":"publish","type":"page","link":"https:\/\/www.ct.ufpb.br\/lba\/tecnologia-de-saneantes\/","title":{"rendered":"Kombucha"},"content":{"rendered":"\n<figure class=\"wp-block-image size-large\"><img loading=\"lazy\" decoding=\"async\" width=\"1024\" height=\"461\" src=\"https:\/\/www.ct.ufpb.br\/lba\/wp-content\/uploads\/sites\/107\/sites\/298\/2025\/06\/WhatsApp-Image-2025-06-18-at-14.22.29-7-2-1024x461.jpeg\" alt=\"\" class=\"wp-image-324\" srcset=\"https:\/\/www.ct.ufpb.br\/lba\/wp-content\/uploads\/sites\/107\/sites\/298\/2025\/06\/WhatsApp-Image-2025-06-18-at-14.22.29-7-2-1024x461.jpeg 1024w, https:\/\/www.ct.ufpb.br\/lba\/wp-content\/uploads\/sites\/107\/sites\/298\/2025\/06\/WhatsApp-Image-2025-06-18-at-14.22.29-7-2-300x135.jpeg 300w, https:\/\/www.ct.ufpb.br\/lba\/wp-content\/uploads\/sites\/107\/sites\/298\/2025\/06\/WhatsApp-Image-2025-06-18-at-14.22.29-7-2-768x346.jpeg 768w, https:\/\/www.ct.ufpb.br\/lba\/wp-content\/uploads\/sites\/107\/sites\/298\/2025\/06\/WhatsApp-Image-2025-06-18-at-14.22.29-7-2-1536x692.jpeg 1536w, https:\/\/www.ct.ufpb.br\/lba\/wp-content\/uploads\/sites\/107\/sites\/298\/2025\/06\/WhatsApp-Image-2025-06-18-at-14.22.29-7-2.jpeg 1600w\" sizes=\"auto, (max-width: 1024px) 100vw, 1024px\" \/><\/figure>\n\n\n\n<div class=\"wp-block-media-text has-media-on-the-right is-stacked-on-mobile\" style=\"grid-template-columns:auto 51%\"><div class=\"wp-block-media-text__content\">\n<p>Kombucha \u00e9 uma bebida fermentada origin\u00e1ria da \u00c1sia, \u00e0 base da infus\u00e3o da <em>Camellia sinensis<\/em> (principalmente ch\u00e1 preto ou ch\u00e1 verde ado\u00e7ado) e um biofilme de bact\u00e9rias e leveduras denominado SCOBY (Col\u00f4nia Simbi\u00f3tica de Bact\u00e9rias e Leveduras) (Marco et al. 2021). <\/p>\n<\/div><figure class=\"wp-block-media-text__media\"><img loading=\"lazy\" decoding=\"async\" width=\"230\" height=\"178\" src=\"https:\/\/www.ct.ufpb.br\/lba\/wp-content\/uploads\/sites\/107\/sites\/298\/2025\/06\/Skooby-9.png\" alt=\"\" class=\"wp-image-325 size-full\" \/><\/figure><\/div>\n\n\n\n<p>A bebida resultante \u00e9 levemente \u00e1cida e gaseificada. O produto final apresenta uma composi\u00e7\u00e3o qu\u00edmica que cont\u00e9m diversos compostos, incluindo \u00e1cidos org\u00e2nicos, vitaminas, enzimas, fen\u00f3is e diversos micronutrientes, al\u00e9m do biofilme celul\u00f3sico formado durante a fermenta\u00e7\u00e3o (Crispino et al. 2024).<\/p>\n\n\n\n<p>O consumo em larga escala desta bebida \u00e9 recomendado devido \u00e0 alta capacidade antioxidante decorrente dos compostos bioativos presentes no ch\u00e1 ap\u00f3s a fermenta\u00e7\u00e3o, o que o torna ben\u00e9fico \u00e0 sa\u00fade (Dutta &amp; Paul 2019), al\u00e9m de outros benef\u00edcios, como a redu\u00e7\u00e3o e o controle dos n\u00edveis de colesterol e diabetes (Bellassoued et al. 2015, Hosseini et al. 2015).<\/p>\n\n\n\n<p>As propriedades funcionais da kombucha, como atividades antioxidantes, s\u00e3o atribu\u00eddas aos seus fen\u00f3is, como epicatequina, epigalocatequina, epicatequina-3-galato e epigalocatequina-3-galato. Antioxidantes naturais s\u00e3o comumente encontrados no ch\u00e1 de kombucha e podem ser potencializados pela fermenta\u00e7\u00e3o (Shahbazi, H. et al. 2018).<\/p>\n\n\n\n<p>A kombucha \u00e9, geralmente, saborizada com diferentes frutas e\/ou especiarias o que pode aumentar seu potencial bioativo e fornecer uma bebida com sabores e aromas variados e direcionados a p\u00fablicos espec\u00edficos.<\/p>\n\n\n\n<p>A possibilidade de obten\u00e7\u00e3o de uma kombucha gaseificada atrav\u00e9s de uma segunda fermenta\u00e7\u00e3o pode incrementar uma experi\u00eancia singular, entretanto, a gera\u00e7\u00e3o de \u00e1lcool (geralmente inferior a 0,5%) \u00e9 inerente a esse processo de gaseifica\u00e7\u00e3o natural.<\/p>\n","protected":false},"excerpt":{"rendered":"<p>Kombucha \u00e9 uma bebida fermentada origin\u00e1ria da \u00c1sia, \u00e0 base da infus\u00e3o da Camellia sinensis [&hellip;]<\/p>\n","protected":false},"author":47,"featured_media":0,"parent":0,"menu_order":0,"comment_status":"closed","ping_status":"closed","template":"","meta":{"footnotes":""},"class_list":["post-123","page","type-page","status-publish","hentry"],"_links":{"self":[{"href":"https:\/\/www.ct.ufpb.br\/lba\/wp-json\/wp\/v2\/pages\/123","targetHints":{"allow":["GET"]}}],"collection":[{"href":"https:\/\/www.ct.ufpb.br\/lba\/wp-json\/wp\/v2\/pages"}],"about":[{"href":"https:\/\/www.ct.ufpb.br\/lba\/wp-json\/wp\/v2\/types\/page"}],"author":[{"embeddable":true,"href":"https:\/\/www.ct.ufpb.br\/lba\/wp-json\/wp\/v2\/users\/47"}],"replies":[{"embeddable":true,"href":"https:\/\/www.ct.ufpb.br\/lba\/wp-json\/wp\/v2\/comments?post=123"}],"version-history":[{"count":4,"href":"https:\/\/www.ct.ufpb.br\/lba\/wp-json\/wp\/v2\/pages\/123\/revisions"}],"predecessor-version":[{"id":517,"href":"https:\/\/www.ct.ufpb.br\/lba\/wp-json\/wp\/v2\/pages\/123\/revisions\/517"}],"wp:attachment":[{"href":"https:\/\/www.ct.ufpb.br\/lba\/wp-json\/wp\/v2\/media?parent=123"}],"curies":[{"name":"wp","href":"https:\/\/api.w.org\/{rel}","templated":true}]}}