{"id":12,"date":"2025-04-29T19:46:20","date_gmt":"2025-04-29T22:46:20","guid":{"rendered":"https:\/\/www.ct.ufpb.br\/lba\/?page_id=12"},"modified":"2025-12-04T16:56:11","modified_gmt":"2025-12-04T19:56:11","slug":"apresentacao","status":"publish","type":"page","link":"https:\/\/www.ct.ufpb.br\/lba\/apresentacao\/","title":{"rendered":"Apresenta\u00e7\u00e3o"},"content":{"rendered":"\n<p><strong>O Laborat\u00f3rio de An\u00e1lises e Pesquisas de Bebidas Alco\u00f3licas &#8211; LBA<\/strong>&nbsp;est\u00e1 situado no bloco C do Centro de Tecnologia da Universidade Federal da Para\u00edba Campus I &#8211; Cidade Universit\u00e1ria &#8211; CEP: 58051-900, &nbsp;Jo\u00e3o Pessoa \u2013 PB<\/p>\n\n\n\n<figure class=\"wp-block-gallery has-nested-images columns-default is-cropped wp-block-gallery-1 is-layout-flex wp-block-gallery-is-layout-flex\">\n<figure class=\"wp-block-image size-large\"><img loading=\"lazy\" decoding=\"async\" width=\"1024\" height=\"576\" data-id=\"819\" src=\"http:\/\/www.ct.ufpb.br\/lba\/wp-content\/uploads\/sites\/107\/sites\/298\/2025\/12\/ffffgggggggllllllllllldhhggghj-1024x576.png\" alt=\"\" class=\"wp-image-819\" srcset=\"https:\/\/www.ct.ufpb.br\/lba\/wp-content\/uploads\/sites\/107\/sites\/298\/2025\/12\/ffffgggggggllllllllllldhhggghj-1024x576.png 1024w, https:\/\/www.ct.ufpb.br\/lba\/wp-content\/uploads\/sites\/107\/sites\/298\/2025\/12\/ffffgggggggllllllllllldhhggghj-300x169.png 300w, https:\/\/www.ct.ufpb.br\/lba\/wp-content\/uploads\/sites\/107\/sites\/298\/2025\/12\/ffffgggggggllllllllllldhhggghj-768x432.png 768w, https:\/\/www.ct.ufpb.br\/lba\/wp-content\/uploads\/sites\/107\/sites\/298\/2025\/12\/ffffgggggggllllllllllldhhggghj.png 1366w\" sizes=\"auto, (max-width: 1024px) 100vw, 1024px\" \/><\/figure>\n<\/figure>\n\n\n\n<p><\/p>\n\n\n\n<p>foi criado com o objetivo de dar suporte complementar \u00e0 forma\u00e7\u00e3o do corpo discente no que diz respeito as atividades acad\u00eamicas de pesquisa, ensino e extens\u00e3o. Sua estrutura f\u00edsica e organizacional est\u00e1 voltada para atender demandas de todo corpo discente regularmente matriculado nos cursos de Qu\u00edmica Industrial, Engenharia Qu\u00edmica e a Programas de P\u00f3s-gradua\u00e7\u00e3o nas \u00e1reas de bebidas e alimentos.<\/p>\n","protected":false},"excerpt":{"rendered":"<p>O Laborat\u00f3rio de An\u00e1lises e Pesquisas de Bebidas Alco\u00f3licas foi criado com o objetivo de dar suporte complementar a forma\u00e7\u00e3o do corpo discente no que diz respeito as atividades acad\u00eamicas de pesquisa, ensino e extens\u00e3o. Suas estrutura f\u00edsica e organizacional est\u00e1 voltada para atender demandas de todo corpo discente regularmente matriculado nos cursos de Qu\u00edmica Industrial, Engenharia Qu\u00edmica a a Programas de P\u00f3s-gradua\u00e7\u00e3o nas \u00e1reas de bebidas e alimentos.<\/p>\n","protected":false},"author":47,"featured_media":800,"parent":0,"menu_order":0,"comment_status":"closed","ping_status":"closed","template":"","meta":{"footnotes":""},"class_list":["post-12","page","type-page","status-publish","has-post-thumbnail","hentry"],"_links":{"self":[{"href":"https:\/\/www.ct.ufpb.br\/lba\/wp-json\/wp\/v2\/pages\/12","targetHints":{"allow":["GET"]}}],"collection":[{"href":"https:\/\/www.ct.ufpb.br\/lba\/wp-json\/wp\/v2\/pages"}],"about":[{"href":"https:\/\/www.ct.ufpb.br\/lba\/wp-json\/wp\/v2\/types\/page"}],"author":[{"embeddable":true,"href":"https:\/\/www.ct.ufpb.br\/lba\/wp-json\/wp\/v2\/users\/47"}],"replies":[{"embeddable":true,"href":"https:\/\/www.ct.ufpb.br\/lba\/wp-json\/wp\/v2\/comments?post=12"}],"version-history":[{"count":9,"href":"https:\/\/www.ct.ufpb.br\/lba\/wp-json\/wp\/v2\/pages\/12\/revisions"}],"predecessor-version":[{"id":820,"href":"https:\/\/www.ct.ufpb.br\/lba\/wp-json\/wp\/v2\/pages\/12\/revisions\/820"}],"wp:featuredmedia":[{"embeddable":true,"href":"https:\/\/www.ct.ufpb.br\/lba\/wp-json\/wp\/v2\/media\/800"}],"wp:attachment":[{"href":"https:\/\/www.ct.ufpb.br\/lba\/wp-json\/wp\/v2\/media?parent=12"}],"curies":[{"name":"wp","href":"https:\/\/api.w.org\/{rel}","templated":true}]}}