{"id":33,"date":"2024-03-13T17:47:21","date_gmt":"2024-03-13T17:47:21","guid":{"rendered":"https:\/\/www.ct.ufpb.br\/lamab\/?page_id=33"},"modified":"2024-05-15T15:03:25","modified_gmt":"2024-05-15T15:03:25","slug":"agendamento","status":"publish","type":"page","link":"https:\/\/www.ct.ufpb.br\/lamab\/agendamento\/","title":{"rendered":"Agendamento"},"content":{"rendered":"\n<p>As amostras poder\u00e3o ser entregues no LAMAB ou enviada por Sedex. Devem estar devidamente acondicionadas e identificadas com o n\u00famero de requisi\u00e7\u00e3o e c\u00f3pia dos <strong><a href=\"http:\/\/www.ct.ufpb.br\/lamab\/wp-content\/uploads\/sites\/107\/sites\/154\/2024\/03\/FORMULARIO-PARA-ENTRADA-DE-AMOSTRAS.pdf\" data-type=\"link\" data-id=\"http:\/\/www.ct.ufpb.br\/lamab\/wp-content\/uploads\/sites\/107\/sites\/154\/2024\/03\/FORMULARIO-PARA-ENTRADA-DE-AMOSTRAS.pdf\">formul\u00e1rios de solicita\u00e7\u00e3o <\/a> <\/strong>devidamente preenchidos.<\/p>\n\n\n\n<p><strong>Endere\u00e7o para envio de amostras:<\/strong><\/p>\n\n\n\n<div class=\"wp-block-group\"><div class=\"wp-block-group__inner-container is-layout-constrained wp-block-group-is-layout-constrained\">\n<p>Laborat\u00f3rio de Materiais e Biossistemas (LAMAB), Universidade Federal da Para\u00edba (UFPB), Campus I, Centro de Tecnologia (CT), Bloco  CTN105, Jo\u00e3o Pessoa &#8211; PB, Brasil, CEP: 58051-900<\/p>\n\n\n\n<p><strong>Como fazer as solicita\u00e7\u00f5es:<\/strong><\/p>\n<\/div><\/div>\n\n\n\n<p>Para fazer solicita\u00e7\u00e3o de an\u00e1lises \u00e9 necess\u00e1rio preencher o formul\u00e1rio especifico de cada analise e enviado para o seguinte e-mail: <strong><span style=\"text-decoration: underline\">lamab@ct.ufpb.br<\/span><\/strong> com <strong>c\u00f3pia para o e-mail do orientador\/respons\u00e1vel<\/strong>. Ap\u00f3s avalia\u00e7\u00e3o e aprova\u00e7\u00e3o (at\u00e9 48 horas), ser\u00e1 enviado e-mail ao solicitante com o n\u00famero de sua requisi\u00e7\u00e3o e os procedimentos para envio ou entrega das amostras ao LAMAB. Cada formul\u00e1rio identifica o n\u00famero m\u00e1ximo de amostras a serem solicitadas.<\/p>\n\n\n\n<p><strong>Como obter os resultados:&nbsp;<\/strong><\/p>\n\n\n\n<p>Ap\u00f3s a realiza\u00e7\u00e3o dos experimentos, os resultados ser\u00e3o enviados ao solicitante no endere\u00e7o  eletr\u00f4nico informado no formul\u00e1rio de solicita\u00e7\u00e3o. Caso o solicitante deseje acompanhar o experimento, dever\u00e1 informar no espa\u00e7o de observa\u00e7\u00f5es do formul\u00e1rio de solicita\u00e7\u00e3o de analise, para agendamento do acompanhamento.<\/p>\n\n\n\n<p><\/p>\n\n\n\n<div class=\"wp-block-group alignfull\"><div class=\"wp-block-group__inner-container is-layout-constrained wp-block-group-is-layout-constrained\">\n<div class=\"wp-block-group alignfull is-content-justification-space-between is-layout-flex wp-container-core-group-is-layout-0b2df045 wp-block-group-is-layout-flex\" style=\"padding-top:var(--wp--preset--spacing--30);padding-right:var(--wp--preset--spacing--30);padding-bottom:var(--wp--preset--spacing--30);padding-left:var(--wp--preset--spacing--30)\"><nav class=\"is-responsive items-justified-right wp-block-navigation is-content-justification-right is-layout-flex wp-container-core-navigation-is-layout-3817c3ed wp-block-navigation-is-layout-flex\" \n\t\t data-wp-interactive=\"core\/navigation\" data-wp-context='{\"overlayOpenedBy\":{\"click\":false,\"hover\":false,\"focus\":false},\"type\":\"overlay\",\"roleAttribute\":\"\",\"ariaLabel\":\"Menu\"}'><button aria-haspopup=\"dialog\" aria-label=\"Abrir menu\" class=\"wp-block-navigation__responsive-container-open\" \n\t\t\t\tdata-wp-on--click=\"actions.openMenuOnClick\"\n\t\t\t\tdata-wp-on--keydown=\"actions.handleMenuKeydown\"\n\t\t\t><svg width=\"24\" height=\"24\" xmlns=\"http:\/\/www.w3.org\/2000\/svg\" viewBox=\"0 0 24 24\" aria-hidden=\"true\" focusable=\"false\"><path d=\"M4 7.5h16v1.5H4z\"><\/path><path d=\"M4 15h16v1.5H4z\"><\/path><\/svg><\/button>\n\t\t\t\t<div class=\"wp-block-navigation__responsive-container\"  id=\"modal-1\" \n\t\t\t\tdata-wp-class--has-modal-open=\"state.isMenuOpen\"\n\t\t\t\tdata-wp-class--is-menu-open=\"state.isMenuOpen\"\n\t\t\t\tdata-wp-watch=\"callbacks.initMenu\"\n\t\t\t\tdata-wp-on--keydown=\"actions.handleMenuKeydown\"\n\t\t\t\tdata-wp-on--focusout=\"actions.handleMenuFocusout\"\n\t\t\t\ttabindex=\"-1\"\n\t\t\t>\n\t\t\t\t\t<div class=\"wp-block-navigation__responsive-close\" tabindex=\"-1\">\n\t\t\t\t\t\t<div class=\"wp-block-navigation__responsive-dialog\" \n\t\t\t\tdata-wp-bind--aria-modal=\"state.ariaModal\"\n\t\t\t\tdata-wp-bind--aria-label=\"state.ariaLabel\"\n\t\t\t\tdata-wp-bind--role=\"state.roleAttribute\"\n\t\t\t>\n\t\t\t\t\t\t\t<button aria-label=\"Fechar menu\" class=\"wp-block-navigation__responsive-container-close\" \n\t\t\t\tdata-wp-on--click=\"actions.closeMenuOnClick\"\n\t\t\t><svg xmlns=\"http:\/\/www.w3.org\/2000\/svg\" viewBox=\"0 0 24 24\" width=\"24\" height=\"24\" aria-hidden=\"true\" focusable=\"false\"><path d=\"m13.06 12 6.47-6.47-1.06-1.06L12 10.94 5.53 4.47 4.47 5.53 10.94 12l-6.47 6.47 1.06 1.06L12 13.06l6.47 6.47 1.06-1.06L13.06 12Z\"><\/path><\/svg><\/button>\n\t\t\t\t\t\t\t<div class=\"wp-block-navigation__responsive-container-content\" \n\t\t\t\tdata-wp-watch=\"callbacks.focusFirstElement\"\n\t\t\t id=\"modal-1-content\">\n\t\t\t\t\t\t\t\t<ul class=\"wp-block-navigation__container is-responsive items-justified-right wp-block-navigation\"><ul class=\"wp-block-page-list\"><li class=\"wp-block-pages-list__item wp-block-navigation-item open-on-hover-click\"><a class=\"wp-block-pages-list__item__link wp-block-navigation-item__content\" href=\"https:\/\/www.ct.ufpb.br\/lamab\/agendamento\/\">Agendamento<\/a><\/li><li class=\"wp-block-pages-list__item wp-block-navigation-item open-on-hover-click\"><a class=\"wp-block-pages-list__item__link wp-block-navigation-item__content\" href=\"https:\/\/www.ct.ufpb.br\/lamab\/apresentacao\/\">Apresenta\u00e7\u00e3o<\/a><\/li><li class=\"wp-block-pages-list__item wp-block-navigation-item open-on-hover-click\"><a class=\"wp-block-pages-list__item__link wp-block-navigation-item__content\" href=\"https:\/\/www.ct.ufpb.br\/lamab\/contato\/\">Contato<\/a><\/li><li class=\"wp-block-pages-list__item wp-block-navigation-item open-on-hover-click\"><a class=\"wp-block-pages-list__item__link wp-block-navigation-item__content\" href=\"https:\/\/www.ct.ufpb.br\/lamab\/equipe\/\">Equipe<\/a><\/li><li class=\"wp-block-pages-list__item wp-block-navigation-item open-on-hover-click\"><a class=\"wp-block-pages-list__item__link wp-block-navigation-item__content\" href=\"https:\/\/www.ct.ufpb.br\/lamab\/equipamentos\/\">Infraestrutura<\/a><\/li><li class=\"wp-block-pages-list__item wp-block-navigation-item open-on-hover-click\"><a class=\"wp-block-pages-list__item__link wp-block-navigation-item__content\" href=\"https:\/\/www.ct.ufpb.br\/lamab\/noticias-2\/\">Not\u00edcias<\/a><\/li><li class=\"wp-block-pages-list__item wp-block-navigation-item open-on-hover-click\"><a class=\"wp-block-pages-list__item__link wp-block-navigation-item__content\" href=\"https:\/\/www.ct.ufpb.br\/lamab\/noticias\/\">Publica\u00e7\u00f5es<\/a><\/li><\/ul><\/ul>\n\t\t\t\t\t\t\t<\/div>\n\t\t\t\t\t\t<\/div>\n\t\t\t\t\t<\/div>\n\t\t\t\t<\/div><\/nav><\/div>\n<\/div><\/div>\n\n\n\n<div class=\"wp-block-group alignfull has-contrast-color has-text-color has-link-color wp-elements-e60fb6bfd276088d6d17f5d2a17b859b is-content-justification-space-between is-layout-flex wp-container-core-group-is-layout-fefaeca0 wp-block-group-is-layout-flex\" style=\"padding-top:var(--wp--preset--spacing--30);padding-right:var(--wp--preset--spacing--30);padding-bottom:var(--wp--preset--spacing--30);padding-left:var(--wp--preset--spacing--30)\"><nav class=\"is-responsive items-justified-right wp-block-navigation is-content-justification-right is-layout-flex wp-container-core-navigation-is-layout-3817c3ed wp-block-navigation-is-layout-flex\" \n\t\t data-wp-interactive=\"core\/navigation\" data-wp-context='{\"overlayOpenedBy\":{\"click\":false,\"hover\":false,\"focus\":false},\"type\":\"overlay\",\"roleAttribute\":\"\",\"ariaLabel\":\"Menu\"}'><button aria-haspopup=\"dialog\" aria-label=\"Abrir menu\" class=\"wp-block-navigation__responsive-container-open always-shown\" \n\t\t\t\tdata-wp-on--click=\"actions.openMenuOnClick\"\n\t\t\t\tdata-wp-on--keydown=\"actions.handleMenuKeydown\"\n\t\t\t><svg width=\"24\" height=\"24\" xmlns=\"http:\/\/www.w3.org\/2000\/svg\" viewBox=\"0 0 24 24\" aria-hidden=\"true\" focusable=\"false\"><path d=\"M4 7.5h16v1.5H4z\"><\/path><path d=\"M4 15h16v1.5H4z\"><\/path><\/svg><\/button>\n\t\t\t\t<div class=\"wp-block-navigation__responsive-container hidden-by-default\"  id=\"modal-2\" \n\t\t\t\tdata-wp-class--has-modal-open=\"state.isMenuOpen\"\n\t\t\t\tdata-wp-class--is-menu-open=\"state.isMenuOpen\"\n\t\t\t\tdata-wp-watch=\"callbacks.initMenu\"\n\t\t\t\tdata-wp-on--keydown=\"actions.handleMenuKeydown\"\n\t\t\t\tdata-wp-on--focusout=\"actions.handleMenuFocusout\"\n\t\t\t\ttabindex=\"-1\"\n\t\t\t>\n\t\t\t\t\t<div class=\"wp-block-navigation__responsive-close\" tabindex=\"-1\">\n\t\t\t\t\t\t<div class=\"wp-block-navigation__responsive-dialog\" \n\t\t\t\tdata-wp-bind--aria-modal=\"state.ariaModal\"\n\t\t\t\tdata-wp-bind--aria-label=\"state.ariaLabel\"\n\t\t\t\tdata-wp-bind--role=\"state.roleAttribute\"\n\t\t\t>\n\t\t\t\t\t\t\t<button aria-label=\"Fechar menu\" class=\"wp-block-navigation__responsive-container-close\" \n\t\t\t\tdata-wp-on--click=\"actions.closeMenuOnClick\"\n\t\t\t><svg xmlns=\"http:\/\/www.w3.org\/2000\/svg\" viewBox=\"0 0 24 24\" width=\"24\" height=\"24\" aria-hidden=\"true\" focusable=\"false\"><path d=\"m13.06 12 6.47-6.47-1.06-1.06L12 10.94 5.53 4.47 4.47 5.53 10.94 12l-6.47 6.47 1.06 1.06L12 13.06l6.47 6.47 1.06-1.06L13.06 12Z\"><\/path><\/svg><\/button>\n\t\t\t\t\t\t\t<div class=\"wp-block-navigation__responsive-container-content\" \n\t\t\t\tdata-wp-watch=\"callbacks.focusFirstElement\"\n\t\t\t id=\"modal-2-content\">\n\t\t\t\t\t\t\t\t<ul class=\"wp-block-navigation__container is-responsive items-justified-right wp-block-navigation\"><ul class=\"wp-block-page-list\"><li class=\"wp-block-pages-list__item wp-block-navigation-item open-on-hover-click\"><a class=\"wp-block-pages-list__item__link wp-block-navigation-item__content\" href=\"https:\/\/www.ct.ufpb.br\/lamab\/agendamento\/\">Agendamento<\/a><\/li><li class=\"wp-block-pages-list__item wp-block-navigation-item open-on-hover-click\"><a class=\"wp-block-pages-list__item__link wp-block-navigation-item__content\" href=\"https:\/\/www.ct.ufpb.br\/lamab\/apresentacao\/\">Apresenta\u00e7\u00e3o<\/a><\/li><li class=\"wp-block-pages-list__item wp-block-navigation-item open-on-hover-click\"><a class=\"wp-block-pages-list__item__link wp-block-navigation-item__content\" href=\"https:\/\/www.ct.ufpb.br\/lamab\/contato\/\">Contato<\/a><\/li><li class=\"wp-block-pages-list__item wp-block-navigation-item open-on-hover-click\"><a class=\"wp-block-pages-list__item__link wp-block-navigation-item__content\" href=\"https:\/\/www.ct.ufpb.br\/lamab\/equipe\/\">Equipe<\/a><\/li><li class=\"wp-block-pages-list__item wp-block-navigation-item open-on-hover-click\"><a class=\"wp-block-pages-list__item__link wp-block-navigation-item__content\" href=\"https:\/\/www.ct.ufpb.br\/lamab\/equipamentos\/\">Infraestrutura<\/a><\/li><li class=\"wp-block-pages-list__item wp-block-navigation-item open-on-hover-click\"><a class=\"wp-block-pages-list__item__link wp-block-navigation-item__content\" href=\"https:\/\/www.ct.ufpb.br\/lamab\/noticias-2\/\">Not\u00edcias<\/a><\/li><li class=\"wp-block-pages-list__item wp-block-navigation-item open-on-hover-click\"><a class=\"wp-block-pages-list__item__link wp-block-navigation-item__content\" href=\"https:\/\/www.ct.ufpb.br\/lamab\/noticias\/\">Publica\u00e7\u00f5es<\/a><\/li><\/ul><\/ul>\n\t\t\t\t\t\t\t<\/div>\n\t\t\t\t\t\t<\/div>\n\t\t\t\t\t<\/div>\n\t\t\t\t<\/div><\/nav><\/div>\n","protected":false},"excerpt":{"rendered":"<p>As amostras poder\u00e3o ser entregues no LAMAB ou enviada por Sedex. Devem estar devidamente acondicionadas [&hellip;]<\/p>\n","protected":false},"author":47,"featured_media":0,"parent":0,"menu_order":0,"comment_status":"closed","ping_status":"closed","template":"","meta":{"footnotes":""},"class_list":["post-33","page","type-page","status-publish","hentry"],"_links":{"self":[{"href":"https:\/\/www.ct.ufpb.br\/lamab\/wp-json\/wp\/v2\/pages\/33","targetHints":{"allow":["GET"]}}],"collection":[{"href":"https:\/\/www.ct.ufpb.br\/lamab\/wp-json\/wp\/v2\/pages"}],"about":[{"href":"https:\/\/www.ct.ufpb.br\/lamab\/wp-json\/wp\/v2\/types\/page"}],"author":[{"embeddable":true,"href":"https:\/\/www.ct.ufpb.br\/lamab\/wp-json\/wp\/v2\/users\/47"}],"replies":[{"embeddable":true,"href":"https:\/\/www.ct.ufpb.br\/lamab\/wp-json\/wp\/v2\/comments?post=33"}],"version-history":[{"count":21,"href":"https:\/\/www.ct.ufpb.br\/lamab\/wp-json\/wp\/v2\/pages\/33\/revisions"}],"predecessor-version":[{"id":159,"href":"https:\/\/www.ct.ufpb.br\/lamab\/wp-json\/wp\/v2\/pages\/33\/revisions\/159"}],"wp:attachment":[{"href":"https:\/\/www.ct.ufpb.br\/lamab\/wp-json\/wp\/v2\/media?parent=33"}],"curies":[{"name":"wp","href":"https:\/\/api.w.org\/{rel}","templated":true}]}}