{"id":70,"date":"2025-10-01T15:50:29","date_gmt":"2025-10-01T18:50:29","guid":{"rendered":"https:\/\/www.ct.ufpb.br\/lacesse\/?page_id=70"},"modified":"2025-10-22T11:15:44","modified_gmt":"2025-10-22T14:15:44","slug":"legislacao-estadual-paraiba","status":"publish","type":"page","link":"https:\/\/www.ct.ufpb.br\/lacesse\/legislacao-estadual-paraiba\/","title":{"rendered":"Legisla\u00e7\u00e3o Estadual (Para\u00edba)"},"content":{"rendered":"\n<p>Legisla\u00e7\u00e3o estadual sobre pessoa com defici\u00eancia &#8211; 2011\/2015\u00a0<\/p>\n\n\n\n<p><a href=\"https:\/\/www.ufpb.br\/lacesse\/contents\/documentos\/legislacao-estadual-paraiba\/lei-7-529-2004.pdf\" target=\"_blank\" rel=\"noreferrer noopener\">\u00a0Lei\u00a07.529\/ 2004<\/a>\u00a0&#8211; Estabelece a gratuidade \u00e0s pessoas portadoras de defici\u00eancia nos transportes intermunicipais e d\u00e1 outras provid\u00eancias.<\/p>\n\n\n\n<p>&nbsp;<a href=\"https:\/\/www.ufpb.br\/lacesse\/contents\/documentos\/legislacao-estadual-paraiba\/lei-7-714-2004.pdf\" target=\"_blank\" rel=\"noreferrer noopener\">Lei N\u00ba 7.714\/2004<\/a>&nbsp;&#8211; Estabelece normas e crit\u00e9rios para a acessibilidade de pessoas portadoras de necessidades especiais.<\/p>\n\n\n\n<p><a href=\"https:\/\/www.ufpb.br\/lacesse\/contents\/documentos\/legislacao-estadual-paraiba\/lei-9-210-2010.pdf\" target=\"_blank\" rel=\"noreferrer noopener\">\u200bLei N\u00ba &nbsp;9.210\/2010<\/a>&nbsp;&#8211; Disp\u00f5e sobre a obrigatoriedade de instala\u00e7\u00e3o de mapas t\u00e1teis e informa\u00e7\u00f5es em Braille, nos locais em que especifica.<\/p>\n\n\n\n<p><a href=\"https:\/\/auniao.pb.gov.br\/servicos\/arquivo-digital\/doe\/janeiro\/maio\/diario-oficial-06-05-2020.pdf\" target=\"_blank\" rel=\"noreferrer noopener\">LEI N\u00ba 11.684\/2020<\/a>&nbsp;&#8211; Determina que todas as informa\u00e7\u00f5es oficiais, veiculadas em campanhas do Governo do Estado da Para\u00edba nos meios de comunica\u00e7\u00e3o, sejam acess\u00edveis \u00e0s pessoas com defici\u00eancia, observando os recursos de linguagem em braile, libras, audiodescri\u00e7\u00e3o e legendas, nesse Estado.<\/p>\n\n\n\n<p><\/p>\n","protected":false},"excerpt":{"rendered":"<p>Legisla\u00e7\u00e3o estadual sobre pessoa com defici\u00eancia &#8211; 2011\/2015\u00a0 \u00a0Lei\u00a07.529\/ 2004\u00a0&#8211; Estabelece a gratuidade \u00e0s pessoas [&hellip;]<\/p>\n","protected":false},"author":418,"featured_media":0,"parent":0,"menu_order":0,"comment_status":"closed","ping_status":"closed","template":"","meta":{"footnotes":""},"class_list":["post-70","page","type-page","status-publish","hentry"],"_links":{"self":[{"href":"https:\/\/www.ct.ufpb.br\/lacesse\/wp-json\/wp\/v2\/pages\/70","targetHints":{"allow":["GET"]}}],"collection":[{"href":"https:\/\/www.ct.ufpb.br\/lacesse\/wp-json\/wp\/v2\/pages"}],"about":[{"href":"https:\/\/www.ct.ufpb.br\/lacesse\/wp-json\/wp\/v2\/types\/page"}],"author":[{"embeddable":true,"href":"https:\/\/www.ct.ufpb.br\/lacesse\/wp-json\/wp\/v2\/users\/418"}],"replies":[{"embeddable":true,"href":"https:\/\/www.ct.ufpb.br\/lacesse\/wp-json\/wp\/v2\/comments?post=70"}],"version-history":[{"count":3,"href":"https:\/\/www.ct.ufpb.br\/lacesse\/wp-json\/wp\/v2\/pages\/70\/revisions"}],"predecessor-version":[{"id":206,"href":"https:\/\/www.ct.ufpb.br\/lacesse\/wp-json\/wp\/v2\/pages\/70\/revisions\/206"}],"wp:attachment":[{"href":"https:\/\/www.ct.ufpb.br\/lacesse\/wp-json\/wp\/v2\/media?parent=70"}],"curies":[{"name":"wp","href":"https:\/\/api.w.org\/{rel}","templated":true}]}}