{"id":68,"date":"2025-10-01T15:50:10","date_gmt":"2025-10-01T18:50:10","guid":{"rendered":"https:\/\/www.ct.ufpb.br\/lacesse\/?page_id=68"},"modified":"2025-10-22T11:16:30","modified_gmt":"2025-10-22T14:16:30","slug":"legislacao-municipal-joao-pessoa","status":"publish","type":"page","link":"https:\/\/www.ct.ufpb.br\/lacesse\/legislacao-municipal-joao-pessoa\/","title":{"rendered":"Legisla\u00e7\u00e3o Municipal (Jo\u00e3o Pessoa)"},"content":{"rendered":"\n<p><a href=\"https:\/\/www.ufpb.br\/lacesse\/contents\/documentos\/legislacao-municipal\/lei-6812-1991.pdf\" target=\"_blank\" rel=\"noreferrer noopener\">Lei 6.812\/1991<\/a>&nbsp;&#8211; Disp\u00f5e sobre o acesso de pessoas deficientes f\u00edsicos a cinema, teatros e casas de espet\u00e1culos<\/p>\n\n\n\n<p><a href=\"https:\/\/www.ufpb.br\/lacesse\/contents\/documentos\/legislacao-municipal\/lei-7170-1992.pdf\" target=\"_blank\" rel=\"noreferrer noopener\">Lei 7.170\/1992<\/a>&nbsp;&#8211; Regulamenta os direitos assegurados na lei org\u00e2nica do munic\u00edpio, \u00e0s pessoas portadoras de defici\u00eancia<\/p>\n\n\n\n<p><a href=\"https:\/\/www.ufpb.br\/lacesse\/contents\/documentos\/legislacao-municipal\/lei-13-126-2018.pdf\" target=\"_blank\" rel=\"noreferrer noopener\">Lei 13.126\/2018<\/a>&nbsp;&#8211; Cria&nbsp;o&nbsp;Selo Estabelecimento&nbsp;Acess\u00edvel e a&nbsp;Comiss\u00e3o de Acessibilidade no munic\u00edpio de&nbsp;Jo\u00e3o Pessoa.<\/p>\n\n\n\n<p><\/p>\n","protected":false},"excerpt":{"rendered":"<p>Lei 6.812\/1991&nbsp;&#8211; Disp\u00f5e sobre o acesso de pessoas deficientes f\u00edsicos a cinema, teatros e casas [&hellip;]<\/p>\n","protected":false},"author":418,"featured_media":0,"parent":0,"menu_order":0,"comment_status":"closed","ping_status":"closed","template":"","meta":{"footnotes":""},"class_list":["post-68","page","type-page","status-publish","hentry"],"_links":{"self":[{"href":"https:\/\/www.ct.ufpb.br\/lacesse\/wp-json\/wp\/v2\/pages\/68","targetHints":{"allow":["GET"]}}],"collection":[{"href":"https:\/\/www.ct.ufpb.br\/lacesse\/wp-json\/wp\/v2\/pages"}],"about":[{"href":"https:\/\/www.ct.ufpb.br\/lacesse\/wp-json\/wp\/v2\/types\/page"}],"author":[{"embeddable":true,"href":"https:\/\/www.ct.ufpb.br\/lacesse\/wp-json\/wp\/v2\/users\/418"}],"replies":[{"embeddable":true,"href":"https:\/\/www.ct.ufpb.br\/lacesse\/wp-json\/wp\/v2\/comments?post=68"}],"version-history":[{"count":2,"href":"https:\/\/www.ct.ufpb.br\/lacesse\/wp-json\/wp\/v2\/pages\/68\/revisions"}],"predecessor-version":[{"id":207,"href":"https:\/\/www.ct.ufpb.br\/lacesse\/wp-json\/wp\/v2\/pages\/68\/revisions\/207"}],"wp:attachment":[{"href":"https:\/\/www.ct.ufpb.br\/lacesse\/wp-json\/wp\/v2\/media?parent=68"}],"curies":[{"name":"wp","href":"https:\/\/api.w.org\/{rel}","templated":true}]}}