{"id":52,"date":"2025-10-01T15:45:58","date_gmt":"2025-10-01T18:45:58","guid":{"rendered":"https:\/\/www.ct.ufpb.br\/lacesse\/?page_id=52"},"modified":"2026-03-25T15:38:51","modified_gmt":"2026-03-25T18:38:51","slug":"livros-organizados","status":"publish","type":"page","link":"https:\/\/www.ct.ufpb.br\/lacesse\/livros-organizados\/","title":{"rendered":"Livros organizados"},"content":{"rendered":"\n<p><\/p>\n\n\n\n<div class=\"wp-block-media-text is-stacked-on-mobile\" style=\"grid-template-columns:15% auto\"><figure class=\"wp-block-media-text__media\"><img decoding=\"async\" src=\"https:\/\/th.bing.com\/th\/id\/R.ffefce15ff663b3a72bc20ed018312d0?rik=bN64V2za3N3%2fBg&amp;riu=http%3a%2f%2fplone.ufpb.br%2flavais%2fcontents%2fmenu%2flink%2flivro-tecendo-pontes-interfaces-e-lugares-de-acessibilidade%2flivro_.png%2f%40%40images%2f712e4f40-947f-4854-83ae-c821fd457abc.png&amp;ehk=%2bUbBD%2fFE1plPgYZJcXONjkM%2flyjZVIZtc2BgIbihuO4%3d&amp;risl=&amp;pid=ImgRaw&amp;r=0\" alt=\"Livro Tecendo Pontes: interfaces e Lugares de Acessibilidade ...\" \/><\/figure><div class=\"wp-block-media-text__content\">\n<p><strong>T\u00edtulo:&nbsp;TECENDO PONTES: INTERFACES E LUGARES DE ACESSIBILIDADE<\/strong><\/p>\n\n\n\n<p>Publicado em:1\u00baEdi\u00e7\u00e3o &#8211; 2020\/Editora UFPB<\/p>\n<\/div><\/div>\n\n\n\n<p class=\"has-text-align-left\"><strong>T\u00edtulo: QUALIDADE DE VIDA NA CIDADE: LUGARES E SUAS INTERFACES INTRAURBANAS<\/strong>.<\/p>\n\n\n\n<p>Publicado em: 1. ed &#8211; AB editora, 2016. v. 1.<\/p>\n\n\n\n<hr class=\"wp-block-separator has-alpha-channel-opacity\" \/>\n\n\n\n<div class=\"wp-block-group\"><div class=\"wp-block-group__inner-container is-layout-constrained wp-block-group-is-layout-constrained\">\n<div class=\"wp-block-media-text is-stacked-on-mobile\" style=\"grid-template-columns:15% auto\"><figure class=\"wp-block-media-text__media\"><img decoding=\"async\" src=\"https:\/\/static.wixstatic.com\/media\/50625b_28c419e8eacb4a24bc1f06e38992d33d~mv2.jpg\/v1\/fill\/w_71,h_109,al_c,q_80,usm_0.66_1.00_0.01\/50625b_28c419e8eacb4a24bc1f06e38992d33d~mv2.webp\" alt=\"\" \/><\/figure><div class=\"wp-block-media-text__content\">\n<p><strong>T\u00edtulo: ESPA\u00c7OS LIVRES P\u00daBLICOS: LUGARES E SUAS INTERFACES INTRAURBANAS<\/strong><\/p>\n\n\n\n<p>Publicado em: 1\u00baEdi\u00e7\u00e3o &#8211; 2016\/Editora AB<\/p>\n<\/div><\/div>\n<\/div><\/div>\n\n\n\n<hr class=\"wp-block-separator has-alpha-channel-opacity is-style-default\" \/>\n\n\n\n<div class=\"wp-block-media-text is-stacked-on-mobile\" style=\"grid-template-columns:15% auto\"><figure class=\"wp-block-media-text__media\"><img decoding=\"async\" src=\"https:\/\/static.wixstatic.com\/media\/50625b_3f683ec2e12f4e4dbdcdf8a17c891d69~mv2.jpg\/v1\/fill\/w_71,h_100,al_c,q_80,usm_0.66_1.00_0.01\/50625b_3f683ec2e12f4e4dbdcdf8a17c891d69~mv2.webp\" alt=\"\" \/><\/figure><div class=\"wp-block-media-text__content\">\n<p><strong>T\u00edtulo:&nbsp;ESPA\u00c7OS LIVRES P\u00daBLICOS: LUGARES E SUAS INTERFACES INTRAURBANAS<\/strong><\/p>\n\n\n\n<p>Publicado em: 1\u00baEdi\u00e7\u00e3o &#8211; 2016\/Editora AB<\/p>\n<\/div><\/div>\n\n\n\n<hr class=\"wp-block-separator has-alpha-channel-opacity\" \/>\n\n\n\n<div class=\"wp-block-media-text is-stacked-on-mobile\" style=\"grid-template-columns:15% auto\"><figure class=\"wp-block-media-text__media\"><img decoding=\"async\" src=\"https:\/\/static.wixstatic.com\/media\/50625b_55dd3c1399704240b71382cfc5b80131.jpeg\/v1\/fill\/w_71,h_98,al_c,q_80,usm_0.66_1.00_0.01\/50625b_55dd3c1399704240b71382cfc5b80131.webp\" alt=\"\" \/><\/figure><div class=\"wp-block-media-text__content\">\n<p><strong>T\u00edtulo:&nbsp;ACESSIBILIDADE NO AMBIENTE CONSTRU\u00cdDO: QUEST\u00d5ES CONTEMPOR\u00c2NEAS<\/strong><\/p>\n\n\n\n<p>Publicado em: 2\u00baEdi\u00e7\u00e3o &#8211; 2014\/Editora IFPB<\/p>\n<\/div><\/div>\n\n\n\n<hr class=\"wp-block-separator has-alpha-channel-opacity\" \/>\n\n\n\n<div class=\"wp-block-media-text is-stacked-on-mobile\" style=\"grid-template-columns:15% auto\"><figure class=\"wp-block-media-text__media\"><img decoding=\"async\" src=\"https:\/\/static.wixstatic.com\/media\/50625b_e9c4a1220da946ca915a960115c4ca61.jpg\/v1\/fill\/w_71,h_91,al_c,q_80,usm_0.66_1.00_0.01\/50625b_e9c4a1220da946ca915a960115c4ca61.webp\" alt=\"\" \/><\/figure><div class=\"wp-block-media-text__content\">\n<p><strong>T\u00edtulo: ACESSIBILIDADE NO AMBIENTE CONSTRU\u00cdDO: QUEST\u00d5ES CONTEMPOR\u00c2NEAS<\/strong><\/p>\n\n\n\n<p>Publicado em: 2\u00baEdi\u00e7\u00e3o &#8211; 2014\/Editora IFPB<\/p>\n<\/div><\/div>\n\n\n\n<hr class=\"wp-block-separator has-alpha-channel-opacity\" \/>\n","protected":false},"excerpt":{"rendered":"<p>T\u00edtulo:&nbsp;TECENDO PONTES: INTERFACES E LUGARES DE ACESSIBILIDADE Publicado em:1\u00baEdi\u00e7\u00e3o &#8211; 2020\/Editora UFPB T\u00edtulo: QUALIDADE DE [&hellip;]<\/p>\n","protected":false},"author":418,"featured_media":0,"parent":0,"menu_order":0,"comment_status":"closed","ping_status":"closed","template":"","meta":{"footnotes":""},"class_list":["post-52","page","type-page","status-publish","hentry"],"_links":{"self":[{"href":"https:\/\/www.ct.ufpb.br\/lacesse\/wp-json\/wp\/v2\/pages\/52","targetHints":{"allow":["GET"]}}],"collection":[{"href":"https:\/\/www.ct.ufpb.br\/lacesse\/wp-json\/wp\/v2\/pages"}],"about":[{"href":"https:\/\/www.ct.ufpb.br\/lacesse\/wp-json\/wp\/v2\/types\/page"}],"author":[{"embeddable":true,"href":"https:\/\/www.ct.ufpb.br\/lacesse\/wp-json\/wp\/v2\/users\/418"}],"replies":[{"embeddable":true,"href":"https:\/\/www.ct.ufpb.br\/lacesse\/wp-json\/wp\/v2\/comments?post=52"}],"version-history":[{"count":10,"href":"https:\/\/www.ct.ufpb.br\/lacesse\/wp-json\/wp\/v2\/pages\/52\/revisions"}],"predecessor-version":[{"id":326,"href":"https:\/\/www.ct.ufpb.br\/lacesse\/wp-json\/wp\/v2\/pages\/52\/revisions\/326"}],"wp:attachment":[{"href":"https:\/\/www.ct.ufpb.br\/lacesse\/wp-json\/wp\/v2\/media?parent=52"}],"curies":[{"name":"wp","href":"https:\/\/api.w.org\/{rel}","templated":true}]}}