{"id":48,"date":"2025-10-01T15:45:10","date_gmt":"2025-10-01T18:45:10","guid":{"rendered":"https:\/\/www.ct.ufpb.br\/lacesse\/?page_id=48"},"modified":"2026-03-18T16:44:13","modified_gmt":"2026-03-18T19:44:13","slug":"parcerias","status":"publish","type":"page","link":"https:\/\/www.ct.ufpb.br\/lacesse\/parcerias\/","title":{"rendered":"Parcerias"},"content":{"rendered":"\n<h2 class=\"wp-block-heading has-text-color has-link-color wp-elements-668a84b102ee5ea41b1d91fc0996fd5c\" style=\"color:#24395c\"><div class=\"linha-header\">UNIVERSIDADE FEDERAL DA PARA\u00cdBA<\/div><\/h2>\n\n\n\n<p class=\"has-text-color has-link-color wp-elements-70d18df2680ef9d405bd1960560d194d\" style=\"color:#24395c\"><strong>LECCUR<\/strong><\/p>\n\n\n\n<p>Laborat\u00f3rio de Estudos sobre Cidades, Culturas Contempor\u00e2neas e Urbanidades &#8211;&nbsp;<a href=\"https:\/\/leccur.wordpress.com\/\" target=\"_blank\" rel=\"noreferrer noopener\">https:\/\/leccur.wordpress.com\/&nbsp;<\/a><\/p>\n\n\n\n<p class=\"has-text-color has-link-color wp-elements-8ffcabd9138f9c59c1cdb4145b32bf7f\" style=\"color:#24395c\"><strong>LAURBE<\/strong><\/p>\n\n\n\n<p class=\" \">Laborat\u00f3rio do Ambiente Urbano e Edificado &#8211;&nbsp;<a href=\"http:\/\/laurbeufpb.wixsite.com\/laurbe\" rel=\"noreferrer noopener\" target=\"_blank\">http:\/\/laurbeufpb.wixsite.com\/laurbe<\/a><\/p>\n\n\n\n<p class=\"has-text-color has-link-color wp-elements-1919da5e071af8eb66252af5d3848404\" style=\"color:#24395c\"><strong>LADEPI<\/strong><\/p>\n\n\n\n<p class=\" \">Laborat\u00f3rio de Desenvolvimento de Produtos e Inova\u00e7\u00e3o&nbsp;&#8211;&nbsp;<a href=\"https:\/\/security.ufpb.br\/ladepi\" rel=\"noreferrer noopener\" target=\"_blank\">https:\/\/security.ufpb.br\/ladepi<\/a><br>\u200b<\/p>\n\n\n\n<h2 class=\"wp-block-heading has-text-color has-link-color wp-elements-2fcef37a0a34c3810cdf50e6530307c0\" style=\"color:#24395c\"><div class=\"linha-header\">OUTRAS\u200b INSTITUI\u00c7\u00d5ES BRASILEIRAS<\/div><\/h2>\n\n\n\n<p class=\"has-text-color has-link-color wp-elements-41765b3a16bfa500b9a9df1bd59f096d\" style=\"color:#24395c\"><strong>NGD-LDU<\/strong><\/p>\n\n\n\n<p>N\u00facleo de Gest\u00e3o de Design e Laborat\u00f3rio de Design e Usabilidade &#8211;&nbsp;<a href=\"http:\/\/ngd.ufsc.br\/\" target=\"_blank\" rel=\"noreferrer noopener\">http:\/\/ngd.ufsc.br\/<\/a>&nbsp;<\/p>\n\n\n\n<h2 class=\"wp-block-heading has-text-color has-link-color wp-elements-f65ab8c4b16f992c45f24deb481a5653\" style=\"color:#24395c\"><div class=\"linha-header\">INSTITUI\u00c7\u00d5ES ESTRANGEIRAS<\/div><\/h2>\n\n\n\n<p class=\"has-text-color has-link-color wp-elements-ea245468dd6cb3a4fe48d28c60331ad7\" style=\"color:#24395c\"><strong>G-SCOP<\/strong><\/p>\n\n\n\n<p class=\" \">(Grenoble, Fran\u00e7a) &#8211;&nbsp;<a href=\"http:\/\/www.g-scop.grenoble-inp.fr\/\" rel=\"noreferrer noopener\" target=\"_blank\">http:\/\/www.g-scop.grenoble-inp.fr\/<\/a><\/p>\n\n\n\n<p><\/p>\n","protected":false},"excerpt":{"rendered":"<p>UNIVERSIDADE FEDERAL DA PARA\u00cdBA LECCUR Laborat\u00f3rio de Estudos sobre Cidades, Culturas Contempor\u00e2neas e Urbanidades &#8211;&nbsp;https:\/\/leccur.wordpress.com\/&nbsp; [&hellip;]<\/p>\n","protected":false},"author":418,"featured_media":0,"parent":0,"menu_order":0,"comment_status":"closed","ping_status":"closed","template":"","meta":{"footnotes":""},"class_list":["post-48","page","type-page","status-publish","hentry"],"_links":{"self":[{"href":"https:\/\/www.ct.ufpb.br\/lacesse\/wp-json\/wp\/v2\/pages\/48","targetHints":{"allow":["GET"]}}],"collection":[{"href":"https:\/\/www.ct.ufpb.br\/lacesse\/wp-json\/wp\/v2\/pages"}],"about":[{"href":"https:\/\/www.ct.ufpb.br\/lacesse\/wp-json\/wp\/v2\/types\/page"}],"author":[{"embeddable":true,"href":"https:\/\/www.ct.ufpb.br\/lacesse\/wp-json\/wp\/v2\/users\/418"}],"replies":[{"embeddable":true,"href":"https:\/\/www.ct.ufpb.br\/lacesse\/wp-json\/wp\/v2\/comments?post=48"}],"version-history":[{"count":3,"href":"https:\/\/www.ct.ufpb.br\/lacesse\/wp-json\/wp\/v2\/pages\/48\/revisions"}],"predecessor-version":[{"id":258,"href":"https:\/\/www.ct.ufpb.br\/lacesse\/wp-json\/wp\/v2\/pages\/48\/revisions\/258"}],"wp:attachment":[{"href":"https:\/\/www.ct.ufpb.br\/lacesse\/wp-json\/wp\/v2\/media?parent=48"}],"curies":[{"name":"wp","href":"https:\/\/api.w.org\/{rel}","templated":true}]}}