{"id":44,"date":"2025-10-01T15:44:33","date_gmt":"2025-10-01T18:44:33","guid":{"rendered":"https:\/\/www.ct.ufpb.br\/lacesse\/?page_id=44"},"modified":"2026-03-23T13:42:26","modified_gmt":"2026-03-23T16:42:26","slug":"pos-graduacao","status":"publish","type":"page","link":"https:\/\/www.ct.ufpb.br\/lacesse\/pos-graduacao\/","title":{"rendered":"P\u00f3s-Gradua\u00e7\u00e3o"},"content":{"rendered":"\n<h2 class=\"wp-block-heading has-text-color has-link-color wp-elements-d83a1bc8e7f618f5bbd3c2e9ea2c91cc\" style=\"color:#1c3658\"><div class=\"linha-header\">Em andamento<strong> <\/strong><\/div><\/h2>\n\n\n\n<h2 class=\"wp-block-heading has-text-color has-link-color wp-elements-262c7c43dd829c8ba5b69f4684a24351\" style=\"color:#1c3658\"><div class=\"linha-header\">Eduardo Augusto Monteiro de Almeida<\/div><\/h2>\n\n\n\n<p>Doutorando bolsista PPGAU<\/p>\n\n\n\n<h2 class=\"wp-block-heading has-text-color has-link-color wp-elements-9765220b707a6aa66d456841044501e8\" style=\"color:#1c3658\"><div class=\"linha-header\">\u2060Hylana D\u00e1vyla de Medeiros Leandro<\/div><\/h2>\n\n\n\n<p>Mestranda bolsista PPGAU<\/p>\n\n\n\n<h2 class=\"wp-block-heading has-text-color has-link-color wp-elements-9c8a8ace0a63c738d870624dcf90e79c\" style=\"color:#1c3658\"><div class=\"linha-header\">Isaura Cardoso Brand\u00e3o<\/div><\/h2>\n\n\n\n<p>Mestranda bolsista PPGAU<\/p>\n\n\n\n<h2 class=\"wp-block-heading has-text-color has-link-color wp-elements-da77d97f09d72190779ca2d5041b164f\" style=\"color:#1c3658\"><div class=\"linha-header\">Juliana Kelle da Silveira <\/div><\/h2>\n\n\n\n<p>Mestranda bolsista PPGAU<\/p>\n\n\n\n<h2 class=\"wp-block-heading has-text-color has-link-color wp-elements-7129dc296965846187963b23e1e4f8d1\" style=\"color:#1c3658\"><div class=\"linha-header\">Ano: 2022 <\/div><\/h2>\n\n\n\n<p>Sheila Rodrigues de Albuquerque<\/p>\n\n\n\n<p>Helen Karine Gomes Dantas<\/p>\n\n\n\n<p>Isaura Cavalcanti Brand\u00e3o Neta<\/p>\n\n\n\n<p>Eduardo Augusto Monteiro de Almeida<\/p>\n\n\n\n<p>Ana Cristina Claudino de Melo<\/p>\n\n\n\n<p>Imara Ang\u00e9lica Mac\u00eado Duarte<\/p>\n\n\n\n<p>Diogo Gomes Pereira Batista<\/p>\n\n\n\n<h2 class=\"wp-block-heading has-text-color has-link-color wp-elements-c95c152f8eb5e25cb1dd9e49321e1fc1\" style=\"color:#1c3658\"><div class=\"linha-header\">Ano: 2020 <\/div><\/h2>\n\n\n\n<p>Hilton Messias de Souto Filho<\/p>\n\n\n\n<p>Narayana Barrios Marinho<\/p>\n\n\n\n<p>Renato Fonseca Livramento da Silva<\/p>\n\n\n\n<h2 class=\"wp-block-heading has-text-color has-link-color wp-elements-104109b0f88ea248bc1d9176739399da\" style=\"color:#1c3658\"><div class=\"linha-header\">Ano: 2016<\/div><\/h2>\n\n\n\n<p>Dhyego de Lima Nogueira<\/p>\n\n\n\n<h2 class=\"wp-block-heading has-text-color has-link-color wp-elements-ce96b2a55dce716491df42356905888e\" style=\"color:#1c3658\"><div class=\"linha-header\">Ano: 2015<\/div><\/h2>\n\n\n\n<p>Caroline Mu\u00f1oz Cevada<\/p>\n\n\n\n<p>Dhyego de Lima Nogueira<\/p>\n\n\n\n<p>Emanoella Bella Sarmento Salgueiro Eliz\u00e1rio Matias<\/p>\n\n\n\n<p>Mariana de Sousa Siqueira Santos<\/p>\n\n\n\n<p>Marjorie Maria de Abreu Gomes<\/p>\n\n\n\n<h2 class=\"wp-block-heading has-text-color has-link-color wp-elements-d39f83e87f0b9254ce4cb31b01f4db7d\" style=\"color:#1c3658\"><div class=\"linha-header\">Ano: 2014<\/div><\/h2>\n\n\n\n<p>Caroline Mu\u00f1oz Cevada<\/p>\n\n\n\n<p>Helen Carmem Ferreira Rebou\u00e7as<\/p>\n\n\n\n<p>Emanoella Bella Sarmento Salgueiro Eliz\u00e1rio Matias<\/p>\n\n\n\n<p>Mariana de Sousa Siqueira Santos<\/p>\n\n\n\n<p>Larissa Scarano Pereira Matos da Silva<\/p>\n\n\n\n<p>Marjorie Maria de Abreu Gomes<\/p>\n\n\n\n<h2 class=\"wp-block-heading has-text-color has-link-color wp-elements-4941867452aecb9d553be9ebf35cd62a\" style=\"color:#1c3658\"><div class=\"linha-header\">Ano: 2013<\/div><\/h2>\n\n\n\n<p>Caroline Mu\u00f1oz Cevada<\/p>\n\n\n\n<p>Helen Carmem Ferreira Rebou\u00e7as<\/p>\n\n\n\n<p>Larissa Scarano Pereira Matos da Silva<\/p>\n\n\n\n<p><\/p>\n","protected":false},"excerpt":{"rendered":"<p>Em andamento Eduardo Augusto Monteiro de Almeida Doutorando bolsista PPGAU \u2060Hylana D\u00e1vyla de Medeiros Leandro [&hellip;]<\/p>\n","protected":false},"author":418,"featured_media":0,"parent":0,"menu_order":0,"comment_status":"closed","ping_status":"closed","template":"","meta":{"footnotes":""},"class_list":["post-44","page","type-page","status-publish","hentry"],"_links":{"self":[{"href":"https:\/\/www.ct.ufpb.br\/lacesse\/wp-json\/wp\/v2\/pages\/44","targetHints":{"allow":["GET"]}}],"collection":[{"href":"https:\/\/www.ct.ufpb.br\/lacesse\/wp-json\/wp\/v2\/pages"}],"about":[{"href":"https:\/\/www.ct.ufpb.br\/lacesse\/wp-json\/wp\/v2\/types\/page"}],"author":[{"embeddable":true,"href":"https:\/\/www.ct.ufpb.br\/lacesse\/wp-json\/wp\/v2\/users\/418"}],"replies":[{"embeddable":true,"href":"https:\/\/www.ct.ufpb.br\/lacesse\/wp-json\/wp\/v2\/comments?post=44"}],"version-history":[{"count":7,"href":"https:\/\/www.ct.ufpb.br\/lacesse\/wp-json\/wp\/v2\/pages\/44\/revisions"}],"predecessor-version":[{"id":265,"href":"https:\/\/www.ct.ufpb.br\/lacesse\/wp-json\/wp\/v2\/pages\/44\/revisions\/265"}],"wp:attachment":[{"href":"https:\/\/www.ct.ufpb.br\/lacesse\/wp-json\/wp\/v2\/media?parent=44"}],"curies":[{"name":"wp","href":"https:\/\/api.w.org\/{rel}","templated":true}]}}