{"id":17,"date":"2025-05-18T20:14:46","date_gmt":"2025-05-18T23:14:46","guid":{"rendered":"https:\/\/www.ct.ufpb.br\/labcon\/?page_id=17"},"modified":"2026-03-12T13:48:23","modified_gmt":"2026-03-12T16:48:23","slug":"linhas-de-pesquisa","status":"publish","type":"page","link":"https:\/\/www.ct.ufpb.br\/labcon\/linhas-de-pesquisa\/","title":{"rendered":"Artigos"},"content":{"rendered":"\n<h2 class=\"wp-block-heading\"><div class=\"linha-header\">Publica\u00e7\u00f5es<\/div><\/h2>\n\n\n\n<p><\/p>\n\n\n\n<p>Leder, S.M.; Duarte, M.F.; Souza, E.L. Exploring urban form and microclimatic variables in a hot-humid city. <strong>PARC<\/strong>: Pesquisa em Arquitetura e Constru\u00e7\u00e3o, V. 16, p. E025020, 2025. Dispon\u00edvel: <a href=\"https:\/\/periodicos.sbu.unicamp.br\/ojs\/index.php\/parc\/article\/view\/8676874\">https:\/\/periodicos.sbu.unicamp.br\/ojs\/index.php\/parc\/article\/view\/8676874<\/a>.<\/p>\n\n\n\n<p>Noda, Lumy; Pessoa Lima, Amanda Vieira; Leder, Solange Maria; Le\u00e3o, Celina Pinto. Working from home in a tropical environment: Investigating occupant behavior, thermal and lighting comfort. <strong>Energy and Buildings<\/strong>, V. 346, p. 116183, 2025. Dispon\u00edvel: <a href=\"https:\/\/doi.org\/10.1016\/j.enbuild.2025.116183\">https:\/\/doi.org\/10.1016\/j.enbuild.2025.116183<\/a>.<\/p>\n\n\n\n<p>Quadros, Bianca Milani; Pigliautile, Ilaria; Pisello, Anna Laura; Kr\u00fcger, Eduardo Leite; Mizgier, Martin Gabriel Ordenes; Ihlenfeld, Walter; Leder, Solange Maria. Spatial and temporal validation of urban microclimate simulations. <strong>Ambiente Constru\u00eddo<\/strong>, V. 25, p. E144560, 2025. Dispon\u00edvel: <a href=\"https:\/\/doi.org\/10.1590\/s1678-86212025000100895\">https:\/\/doi.org\/10.1590\/s1678-86212025000100895<\/a>.<\/p>\n\n\n\n<p>Sim\u00f5es, Gianna Monteiro Farias; Leder, Solange Maria. From informal settlements to serial housing in brazil: conflicts and spatial fragmentation in the adaptation to a new form of living. <strong>Revista Brasileira de Estudos Urbanos e Regionais<\/strong>, V. 26, p. 1-35, 2024. Dispon\u00edvel: <a href=\"https:\/\/doi.org\/10.22296\/2317-1529.rbeur.202424pt\">https:\/\/doi.org\/10.22296\/2317-1529.rbeur.202424pt<\/a>.<\/p>\n\n\n\n<p>Leal, Lilianne Queiroz; Leder, Solange Maria. UV solar radiation in brazilian cities: A perspective to the ideal time for healthy solar exposure. <strong>Revista Nacional de Gerenciamento de Cidades<\/strong>, V. 12, p. 277-291, 2024. Dispon\u00edvel: <a href=\"https:\/\/doi.org\/10.17271\/23188472128520244190\">https:\/\/doi.org\/10.17271\/23188472128520244190<\/a>.<\/p>\n\n\n\n<p>Kr\u00fcger, Eduardo; Ihlenfeld, Walter; Callejas, Ivan; Leder, Solange. Introducing PLEMS: The application of a low-cost, portable monitoring system in environmental walks. International <strong>Journal of Biometeorology<\/strong>, V. 69, p. S00484-024-0275, 2024. Cita\u00e7\u00f5es:5|2. Dispon\u00edvel: <a href=\"https:\/\/doi.org\/10.1007\/s00484-024-02754-x\">https:\/\/doi.org\/10.1007\/s00484-024-02754-x<\/a>.<\/p>\n\n\n\n<p>Leder, Solange Maria; Oliveira, Andreia Cardoso; Le\u00e3o, Celina Pinto; Souza, Erivaldo Lopes. Exploring how social housing residents interact with building openings in a hot-humid climate. <strong>Indoor Environments<\/strong>, V. 1, p. 100038, 2024. Dispon\u00edvel: <a href=\"https:\/\/doi.org\/10.1016\/j.indenv.2024.100038\">https:\/\/doi.org\/10.1016\/j.indenv.2024.100038<\/a>.<\/p>\n\n\n\n<p>Callejas, Ivan; Ihlenfeld, W.; Krueger, E. L.; Leder, Solange. Julio Apolonio Callejas; Walter Ihlenfeld. Mochila bioclim\u00e1tica port\u00e1til de baixo custo para monitoramento din\u00e2mico microclim\u00e1tico em espa\u00e7os abertos. <strong>PARC<\/strong>: Pesquisa em Arquitetura e Constru\u00e7\u00e3o, V. 15, p. E024017-1-E024017-22, 2024. Dispon\u00edvel: <a href=\"https:\/\/periodicos.sbu.unicamp.br\/ojs\/index.php\/parc\/article\/view\/8675281\">https:\/\/periodicos.sbu.unicamp.br\/ojs\/index.php\/parc\/article\/view\/8675281<\/a>.<\/p>\n\n\n\n<p>Sim\u00f5es, Gianna Monteiro Farias; Labaki, Lucila Chebel; Leder, Solange Maria. Thermal discomfort and adaptation strategies in brazilian social housing. <strong>Building and Environment<\/strong>, V. 269, p. 112368, 2024. Cita\u00e7\u00f5es: 3. Dispon\u00edvel: <a href=\"https:\/\/doi.org\/10.1016\/j.buildenv.2024.112368\">https:\/\/doi.org\/10.1016\/j.buildenv.2024.112368<\/a>.<\/p>\n\n\n\n<p>Costa, Tain\u00e1 Gomes Santos; Leder, Solange Maria; Quirino, Luana Maria Medeiros. Ilumin\u00e2ncia, contraste e percep\u00e7\u00e3o da ilumina\u00e7\u00e3o em escolas no clima tropical. <strong>PARC<\/strong>: Pesquisa em Arquitetura e Constru\u00e7\u00e3o, V. 15, p. E024019, 2024. Dispon\u00edvel: <a href=\"https:\/\/periodicos.sbu.unicamp.br\/ojs\/index.php\/parc\/article\/view\/8674280\">https:\/\/periodicos.sbu.unicamp.br\/ojs\/index.php\/parc\/article\/view\/8674280<\/a>.<\/p>\n\n\n\n<p>Kr\u00fcger, Eduardo; Ihlenfeld, Walter; Leder, Solange; Lima, Linccon Carvalho. Application of microcontroller-based systems in human biometeorology studies: a bibliometric analysis. <strong>International Journal of Biometeorology<\/strong>, V. 67, p. 1, 2023. Cita\u00e7\u00f5es:3|3 Dispon\u00edvel: <a href=\"https:\/\/doi.org\/10.1007\/s00484-023-02518-z\">https:\/\/doi.org\/10.1007\/s00484-023-02518-z<\/a>.<\/p>\n\n\n\n<p>Lima, A.; Noda, L. B.; Souza, J. F.; Leder, Solange. O impacto das janelas na percep\u00e7\u00e3o visual em ambientes de escrit\u00f3rios no clima tropical quente e \u00famido. <strong>Ambiente Constru\u00eddo<\/strong>, V. 22, p. 137-154, 2022. Dispon\u00edvel: <a href=\"https:\/\/doi.org\/10.1590\/s1678-86212022000400632\">https:\/\/doi.org\/10.1590\/s1678-86212022000400632<\/a>.<\/p>\n\n\n\n<p>Farias, G. G. P. M.; Leder, Solange. More space, please: Spatial adaptations (modifications) and their impact on the habitability of social houses. <strong>Ambiente Constru\u00eddo<\/strong>, V. 22, p. 7-29, 2022. Dispon\u00edvel: <a href=\"https:\/\/doi.org\/10.1590\/s1678-86212022000300607\">https:\/\/doi.org\/10.1590\/s1678-86212022000300607<\/a>.<\/p>\n\n\n\n<p>Farias, G. G. P. M.; Leder, Solange Maria. Energy poverty: The paradox between low income and increasing household energy consumption in Brazil. <strong>Energy and Buildings<\/strong>, V. 268, p. 112234, 2022. Cita\u00e7\u00f5es:26|17. Dispon\u00edvel: <a href=\"https:\/\/doi.org\/10.1016\/j.enbuild.2022.112234\">https:\/\/doi.org\/10.1016\/j.enbuild.2022.112234<\/a>.<\/p>\n\n\n\n<p>Sim\u00f5es, Gianna Monteiro Farias; Leder, Solange Maria; Labaki, Lucila Chebel. How uncomfortable and unhealthy can social (low-cost) housing in brazil become with use? <strong>Building and Environment<\/strong>, V. 205, p. 108218, 2021. Cita\u00e7\u00f5es:12|11. Dispon\u00edvel: <a href=\"https:\/\/doi.org\/10.1016\/j.buildenv.2021.108218\">https:\/\/doi.org\/10.1016\/j.buildenv.2021.108218<\/a>.<\/p>\n\n\n\n<p>Debnath, Ramit; Simoes, Gianna Monteiro Farias; Bardhan, Ronita; Leder, Solange Maria; Lamberts, Roberto; Sunikka-Blank, Minna. Energy justice in slum rehabilitation housing: an empirical exploration of built environment effects on socio-cultural energy demand. <strong>Sustainability<\/strong>, V. 12, p. 3027, 2020. Cita\u00e7\u00f5es:24|24. Dispon\u00edvel: <a href=\"https:\/\/doi.org\/10.3390\/su12073027\">https:\/\/doi.org\/10.3390\/su12073027<\/a>.<\/p>\n\n\n\n<p>Noda, L. B.; Lima, A.; Souza, J. F.; Leder, Solange; Quirino, L. M. M. Thermal and visual comfort of schoolchildren in air-conditioned classrooms in hot and humid climates. <strong>Building and Environment<\/strong>, V. 182, p. 107156, 2020. Cita\u00e7\u00f5es:24|25. Dispon\u00edvel: <a href=\"https:\/\/doi.org\/10.1016\/j.buildenv.2020.107156\">https:\/\/doi.org\/10.1016\/j.buildenv.2020.107156<\/a>.<\/p>\n\n\n\n<p>Silveira, J. G.; Sousa, Mayara Cynthia Brasileiro; Leder, Solange. A percep\u00e7\u00e3o da ambi\u00eancia t\u00e9rmica e as estrat\u00e9gias de adapta\u00e7\u00e3o: estudo de caso com idosos no clima tropical. <strong>Ambiente Constru\u00eddo<\/strong>, V. 20, p. 99-120, 2020. Dispon\u00edvel: <a href=\"https:\/\/doi.org\/10.1590\/s1678-86212020000400462\">https:\/\/doi.org\/10.1590\/s1678-86212020000400462<\/a>.<\/p>\n\n\n\n<p>Souza, J; Nogueira, B L; Lima, Amanda V P; Leder, Solange Maria. Thermal comfort analysis in both naturally ventilated and air-conditioned classrooms in a warm and humid climate. Iop Conference Series: Earth and Environmental Science, V. 503, p. 012044, 2020. Cita\u00e7\u00f5es:4. Dispon\u00edvel: <a href=\"https:\/\/doi.org\/10.1088\/1755-1315\/503\/1\/012044\">https:\/\/doi.org\/10.1088\/1755-1315\/503\/1\/012044<\/a>.<\/p>\n\n\n\n<p>Lima, L. C.; Leder, Solange Maria; Silva, L. B.; Souza, E. L. Conforto t\u00e9rmico em espa\u00e7os abertos no clima quente e \u00famido: estudo de caso em um parque urbano no bioma Mata Atl\u00e2ntica. <strong>Ambiente Constru\u00eddo<\/strong>, V. 19, p. 109-127, 2019. Dispon\u00edvel: <a href=\"https:\/\/doi.org\/10.1590\/s1678-86212019000200311\">https:\/\/doi.org\/10.1590\/s1678-86212019000200311<\/a>.<\/p>\n\n\n\n<p>Sousa, Mayara Cynthia Brasileiro; Leder, Solange Maria. Reflex\u00f5es sobre terminologias utilizadas para definir o conforto t\u00e9rmico humano. <strong>PARC<\/strong>: Pesquisa em Arquitetura e Constru\u00e7\u00e3o, V. 10, p. E019028, 2019. Dispon\u00edvel: <a href=\"https:\/\/periodicos.sbu.unicamp.br\/ojs\/index.php\/parc\/article\/view\/8653185\">https:\/\/periodicos.sbu.unicamp.br\/ojs\/index.php\/parc\/article\/view\/8653185<\/a>.<\/p>\n\n\n\n<p>Leal, L. Q.; Leder, Solange Maria. Ilumina\u00e7\u00e3o natural e ofuscamento: estudo de caso em edif\u00edcios residenciais multipavimentos. <strong>Ambiente Constru\u00eddo<\/strong>, V. 18, p. 97-117, 2018. Dispon\u00edvel: <a href=\"https:\/\/doi.org\/10.1590\/s1678-86212018000400296\">https:\/\/doi.org\/10.1590\/s1678-86212018000400296<\/a>.<\/p>\n\n\n\n<p>Rabello, Neli Almeida; Leder, Solange Maria; Silva, L. B. The relation between low frequency non-ionizing radiation and the vertical urban morphology. <strong>Ceset<\/strong>: Conforto, Efici\u00eancia E Seguran\u00e7a no Trabalho, V. 5, p. 5-14, 2018.<\/p>\n\n\n\n<p>Costa Lima, Eliana; Leder, Solange Maria. Medi\u00e7\u00e3o e modelagem simplificada da vegeta\u00e7\u00e3o para simula\u00e7\u00e3o digital da ilumina\u00e7\u00e3o natural. <strong>Ambiente Constru\u00eddo<\/strong>, V. 17, p. 233-252, 2017. Dispon\u00edvel: <a href=\"https:\/\/doi.org\/10.1590\/s1678-86212017000400195\">https:\/\/doi.org\/10.1590\/s1678-86212017000400195<\/a>.<\/p>\n\n\n\n<p>Castro, G. N.; Leder, Solange Maria; Silva, Luiz Bueno; Souza, Erivaldo Lopes. Componentes de condu\u00e7\u00e3o da luz natural em edif\u00edcios multifamiliares: An\u00e1lise de um c\u00f3digo de obras. <strong>Ambiente Constru\u00eddo<\/strong>, V. 15, p. 25-45, 2015. Dispon\u00edvel: <a href=\"https:\/\/doi.org\/10.1590\/s1678-86212015000200012\">https:\/\/doi.org\/10.1590\/s1678-86212015000200012<\/a>.<\/p>\n\n\n\n<p>Leder, Solange; Newsham, Guy R.; Veitch, Jennifer A.; Mancini, Sandra; Charles, Kate E. Effects of office environment on employee satisfaction: a new analysis. <strong>Building Research and Information<\/strong>, V. 43, p. 1-17, 2015. Cita\u00e7\u00f5es:110|130. Dispon\u00edvel: <a href=\"https:\/\/doi.org\/10.1080\/09613218.2014.1003176\">https:\/\/doi.org\/10.1080\/09613218.2014.1003176<\/a>.<\/p>\n\n\n\n<p>Pereira, D. A. M.; Cavalcanti, A. L.; Guerrero, R. E. L.; Leder, Solange Maria. Qualitative and quantitative evaluation of thermal comfort of semi-open spaces of a university campus. <strong>Ceset.<\/strong> Conforto, Efici\u00eancia e Seguran\u00e7a no Trabalho, V. 21, p. 13-22, 2015.<\/p>\n\n\n\n<p>Oliveira, A. C.; Leder, Solange Maria. Tra\u00e7ando o perfil clim\u00e1tico a partir do TRY: Defini\u00e7\u00e3o de estrat\u00e9gias bioclim\u00e1ticas para projetos de arquitetura em munic\u00edpios paraibanos. <strong>Cadernos do Proarq <\/strong>(UFRJ), V. 20, p. 138-165, 2014. Dispon\u00edvel: <a href=\"https:\/\/cadernos.proarq.fau.ufrj.br\/public\/docs\/Proarq_20-137.pdf\">https:\/\/cadernos.proarq.fau.ufrj.br\/public\/docs\/Proarq_20-137.pdf<\/a>.<\/p>\n\n\n\n<p>Marques, M. P.; Leder, Solange Maria. Sombreamento e ilumina\u00e7\u00e3o natural na an\u00e1lise da prote\u00e7\u00e3o solar. <strong>Cadernos de Arquitetura e Urbanismo<\/strong> (PUCMG), V. 21, p. 139-153, 2014. Dispon\u00edvel: <a href=\"https:\/\/doi.org\/10.5752\/P.2316-1752.2014v21n29p138\">https:\/\/doi.org\/10.5752\/P.2316-1752.2014v21n29p138<\/a>.<\/p>\n\n\n\n<p>Lima, E. F. C.; Leder, Solange Maria. Conforto ambiental e efici\u00eancia energ\u00e9tica na reciclagem de edif\u00edcios para habita\u00e7\u00e3o de interesse social. <strong>PARC<\/strong>: Pesquisa em Arquitetura e Constru\u00e7\u00e3o, V. 3, p. 49-65, 2012. Dispon\u00edvel: <a href=\"https:\/\/doi.org\/10.20396\/parc.v3i2.8634567\">https:\/\/doi.org\/10.20396\/parc.v3i2.8634567<\/a>.<\/p>\n\n\n\n<p>De Leon, R. P.; Leder, Solange Maria. An\u00e1lise da magnitude da influ\u00eancia clim\u00e1tica de um remanescente de mata atl\u00e2ntica sobre o seu entorno urbanizado em clima quente-\u00famido: Estudo de caso em Jo\u00e3o Pessoa-PB. <strong>Cadernos do Proarq<\/strong> (UFRJ), V. 18, p. 00, 2012. Dispon\u00edvel: <a href=\"https:\/\/cadernos.proarq.fau.ufrj.br\/public\/docs\/Proarq18_AnaliseMagnitude_AmorimLeder.pdf\">https:\/\/cadernos.proarq.fau.ufrj.br\/public\/docs\/Proarq18_AnaliseMagnitude_AmorimLeder.pdf<\/a>.<\/p>\n\n\n\n<p>Sobreira, L. C.; Leder, Solange Maria; Gonl\u00e7alves, F. A.; Rosa, P. R. O. Expans\u00e3o urbana e varia\u00e7\u00f5es mesoclim\u00e1ticas em Jo\u00e3o Pessoa &#8211; PB. <strong>Ambiente Constru\u00eddo<\/strong>, V. 11, p. 125-138, 2011. Dispon\u00edvel: <a href=\"https:\/\/doi.org\/10.1590\/S1678-86212011000200009\">https:\/\/doi.org\/10.1590\/S1678-86212011000200009<\/a>.<\/p>\n\n\n\n<p>Leder, Solange Maria; Pereira, F. O. R.&nbsp; Claro, A. Janela de c\u00e9u prefer\u00edvel: Proposi\u00e7\u00e3o de um par\u00e2metro para controle da disponibilidade de luz natural no meio urbano. <strong>Ambiente Constru\u00eddo<\/strong>, V. 8, p. 89-104, 2008. Dispon\u00edvel: <a href=\"https:\/\/seer.ufrgs.br\/index.php\/ambienteconstruido\/article\/view\/3801\">https:\/\/seer.ufrgs.br\/index.php\/ambienteconstruido\/article\/view\/3801<\/a>.<\/p>\n\n\n\n<p>Leder, Solange Maria; Pereira, F. O. R. Ocupa\u00e7\u00e3o urbana e disponibilidade de luz natural. <strong>Revista Minerva<\/strong>, V. 5, p. 129-138, 2008. Dispon\u00edvel: <a href=\"https:\/\/www.fipai.org.br\/revista-minerva\/\">https:\/\/www.fipai.org.br\/revista-minerva\/<\/a>.<\/p>\n","protected":false},"excerpt":{"rendered":"<p>Publica\u00e7\u00f5es Leder, S.M.; Duarte, M.F.; Souza, E.L. Exploring urban form and microclimatic variables in a [&hellip;]<\/p>\n","protected":false},"author":47,"featured_media":73,"parent":0,"menu_order":0,"comment_status":"closed","ping_status":"closed","template":"","meta":{"footnotes":""},"class_list":["post-17","page","type-page","status-publish","has-post-thumbnail","hentry"],"_links":{"self":[{"href":"https:\/\/www.ct.ufpb.br\/labcon\/wp-json\/wp\/v2\/pages\/17","targetHints":{"allow":["GET"]}}],"collection":[{"href":"https:\/\/www.ct.ufpb.br\/labcon\/wp-json\/wp\/v2\/pages"}],"about":[{"href":"https:\/\/www.ct.ufpb.br\/labcon\/wp-json\/wp\/v2\/types\/page"}],"author":[{"embeddable":true,"href":"https:\/\/www.ct.ufpb.br\/labcon\/wp-json\/wp\/v2\/users\/47"}],"replies":[{"embeddable":true,"href":"https:\/\/www.ct.ufpb.br\/labcon\/wp-json\/wp\/v2\/comments?post=17"}],"version-history":[{"count":9,"href":"https:\/\/www.ct.ufpb.br\/labcon\/wp-json\/wp\/v2\/pages\/17\/revisions"}],"predecessor-version":[{"id":191,"href":"https:\/\/www.ct.ufpb.br\/labcon\/wp-json\/wp\/v2\/pages\/17\/revisions\/191"}],"wp:featuredmedia":[{"embeddable":true,"href":"https:\/\/www.ct.ufpb.br\/labcon\/wp-json\/wp\/v2\/media\/73"}],"wp:attachment":[{"href":"https:\/\/www.ct.ufpb.br\/labcon\/wp-json\/wp\/v2\/media?parent=17"}],"curies":[{"name":"wp","href":"https:\/\/api.w.org\/{rel}","templated":true}]}}