{"id":82,"date":"2026-03-24T10:07:54","date_gmt":"2026-03-24T13:07:54","guid":{"rendered":"https:\/\/www.ct.ufpb.br\/informatica\/?page_id=82"},"modified":"2026-03-24T10:09:09","modified_gmt":"2026-03-24T13:09:09","slug":"laboratorio-03","status":"publish","type":"page","link":"https:\/\/www.ct.ufpb.br\/informatica\/laboratorio-03\/","title":{"rendered":"Laborat\u00f3rio 03"},"content":{"rendered":"\n<p><strong>Localiza\u00e7\u00e3o<\/strong>: Ambiente dos Professores (T\u00e9rreo)<\/p>\n\n\n\n<p><strong>Espa\u00e7o:<\/strong>&nbsp;18 computadores<\/p>\n\n\n\n<p>\u27a1\ufe0f <a href=\"https:\/\/cloud.ct.ufpb.br\/apps\/calendar\/p\/KsEs5yam6C4QRTEg\" target=\"_blank\" rel=\"noreferrer noopener\">Hor\u00e1rio de Aulas<\/a><\/p>\n\n\n\n<p><\/p>\n","protected":false},"excerpt":{"rendered":"<p>Localiza\u00e7\u00e3o: Ambiente dos Professores (T\u00e9rreo) Espa\u00e7o:&nbsp;18 computadores \u27a1\ufe0f Hor\u00e1rio de Aulas<\/p>\n","protected":false},"author":285,"featured_media":0,"parent":0,"menu_order":0,"comment_status":"closed","ping_status":"closed","template":"","meta":{"footnotes":""},"class_list":["post-82","page","type-page","status-publish","hentry"],"_links":{"self":[{"href":"https:\/\/www.ct.ufpb.br\/informatica\/wp-json\/wp\/v2\/pages\/82","targetHints":{"allow":["GET"]}}],"collection":[{"href":"https:\/\/www.ct.ufpb.br\/informatica\/wp-json\/wp\/v2\/pages"}],"about":[{"href":"https:\/\/www.ct.ufpb.br\/informatica\/wp-json\/wp\/v2\/types\/page"}],"author":[{"embeddable":true,"href":"https:\/\/www.ct.ufpb.br\/informatica\/wp-json\/wp\/v2\/users\/285"}],"replies":[{"embeddable":true,"href":"https:\/\/www.ct.ufpb.br\/informatica\/wp-json\/wp\/v2\/comments?post=82"}],"version-history":[{"count":2,"href":"https:\/\/www.ct.ufpb.br\/informatica\/wp-json\/wp\/v2\/pages\/82\/revisions"}],"predecessor-version":[{"id":85,"href":"https:\/\/www.ct.ufpb.br\/informatica\/wp-json\/wp\/v2\/pages\/82\/revisions\/85"}],"wp:attachment":[{"href":"https:\/\/www.ct.ufpb.br\/informatica\/wp-json\/wp\/v2\/media?parent=82"}],"curies":[{"name":"wp","href":"https:\/\/api.w.org\/{rel}","templated":true}]}}