{"id":7,"date":"2026-03-20T11:30:46","date_gmt":"2026-03-20T14:30:46","guid":{"rendered":"https:\/\/www.ct.ufpb.br\/informatica\/?page_id=7"},"modified":"2026-03-24T09:56:34","modified_gmt":"2026-03-24T12:56:34","slug":"sistemas-do-centro","status":"publish","type":"page","link":"https:\/\/www.ct.ufpb.br\/informatica\/sistemas-do-centro\/","title":{"rendered":"Sistemas do Centro"},"content":{"rendered":"\n<p id=\"block-e6a2bf47-b4ba-43e8-bed8-7bbe18f6ff16\">Os sistemas digitais do Centro de Tecnologia (CT) da Universidade Federal da Para\u00edba (UFPB) comp\u00f5em um conjunto de ferramentas institucionais desenvolvidas para apoiar a gest\u00e3o administrativa, acad\u00eamica e tecnol\u00f3gica da unidade, al\u00e9m de facilitar o acesso da comunidade a servi\u00e7os e informa\u00e7\u00f5es. Esses sistemas contribuem para a organiza\u00e7\u00e3o dos processos internos, a comunica\u00e7\u00e3o entre setores e a melhoria da efici\u00eancia no atendimento \u00e0s demandas da comunidade universit\u00e1ria.<\/p>\n\n\n\n<div class=\"wp-block-columns is-layout-flex wp-container-core-columns-is-layout-9d6595d7 wp-block-columns-is-layout-flex\">\n<div class=\"wp-block-column is-layout-flow wp-block-column-is-layout-flow\"><div class=\"wp-block-image\">\n<figure class=\"aligncenter size-full is-resized\"><a href=\"https:\/\/status.ct.ufpb.br\/status\/ct\" target=\"_blank\" rel=\" noreferrer noopener\"><img loading=\"lazy\" decoding=\"async\" width=\"1000\" height=\"700\" src=\"http:\/\/www.ct.ufpb.br\/informatica\/wp-content\/uploads\/sites\/107\/sites\/464\/2026\/03\/monitoract.png\" alt=\"\" class=\"wp-image-17\" style=\"aspect-ratio:1.4993677204658902;width:201px;height:auto\" srcset=\"https:\/\/www.ct.ufpb.br\/informatica\/wp-content\/uploads\/sites\/107\/sites\/464\/2026\/03\/monitoract.png 1000w, https:\/\/www.ct.ufpb.br\/informatica\/wp-content\/uploads\/sites\/107\/sites\/464\/2026\/03\/monitoract-300x210.png 300w, https:\/\/www.ct.ufpb.br\/informatica\/wp-content\/uploads\/sites\/107\/sites\/464\/2026\/03\/monitoract-768x538.png 768w\" sizes=\"auto, (max-width: 1000px) 100vw, 1000px\" \/><\/a><\/figure>\n<\/div>\n\n\n<p class=\"has-text-align-center\"><a href=\"https:\/\/status.ct.ufpb.br\/status\/ct\" data-type=\"link\" data-id=\"https:\/\/ct.ufpb.br\/\" target=\"_blank\" rel=\"noreferrer noopener\">Monitora CT<\/a><\/p>\n\n\n\n<p class=\"has-text-align-center\"><img decoding=\"async\" src=\"https:\/\/status.ct.ufpb.br\/api\/badge\/11\/status?style=flat-square\" alt=\"\"><\/p>\n\n\n\n<p><em>Monitoramento da rede do Centro de Tecnologia, acompanhando o desempenho, a disponibilidade e o funcionamento de equipamentos e servi\u00e7os de TI.<\/em><\/p>\n<\/div>\n\n\n\n<div class=\"wp-block-column is-layout-flow wp-block-column-is-layout-flow\"><div class=\"wp-block-image\">\n<figure class=\"aligncenter size-full is-resized\"><img loading=\"lazy\" decoding=\"async\" width=\"1000\" height=\"700\" src=\"http:\/\/www.ct.ufpb.br\/informatica\/wp-content\/uploads\/sites\/107\/sites\/464\/2026\/03\/atendimento-1.png\" alt=\"\" class=\"wp-image-11\" style=\"aspect-ratio:1.428625784767582;width:190px;height:auto\" srcset=\"https:\/\/www.ct.ufpb.br\/informatica\/wp-content\/uploads\/sites\/107\/sites\/464\/2026\/03\/atendimento-1.png 1000w, https:\/\/www.ct.ufpb.br\/informatica\/wp-content\/uploads\/sites\/107\/sites\/464\/2026\/03\/atendimento-1-300x210.png 300w, https:\/\/www.ct.ufpb.br\/informatica\/wp-content\/uploads\/sites\/107\/sites\/464\/2026\/03\/atendimento-1-768x538.png 768w\" sizes=\"auto, (max-width: 1000px) 100vw, 1000px\" \/><\/figure>\n<\/div>\n\n\n<p class=\"has-text-align-center\"><a href=\"https:\/\/atendimento.ct.ufpb.br\/\" data-type=\"link\" data-id=\"https:\/\/atendimento.ct.ufpb.br\/\" target=\"_blank\" rel=\"noreferrer noopener\">Atende CT<\/a><\/p>\n\n\n\n<p class=\"has-text-align-center\"><img decoding=\"async\" src=\"https:\/\/status.ct.ufpb.br\/api\/badge\/2\/status?style=flat-square\" alt=\"\"><\/p>\n\n\n\n<p><em>Plataforma para registrar, organizar e acompanhar chamados de suporte ou servi\u00e7os, otimizando o gerenciamento e o atendimento das demandas dos usu\u00e1rios.<\/em><\/p>\n<\/div>\n<\/div>\n\n\n\n<div class=\"wp-block-columns is-layout-flex wp-container-core-columns-is-layout-9d6595d7 wp-block-columns-is-layout-flex\">\n<div class=\"wp-block-column is-layout-flow wp-block-column-is-layout-flow\"><div class=\"wp-block-image\">\n<figure class=\"aligncenter size-full is-resized\"><img loading=\"lazy\" decoding=\"async\" width=\"1024\" height=\"717\" src=\"http:\/\/www.ct.ufpb.br\/informatica\/wp-content\/uploads\/sites\/107\/sites\/464\/2026\/03\/ajudact.jpg\" alt=\"\" class=\"wp-image-10\" style=\"aspect-ratio:1.42826780021254;width:201px;height:auto\" srcset=\"https:\/\/www.ct.ufpb.br\/informatica\/wp-content\/uploads\/sites\/107\/sites\/464\/2026\/03\/ajudact.jpg 1024w, https:\/\/www.ct.ufpb.br\/informatica\/wp-content\/uploads\/sites\/107\/sites\/464\/2026\/03\/ajudact-300x210.jpg 300w, https:\/\/www.ct.ufpb.br\/informatica\/wp-content\/uploads\/sites\/107\/sites\/464\/2026\/03\/ajudact-768x538.jpg 768w\" sizes=\"auto, (max-width: 1024px) 100vw, 1024px\" \/><\/figure>\n<\/div>\n\n\n<p class=\"has-text-align-center\"><a href=\"https:\/\/ajuda.ct.ufpb.br\/\" data-type=\"link\" data-id=\"https:\/\/ajuda.ct.ufpb.br\/\" target=\"_blank\" rel=\"noreferrer noopener\">Ajuda CT<\/a><\/p>\n\n\n\n<p class=\"has-text-align-center\"><img decoding=\"async\" src=\"https:\/\/status.ct.ufpb.br\/api\/badge\/12\/status?style=flat-square\" alt=\"\"><\/p>\n\n\n\n<p><em>Base de conhecimento e documenta\u00e7\u00e3o online para organizar e prover informa\u00e7\u00f5es, manuais e orienta\u00e7\u00f5es \u00e0 comunidade acad\u00eamica e administrativa do CT.<\/em><\/p>\n<\/div>\n\n\n\n<div class=\"wp-block-column is-layout-flow wp-block-column-is-layout-flow\"><div class=\"wp-block-image\">\n<figure class=\"aligncenter size-full is-resized\"><img loading=\"lazy\" decoding=\"async\" width=\"1024\" height=\"682\" src=\"http:\/\/www.ct.ufpb.br\/informatica\/wp-content\/uploads\/sites\/107\/sites\/464\/2026\/03\/Gemini_Generated_Image_jfqicjjfqicjjfqi-1024x682-1.png\" alt=\"\" class=\"wp-image-16\" style=\"aspect-ratio:1.5012661602025856;width:209px;height:auto\" srcset=\"https:\/\/www.ct.ufpb.br\/informatica\/wp-content\/uploads\/sites\/107\/sites\/464\/2026\/03\/Gemini_Generated_Image_jfqicjjfqicjjfqi-1024x682-1.png 1024w, https:\/\/www.ct.ufpb.br\/informatica\/wp-content\/uploads\/sites\/107\/sites\/464\/2026\/03\/Gemini_Generated_Image_jfqicjjfqicjjfqi-1024x682-1-300x200.png 300w, https:\/\/www.ct.ufpb.br\/informatica\/wp-content\/uploads\/sites\/107\/sites\/464\/2026\/03\/Gemini_Generated_Image_jfqicjjfqicjjfqi-1024x682-1-768x512.png 768w\" sizes=\"auto, (max-width: 1024px) 100vw, 1024px\" \/><\/figure>\n<\/div>\n\n\n<p class=\"has-text-align-center\"><a href=\"https:\/\/docs.ct.ufpb.br\/login\" data-type=\"link\" data-id=\"https:\/\/cloud.ct.ufpb.br\/\" target=\"_blank\" rel=\"noreferrer noopener\">Docs CT<\/a><\/p>\n\n\n\n<p class=\"has-text-align-center\"><img decoding=\"async\" src=\"https:\/\/status.ct.ufpb.br\/api\/badge\/5\/status?style=flat-square\" alt=\"\"><\/p>\n\n\n\n<p><em>Reposit\u00f3rio de documentos e manuais que organizam e padronizam processos, fluxos e orienta\u00e7\u00f5es operacionais usados pelos setores do Centro.<\/em><\/p>\n<\/div>\n<\/div>\n\n\n\n<div class=\"wp-block-columns is-layout-flex wp-container-core-columns-is-layout-9d6595d7 wp-block-columns-is-layout-flex\">\n<div class=\"wp-block-column is-layout-flow wp-block-column-is-layout-flow\"><div class=\"wp-block-image\">\n<figure class=\"aligncenter size-full is-resized\"><img loading=\"lazy\" decoding=\"async\" width=\"1024\" height=\"683\" src=\"http:\/\/www.ct.ufpb.br\/informatica\/wp-content\/uploads\/sites\/107\/sites\/464\/2026\/03\/ChatGPT-Image-12-de-mar.-de-2026-21_38_30-1024x683-1.png\" alt=\"\" class=\"wp-image-12\" style=\"aspect-ratio:1.4993400791904972;width:180px;height:auto\" srcset=\"https:\/\/www.ct.ufpb.br\/informatica\/wp-content\/uploads\/sites\/107\/sites\/464\/2026\/03\/ChatGPT-Image-12-de-mar.-de-2026-21_38_30-1024x683-1.png 1024w, https:\/\/www.ct.ufpb.br\/informatica\/wp-content\/uploads\/sites\/107\/sites\/464\/2026\/03\/ChatGPT-Image-12-de-mar.-de-2026-21_38_30-1024x683-1-300x200.png 300w, https:\/\/www.ct.ufpb.br\/informatica\/wp-content\/uploads\/sites\/107\/sites\/464\/2026\/03\/ChatGPT-Image-12-de-mar.-de-2026-21_38_30-1024x683-1-768x512.png 768w\" sizes=\"auto, (max-width: 1024px) 100vw, 1024px\" \/><\/figure>\n<\/div>\n\n\n<p class=\"has-text-align-center\"><a href=\"https:\/\/qrcode.ct.ufpb.br\/\" data-type=\"link\" data-id=\"https:\/\/qrcode.ct.ufpb.br\/\" target=\"_blank\" rel=\"noreferrer noopener\">Gerador de QRCode CT<\/a><\/p>\n\n\n\n<p class=\"has-text-align-center\"><img decoding=\"async\" src=\"https:\/\/status.ct.ufpb.br\/api\/badge\/8\/status?style=flat-square\" alt=\"\"><\/p>\n\n\n\n<p><em>Ferramenta para gerar QRCodes de acesso r\u00e1pido e m\u00f3vel a servi\u00e7os, dados e sistemas ligados aos processos acad\u00eamicos e administrativos da unidade.<\/em><\/p>\n<\/div>\n\n\n\n<div class=\"wp-block-column is-layout-flow wp-block-column-is-layout-flow\"><div class=\"wp-block-image\">\n<figure class=\"aligncenter size-full is-resized\"><img loading=\"lazy\" decoding=\"async\" width=\"1024\" height=\"683\" src=\"http:\/\/www.ct.ufpb.br\/informatica\/wp-content\/uploads\/sites\/107\/sites\/464\/2026\/03\/ChatGPT-Image-12-de-mar.-de-2026-21_38_35-1024x683-1.png\" alt=\"\" class=\"wp-image-13\" style=\"aspect-ratio:1.499411349187662;width:178px;height:auto\" srcset=\"https:\/\/www.ct.ufpb.br\/informatica\/wp-content\/uploads\/sites\/107\/sites\/464\/2026\/03\/ChatGPT-Image-12-de-mar.-de-2026-21_38_35-1024x683-1.png 1024w, https:\/\/www.ct.ufpb.br\/informatica\/wp-content\/uploads\/sites\/107\/sites\/464\/2026\/03\/ChatGPT-Image-12-de-mar.-de-2026-21_38_35-1024x683-1-300x200.png 300w, https:\/\/www.ct.ufpb.br\/informatica\/wp-content\/uploads\/sites\/107\/sites\/464\/2026\/03\/ChatGPT-Image-12-de-mar.-de-2026-21_38_35-1024x683-1-768x512.png 768w\" sizes=\"auto, (max-width: 1024px) 100vw, 1024px\" \/><\/figure>\n<\/div>\n\n\n<p class=\"has-text-align-center\"><a href=\"https:\/\/cloud.ct.ufpb.br\/login\" data-type=\"link\" data-id=\"https:\/\/cloud.ct.ufpb.br\/\" target=\"_blank\" rel=\"noreferrer noopener\">Nuvem CT<\/a><\/p>\n\n\n\n<p class=\"has-text-align-center\"><img decoding=\"async\" src=\"https:\/\/status.ct.ufpb.br\/api\/badge\/3\/status?style=flat-square\" alt=\"\"><\/p>\n\n\n\n<p><em>Ambiente online onde servi\u00e7os, dados e recursos de TI operam via internet, sem que o usu\u00e1rio precise de uma infraestrutura f\u00edsica ou local.<\/em><\/p>\n<\/div>\n<\/div>\n\n\n\n<div class=\"wp-block-columns is-layout-flex wp-container-core-columns-is-layout-9d6595d7 wp-block-columns-is-layout-flex\">\n<div class=\"wp-block-column is-layout-flow wp-block-column-is-layout-flow\"><div class=\"wp-block-image\">\n<figure class=\"aligncenter size-full is-resized\"><img loading=\"lazy\" decoding=\"async\" width=\"1024\" height=\"683\" src=\"http:\/\/www.ct.ufpb.br\/informatica\/wp-content\/uploads\/sites\/107\/sites\/464\/2026\/03\/ChatGPT-Image-12-de-mar.-de-2026-21_39_32-1024x683-1.png\" alt=\"\" class=\"wp-image-14\" style=\"width:168px;height:auto\" srcset=\"https:\/\/www.ct.ufpb.br\/informatica\/wp-content\/uploads\/sites\/107\/sites\/464\/2026\/03\/ChatGPT-Image-12-de-mar.-de-2026-21_39_32-1024x683-1.png 1024w, https:\/\/www.ct.ufpb.br\/informatica\/wp-content\/uploads\/sites\/107\/sites\/464\/2026\/03\/ChatGPT-Image-12-de-mar.-de-2026-21_39_32-1024x683-1-300x200.png 300w, https:\/\/www.ct.ufpb.br\/informatica\/wp-content\/uploads\/sites\/107\/sites\/464\/2026\/03\/ChatGPT-Image-12-de-mar.-de-2026-21_39_32-1024x683-1-768x512.png 768w\" sizes=\"auto, (max-width: 1024px) 100vw, 1024px\" \/><\/figure>\n<\/div>\n\n\n<p class=\"has-text-align-center\"><a href=\"https:\/\/planeja.ct.ufpb.br\/\" data-type=\"link\" data-id=\"https:\/\/cloud.ct.ufpb.br\/\" target=\"_blank\" rel=\"noreferrer noopener\">Planeja CT<\/a><\/p>\n\n\n\n<p class=\"has-text-align-center\"><img decoding=\"async\" src=\"https:\/\/status.ct.ufpb.br\/api\/badge\/7\/status?style=flat-square\" alt=\"\"><\/p>\n\n\n\n<p><em>Sistema para organizar, monitorar e gerenciar planos de a\u00e7\u00f5es e projetos das iniciativas de gest\u00e3o e desenvolvimento da unidade acad\u00eamica.<\/em><\/p>\n<\/div>\n\n\n\n<div class=\"wp-block-column is-layout-flow wp-block-column-is-layout-flow\"><div class=\"wp-block-image\">\n<figure class=\"aligncenter size-full is-resized\"><img loading=\"lazy\" decoding=\"async\" width=\"1024\" height=\"717\" src=\"http:\/\/www.ct.ufpb.br\/informatica\/wp-content\/uploads\/sites\/107\/sites\/464\/2026\/03\/reserva-1.jpg\" alt=\"\" class=\"wp-image-18\" style=\"aspect-ratio:1.4282526221825484;width:160px;height:auto\" srcset=\"https:\/\/www.ct.ufpb.br\/informatica\/wp-content\/uploads\/sites\/107\/sites\/464\/2026\/03\/reserva-1.jpg 1024w, https:\/\/www.ct.ufpb.br\/informatica\/wp-content\/uploads\/sites\/107\/sites\/464\/2026\/03\/reserva-1-300x210.jpg 300w, https:\/\/www.ct.ufpb.br\/informatica\/wp-content\/uploads\/sites\/107\/sites\/464\/2026\/03\/reserva-1-768x538.jpg 768w\" sizes=\"auto, (max-width: 1024px) 100vw, 1024px\" \/><\/figure>\n<\/div>\n\n\n<p class=\"has-text-align-center\"><a href=\"https:\/\/agenda.ct.ufpb.br\/\" data-type=\"link\" data-id=\"https:\/\/cloud.ct.ufpb.br\/\" target=\"_blank\" rel=\"noreferrer noopener\">Agenda CT<\/a><\/p>\n\n\n\n<p class=\"has-text-align-center\"><img decoding=\"async\" src=\"https:\/\/status.ct.ufpb.br\/api\/badge\/13\/status?style=for-the-badge\" alt=\"\"><\/p>\n\n\n\n<p><em>Plataforma para organizar, acompanhar e gerenciar planos de a\u00e7\u00e3o e projetos das iniciativas de gest\u00e3o e desenvolvimento da unidade acad\u00eamica.<\/em><\/p>\n<\/div>\n<\/div>\n\n\n\n<div class=\"wp-block-columns is-layout-flex wp-container-core-columns-is-layout-9d6595d7 wp-block-columns-is-layout-flex\">\n<div class=\"wp-block-column is-layout-flow wp-block-column-is-layout-flow\"><div class=\"wp-block-image\">\n<figure class=\"aligncenter size-full is-resized\"><img loading=\"lazy\" decoding=\"async\" width=\"1024\" height=\"683\" src=\"http:\/\/www.ct.ufpb.br\/informatica\/wp-content\/uploads\/sites\/107\/sites\/464\/2026\/03\/emprestact-2-1024x683-1.png\" alt=\"\" class=\"wp-image-15\" style=\"width:201px;height:auto\" srcset=\"https:\/\/www.ct.ufpb.br\/informatica\/wp-content\/uploads\/sites\/107\/sites\/464\/2026\/03\/emprestact-2-1024x683-1.png 1024w, https:\/\/www.ct.ufpb.br\/informatica\/wp-content\/uploads\/sites\/107\/sites\/464\/2026\/03\/emprestact-2-1024x683-1-300x200.png 300w, https:\/\/www.ct.ufpb.br\/informatica\/wp-content\/uploads\/sites\/107\/sites\/464\/2026\/03\/emprestact-2-1024x683-1-768x512.png 768w\" sizes=\"auto, (max-width: 1024px) 100vw, 1024px\" \/><\/figure>\n<\/div>\n\n\n<p class=\"has-text-align-center has-vivid-cyan-blue-color has-text-color has-link-color wp-elements-9cba3cdac0c50184c9dad3172516f7e6\"><strong><mark class=\"has-inline-color has-vivid-cyan-blue-color\">Empresta CT<\/mark><\/strong><\/p>\n\n\n\n<p class=\"has-text-align-center has-vivid-red-color has-text-color has-link-color wp-elements-6f636a1334c94b2c09f5a80fbf68f8ad\"><strong><mark class=\"has-inline-color has-vivid-red-color\">Em breve!<\/mark><\/strong><\/p>\n\n\n\n<p><em>Plataforma para organizar, acompanhar e gerenciar planos de a\u00e7\u00e3o e projetos das iniciativas de gest\u00e3o e desenvolvimento da unidade acad\u00eamica.<\/em><\/p>\n<\/div>\n\n\n\n<div class=\"wp-block-column is-layout-flow wp-block-column-is-layout-flow\"><\/div>\n<\/div>\n","protected":false},"excerpt":{"rendered":"<p>Os sistemas digitais do Centro de Tecnologia (CT) da Universidade Federal da Para\u00edba (UFPB) comp\u00f5em [&hellip;]<\/p>\n","protected":false},"author":285,"featured_media":0,"parent":0,"menu_order":0,"comment_status":"closed","ping_status":"closed","template":"","meta":{"footnotes":""},"class_list":["post-7","page","type-page","status-publish","hentry"],"_links":{"self":[{"href":"https:\/\/www.ct.ufpb.br\/informatica\/wp-json\/wp\/v2\/pages\/7","targetHints":{"allow":["GET"]}}],"collection":[{"href":"https:\/\/www.ct.ufpb.br\/informatica\/wp-json\/wp\/v2\/pages"}],"about":[{"href":"https:\/\/www.ct.ufpb.br\/informatica\/wp-json\/wp\/v2\/types\/page"}],"author":[{"embeddable":true,"href":"https:\/\/www.ct.ufpb.br\/informatica\/wp-json\/wp\/v2\/users\/285"}],"replies":[{"embeddable":true,"href":"https:\/\/www.ct.ufpb.br\/informatica\/wp-json\/wp\/v2\/comments?post=7"}],"version-history":[{"count":4,"href":"https:\/\/www.ct.ufpb.br\/informatica\/wp-json\/wp\/v2\/pages\/7\/revisions"}],"predecessor-version":[{"id":78,"href":"https:\/\/www.ct.ufpb.br\/informatica\/wp-json\/wp\/v2\/pages\/7\/revisions\/78"}],"wp:attachment":[{"href":"https:\/\/www.ct.ufpb.br\/informatica\/wp-json\/wp\/v2\/media?parent=7"}],"curies":[{"name":"wp","href":"https:\/\/api.w.org\/{rel}","templated":true}]}}