{"id":34,"date":"2026-03-23T21:37:55","date_gmt":"2026-03-24T00:37:55","guid":{"rendered":"https:\/\/www.ct.ufpb.br\/informatica\/?page_id=34"},"modified":"2026-03-24T10:08:08","modified_gmt":"2026-03-24T13:08:08","slug":"laboratorios","status":"publish","type":"page","link":"https:\/\/www.ct.ufpb.br\/informatica\/laboratorios\/","title":{"rendered":"Laborat\u00f3rios"},"content":{"rendered":"\n<p>Os <strong>Laborat\u00f3rios de Inform\u00e1tica do Centro de Tecnologia da UFPB<\/strong> constituem ambientes voltados ao suporte das atividades acad\u00eamicas, oferecendo infraestrutura adequada para a realiza\u00e7\u00e3o de aulas pr\u00e1ticas, estudos, desenvolvimento de projetos e pesquisas na \u00e1rea de tecnologia.<\/p>\n\n\n\n<p>Localizados no Centro de Tecnologia, incluindo espa\u00e7os no t\u00e9rreo do Ambiente dos Professores, os laborat\u00f3rios foram planejados para atender estudantes, docentes e pesquisadores, proporcionando ambientes organizados, climatizados e equipados com recursos computacionais essenciais ao ensino, \u00e0 aprendizagem e \u00e0 inova\u00e7\u00e3o. Sua estrutura atende a diversas demandas, como programa\u00e7\u00e3o, simula\u00e7\u00f5es, acesso a sistemas institucionais e utiliza\u00e7\u00e3o de ferramentas tecnol\u00f3gicas especializadas.<\/p>\n\n\n\n<p>Esses espa\u00e7os t\u00eam como principal prop\u00f3sito fortalecer o aprendizado pr\u00e1tico, estimular a produ\u00e7\u00e3o de conhecimento e dar suporte \u00e0s atividades acad\u00eamicas do Centro de Tecnologia, contribuindo para a forma\u00e7\u00e3o de profissionais qualificados e preparados para os desafios da \u00e1rea de Tecnologia da Informa\u00e7\u00e3o.<\/p>\n\n\n\n<h2 class=\"wp-block-heading\"><div class=\"linha-header\"><a href=\"https:\/\/www.ct.ufpb.br\/informatica\/laboratorio-03\/\" target=\"_blank\" rel=\"noreferrer noopener\">Laborat\u00f3rio 03<\/a><\/div><\/h2>\n\n\n\n<p><strong>Localiza\u00e7\u00e3o<\/strong>: Ambiente dos Professores (T\u00e9rreo)<\/p>\n\n\n\n<p><strong>Espa\u00e7o:<\/strong> 18 computadores<\/p>\n\n\n\n<p>\u27a1\ufe0f <a href=\"https:\/\/cloud.ct.ufpb.br\/apps\/calendar\/p\/KsEs5yam6C4QRTEg\" target=\"_blank\" rel=\"noreferrer noopener\">Hor\u00e1rio de Aulas<\/a><\/p>\n\n\n\n<h2 class=\"wp-block-heading\"><div class=\"linha-header\">Laborat\u00f3rio 04<\/div><\/h2>\n\n\n\n<p><strong>Localiza\u00e7\u00e3o<\/strong>: Ambiente dos Professores (T\u00e9rreo)<\/p>\n\n\n\n<p><strong>Espa\u00e7o:<\/strong> 30 computadores<\/p>\n\n\n\n<p>\u27a1\ufe0f <a href=\"https:\/\/cloud.ct.ufpb.br\/apps\/calendar\/p\/JQFmBd796QiWBZf9\" target=\"_blank\" rel=\"noreferrer noopener\">Hor\u00e1rio de Aulas<\/a><\/p>\n\n\n\n<h2 class=\"wp-block-heading\"><div class=\"linha-header\">Laborat\u00f3rio M\u00eddia 01<\/div><\/h2>\n\n\n\n<p><strong>Localiza\u00e7\u00e3o<\/strong>: Bloco Multim\u00eddia (1\u00ba andar)<\/p>\n\n\n\n<p><strong>Espa\u00e7o:<\/strong> 24 computadores<\/p>\n\n\n\n<p>\u27a1\ufe0f <a href=\"https:\/\/cloud.ct.ufpb.br\/apps\/calendar\/p\/ktrWadLX99j8gfsa\" target=\"_blank\" rel=\"noreferrer noopener\">Hor\u00e1rio de Aulas<\/a><\/p>\n\n\n\n<h2 class=\"wp-block-heading\"><div class=\"linha-header\">Laborat\u00f3rio M\u00eddia 02<\/div><\/h2>\n\n\n\n<p><strong>Localiza\u00e7\u00e3o<\/strong>: Bloco Multim\u00eddia (1\u00ba andar)<\/p>\n\n\n\n<p><strong>Espa\u00e7o:<\/strong> 24 computadores<\/p>\n\n\n\n<p>\u27a1\ufe0f <a href=\"https:\/\/cloud.ct.ufpb.br\/apps\/calendar\/p\/i7LYriTmRtTLLLzG\" target=\"_blank\" rel=\"noreferrer noopener\">Hor\u00e1rio de Aulas<\/a><\/p>\n\n\n\n<p><\/p>\n","protected":false},"excerpt":{"rendered":"<p>Os Laborat\u00f3rios de Inform\u00e1tica do Centro de Tecnologia da UFPB constituem ambientes voltados ao suporte [&hellip;]<\/p>\n","protected":false},"author":285,"featured_media":0,"parent":0,"menu_order":0,"comment_status":"closed","ping_status":"closed","template":"","meta":{"footnotes":""},"class_list":["post-34","page","type-page","status-publish","hentry"],"_links":{"self":[{"href":"https:\/\/www.ct.ufpb.br\/informatica\/wp-json\/wp\/v2\/pages\/34","targetHints":{"allow":["GET"]}}],"collection":[{"href":"https:\/\/www.ct.ufpb.br\/informatica\/wp-json\/wp\/v2\/pages"}],"about":[{"href":"https:\/\/www.ct.ufpb.br\/informatica\/wp-json\/wp\/v2\/types\/page"}],"author":[{"embeddable":true,"href":"https:\/\/www.ct.ufpb.br\/informatica\/wp-json\/wp\/v2\/users\/285"}],"replies":[{"embeddable":true,"href":"https:\/\/www.ct.ufpb.br\/informatica\/wp-json\/wp\/v2\/comments?post=34"}],"version-history":[{"count":7,"href":"https:\/\/www.ct.ufpb.br\/informatica\/wp-json\/wp\/v2\/pages\/34\/revisions"}],"predecessor-version":[{"id":84,"href":"https:\/\/www.ct.ufpb.br\/informatica\/wp-json\/wp\/v2\/pages\/34\/revisions\/84"}],"wp:attachment":[{"href":"https:\/\/www.ct.ufpb.br\/informatica\/wp-json\/wp\/v2\/media?parent=34"}],"curies":[{"name":"wp","href":"https:\/\/api.w.org\/{rel}","templated":true}]}}