{"id":21,"date":"2026-03-23T19:51:55","date_gmt":"2026-03-23T22:51:55","guid":{"rendered":"https:\/\/www.ct.ufpb.br\/informatica\/?page_id=21"},"modified":"2026-03-23T19:51:55","modified_gmt":"2026-03-23T22:51:55","slug":"apresentacao","status":"publish","type":"page","link":"https:\/\/www.ct.ufpb.br\/informatica\/apresentacao\/","title":{"rendered":"Apresenta\u00e7\u00e3o"},"content":{"rendered":"\n<p>O Setor de Inform\u00e1tica do Centro de Tecnologia (CT) da Universidade Federal da Para\u00edba (UFPB) tem como miss\u00e3o garantir o pleno funcionamento, a seguran\u00e7a e a evolu\u00e7\u00e3o da infraestrutura tecnol\u00f3gica que sustenta as atividades acad\u00eamicas, administrativas e institucionais do Centro.<\/p>\n\n\n\n<p>Somos respons\u00e1veis por toda a infraestrutura de Tecnologia da Informa\u00e7\u00e3o do CT, com especial foco na gest\u00e3o e no monitoramento das redes de comunica\u00e7\u00e3o, assegurando desempenho, disponibilidade e confiabilidade dos servi\u00e7os oferecidos \u00e0 comunidade universit\u00e1ria. Al\u00e9m disso, atuamos no desenvolvimento, implanta\u00e7\u00e3o e manuten\u00e7\u00e3o de sistemas digitais que apoiam a gest\u00e3o e otimizam os processos internos do Centro.<\/p>\n\n\n\n<p><\/p>\n","protected":false},"excerpt":{"rendered":"<p>O Setor de Inform\u00e1tica do Centro de Tecnologia (CT) da Universidade Federal da Para\u00edba (UFPB) [&hellip;]<\/p>\n","protected":false},"author":285,"featured_media":0,"parent":0,"menu_order":0,"comment_status":"closed","ping_status":"closed","template":"","meta":{"footnotes":""},"class_list":["post-21","page","type-page","status-publish","hentry"],"_links":{"self":[{"href":"https:\/\/www.ct.ufpb.br\/informatica\/wp-json\/wp\/v2\/pages\/21","targetHints":{"allow":["GET"]}}],"collection":[{"href":"https:\/\/www.ct.ufpb.br\/informatica\/wp-json\/wp\/v2\/pages"}],"about":[{"href":"https:\/\/www.ct.ufpb.br\/informatica\/wp-json\/wp\/v2\/types\/page"}],"author":[{"embeddable":true,"href":"https:\/\/www.ct.ufpb.br\/informatica\/wp-json\/wp\/v2\/users\/285"}],"replies":[{"embeddable":true,"href":"https:\/\/www.ct.ufpb.br\/informatica\/wp-json\/wp\/v2\/comments?post=21"}],"version-history":[{"count":1,"href":"https:\/\/www.ct.ufpb.br\/informatica\/wp-json\/wp\/v2\/pages\/21\/revisions"}],"predecessor-version":[{"id":22,"href":"https:\/\/www.ct.ufpb.br\/informatica\/wp-json\/wp\/v2\/pages\/21\/revisions\/22"}],"wp:attachment":[{"href":"https:\/\/www.ct.ufpb.br\/informatica\/wp-json\/wp\/v2\/media?parent=21"}],"curies":[{"name":"wp","href":"https:\/\/api.w.org\/{rel}","templated":true}]}}