{"id":36,"date":"2025-09-15T11:01:30","date_gmt":"2025-09-15T14:01:30","guid":{"rendered":"https:\/\/www.ct.ufpb.br\/dep\/?page_id=36"},"modified":"2026-03-01T10:24:32","modified_gmt":"2026-03-01T13:24:32","slug":"documentos","status":"publish","type":"page","link":"https:\/\/www.ct.ufpb.br\/dep\/documentos\/","title":{"rendered":"Documentos"},"content":{"rendered":"\n<p><\/p>\n\n\n\n<p style=\"font-size:24px\"><a href=\"http:\/\/plone.ufpb.br\/dep\/contents\/menu\/documentos\/ppc-ep.pdf\/view\">Projeto Pedag\u00f3gico do Curso de Engenharia de Produ\u00e7\u00e3o<\/a><\/p>\n\n\n\n<p style=\"font-size:24px\"><a href=\"http:\/\/plone.ufpb.br\/dep\/contents\/menu\/documentos\/ppc-epm.pdf\/view\">Projeto Pedag\u00f3gico do Curso de Engenharia de Produ\u00e7\u00e3o Mec\u00e2nica<\/a><\/p>\n\n\n\n<p style=\"font-size:24px\"><a href=\"http:\/\/plone.ufpb.br\/dep\/contents\/documentos\/areas-departamentais-distribuicao-de-professores-e-disciplinas\">\u00c1reas departamentais &#8211; distribui\u00e7\u00e3o de professores e disciplinas<\/a><\/p>\n\n\n\n<p style=\"font-size:24px\"><a href=\"http:\/\/plone.ufpb.br\/dep\/contents\/documentos\/resolucoes\">Resolu\u00e7\u00f5es<\/a><\/p>\n\n\n\n<p style=\"font-size:24px\"><a href=\"http:\/\/plone.ufpb.br\/dep\/contents\/documentos\/progressao-funcional\">Progress\u00e3o funcional<\/a><\/p>\n\n\n\n<p style=\"font-size:24px\"><\/p>\n\n\n\n<p><\/p>\n","protected":false},"excerpt":{"rendered":"<p>Projeto Pedag\u00f3gico do Curso de Engenharia de Produ\u00e7\u00e3o Projeto Pedag\u00f3gico do Curso de Engenharia de [&hellip;]<\/p>\n","protected":false},"author":171,"featured_media":0,"parent":0,"menu_order":0,"comment_status":"closed","ping_status":"closed","template":"","meta":{"footnotes":""},"class_list":["post-36","page","type-page","status-publish","hentry"],"_links":{"self":[{"href":"https:\/\/www.ct.ufpb.br\/dep\/wp-json\/wp\/v2\/pages\/36","targetHints":{"allow":["GET"]}}],"collection":[{"href":"https:\/\/www.ct.ufpb.br\/dep\/wp-json\/wp\/v2\/pages"}],"about":[{"href":"https:\/\/www.ct.ufpb.br\/dep\/wp-json\/wp\/v2\/types\/page"}],"author":[{"embeddable":true,"href":"https:\/\/www.ct.ufpb.br\/dep\/wp-json\/wp\/v2\/users\/171"}],"replies":[{"embeddable":true,"href":"https:\/\/www.ct.ufpb.br\/dep\/wp-json\/wp\/v2\/comments?post=36"}],"version-history":[{"count":1,"href":"https:\/\/www.ct.ufpb.br\/dep\/wp-json\/wp\/v2\/pages\/36\/revisions"}],"predecessor-version":[{"id":37,"href":"https:\/\/www.ct.ufpb.br\/dep\/wp-json\/wp\/v2\/pages\/36\/revisions\/37"}],"wp:attachment":[{"href":"https:\/\/www.ct.ufpb.br\/dep\/wp-json\/wp\/v2\/media?parent=36"}],"curies":[{"name":"wp","href":"https:\/\/api.w.org\/{rel}","templated":true}]}}