{"id":23,"date":"2025-09-15T10:33:28","date_gmt":"2025-09-15T13:33:28","guid":{"rendered":"https:\/\/www.ct.ufpb.br\/dep\/?page_id=23"},"modified":"2026-03-01T10:24:27","modified_gmt":"2026-03-01T13:24:27","slug":"composicao","status":"publish","type":"page","link":"https:\/\/www.ct.ufpb.br\/dep\/composicao\/","title":{"rendered":"Composi\u00e7\u00e3o"},"content":{"rendered":"\n<p><\/p>\n\n\n\n<p style=\"font-size:24px\"><mark class=\"has-inline-color has-vivid-red-color\">Informa\u00e7\u00e3o n\u00e3o dispon\u00edvel<\/mark><\/p>\n\n\n\n<p><\/p>\n","protected":false},"excerpt":{"rendered":"<p>Informa\u00e7\u00e3o n\u00e3o dispon\u00edvel<\/p>\n","protected":false},"author":171,"featured_media":0,"parent":0,"menu_order":0,"comment_status":"closed","ping_status":"closed","template":"","meta":{"footnotes":""},"class_list":["post-23","page","type-page","status-publish","hentry"],"_links":{"self":[{"href":"https:\/\/www.ct.ufpb.br\/dep\/wp-json\/wp\/v2\/pages\/23","targetHints":{"allow":["GET"]}}],"collection":[{"href":"https:\/\/www.ct.ufpb.br\/dep\/wp-json\/wp\/v2\/pages"}],"about":[{"href":"https:\/\/www.ct.ufpb.br\/dep\/wp-json\/wp\/v2\/types\/page"}],"author":[{"embeddable":true,"href":"https:\/\/www.ct.ufpb.br\/dep\/wp-json\/wp\/v2\/users\/171"}],"replies":[{"embeddable":true,"href":"https:\/\/www.ct.ufpb.br\/dep\/wp-json\/wp\/v2\/comments?post=23"}],"version-history":[{"count":1,"href":"https:\/\/www.ct.ufpb.br\/dep\/wp-json\/wp\/v2\/pages\/23\/revisions"}],"predecessor-version":[{"id":24,"href":"https:\/\/www.ct.ufpb.br\/dep\/wp-json\/wp\/v2\/pages\/23\/revisions\/24"}],"wp:attachment":[{"href":"https:\/\/www.ct.ufpb.br\/dep\/wp-json\/wp\/v2\/media?parent=23"}],"curies":[{"name":"wp","href":"https:\/\/api.w.org\/{rel}","templated":true}]}}