{"id":105,"date":"2026-02-16T20:21:01","date_gmt":"2026-02-16T23:21:01","guid":{"rendered":"https:\/\/www.ct.ufpb.br\/dep\/?page_id=105"},"modified":"2026-02-16T20:21:01","modified_gmt":"2026-02-16T23:21:01","slug":"links-uteis","status":"publish","type":"page","link":"https:\/\/www.ct.ufpb.br\/dep\/links-uteis\/","title":{"rendered":"Links \u00dateis"},"content":{"rendered":"\n<p>\u27a1\ufe0f <strong><a href=\"http:\/\/www.ufpb.br\/\" target=\"_blank\" rel=\"noreferrer noopener\">Universidade Federal da Para\u00edba<\/a><\/strong><\/p>\n\n\n\n<p>\u27a1\ufe0f <strong><a href=\"http:\/\/plone.ufpb.br\/\" target=\"_blank\" rel=\"noreferrer noopener\">Centro de Tecnologia &#8211; UFPB<\/a><\/strong><\/p>\n\n\n\n<p>\u27a1\ufe0f <strong><a href=\"http:\/\/ct.ufpb.br\/ctcgep\" target=\"_blank\" rel=\"noreferrer noopener\">Coordena\u00e7\u00e3o do curso de Engenharia de Produ\u00e7\u00e3o<\/a>\u00a0(EP\/UFPB)<\/strong><\/p>\n\n\n\n<p>\u27a1\ufe0f <strong><a href=\"http:\/\/plone.ufpb.br\/ct\/cgepm\" target=\"_blank\" rel=\"noreferrer noopener\">Coordena\u00e7\u00e3o do curso de Engenharia de Produ\u00e7\u00e3o Mec\u00e2nica<\/a>\u00a0(EPM\/UFPB)<\/strong><\/p>\n\n\n\n<p>\u27a1\ufe0f <strong><a href=\"http:\/\/plone.ufpb.br\/ppgeps\" target=\"_blank\" rel=\"noreferrer noopener\">Programa de P\u00f3s-Gradua\u00e7\u00e3o em Engenharia de Produ\u00e7\u00e3o e Sistemas (PPGEPS\/UFPB)<\/a><\/strong><\/p>\n\n\n\n<p>\u27a1\ufe0f <strong><a href=\"http:\/\/www.abepro.org.br\/\" target=\"_blank\" rel=\"noreferrer noopener\">ABEPRO &#8211; Associa\u00e7\u00e3o Brasileira de Engenharia de Produ\u00e7\u00e3o<\/a><\/strong><\/p>\n\n\n\n<p>\u27a1\ufe0f <strong><a href=\"http:\/\/www.abergo.org.br\/\" target=\"_blank\" rel=\"noreferrer noopener\">ABERGO &#8211; Associa\u00e7\u00e3o Brasileira de Ergonomia<\/a><\/strong><\/p>\n\n\n\n<p>\u27a1\ufe0f <strong><a href=\"http:\/\/www.sobrapo.org.br\/\" target=\"_blank\" rel=\"noreferrer noopener\">SOBRAPO &#8211; Sociedade Brasileira de Pesquisa Operacional<\/a><\/strong><\/p>\n\n\n\n<p>\u27a1\ufe0f <strong><a href=\"http:\/\/abcustos.org.br\/\" target=\"_blank\" rel=\"noreferrer noopener\">ABC &#8211; Associa\u00e7\u00e3o Brasileira de Custos<\/a><\/strong><\/p>\n\n\n\n<p>\u27a1\ufe0f <strong><a href=\"https:\/\/www.iise.org\/\" target=\"_blank\" rel=\"noreferrer noopener\">IISE &#8211;\u00a0Institute of Industrial &amp; Systems Engineers<\/a><\/strong><\/p>\n\n\n\n<p>\u27a1\ufe0f <strong><a href=\"http:\/\/www.confea.org.br\/\" target=\"_blank\" rel=\"noreferrer noopener\">CONFEA &#8211; Conselho Federal de Engenharia, Arquitetura e Agronomia<\/a><\/strong><\/p>\n\n\n\n<p>\u27a1\ufe0f <strong><a href=\"http:\/\/www.creapb.org.br\/\" target=\"_blank\" rel=\"noreferrer noopener\">CREA-PB &#8211; Conselho Regional de Engenharia, Arquitetura e Agronomia da Para\u00edba<\/a><\/strong><\/p>\n\n\n\n<p>\u27a1\ufe0f <strong><a href=\"http:\/\/www.cnpq.br\/\" target=\"_blank\" rel=\"noreferrer noopener\">CNPq &#8211; Conselho Nacional de Desenvolvimento Cient\u00edfico e Tecnol\u00f3gico<\/a><\/strong><\/p>\n\n\n\n<p>\u27a1\ufe0f <strong><a href=\"http:\/\/www.capes.gov.br\/\" target=\"_blank\" rel=\"noreferrer noopener\">CAPES &#8211; Coordena\u00e7\u00e3o de Aperfei\u00e7oamento de Pessoal de N\u00edvel Superior<\/a><\/strong><\/p>\n","protected":false},"excerpt":{"rendered":"<p>\u27a1\ufe0f Universidade Federal da Para\u00edba \u27a1\ufe0f Centro de Tecnologia &#8211; UFPB \u27a1\ufe0f Coordena\u00e7\u00e3o do curso [&hellip;]<\/p>\n","protected":false},"author":285,"featured_media":0,"parent":0,"menu_order":0,"comment_status":"closed","ping_status":"closed","template":"","meta":{"footnotes":""},"class_list":["post-105","page","type-page","status-publish","hentry"],"_links":{"self":[{"href":"https:\/\/www.ct.ufpb.br\/dep\/wp-json\/wp\/v2\/pages\/105","targetHints":{"allow":["GET"]}}],"collection":[{"href":"https:\/\/www.ct.ufpb.br\/dep\/wp-json\/wp\/v2\/pages"}],"about":[{"href":"https:\/\/www.ct.ufpb.br\/dep\/wp-json\/wp\/v2\/types\/page"}],"author":[{"embeddable":true,"href":"https:\/\/www.ct.ufpb.br\/dep\/wp-json\/wp\/v2\/users\/285"}],"replies":[{"embeddable":true,"href":"https:\/\/www.ct.ufpb.br\/dep\/wp-json\/wp\/v2\/comments?post=105"}],"version-history":[{"count":1,"href":"https:\/\/www.ct.ufpb.br\/dep\/wp-json\/wp\/v2\/pages\/105\/revisions"}],"predecessor-version":[{"id":106,"href":"https:\/\/www.ct.ufpb.br\/dep\/wp-json\/wp\/v2\/pages\/105\/revisions\/106"}],"wp:attachment":[{"href":"https:\/\/www.ct.ufpb.br\/dep\/wp-json\/wp\/v2\/media?parent=105"}],"curies":[{"name":"wp","href":"https:\/\/api.w.org\/{rel}","templated":true}]}}