{"id":10,"date":"2025-09-15T10:08:25","date_gmt":"2025-09-15T13:08:25","guid":{"rendered":"https:\/\/www.ct.ufpb.br\/dep\/?page_id=10"},"modified":"2026-03-01T10:24:09","modified_gmt":"2026-03-01T13:24:09","slug":"apresentacao","status":"publish","type":"page","link":"https:\/\/www.ct.ufpb.br\/dep\/apresentacao\/","title":{"rendered":"Apresenta\u00e7\u00e3o"},"content":{"rendered":"\n<p><\/p>\n\n\n\n<p>O Departamento de Engenharia de Produ\u00e7\u00e3o (DEP) da Universidade Federal da Para\u00edba (UFPB) tem por objetivo servir a sociedade atrav\u00e9s da gera\u00e7\u00e3o, transmiss\u00e3o e divulga\u00e7\u00e3o do conhecimento nesta \u00e1rea visando formar cidad\u00e3os livres e elevar o n\u00edvel de qualidade de vida da popula\u00e7\u00e3o. Para cumprir esta miss\u00e3o, os corpos docente e discente ligados ao DEP atuam nos tr\u00eas pilares da estrutura acad\u00eamica da UFPB, quais sejam: ensino, pesquisa e extens\u00e3o.<\/p>\n\n\n\n<h2 class=\"wp-block-heading\" style=\"font-size:24px\"><div class=\"linha-header\"><strong>Ensino<\/strong><\/div><\/h2>\n\n\n\n<p>O DEP mant\u00e9m regularmente dois cursos de gradua\u00e7\u00e3o e um curso de p\u00f3s-gradua\u00e7\u00e3o&nbsp;<em>stricto sensu<\/em>. Na gradua\u00e7\u00e3o os cursos oferecidos s\u00e3o de&nbsp;<a href=\"http:\/\/www.ct.ufpb.br\/ct\/cgepm\" target=\"_blank\" rel=\"noreferrer noopener\">Engenharia de Produ\u00e7\u00e3o Mec\u00e2nica<\/a>&nbsp;(diurno) e de&nbsp;<a href=\"http:\/\/ct.ufpb.br\/ctcgep\" target=\"_blank\" rel=\"noreferrer noopener\">Engenharia de Produ\u00e7\u00e3o<\/a>&nbsp;(noturno). A p\u00f3s-gradua\u00e7\u00e3o, por sua vez, conta com um Mestrado Acad\u00eamico, no qual \u00e9 oferecido um programa de estudos para a obten\u00e7\u00e3o do t\u00edtulo de Mestre em Engenharia de Produ\u00e7\u00e3o.<\/p>\n\n\n\n<h2 class=\"wp-block-heading\" style=\"font-size:24px\"><div class=\"linha-header\"><strong>Pesquisa<\/strong><\/div><\/h2>\n\n\n\n<p>As atividades de pesquisa do DEP&nbsp;s\u00e3o desenvolvidas desde a gradua\u00e7\u00e3o com os programas de inicia\u00e7\u00e3o cient\u00edfica (PIBIC e PIVIC) e os projetos conduzidos pelos professores do departamento em seus&nbsp;<a href=\"http:\/\/plone.ufpb.br\/dep\/contents\/menu\/academico\/grupos-de-pesquisa\" target=\"_blank\" rel=\"noreferrer noopener\">Grupos de Pesquisa<\/a>. No \u00e2mbito da p\u00f3s-gradua\u00e7\u00e3o, as atividades de pesquisa&nbsp;encontram-se inseridas no&nbsp;<a href=\"http:\/\/ct.ufpb.br\/ppgeps\/\" target=\"_blank\" rel=\"noreferrer noopener\">Programa de P\u00f3s-Gradua\u00e7\u00e3o em Engenharia de Produ\u00e7\u00e3o e Sistemas (PPGEPS)<\/a>&nbsp;atrav\u00e9s de projetos&nbsp;que envolvem os estudantes de mestrado, muitos deles financiados por \u00f3rg\u00e3os de fomento.<\/p>\n\n\n\n<h2 class=\"wp-block-heading\" style=\"font-size:24px\"><div class=\"linha-header\"><strong>Extens\u00e3o<\/strong><\/div><\/h2>\n\n\n\n<p>As atividades de extens\u00e3o representam a atua\u00e7\u00e3o da universidade na sociedade, contribuindo para a comunidade em que est\u00e1 inserida com os conhecimentos que estuda e desenvolve. Neste \u00e2mbito, o DEP conta atualmente com diversos projetos de extens\u00e3o ligados ao Programa de Bolsas de Extens\u00e3o (PROBEX) e aos editais internos em fluxo cont\u00ednuo (FLUEX) da Pr\u00f3-Reitoria de Extens\u00e3o e Assuntos Comunit\u00e1rios (PRAC).<\/p>\n\n\n\n<p>Conhe\u00e7a um pouco mais sobre a Engenharia de Produ\u00e7\u00e3o&nbsp;<a href=\"http:\/\/plone.ufpb.br\/dep\/contents\/paginas\/o-que-e-eng-de-producao\">clicando aqui<\/a>.<\/p>\n\n\n\n<p><\/p>\n","protected":false},"excerpt":{"rendered":"<p>O Departamento de Engenharia de Produ\u00e7\u00e3o (DEP) da Universidade Federal da Para\u00edba (UFPB) tem por [&hellip;]<\/p>\n","protected":false},"author":171,"featured_media":0,"parent":0,"menu_order":0,"comment_status":"closed","ping_status":"closed","template":"","meta":{"footnotes":""},"class_list":["post-10","page","type-page","status-publish","hentry"],"_links":{"self":[{"href":"https:\/\/www.ct.ufpb.br\/dep\/wp-json\/wp\/v2\/pages\/10","targetHints":{"allow":["GET"]}}],"collection":[{"href":"https:\/\/www.ct.ufpb.br\/dep\/wp-json\/wp\/v2\/pages"}],"about":[{"href":"https:\/\/www.ct.ufpb.br\/dep\/wp-json\/wp\/v2\/types\/page"}],"author":[{"embeddable":true,"href":"https:\/\/www.ct.ufpb.br\/dep\/wp-json\/wp\/v2\/users\/171"}],"replies":[{"embeddable":true,"href":"https:\/\/www.ct.ufpb.br\/dep\/wp-json\/wp\/v2\/comments?post=10"}],"version-history":[{"count":4,"href":"https:\/\/www.ct.ufpb.br\/dep\/wp-json\/wp\/v2\/pages\/10\/revisions"}],"predecessor-version":[{"id":289,"href":"https:\/\/www.ct.ufpb.br\/dep\/wp-json\/wp\/v2\/pages\/10\/revisions\/289"}],"wp:attachment":[{"href":"https:\/\/www.ct.ufpb.br\/dep\/wp-json\/wp\/v2\/media?parent=10"}],"curies":[{"name":"wp","href":"https:\/\/api.w.org\/{rel}","templated":true}]}}