{"id":56,"date":"2025-08-07T15:19:35","date_gmt":"2025-08-07T18:19:35","guid":{"rendered":"https:\/\/www.ct.ufpb.br\/demat\/?page_id=56"},"modified":"2026-02-24T10:42:54","modified_gmt":"2026-02-24T13:42:54","slug":"laboratorios","status":"publish","type":"page","link":"https:\/\/www.ct.ufpb.br\/demat\/laboratorios\/","title":{"rendered":"Laborat\u00f3rios"},"content":{"rendered":"\n<p><\/p>\n\n\n\n<figure class=\"wp-block-table\"><table class=\"has-fixed-layout\"><tbody><tr><td><strong>Laborat\u00f3rio<\/strong><\/td><td><strong>Coordenador(a)<\/strong><\/td><td><strong>T\u00e9cnico(a)<\/strong><\/td><\/tr><tr><td>Laborat\u00f3rio de Caracteriza\u00e7\u00e3o Microestrutura<\/td><td>Prof. Ant\u00f4nio Farias Leal<\/td><td>Ricardo Vasconcelos Gomes da Costa<\/td><\/tr><tr><td>Laborat\u00f3rio de Cristalografia<\/td><td>Prof. Daniel Ara\u00fajo de Macedo<\/td><td>Isaque Jer\u00f4nimo Porto<\/td><\/tr><tr><td>Laborat\u00f3rio de Materiais Avan\u00e7ados<\/td><td>Prof. Ramon Alves Torquato<\/td><td>&#8211;<\/td><\/tr><tr><td>Laborat\u00f3rio de Materiais Cer\u00e2micos<\/td><td>Profa. Liszandra Fernanda Ara\u00fajo Campos<\/td><td>Joelma Balbino de Brito Alves<\/td><\/tr><tr><td>Laborat\u00f3rio de Materiais e Biossistemas<\/td><td>Prof. Eliton Souto de Medeiros<\/td><td>Lucas Ricardo Fernandes Figueiredo<\/td><\/tr><tr><td>Laborat\u00f3rio de Materiais Met\u00e1licos<\/td><td>Prof. Ieverton Caiandre Andrade Brito<\/td><td>Herickson Santos Silva<\/td><\/tr><tr><td>Laborat\u00f3rio de Materiais Polim\u00e9ricos<\/td><td>Profa. Lucineide Balbino da Silva<\/td><td>Alana Mendon\u00e7a de Farias<br><\/td><\/tr><tr><td>Laborat\u00f3rio de Modelagem de Materiais<\/td><td>Profa. Renate Maria Ramos Wellen<\/td><td>Cl\u00e9sio Luiz dos Santos<br><\/td><\/tr><tr><td>Laborat\u00f3rio de Propriedades Mec\u00e2nicas dos Materiais<\/td><td>Profa. Danielle Guedes de Lima Cavalcante<\/td><td>Breno Henrique da Silva Andrade<\/td><\/tr><tr><td>Laborat\u00f3rio de Purifica\u00e7\u00e3o e Aspers\u00e3o de Minerais Argilosos<\/td><td>Prof. Heber Sivini Ferreira<\/td><td>Rivaildo Miranda de Andrade<\/td><\/tr><tr><td>Laborat\u00f3rio de Qu\u00edmica dos Materiais<\/td><td>Profa. Itamara Farias Leite<\/td><td>&#8211;<\/td><\/tr><tr><td>Laborat\u00f3rio de Siderurgia<\/td><td>Prof. Cl\u00e1udio Alves de Siqueira Filho<\/td><td>Herickson Santos Silva<\/td><\/tr><\/tbody><\/table><\/figure>\n","protected":false},"excerpt":{"rendered":"<p>Laborat\u00f3rio Coordenador(a) T\u00e9cnico(a) Laborat\u00f3rio de Caracteriza\u00e7\u00e3o Microestrutura Prof. Ant\u00f4nio Farias Leal Ricardo Vasconcelos Gomes da [&hellip;]<\/p>\n","protected":false},"author":171,"featured_media":0,"parent":0,"menu_order":0,"comment_status":"closed","ping_status":"closed","template":"","meta":{"footnotes":""},"class_list":["post-56","page","type-page","status-publish","hentry"],"_links":{"self":[{"href":"https:\/\/www.ct.ufpb.br\/demat\/wp-json\/wp\/v2\/pages\/56","targetHints":{"allow":["GET"]}}],"collection":[{"href":"https:\/\/www.ct.ufpb.br\/demat\/wp-json\/wp\/v2\/pages"}],"about":[{"href":"https:\/\/www.ct.ufpb.br\/demat\/wp-json\/wp\/v2\/types\/page"}],"author":[{"embeddable":true,"href":"https:\/\/www.ct.ufpb.br\/demat\/wp-json\/wp\/v2\/users\/171"}],"replies":[{"embeddable":true,"href":"https:\/\/www.ct.ufpb.br\/demat\/wp-json\/wp\/v2\/comments?post=56"}],"version-history":[{"count":1,"href":"https:\/\/www.ct.ufpb.br\/demat\/wp-json\/wp\/v2\/pages\/56\/revisions"}],"predecessor-version":[{"id":57,"href":"https:\/\/www.ct.ufpb.br\/demat\/wp-json\/wp\/v2\/pages\/56\/revisions\/57"}],"wp:attachment":[{"href":"https:\/\/www.ct.ufpb.br\/demat\/wp-json\/wp\/v2\/media?parent=56"}],"curies":[{"name":"wp","href":"https:\/\/api.w.org\/{rel}","templated":true}]}}