{"id":23,"date":"2025-08-07T11:34:32","date_gmt":"2025-08-07T14:34:32","guid":{"rendered":"https:\/\/www.ct.ufpb.br\/demat\/?page_id=23"},"modified":"2026-03-01T10:20:57","modified_gmt":"2026-03-01T13:20:57","slug":"calendario","status":"publish","type":"page","link":"https:\/\/www.ct.ufpb.br\/demat\/calendario\/","title":{"rendered":"Calend\u00e1rio de Reuni\u00f5es"},"content":{"rendered":"\n<p><\/p>\n\n\n\n<figure class=\"wp-block-table\"><table class=\"has-fixed-layout\"><tbody><tr><td class=\"has-text-align-center\" data-align=\"center\" colspan=\"4\"><strong>Calend\u00e1rio de Reuni\u00f5es do DEMAT de 2024<\/strong> <strong>Departamento de Engenharia de Materiais<\/strong><\/td><\/tr><tr><td class=\"has-text-align-center\" data-align=\"center\"><\/td><td class=\"has-text-align-center\" data-align=\"center\"><strong>M\u00eas<\/strong><\/td><td class=\"has-text-align-center\" data-align=\"center\"><strong>Data e dia da reuni\u00e3o<\/strong><\/td><td class=\"has-text-align-center\" data-align=\"center\"><strong>Hor\u00e1rio<\/strong><\/td><\/tr><tr><td class=\"has-text-align-center\" data-align=\"center\" rowspan=\"4\">2023.2<\/td><td class=\"has-text-align-center\" data-align=\"center\">Fevereiro de 2024<\/td><td class=\"has-text-align-center\" data-align=\"center\">26\/02 (segunda)<\/td><td class=\"has-text-align-center\" data-align=\"center\">09h00<\/td><\/tr><tr><td class=\"has-text-align-center\" data-align=\"center\">Mar\u00e7o de 2024<\/td><td class=\"has-text-align-center\" data-align=\"center\">25\/03 (segunda)<\/td><td class=\"has-text-align-center\" data-align=\"center\">15h00<\/td><\/tr><tr><td class=\"has-text-align-center\" data-align=\"center\">Abril de 2024<\/td><td class=\"has-text-align-center\" data-align=\"center\">30\/04 (ter\u00e7a)<\/td><td class=\"has-text-align-center\" data-align=\"center\">09h00<\/td><\/tr><tr><td class=\"has-text-align-center\" data-align=\"center\">Maio de 2024<\/td><td class=\"has-text-align-center\" data-align=\"center\">28\/05 (ter\u00e7a)<\/td><td class=\"has-text-align-center\" data-align=\"center\">15h00<\/td><\/tr><tr><td class=\"has-text-align-center\" data-align=\"center\" rowspan=\"5\">2024.1<\/td><td class=\"has-text-align-center\" data-align=\"center\">Junho de 2024<\/td><td class=\"has-text-align-center\" data-align=\"center\">19\/06 (quarta)<\/td><td class=\"has-text-align-center\" data-align=\"center\">09h00<\/td><\/tr><tr><td class=\"has-text-align-center\" data-align=\"center\">Julho de 2024<\/td><td class=\"has-text-align-center\" data-align=\"center\">31\/07 (quarta)<\/td><td class=\"has-text-align-center\" data-align=\"center\">15h00<\/td><\/tr><tr><td class=\"has-text-align-center\" data-align=\"center\">Agosto de 2024<\/td><td class=\"has-text-align-center\" data-align=\"center\">29\/08(quinta)<\/td><td class=\"has-text-align-center\" data-align=\"center\">09h00<\/td><\/tr><tr><td class=\"has-text-align-center\" data-align=\"center\">Setembro de 2024<\/td><td class=\"has-text-align-center\" data-align=\"center\">26\/09 (quinta)<\/td><td class=\"has-text-align-center\" data-align=\"center\">15h00<\/td><\/tr><tr><td class=\"has-text-align-center\" data-align=\"center\">Outubro de 2024<\/td><td class=\"has-text-align-center\" data-align=\"center\">25\/10 (sexta)<\/td><td class=\"has-text-align-center\" data-align=\"center\">09h00<\/td><\/tr><tr><td class=\"has-text-align-center\" data-align=\"center\" rowspan=\"2\">24.2<\/td><td class=\"has-text-align-center\" data-align=\"center\">Novembro de 2024<\/td><td class=\"has-text-align-center\" data-align=\"center\">22\/11 (sexta)<\/td><td class=\"has-text-align-center\" data-align=\"center\">15h00<\/td><\/tr><tr><td class=\"has-text-align-center\" data-align=\"center\">Dezembro de 2024<\/td><td class=\"has-text-align-center\" data-align=\"center\">16\/12 (segunda)<\/td><td class=\"has-text-align-center\" data-align=\"center\">09h00<\/td><\/tr><\/tbody><\/table><\/figure>\n","protected":false},"excerpt":{"rendered":"<p>Calend\u00e1rio de Reuni\u00f5es do DEMAT de 2024 Departamento de Engenharia de Materiais M\u00eas Data e [&hellip;]<\/p>\n","protected":false},"author":171,"featured_media":0,"parent":0,"menu_order":0,"comment_status":"closed","ping_status":"closed","template":"","meta":{"footnotes":""},"class_list":["post-23","page","type-page","status-publish","hentry"],"_links":{"self":[{"href":"https:\/\/www.ct.ufpb.br\/demat\/wp-json\/wp\/v2\/pages\/23","targetHints":{"allow":["GET"]}}],"collection":[{"href":"https:\/\/www.ct.ufpb.br\/demat\/wp-json\/wp\/v2\/pages"}],"about":[{"href":"https:\/\/www.ct.ufpb.br\/demat\/wp-json\/wp\/v2\/types\/page"}],"author":[{"embeddable":true,"href":"https:\/\/www.ct.ufpb.br\/demat\/wp-json\/wp\/v2\/users\/171"}],"replies":[{"embeddable":true,"href":"https:\/\/www.ct.ufpb.br\/demat\/wp-json\/wp\/v2\/comments?post=23"}],"version-history":[{"count":3,"href":"https:\/\/www.ct.ufpb.br\/demat\/wp-json\/wp\/v2\/pages\/23\/revisions"}],"predecessor-version":[{"id":95,"href":"https:\/\/www.ct.ufpb.br\/demat\/wp-json\/wp\/v2\/pages\/23\/revisions\/95"}],"wp:attachment":[{"href":"https:\/\/www.ct.ufpb.br\/demat\/wp-json\/wp\/v2\/media?parent=23"}],"curies":[{"name":"wp","href":"https:\/\/api.w.org\/{rel}","templated":true}]}}