{"id":12,"date":"2025-08-07T11:05:34","date_gmt":"2025-08-07T14:05:34","guid":{"rendered":"https:\/\/www.ct.ufpb.br\/demat\/?page_id=12"},"modified":"2026-03-01T10:21:30","modified_gmt":"2026-03-01T13:21:30","slug":"equipe-administrativa","status":"publish","type":"page","link":"https:\/\/www.ct.ufpb.br\/demat\/equipe-administrativa\/","title":{"rendered":"Equipe Administrativa"},"content":{"rendered":"\n<p><\/p>\n\n\n\n<h2 class=\"wp-block-heading\"><div class=\"linha-header\"><strong>Chefe:<\/strong><\/div><\/h2>\n\n\n\n<ul class=\"wp-block-list\">\n<li>Prof. Dr.&nbsp; Ricardo Peixoto Suassuna Dutra<\/li>\n<\/ul>\n\n\n\n<h2 class=\"wp-block-heading\"><div class=\"linha-header\"><strong>Vice-Chefe:<\/strong><\/div><\/h2>\n\n\n\n<ul class=\"wp-block-list\">\n<li>Prof. Dr. Danniel Ferreira de Oliveira<\/li>\n<\/ul>\n\n\n\n<h2 class=\"wp-block-heading\"><div class=\"linha-header\"><strong>Secret\u00e1ria:<\/strong><\/div><\/h2>\n\n\n\n<ul class=\"wp-block-list\">\n<li>Rafaela Santos Ven\u00e2ncio de Ara\u00fajo<\/li>\n<\/ul>\n\n\n\n<p><strong>Telefone:<\/strong>\u00a0\u260e\ufe0f (83) 3216-7063<\/p>\n\n\n\n<p><strong>E-mails:<\/strong>\u00a0\u2709\ufe0f <a href=\"mailto:demat.ufpb@gmail.com\">demat.ufpb@gmail.com<\/a> | \u2709\ufe0f <a href=\"mailto:demat@ct.ufpb.br\">demat@ct.ufpb.br<\/a><\/p>\n\n\n\n<h2 class=\"wp-block-heading has-text-align-center\"><div class=\"linha-header\"><strong>Assessorias e Comiss\u00f5es<\/strong><\/div><\/h2>\n\n\n\n<h2 class=\"wp-block-heading\"><div class=\"linha-header\"><strong>Assessoria de Gradua\u00e7\u00e3o<\/strong><\/div><\/h2>\n\n\n\n<ul class=\"wp-block-list\">\n<li>Prof. Tib\u00e9rio Andrade dos Passos (Titular)<\/li>\n\n\n\n<li>Profa. Am\u00e9lia Severino Ferreira e Santos (Suplente)<\/li>\n<\/ul>\n\n\n\n<h2 class=\"wp-block-heading\"><div class=\"linha-header\"><strong>Assessoria de Pesquisa<\/strong><\/div><\/h2>\n\n\n\n<ul class=\"wp-block-list\">\n<li>Prof\u00aa Sheila Alves Bezerra (Titular)<\/li>\n\n\n\n<li>Prof\u00aa Danielle Guedes (Suplente)<\/li>\n<\/ul>\n\n\n\n<h2 class=\"wp-block-heading\"><div class=\"linha-header\"><strong>Assessoria de Extens\u00e3o<\/strong><\/div><\/h2>\n\n\n\n<ul class=\"wp-block-list\">\n<li>Prof\u00aa Maria Roseane Fernandes (Titular)<\/li>\n\n\n\n<li>Prof\u00aa Carina Gabriela de Melo (Suplente)<\/li>\n<\/ul>\n\n\n\n<h2 class=\"wp-block-heading\"><div class=\"linha-header\"><strong>Comiss\u00e3o de Encargos Docentes<\/strong><\/div><\/h2>\n\n\n\n<ul class=\"wp-block-list\">\n<li>Prof. Ricardo Peixoto Suassuna Dutra (Presidente)<\/li>\n\n\n\n<li>Prof\u00aa Renate Maria Ramos Wellen (Titular)<\/li>\n\n\n\n<li>Prof. Danniel Ferreira de Oliveira (Titular)<\/li>\n\n\n\n<li>Prof. M\u00e1rcio Jos\u00e9 Batista Cardoso (Suplente)<\/li>\n<\/ul>\n\n\n\n<h2 class=\"wp-block-heading\"><div class=\"linha-header\"><strong>Comiss\u00e3o <\/strong><strong>d<\/strong><strong>e Avalia\u00e7\u00e3o Docente<\/strong><\/div><\/h2>\n\n\n\n<ul class=\"wp-block-list\">\n<li>Prof. Cl\u00e1udio Alves de Siqueira Filho (Presidente)<\/li>\n\n\n\n<li>Prof. Ant\u00f4nio Farias Leal<\/li>\n\n\n\n<li>Prof. Tib\u00e9rio Andrade dos Passos<\/li>\n<\/ul>\n\n\n\n<h2 class=\"wp-block-heading\"><div class=\"linha-header\"><strong>Comiss\u00e3o de Compras e Licita\u00e7\u00e3o<\/strong><\/div><\/h2>\n\n\n\n<p>Esta comiss\u00e3o \u00e9 formada pelo Chefe e Vice-chefe do DEMAT, al\u00e9m de todos os Coordenadores dos Laborat\u00f3rios f\u00edsicos do Departamento.<\/p>\n","protected":false},"excerpt":{"rendered":"<p>Chefe: Vice-Chefe: Secret\u00e1ria: Telefone:\u00a0\u260e\ufe0f (83) 3216-7063 E-mails:\u00a0\u2709\ufe0f demat.ufpb@gmail.com | \u2709\ufe0f demat@ct.ufpb.br Assessorias e Comiss\u00f5es Assessoria [&hellip;]<\/p>\n","protected":false},"author":171,"featured_media":0,"parent":0,"menu_order":0,"comment_status":"closed","ping_status":"closed","template":"","meta":{"footnotes":""},"class_list":["post-12","page","type-page","status-publish","hentry"],"_links":{"self":[{"href":"https:\/\/www.ct.ufpb.br\/demat\/wp-json\/wp\/v2\/pages\/12","targetHints":{"allow":["GET"]}}],"collection":[{"href":"https:\/\/www.ct.ufpb.br\/demat\/wp-json\/wp\/v2\/pages"}],"about":[{"href":"https:\/\/www.ct.ufpb.br\/demat\/wp-json\/wp\/v2\/types\/page"}],"author":[{"embeddable":true,"href":"https:\/\/www.ct.ufpb.br\/demat\/wp-json\/wp\/v2\/users\/171"}],"replies":[{"embeddable":true,"href":"https:\/\/www.ct.ufpb.br\/demat\/wp-json\/wp\/v2\/comments?post=12"}],"version-history":[{"count":5,"href":"https:\/\/www.ct.ufpb.br\/demat\/wp-json\/wp\/v2\/pages\/12\/revisions"}],"predecessor-version":[{"id":111,"href":"https:\/\/www.ct.ufpb.br\/demat\/wp-json\/wp\/v2\/pages\/12\/revisions\/111"}],"wp:attachment":[{"href":"https:\/\/www.ct.ufpb.br\/demat\/wp-json\/wp\/v2\/media?parent=12"}],"curies":[{"name":"wp","href":"https:\/\/api.w.org\/{rel}","templated":true}]}}