{"id":45,"date":"2025-09-22T14:59:39","date_gmt":"2025-09-22T17:59:39","guid":{"rendered":"https:\/\/www.ct.ufpb.br\/deca\/?page_id=45"},"modified":"2026-03-01T10:28:16","modified_gmt":"2026-03-01T13:28:16","slug":"documentos","status":"publish","type":"page","link":"https:\/\/www.ct.ufpb.br\/deca\/documentos\/","title":{"rendered":"Documentos"},"content":{"rendered":"\n<p><\/p>\n\n\n\n<p><strong>Resolu\u00e7\u00f5es CONSUNI e CONSEPE relacionadas ao DECA<\/strong><\/p>\n\n\n\n<p><a href=\"http:\/\/plone.ufpb.br\/deca\/contents\/documentos\/resolucoes_consuni\/2020-17_res-consuni_honoris-causa_ricardo-rosa.pdf\" target=\"_blank\" rel=\"noreferrer noopener\">Honoris Causa Professor Ricardo Rosa<\/a>&nbsp;| 25 de novembro de 2020<\/p>\n\n\n\n<p><a href=\"http:\/\/plone.ufpb.br\/deca\/contents\/documentos\/resolucoes_consepe\/2013-40_res-consepe_cria-doutorado-eng-civil-e-ambiental.pdf\" target=\"_blank\" rel=\"noreferrer noopener\">Cria o Doutorado em Engenharia Civil e Ambiental&nbsp;<\/a>| 2 de maio de 2013<\/p>\n\n\n\n<p><a href=\"http:\/\/plone.ufpb.br\/deca\/contents\/documentos\/resolucoes_consuni\/2013-15_res-consuni_autoriza-doutorado-eng-civil-e-ambiental.pdf\" target=\"_blank\" rel=\"noreferrer noopener\">Autoriza o Doutorado em Engenharia Civil&nbsp;e Ambiental<\/a>&nbsp;|23 de abril de 2013<\/p>\n\n\n\n<p><a href=\"http:\/\/plone.ufpb.br\/deca\/contents\/documentos\/resolucoes_consuni\/2007-19_res-consuni_altera-nome-para-deca.pdf\" target=\"_blank\" rel=\"noreferrer noopener\">Altera o nome do Departamento para DECA<\/a>&nbsp;| 16 de agosto de 2007<\/p>\n\n\n\n<p><a href=\"http:\/\/plone.ufpb.br\/deca\/contents\/documentos\/resolucoes_consuni\/2005-01_res-consuni_altera-nome-para-eng-civil.pdf\" target=\"_blank\" rel=\"noreferrer noopener\">Altera o nome do curso para Engenharia Civil<\/a>&nbsp;| 2 de mar\u00e7o de 2005<\/p>\n\n\n\n<p><strong>Resolu\u00e7\u00f5es Internas do DECA<\/strong><\/p>\n\n\n\n<p>&nbsp;<a href=\"http:\/\/plone.ufpb.br\/deca\/contents\/documentos\/instrucoes_normativas_deca\/resolucao_interna_deca_no_01_2021_projetos_de_pesquisa.pdf\" target=\"_blank\" rel=\"noreferrer noopener\">Normas e procedimentos espec\u00edficos para submiss\u00e3o de&nbsp;projetos de pesquisa<\/a>&nbsp;| 31 de janeiro de 2023<\/p>\n\n\n\n<ul class=\"wp-block-list\">\n<li><a href=\"http:\/\/plone.ufpb.br\/deca\/contents\/documentos\/instrucoes_normativas_deca\/modelo-projeto-de-pesquisa-deca.docx\" target=\"_blank\" rel=\"noreferrer noopener\">Modelo Projeto de Pesquisa DECA<\/a><\/li>\n\n\n\n<li><a href=\"http:\/\/plone.ufpb.br\/deca\/contents\/documentos\/instrucoes_normativas_deca\/modelo-plano-de-trabalho-deca.docx\" target=\"_blank\" rel=\"noreferrer noopener\">Modelo Plano de Trabalho DECA<\/a><\/li>\n<\/ul>\n\n\n\n<p><strong>Projetos Pedag\u00f3gicos<\/strong><\/p>\n\n\n\n<p><a href=\"http:\/\/plone.ufpb.br\/deca\/contents\/documentos\/projetos_pedagogicos\/projeto-politico-pedagogico-engenharia-civil.pdf\" target=\"_blank\" rel=\"noreferrer noopener\">Projeto Pol\u00edtico Pedag\u00f3gico do Curso de Engenharia Civil<\/a>&nbsp;| 03 de junho de 2005<\/p>\n\n\n\n<p><a href=\"http:\/\/plone.ufpb.br\/deca\/contents\/documentos\/projetos_pedagogicos\/aprovacao_projeto_pedagogico_engenharia_civil.pdf\" target=\"_blank\" rel=\"noreferrer noopener\">Aprova\u00e7\u00e3o do&nbsp;Projeto Pol\u00edtico Pedag\u00f3gico do Curso de Engenharia Civil<\/a>&nbsp;| 03 de junho de 2005<\/p>\n\n\n\n<p><a href=\"http:\/\/plone.ufpb.br\/deca\/contents\/documentos\/projetos_pedagogicos\/projeto-politico-pedagogico-engenharia-ambiental.pdf\" target=\"_blank\" rel=\"noreferrer noopener\">Projeto Pol\u00edtico Pedag\u00f3gico do Curso de Engenharia Ambiental<\/a>&nbsp;| 2008<\/p>\n\n\n\n<p><a href=\"http:\/\/plone.ufpb.br\/deca\/contents\/documentos\/projetos_pedagogicos\/aprovacao_projeto_pedagogico_engenharia_ambiental.pdf\" target=\"_blank\" rel=\"noreferrer noopener\">Aprova\u00e7\u00e3o do&nbsp;Projeto Pol\u00edtico Pedag\u00f3gico do Curso de Engenharia Ambiental<\/a>&nbsp;| 20 de junho de 2008<\/p>\n\n\n\n<p><strong>Regulamentos<\/strong><\/p>\n\n\n\n<p><a href=\"http:\/\/plone.ufpb.br\/deca\/contents\/documentos\/regulamentos\/regulamento_geral_da_graducao_29_2020.pdf\" target=\"_blank\" rel=\"noreferrer noopener\">Regulamento dos Cursos Regulares de Gradua\u00e7\u00e3o da UFPB<\/a>&nbsp;| 5 de novembro de 2020<\/p>\n\n\n\n<p><a href=\"http:\/\/plone.ufpb.br\/deca\/contents\/documentos\/regulamentos\/encargos_docente_ufpb_2016.pdf\" target=\"_blank\" rel=\"noreferrer noopener\">Regulamento que estabelece crit\u00e9rios para distribui\u00e7\u00e3o de encargos ao pessoal da carreira do magist\u00e9rio superior na UFPB<\/a>&nbsp;| 22 de mar\u00e7o de 2016<\/p>\n\n\n\n<p><strong>Ajuda<\/strong><\/p>\n\n\n\n<p><a href=\"http:\/\/www.progep.ufpb.br\/progep\/colecoes\/manual-do-servidor-1\" target=\"_blank\" rel=\"noreferrer noopener\">Manual do Servidor<\/a><\/p>\n\n\n\n<p><a href=\"https:\/\/progep.ufpb.br\/progep\/contents\/documentos\/portarias\/portaria_de_frias_n_37_-_09-10-2023_-_referente_frias_2024_-_ufpb.pdf\" target=\"_blank\" rel=\"noreferrer noopener\">Orienta\u00e7\u00f5es sobre a programa\u00e7\u00e3o de f\u00e9rias dos servidores docentes e t\u00e9cnicos administrativos para o exerc\u00edcio de 2024<\/a><\/p>\n\n\n\n<p class=\" \"><a href=\"https:\/\/progep.ufpb.br\/progep\/contents\/documentos\/manual-do-servidor\/licenca-para-capacitacao-tae.pdf\/view\" target=\"_blank\" rel=\"noreferrer noopener\">Licen\u00e7a para Capacita\u00e7\u00e3o &#8211; T\u00e9cnico-Administrativo<\/a><\/p>\n\n\n\n<p class=\" \"><a href=\"https:\/\/progep.ufpb.br\/progep\/contents\/documentos\/formularios\/formulario-tecnicos-afastamentos\/view\" target=\"_blank\" rel=\"noreferrer noopener\">Afastamento para A\u00e7\u00f5es de Desenvolvimento (T\u00e9cnico-Administrativo)<\/a><\/p>\n\n\n\n<p class=\" \"><a href=\"https:\/\/progep.ufpb.br\/progep\/contents\/documentos\/formularios\/modelo-de-termo-de-compromisso-e-responsabilidade-afastamento-tecnico-administrativo\/view\" target=\"_blank\" rel=\"noreferrer noopener\">Modelo de Termo de Compromisso e Responsabilidade &#8211; afastamento (T\u00e9cnico Administrativo)<\/a><\/p>\n\n\n\n<p class=\" \"><a href=\"https:\/\/progep.ufpb.br\/progep\/contents\/documentos\/formularios\/termo-de-autorizacao-para-capacitacao.pdf\/view\" target=\"_blank\" rel=\"noreferrer noopener\">Termo de Autoriza\u00e7\u00e3o para Capacita\u00e7\u00e3o<\/a><\/p>\n\n\n\n<p class=\" \"><a href=\"https:\/\/progep.ufpb.br\/progep\/contents\/documentos\/formularios\/modelo-de-relatorio-de-afastamento-versao-word.docx\/view\" target=\"_blank\" rel=\"noreferrer noopener\">Modelo de relat\u00f3rio de afastamento &#8211; vers\u00e3o word.docx<\/a><\/p>\n\n\n\n<p class=\" \"><a href=\"https:\/\/progep.ufpb.br\/progep\/contents\/documentos\/formularios\/formulario-docentes.docx\/view\" target=\"_blank\" rel=\"noreferrer noopener\">Afastamento para P\u00f3s-Gradua\u00e7\u00e3o\/Licen\u00e7a Capacita\u00e7\u00e3o (Docentes)<\/a><\/p>\n\n\n\n<p class=\" \">&nbsp;<\/p>\n\n\n\n<ul class=\"wp-block-list\">\n<li><strong>Afastamentos Docentes:<\/strong><\/li>\n<\/ul>\n\n\n\n<p class=\" \">&nbsp; &nbsp; &nbsp; &nbsp; &nbsp; &nbsp;&nbsp;<a href=\"http:\/\/plone.ufpb.br\/deca\/contents\/documentos\/afastamento-docentes\/check-list-afastamentos_docentes_acoes_desenvolvimento.docx\"><em>Check List<\/em>&nbsp;&#8211; Afastamentos para A\u00e7\u00f5es de Desenvolvimento (Docentes)<\/a><\/p>\n\n\n\n<p class=\" \">&nbsp; &nbsp; &nbsp; &nbsp; &nbsp; &nbsp;&nbsp;<a href=\"http:\/\/plone.ufpb.br\/deca\/contents\/documentos\/afastamento-docentes\/formulrio_docentes_modelo_progep.docx\">Formul\u00e1rio Docente (Modelo Progep)<\/a><\/p>\n\n\n\n<p class=\" \">&nbsp; &nbsp; &nbsp; &nbsp; &nbsp; &nbsp;<a href=\"http:\/\/plone.ufpb.br\/deca\/contents\/documentos\/afastamento-docentes\/orientacoes_afastamentos-docentes_no-pais_atividades_meio_e_administrativas.docx\">&nbsp;Orienta\u00e7\u00f5es &#8211; Afastamentos para Atividades Meio&nbsp; e Administrativas (Docentes)<\/a><\/p>\n\n\n\n<p class=\" \">&nbsp; &nbsp; &nbsp; &nbsp; &nbsp; &nbsp;&nbsp;<a href=\"http:\/\/plone.ufpb.br\/deca\/contents\/documentos\/afastamento-docentes\/modelo-de-formulario-de-reposicao-de-aulas.doc\">Plano de Reposi\u00e7\u00e3o de Aula (modelo)<\/a><\/p>\n\n\n\n<p class=\" \">&nbsp; &nbsp; &nbsp; &nbsp; &nbsp; &nbsp;&nbsp;<a href=\"http:\/\/plone.ufpb.br\/deca\/contents\/documentos\/afastamento-docentes\/oficio-circular-no-2-2024-reitoria-cppd_afastamento_curtissima_duracao.pdf\">OF\u00cdCIO CIRCULAR N\u00ba 2\/2024 &#8211; REITORIA -CPPD<\/a><\/p>\n\n\n\n<p class=\" \">&nbsp; &nbsp; &nbsp; &nbsp; &nbsp; &nbsp;&nbsp;<a href=\"http:\/\/plone.ufpb.br\/deca\/contents\/documentos\/afastamento-docentes\/oficio-circular-n-7-2020-progep-cppd_afastamento-cutissima_duracao.pdf\">OF\u00cdCIO CIRCULAR N\u00ba 7\/2020 &#8211; PROGEP -CPPD<\/a><\/p>\n\n\n\n<ul class=\"wp-block-list\">\n<li><strong>Est\u00e1gio Probat\u00f3rio\u00a0Docente Magist\u00e9rio Superior:<\/strong><\/li>\n<\/ul>\n\n\n\n<p><a href=\"http:\/\/plone.ufpb.br\/deca\/contents\/documentos\/manuais\/estagio_probatorio_2022_docente_da_carreira_do_magisterio_superior.pdf\" target=\"_blank\" rel=\"noreferrer noopener\">Orienta\u00e7\u00f5es<\/a><\/p>\n\n\n\n<p><a href=\"http:\/\/plone.ufpb.br\/deca\/contents\/documentos\/resolucoes_consuni\/resolucao_consuni_05_1999_normas_avaliacao_desempenho_probatorio.pdf\" target=\"_blank\" rel=\"noreferrer noopener\">Resolu\u00e7\u00e3o N\u00b0 5\/1999 &#8211; CONSUNI &#8211; Normas para avalia\u00e7\u00e3o de desempenho<\/a><\/p>\n\n\n\n<p>Altera\u00e7\u00f5es:<\/p>\n\n\n\n<p><a href=\"http:\/\/plone.ufpb.br\/deca\/contents\/documentos\/resolucoes_consuni\/resolucao_consuni_19_2008.pdf\" target=\"_blank\" rel=\"noreferrer noopener\">Resolu\u00e7\u00e3o N\u00b0 19\/2008 &#8211; CONSUNI<\/a><\/p>\n\n\n\n<p><a href=\"http:\/\/plone.ufpb.br\/deca\/contents\/documentos\/resolucoes_consuni\/resolucao_consuni_05_2021.pdf\" target=\"_blank\" rel=\"noreferrer noopener\">Resolu\u00e7\u00e3o N\u00b0 05\/2021 &#8211; CONSUNI<\/a><\/p>\n\n\n\n<ul class=\"wp-block-list\">\n<li><strong>Progress\u00e3o e Promo\u00e7\u00e3o Docente Magist\u00e9rio Superior:\u00a0<\/strong><\/li>\n<\/ul>\n\n\n\n<p><a href=\"http:\/\/plone.ufpb.br\/deca\/contents\/documentos\/manuais\/progressao_e_promocao_docente_magisterio_superior.pdf\" target=\"_blank\" rel=\"noreferrer noopener\">Orienta\u00e7\u00f5es<\/a><\/p>\n\n\n\n<p class=\" \"><a href=\"https:\/\/progep.ufpb.br\/progep\/contents\/documentos\/formularios\/Requerimento%20-%20Promocao%20para%20Associado%20I\/view\" target=\"_blank\" rel=\"noreferrer noopener\">Requerimento &#8211; Promo\u00e7\u00e3o para Associado I<\/a><\/p>\n\n\n\n<p class=\" \"><a href=\"https:\/\/progep.ufpb.br\/progep\/contents\/documentos\/formularios\/Requerimento%20%20Progressao%20Funcional%20da%20Classe%20Associado\/view\" target=\"_blank\" rel=\"noreferrer noopener\">Requerimento &#8211; Progress\u00e3o Funcional da Classe Associado (II,III e IV)<\/a><\/p>\n\n\n\n<p class=\" \"><a href=\"https:\/\/progep.ufpb.br\/progep\/contents\/documentos\/formularios\/Requerimento%20-%20Promocao%20para%20Titular\/view\" target=\"_blank\" rel=\"noreferrer noopener\">Requerimento &#8211; Promo\u00e7\u00e3o para Titular<\/a><\/p>\n\n\n\n<p><a href=\"http:\/\/plone.ufpb.br\/deca\/contents\/documentos\/resolucoes_consepe\/resolucao_consepe_37_1999.pdf\" target=\"_blank\" rel=\"noreferrer noopener\">Resolu\u00e7\u00e3o N\u00b0 37\/1999 &#8211; CONSEPE &#8211; Sistema de Acompanhamento e Avalia\u00e7\u00e3o das atividades do Magist\u00e9rior superior<\/a><\/p>\n\n\n\n<p><a href=\"http:\/\/plone.ufpb.br\/deca\/contents\/documentos\/resolucoes_consepe\/resolucao_consepe_06_2001.pdf\" target=\"_blank\" rel=\"noreferrer noopener\">Resolu\u00e7\u00e3o&nbsp;<\/a><a href=\"http:\/\/plone.ufpb.br\/deca\/contents\/documentos\/resolucoes_consepe\/resolucao_consepe_06_2001.pdf\" target=\"_blank\" rel=\"noreferrer noopener\">N\u00b0 06\/2001 &#8211; CONSEPE &#8211; Altera dispositivos da&nbsp;Resolu\u00e7\u00e3o N\u00b0 37\/1999 do CONSEPE<\/a><\/p>\n\n\n\n<p><a href=\"http:\/\/plone.ufpb.br\/deca\/contents\/documentos\/resolucoes_consepe\/resolucao_consepe_27_2001.pdf\" target=\"_blank\" rel=\"noreferrer noopener\">Resolu\u00e7\u00e3o&nbsp;N\u00b0 27\/2001 &#8211; CONSEPE &#8211; Crit\u00e9rios e procedimentos para avalia\u00e7\u00e3o do desempenho docente&nbsp;<\/a><\/p>\n\n\n\n<ul class=\"wp-block-list\">\n<li><strong>Acelera\u00e7\u00e3o da Promo\u00e7\u00e3o Docente Magist\u00e9rio Superior:<\/strong><\/li>\n<\/ul>\n\n\n\n<p><a href=\"http:\/\/plone.ufpb.br\/deca\/contents\/documentos\/manuais\/aceleracao_da_promocao_-docente_magisterio_superior_atualizado_2021.pdf\" target=\"_blank\" rel=\"noreferrer noopener\">Orienta\u00e7\u00f5es<\/a><\/p>\n\n\n\n<p><a href=\"http:\/\/plone.ufpb.br\/deca\/contents\/documentos\/resolucoes_consepe\/resolucao_consepe_05_2002.pdf\" target=\"_blank\" rel=\"noreferrer noopener\">Resolu\u00e7\u00e3o&nbsp;N\u00b0 05\/2002 &#8211; CONSEPE &#8211; Documenta\u00e7\u00e3o a ser apresentada<\/a><\/p>\n\n\n\n<p><a href=\"http:\/\/plone.ufpb.br\/deca\/contents\/documentos\/resolucoes_consepe\/resolucao_consepe_20_2017.pdf\" target=\"_blank\" rel=\"noreferrer noopener\">Resolu\u00e7\u00e3o&nbsp;N\u00b0 20\/2017 &#8211; CONSEPE &#8211; Novos procedimentos administrativos para o reconhecimento de diplomas de p\u00f3s-gradua\u00e7\u00e3o estrangeiros<\/a><\/p>\n\n\n\n<p><strong>Portarias<\/strong><\/p>\n\n\n\n<figure class=\"wp-block-table\"><table class=\"has-fixed-layout\"><tbody><tr><td>2024<\/td><td><strong><a href=\"http:\/\/plone.ufpb.br\/deca\/contents\/paginas-1\/portarias\/portarias-2022\"><strong><a href=\"http:\/\/plone.ufpb.br\/deca\/contents\/paginas-1\/portarias\/portarias-2023\">2023<\/a><\/strong><\/a><\/strong><\/td><td><strong><a href=\"http:\/\/plone.ufpb.br\/deca\/contents\/paginas-1\/portarias\/portarias-2021\"><strong><a href=\"http:\/\/plone.ufpb.br\/deca\/contents\/paginas-1\/portarias\/portarias-2022\">2022<\/a><\/strong><\/a><\/strong><\/td><td><strong><a href=\"http:\/\/plone.ufpb.br\/deca\/contents\/paginas-1\/portarias\/portarias-2021\">2021<\/a><\/strong><\/td><\/tr><\/tbody><\/table><\/figure>\n\n\n\n<p><\/p>\n\n\n\n<figure class=\"wp-block-table\"><table><tbody><tr><td class=\"has-text-align-center\" data-align=\"center\"><strong>N\u00famero\/Ano<\/strong><\/td><td><strong>Ementa<\/strong><\/td><\/tr><tr><td class=\"has-text-align-center\" data-align=\"center\"><strong>1\/2024&nbsp;<\/strong><\/td><td>Altera a vig\u00eancia da PORTARIA N\u00ba 4\/2022 &#8211; CT-DECA, de 04\/05\/2022, que&nbsp;designa os membros da Assessoria de Gradua\u00e7\u00e3o e Monitoria&nbsp;Departamento de Engenharia Civil e Ambiental e d\u00e1 outras provid\u00eancias.<\/td><\/tr><tr><td class=\"has-text-align-center\" data-align=\"center\"><strong>2\/2024&nbsp;<\/strong><\/td><td>Altera a vig\u00eancia da PORTARIA N\u00ba 5\/2022 &#8211; CT-DECA, de 04\/05\/2022, que designa os membros da Assessoria de Pesquisa do Departamento de Engenharia Civil e Ambiental.<\/td><\/tr><tr><td class=\"has-text-align-center\" data-align=\"center\"><strong>3\/2024<\/strong><\/td><td>Altera a vig\u00eancia da PORTARIA N\u00ba 6\/2022 &#8211; CT-DECA, de 04\/05\/2022, que designa os membros da Assessoria de Extens\u00e3o do Departamento de Engenharia Civil e Ambiental.<\/td><\/tr><tr><td class=\"has-text-align-center\" data-align=\"center\"><strong>4\/2024<\/strong><\/td><td>Designa os membros da COMISSS\u00c3O DE AVALIA\u00c7\u00c3O DOCENTES &#8211; CAD para avalia\u00e7\u00e3o do est\u00e1gio probat\u00f3rio do docente RAFAEL LOPES MENDON\u00c7A e Revoga a PORTARIA N\u00ba04\/2023 &#8211; CT-DECA, de 23\/03\/2023.<\/td><\/tr><tr><td class=\"has-text-align-center\" data-align=\"center\"><strong>5\/2024<\/strong><\/td><td>Designa servidores docentes do Departamento de Engenharia Civil e Ambiental do Centro de Tecnologia para compor o Colegiado do Curso de Engenharia Ambiental e d\u00e1 outras provid\u00eancias.<\/td><\/tr><tr><td class=\"has-text-align-center\" data-align=\"center\"><strong>6\/2024<\/strong><\/td><td>Altera a PORTARIA N\u00ba 18 \/ 2022 &#8211; CT-DECA, que designa os membros da C\u00e2mara do Departamento de Engenharia Civil e Ambiental.<\/td><\/tr><tr><td class=\"has-text-align-center\" data-align=\"center\"><strong>7\/2024<\/strong><\/td><td>Nomeia os membros da C\u00e2mara do Departamento de Engenharia Civil e Ambiental para o mandato 2023-2024 e d\u00e1 outras provid\u00eancias.<\/td><\/tr><tr><td class=\"has-text-align-center\" data-align=\"center\"><strong>8\/2024<\/strong><\/td><td>Designa docentes do Departamento de Engeharia Civil e Ambiental como membros da Comiss\u00e3o Avaliadora do Projeto de Pesquisa submetido atrav\u00e9s do Processo: 23074.039956\/2024-80<\/td><\/tr><tr><td class=\"has-text-align-center\" data-align=\"center\"><strong>9\/2024<\/strong><\/td><td>Designa docentes do Departamento de Engenharia Civil e Ambiental como membros da Comiss\u00e3o Avaliadora do Projeto de Pesquisa submetido atrav\u00e9s do Processo: 23074.042781\/2024-47.<\/td><\/tr><tr><td class=\"has-text-align-center\" data-align=\"center\"><strong>10\/2024<\/strong><\/td><td>Altera a PORTARIA N\u00ba 9 \/ 2024 &#8211; CT-DECA, que designa docentes do Departamento de Engenharia Civil e Ambiental como membros da Comiss\u00e3o Avaliadora do Projeto de Pesquisa submetido atrav\u00e9s do Processo: 23074.042781\/2024-47 e d\u00e1 outras provid\u00eancias.<\/td><\/tr><tr><td class=\"has-text-align-center\" data-align=\"center\"><strong>11\/2024<\/strong><\/td><td>Designar servidores docentes&nbsp;como membros da Assessoria de Gradua\u00e7\u00e3o e Monitoria deste Departamento.<\/td><\/tr><tr><td class=\"has-text-align-center\" data-align=\"center\"><strong>12\/2024<\/strong><\/td><td>Designar servidores docentes&nbsp;como membros da Assessoria de Pesquisa deste Departamento.<\/td><\/tr><tr><td class=\"has-text-align-center\" data-align=\"center\"><strong>13\/2024<\/strong><\/td><td>Designar servidores docentes&nbsp;como membros da Assessoria de Extens\u00e3o deste Departamento.<\/td><\/tr><tr><td class=\"has-text-align-center\" data-align=\"center\"><strong>14\/2024<\/strong><\/td><td>Designar o servidor docente Rafael Lopes Mendon\u00e7a, como novo coodenador para o Laborat\u00f3rio de Topografia do Departamento de Engenharia Civil e Ambiental do Centro de Tecnologia da Universidade Federal da Para\u00edba.<\/td><\/tr><tr><td class=\"has-text-align-center\" data-align=\"center\"><strong>15\/2024<\/strong><\/td><td>Autorizar afastamento do servidor docente Jo\u00e1cio de Ara\u00fajo Morais J\u00fanior, do Departamento de Engenharia Civil e Ambiental para participa\u00e7\u00e3o em evento nacional de curt\u00edssima dura\u00e7\u00e3o.<\/td><\/tr><tr><td class=\"has-text-align-center\" data-align=\"center\"><strong>16\/2024<\/strong><\/td><td>Autorizar o afastamento no pa\u00eds de&nbsp;HIDELBRANDO JOSE FARKAT DIOGENES.<\/td><\/tr><tr><td class=\"has-text-align-center\" data-align=\"center\"><strong>17\/2024<\/strong><\/td><td>Autorizar o afastamento no pa\u00eds de ELIS\u00c2NGELA MARIA RODRIGUES ROCHA.<\/td><\/tr><tr><td class=\"has-text-align-center\" data-align=\"center\"><strong>18\/2024<\/strong><\/td><td>Autorizar o afastamento no pa\u00eds de ANA CLAUDIA FERNANDES MEDEIROS BRAGA.<\/td><\/tr><tr><td class=\"has-text-align-center\" data-align=\"center\"><strong>19\/2024<\/strong><\/td><td>Designar o professores&nbsp;para compor a comiss\u00e3o de avalia\u00e7\u00e3o do relat\u00f3rio de projeto de pesquisa da professora CIBELLE GUIMARAES SILVA SEVERO, apresentado no processo 23074.104651\/2022-97.<\/td><\/tr><tr><td class=\"has-text-align-center\" data-align=\"center\"><strong>20\/2024<\/strong><\/td><td>Autorizar o afastamento no pa\u00eds de ANA CRISTINA SOUZA DA SILVA.<\/td><\/tr><tr><td class=\"has-text-align-center\" data-align=\"center\"><strong>21\/2024<\/strong><\/td><td>Autorizar o afastamento no pa\u00eds de CLAUDIA COUTINHO NOBREGA.<\/td><\/tr><tr><td class=\"has-text-align-center\" data-align=\"center\"><strong>22\/2024<\/strong><\/td><td>Autorizar o afastamento no pa\u00eds de JO\u00c1CIO DE ARA\u00daJO MORAIS J\u00daNIOR.<\/td><\/tr><tr><td class=\"has-text-align-center\" data-align=\"center\"><strong>23\/2024<\/strong><\/td><td>Autorizar o afastamento no pa\u00eds de IGOR FERNANDES GOMES.<\/td><\/tr><tr><td class=\"has-text-align-center\" data-align=\"center\"><strong>24\/2024<\/strong><\/td><td>Designar para compor a COMISS\u00c3O DE AVALIA\u00c7\u00c3O DOCENTE (CAD) de LUARA LOPES DE ARA\u00daJO&nbsp;FERNANDES.<\/td><\/tr><tr><td class=\"has-text-align-center\" data-align=\"center\"><strong>25\/2024<\/strong><\/td><td>Designar para compor a COMISS\u00c3O DE AVALIA\u00c7\u00c3O DOCENTE (CAD) de JOS\u00c9 AUGUSTO GOMES NETO.<\/td><\/tr><tr><td class=\"has-text-align-center\" data-align=\"center\"><strong>26\/2024<\/strong><\/td><td>Designar para compor a COMISS\u00c3O DE AVALIA\u00c7\u00c3O DOCENTE (CAD) de LEONARDO MEDEIROS DA COSTA.<\/td><\/tr><tr><td class=\"has-text-align-center\" data-align=\"center\"><strong>27\/2024<\/strong><\/td><td>Designar para compor a COMISS\u00c3O DE AVALIA\u00c7\u00c3O DOCENTE (CAD) de LAYS RAIANNE AZEVEDO DA&nbsp;COSTA.<\/td><\/tr><tr><td class=\"has-text-align-center\" data-align=\"center\"><strong>28\/2024<\/strong><\/td><td>Autoriza os componentes do quadro administrativo do Departamento de Engenharia Civil e Ambiental, que especifica, ao duplo acesso das unidades: CT &#8211; DEPARTAMENTO DE ENGENHARIA CIVIL E AMBIENTAL (11.01.17.13) e CT &#8211; SECRETARIA DO DEPARTAMENTO DE ENGENHARIA CIVIL E AMBIENTAL (11.00.55.59) para fins de abertura e tramita\u00e7\u00e3o de documentos e processos.<\/td><\/tr><\/tbody><\/table><\/figure>\n","protected":false},"excerpt":{"rendered":"<p>Resolu\u00e7\u00f5es CONSUNI e CONSEPE relacionadas ao DECA Honoris Causa Professor Ricardo Rosa&nbsp;| 25 de novembro [&hellip;]<\/p>\n","protected":false},"author":171,"featured_media":0,"parent":0,"menu_order":0,"comment_status":"closed","ping_status":"closed","template":"","meta":{"footnotes":""},"class_list":["post-45","page","type-page","status-publish","hentry"],"_links":{"self":[{"href":"https:\/\/www.ct.ufpb.br\/deca\/wp-json\/wp\/v2\/pages\/45","targetHints":{"allow":["GET"]}}],"collection":[{"href":"https:\/\/www.ct.ufpb.br\/deca\/wp-json\/wp\/v2\/pages"}],"about":[{"href":"https:\/\/www.ct.ufpb.br\/deca\/wp-json\/wp\/v2\/types\/page"}],"author":[{"embeddable":true,"href":"https:\/\/www.ct.ufpb.br\/deca\/wp-json\/wp\/v2\/users\/171"}],"replies":[{"embeddable":true,"href":"https:\/\/www.ct.ufpb.br\/deca\/wp-json\/wp\/v2\/comments?post=45"}],"version-history":[{"count":1,"href":"https:\/\/www.ct.ufpb.br\/deca\/wp-json\/wp\/v2\/pages\/45\/revisions"}],"predecessor-version":[{"id":46,"href":"https:\/\/www.ct.ufpb.br\/deca\/wp-json\/wp\/v2\/pages\/45\/revisions\/46"}],"wp:attachment":[{"href":"https:\/\/www.ct.ufpb.br\/deca\/wp-json\/wp\/v2\/media?parent=45"}],"curies":[{"name":"wp","href":"https:\/\/api.w.org\/{rel}","templated":true}]}}