{"id":213,"date":"2026-03-30T14:00:31","date_gmt":"2026-03-30T17:00:31","guid":{"rendered":"https:\/\/www.ct.ufpb.br\/deca\/?page_id=213"},"modified":"2026-03-30T14:00:31","modified_gmt":"2026-03-30T17:00:31","slug":"laboratorio-de-saneamento-ambiental-labsam","status":"publish","type":"page","link":"https:\/\/www.ct.ufpb.br\/deca\/laboratorio-de-saneamento-ambiental-labsam\/","title":{"rendered":"Laborat\u00f3rio de Saneamento Ambiental &#8211; LABSAM"},"content":{"rendered":"\n<p>O laborat\u00f3rio de Saneamento possui uma \u00e1rea de 40 m\u00b2, atendendo a demandas de Alunos de gradua\u00e7\u00e3o, p\u00f3s-gradua\u00e7\u00e3o, inicia\u00e7\u00e3o cient\u00edfica, ind\u00fastrias, prefeituras, CAGEPA (Companhia de \u00c1gua e Esgoto da Para\u00edba), Governo do Estado e SUDEMA (Superintend\u00eancia de Desenvolvimento e Meio Ambiente).<\/p>\n\n\n\n<figure class=\"wp-block-gallery has-nested-images columns-default is-cropped wp-block-gallery-1 is-layout-flex wp-block-gallery-is-layout-flex\">\n<figure class=\"wp-block-image size-large\"><img loading=\"lazy\" decoding=\"async\" width=\"1024\" height=\"576\" data-id=\"215\" src=\"https:\/\/www.ct.ufpb.br\/deca\/wp-content\/uploads\/sites\/107\/sites\/339\/2026\/03\/labsam1.jpg\" alt=\"\" class=\"wp-image-215\" srcset=\"https:\/\/www.ct.ufpb.br\/deca\/wp-content\/uploads\/sites\/107\/sites\/339\/2026\/03\/labsam1.jpg 1024w, https:\/\/www.ct.ufpb.br\/deca\/wp-content\/uploads\/sites\/107\/sites\/339\/2026\/03\/labsam1-300x169.jpg 300w, https:\/\/www.ct.ufpb.br\/deca\/wp-content\/uploads\/sites\/107\/sites\/339\/2026\/03\/labsam1-768x432.jpg 768w\" sizes=\"auto, (max-width: 1024px) 100vw, 1024px\" \/><\/figure>\n<\/figure>\n\n\n\n<p><\/p>\n\n\n\n<p>Os equipamentos presentes no laborat\u00f3rios s\u00e3o os mais diversos, podendo serem listados como principais: Balan\u00e7as de precis\u00e3o, agitador magn\u00e9tico, bombas de v\u00e1cuo, centr\u00edfuga, chapa de aquecimento, conduv\u00edmetro, desmineralizador de \u00e1gua, destilador, encubadeira para DBO, estufas (02), medidores, microcomputador. O laborat\u00f3rio conta ainda com uma esta\u00e7\u00e3o de tratamento de \u00e1gua, doada pela Cagepa em meados de 1998. Estes e os demais equipamentos permitem ao laborat\u00f3rio desenvolver diversos servi\u00e7os e an\u00e1lises.<\/p>\n\n\n<div class=\"wp-block-image\">\n<figure class=\"aligncenter size-full is-resized\"><img loading=\"lazy\" decoding=\"async\" width=\"576\" height=\"1024\" src=\"https:\/\/www.ct.ufpb.br\/deca\/wp-content\/uploads\/sites\/107\/sites\/339\/2026\/03\/labsam2-1.jpg\" alt=\"\" class=\"wp-image-217\" style=\"width:236px;height:auto\" srcset=\"https:\/\/www.ct.ufpb.br\/deca\/wp-content\/uploads\/sites\/107\/sites\/339\/2026\/03\/labsam2-1.jpg 576w, https:\/\/www.ct.ufpb.br\/deca\/wp-content\/uploads\/sites\/107\/sites\/339\/2026\/03\/labsam2-1-169x300.jpg 169w\" sizes=\"auto, (max-width: 576px) 100vw, 576px\" \/><\/figure>\n<\/div>\n\n\n<p><\/p>\n\n\n\n<p>Os servi\u00e7os ofertados s\u00e3o os de an\u00e1lises f\u00edsicas e qu\u00edmicas de \u00e1guas, an\u00e1lises f\u00edsicas e qu\u00edmicas de esgotos, an\u00e1lises f\u00edsicas e qu\u00edmicas de res\u00edduos s\u00f3lidos, avalia\u00e7\u00e3o do desempenho de esta\u00e7\u00f5es de tratamento de \u00e1gua, avalia\u00e7\u00e3o do tratamento de esta\u00e7\u00f5es de tratamento de esgotos, caracteriza\u00e7\u00e3o de despejos industriais para elabora\u00e7\u00e3o de projeto para o tratamento de esgotos, e monitoramento da qualidade de \u00e1guas superficiais (rios, a\u00e7udes, barragens) destinados ao consumo humano.<\/p>\n\n\n\n<p>Dentre as an\u00e1lises realizadas podemos citar: determina\u00e7\u00e3o da temperatura, de oxig\u00eanio dissolvido, de pH, de condutividade, de turbidez, de sulfato, de alcalinidade, da acidez vol\u00e1til, de oxig\u00eanio consumido, de res\u00edduo sediment\u00e1vel, da dureza total e de metais pesados. Al\u00e9m de todas essas determina\u00e7\u00f5es o laborat\u00f3rio desenvolve an\u00e1lises da demanda bioqu\u00edmica de oxig\u00eanio &#8211; DBO e de determina\u00e7\u00e3o de diversos tipos de res\u00edduos entres eles: total, fixo, vol\u00e1til, filtr\u00e1vel, filtr\u00e1vel fixo, filtr\u00e1vel vol\u00e1til, n\u00e3o filtr\u00e1vel, n\u00e3o filtr\u00e1vel fixo, n\u00e3o filtr\u00e1vel vol\u00e1til, total modificado, fixo modificado e vol\u00e1til modificado.<\/p>\n\n\n\n<p><strong>Equipamentos<\/strong><\/p>\n\n\n\n<figure class=\"wp-block-table is-style-regular\"><table class=\"has-fixed-layout\"><tbody><tr><td class=\"has-text-align-center\" data-align=\"center\">1<\/td><td class=\"has-text-align-center\" data-align=\"center\">Agitador magn\u00e9tico com sistema de aquecimento e controle de&nbsp;<br>temperatura. N0 do Patrim\u00f4nio 156.896<\/td><td class=\"has-text-align-center\" data-align=\"center\">Funcional<\/td><\/tr><tr><td class=\"has-text-align-center\" data-align=\"center\">2<\/td><td class=\"has-text-align-center\" data-align=\"center\">Balan\u00e7a anal\u00edtica digital, de precis\u00e3o. N0 do Patrim\u00f4nio 155773<\/td><td class=\"has-text-align-center\" data-align=\"center\">Funcional<\/td><\/tr><tr><td class=\"has-text-align-center\" data-align=\"center\">3<\/td><td class=\"has-text-align-center\" data-align=\"center\">Balan\u00e7a semi-anal\u00edtica digital, de precis\u00e3o. N0 do Patrim\u00f4nio 266.817<\/td><td class=\"has-text-align-center\" data-align=\"center\">Funcional<\/td><\/tr><tr><td class=\"has-text-align-center\" data-align=\"center\">4<\/td><td class=\"has-text-align-center\" data-align=\"center\">Banho-maria (06 provas). N0 do Patrim\u00f4nio 156.846<\/td><td class=\"has-text-align-center\" data-align=\"center\">Funcional<\/td><\/tr><tr><td class=\"has-text-align-center\" data-align=\"center\">5<\/td><td class=\"has-text-align-center\" data-align=\"center\">Bomba de v\u00e1cuo (400 a 500 mmHg). N0 do Patrim\u00f4nio 156.892<\/td><td class=\"has-text-align-center\" data-align=\"center\">Funcional<\/td><\/tr><tr><td class=\"has-text-align-center\" data-align=\"center\">6<\/td><td class=\"has-text-align-center\" data-align=\"center\">Centr\u00edfuga (16 tubos). N0 do Patrim\u00f4nio 159.599<\/td><td class=\"has-text-align-center\" data-align=\"center\">Funcional<\/td><\/tr><tr><td class=\"has-text-align-center\" data-align=\"center\">7<\/td><td class=\"has-text-align-center\" data-align=\"center\">Chapa de aquecimento. N0 do Patrim\u00f4nio 156.044<\/td><td class=\"has-text-align-center\" data-align=\"center\">Funcional<\/td><\/tr><tr><td class=\"has-text-align-center\" data-align=\"center\">8<\/td><td class=\"has-text-align-center\" data-align=\"center\">Condutiv\u00edmetro Mod.CD-4302 Lutron. N0 do Patrim\u00f4nio 157.384<\/td><td class=\"has-text-align-center\" data-align=\"center\">Funcional<\/td><\/tr><tr><td class=\"has-text-align-center\" data-align=\"center\">9<\/td><td class=\"has-text-align-center\" data-align=\"center\">Condutiv\u00edmetro Handylab Mod. LF1Schott.<\/td><td class=\"has-text-align-center\" data-align=\"center\">Funcional<\/td><\/tr><tr><td class=\"has-text-align-center\" data-align=\"center\">10<\/td><td class=\"has-text-align-center\" data-align=\"center\">Color\u00edmetro fotoel\u00e9trico Mod. B-340 Micronal.<\/td><td class=\"has-text-align-center\" data-align=\"center\">Funcional<\/td><\/tr><tr><td class=\"has-text-align-center\" data-align=\"center\">11<\/td><td class=\"has-text-align-center\" data-align=\"center\">Desmineralizador de \u00e1gua. N0 do Patrim\u00f4nio 156.016<\/td><td class=\"has-text-align-center\" data-align=\"center\">Funcional<\/td><\/tr><tr><td class=\"has-text-align-center\" data-align=\"center\">12<\/td><td class=\"has-text-align-center\" data-align=\"center\">Destilador de \u00e1gua (5 l\/h). N0 do Patrim\u00f4nio156.015<\/td><td class=\"has-text-align-center\" data-align=\"center\">Funcional<\/td><\/tr><tr><td class=\"has-text-align-center\" data-align=\"center\">13<\/td><td class=\"has-text-align-center\" data-align=\"center\">Encubadeira para DBO. N0 do Patrim\u00f4nio156.041<\/td><td class=\"has-text-align-center\" data-align=\"center\">Funcional<\/td><\/tr><tr><td class=\"has-text-align-center\" data-align=\"center\">14<\/td><td class=\"has-text-align-center\" data-align=\"center\">Espectrofot\u00f4metro de absor\u00e7\u00e3o at\u00f4mica e gerador de hidretos +&nbsp;<br>impressora. N0 do Patrim\u00f4nio160.042<\/td><td class=\"has-text-align-center\" data-align=\"center\">Funcional<\/td><\/tr><tr><td class=\"has-text-align-center\" data-align=\"center\">15<\/td><td class=\"has-text-align-center\" data-align=\"center\">Estufas (02). N0 do Patrim\u00f4nio 156.042 e 156.043<\/td><td class=\"has-text-align-center\" data-align=\"center\">Funcional<\/td><\/tr><tr><td class=\"has-text-align-center\" data-align=\"center\">16<\/td><td class=\"has-text-align-center\" data-align=\"center\">Geladeira comum para amostras 410 l (02). N0 do Patrim\u00f4nio 156.002 e 156.003<\/td><td class=\"has-text-align-center\" data-align=\"center\">Funcional<\/td><\/tr><tr><td class=\"has-text-align-center\" data-align=\"center\">17<\/td><td class=\"has-text-align-center\" data-align=\"center\">Jar teste \u2013 Turb floc 06 provas (02). N0 do Patrim\u00f4nio 156.055 e 156.056<\/td><td class=\"has-text-align-center\" data-align=\"center\">Funcional<\/td><\/tr><tr><td class=\"has-text-align-center\" data-align=\"center\">18<\/td><td class=\"has-text-align-center\" data-align=\"center\">Medidor de oxig\u00eanio dissolvido. N0 do Patrim\u00f4nio 157.319<\/td><td class=\"has-text-align-center\" data-align=\"center\">Funcional<\/td><\/tr><tr><td class=\"has-text-align-center\" data-align=\"center\">19<\/td><td class=\"has-text-align-center\" data-align=\"center\">Medidor de pH digital, de precis\u00e3o. N0 do Patrim\u00f4nio158.630<\/td><td class=\"has-text-align-center\" data-align=\"center\">Funcional<\/td><\/tr><tr><td class=\"has-text-align-center\" data-align=\"center\">20<\/td><td class=\"has-text-align-center\" data-align=\"center\">Mufla (at\u00e9 12000C). N0. do Patrim\u00f4nio 159.600<\/td><td class=\"has-text-align-center\" data-align=\"center\">Funcional<\/td><\/tr><tr><td class=\"has-text-align-center\" data-align=\"center\">21<\/td><td class=\"has-text-align-center\" data-align=\"center\">Turbid\u00edmetro. N0 do Patrim\u00f4nio 158.629<\/td><td class=\"has-text-align-center\" data-align=\"center\">Funcional<\/td><\/tr><tr><td class=\"has-text-align-center\" data-align=\"center\">22<\/td><td class=\"has-text-align-center\" data-align=\"center\">Microcomputador. N0 Pat 160.753 (CPU) e 160.814 (monitor)<\/td><td class=\"has-text-align-center\" data-align=\"center\">Funcional<\/td><\/tr><tr><td class=\"has-text-align-center\" data-align=\"center\">23<\/td><td class=\"has-text-align-center\" data-align=\"center\">Esta\u00e7\u00e3o de tratamento de \u00e1gua.<\/td><td class=\"has-text-align-center\" data-align=\"center\">Funcional<\/td><\/tr><tr><td class=\"has-text-align-center\" data-align=\"center\">24<\/td><td class=\"has-text-align-center\" data-align=\"center\">Nessler Quant 200 (medidor de cor).<\/td><td class=\"has-text-align-center\" data-align=\"center\">Funcional<\/td><\/tr><tr><td class=\"has-text-align-center\" data-align=\"center\">25<\/td><td class=\"has-text-align-center\" data-align=\"center\">Aparelho de filtra\u00e7\u00e3o Sterifil &#8211; Millipore .<\/td><td class=\"has-text-align-center\" data-align=\"center\">Funcional<\/td><\/tr><tr><td class=\"has-text-align-center\" data-align=\"center\">26<\/td><td class=\"has-text-align-center\" data-align=\"center\">Garrafa coletora de Van Dorn horizontal, 3 litros<\/td><td class=\"has-text-align-center\" data-align=\"center\">Funcional<\/td><\/tr><tr><td class=\"has-text-align-center\" data-align=\"center\">27<\/td><td class=\"has-text-align-center\" data-align=\"center\">Refrat\u00f4metro port\u00e1til Modelo RTS-101ATC<\/td><td class=\"has-text-align-center\" data-align=\"center\">Funcional<\/td><\/tr><tr><td class=\"has-text-align-center\" data-align=\"center\">28<\/td><td class=\"has-text-align-center\" data-align=\"center\">INSTRUTHERM. Medidor de condutividade de bancada, Modelo mca 150, TECNOPON<\/td><td class=\"has-text-align-center\" data-align=\"center\">Funcional<\/td><\/tr><tr><td class=\"has-text-align-center\" data-align=\"center\">29<\/td><td class=\"has-text-align-center\" data-align=\"center\">Manta aquecedora<\/td><td class=\"has-text-align-center\" data-align=\"center\">Funcional<\/td><\/tr><tr><td class=\"has-text-align-center\" data-align=\"center\">30<\/td><td class=\"has-text-align-center\" data-align=\"center\">Turbidimetro Digital<\/td><td class=\"has-text-align-center\" data-align=\"center\">Funcional<\/td><\/tr><tr><td class=\"has-text-align-center\" data-align=\"center\">32<\/td><td class=\"has-text-align-center\" data-align=\"center\">pHmetro de campo<\/td><td class=\"has-text-align-center\" data-align=\"center\">Funcional&nbsp;<\/td><\/tr><\/tbody><\/table><\/figure>\n\n\n\n<p><\/p>\n","protected":false},"excerpt":{"rendered":"<p>O laborat\u00f3rio de Saneamento possui uma \u00e1rea de 40 m\u00b2, atendendo a demandas de Alunos [&hellip;]<\/p>\n","protected":false},"author":285,"featured_media":0,"parent":0,"menu_order":0,"comment_status":"closed","ping_status":"closed","template":"","meta":{"footnotes":""},"class_list":["post-213","page","type-page","status-publish","hentry"],"_links":{"self":[{"href":"https:\/\/www.ct.ufpb.br\/deca\/wp-json\/wp\/v2\/pages\/213","targetHints":{"allow":["GET"]}}],"collection":[{"href":"https:\/\/www.ct.ufpb.br\/deca\/wp-json\/wp\/v2\/pages"}],"about":[{"href":"https:\/\/www.ct.ufpb.br\/deca\/wp-json\/wp\/v2\/types\/page"}],"author":[{"embeddable":true,"href":"https:\/\/www.ct.ufpb.br\/deca\/wp-json\/wp\/v2\/users\/285"}],"replies":[{"embeddable":true,"href":"https:\/\/www.ct.ufpb.br\/deca\/wp-json\/wp\/v2\/comments?post=213"}],"version-history":[{"count":1,"href":"https:\/\/www.ct.ufpb.br\/deca\/wp-json\/wp\/v2\/pages\/213\/revisions"}],"predecessor-version":[{"id":218,"href":"https:\/\/www.ct.ufpb.br\/deca\/wp-json\/wp\/v2\/pages\/213\/revisions\/218"}],"wp:attachment":[{"href":"https:\/\/www.ct.ufpb.br\/deca\/wp-json\/wp\/v2\/media?parent=213"}],"curies":[{"name":"wp","href":"https:\/\/api.w.org\/{rel}","templated":true}]}}