{"id":20,"date":"2025-09-19T10:52:54","date_gmt":"2025-09-19T13:52:54","guid":{"rendered":"https:\/\/www.ct.ufpb.br\/deca\/?page_id=20"},"modified":"2026-03-01T10:34:14","modified_gmt":"2026-03-01T13:34:14","slug":"equipe-administrativa","status":"publish","type":"page","link":"https:\/\/www.ct.ufpb.br\/deca\/equipe-administrativa\/","title":{"rendered":"Equipe Administrativa"},"content":{"rendered":"\n<p><\/p>\n\n\n\n<h2 class=\"wp-block-heading\"><div class=\"linha-header\">Chefia Departamental<\/div><\/h2>\n\n\n\n<p>Professora Andrea Brasiliano Silva (Chefe) &#8211; e-mail: andrea.brasiliano@academico.ufpb.br<br>&nbsp; &nbsp;&nbsp;<a href=\"http:\/\/lattes.cnpq.br\/7960530718632221\" target=\"_blank\" rel=\"noreferrer noopener\">Curr\u00edculo Lattes<\/a>&nbsp;&nbsp;\/&nbsp;&nbsp;<a href=\"https:\/\/sigaa.ufpb.br\/sigaa\/public\/docente\/portal.jsf?siape=1549557\" target=\"_blank\" rel=\"noreferrer noopener\">Ver p\u00e1gina<\/a>&nbsp;(SIGAA)<\/p>\n\n\n\n<p>Professor Rafael Lopes Mendon\u00e7a (Vice-Chefe) &#8211; e-mail: rafael.mendonca@academico.ufpb.br<\/p>\n\n\n\n<p>&nbsp; &nbsp;&nbsp;<a href=\"http:\/\/lattes.cnpq.br\/3291078332976325\" target=\"_blank\" rel=\"noreferrer noopener\">Curr\u00edculo Lattes<\/a>&nbsp;&nbsp;\/&nbsp;&nbsp;<a href=\"https:\/\/sigaa.ufpb.br\/sigaa\/public\/docente\/portal.jsf?siape=1158873\" target=\"_blank\" rel=\"noreferrer noopener\">Ver p\u00e1gina<\/a>&nbsp;(SIGAA)<\/p>\n\n\n\n<h2 class=\"wp-block-heading\"><div class=\"linha-header\"><strong>Secretaria<\/strong><\/div><\/h2>\n\n\n\n<p>Ervone Laureano Barbosa Fragoso (Secret\u00e1ria Executiva)<\/p>\n\n\n\n<p>S\u00e1ra de Paiva Pedrosa (Assistente Administrativa)<\/p>\n\n\n\n<p>Telefone: (83) 3216 -7355 \/ e-mail: deca@ct.ufpb.br<\/p>\n\n\n\n<h2 class=\"wp-block-heading has-text-align-center\"><div class=\"linha-header\">Comiss\u00f5es e Assessorias<\/div><\/h2>\n\n\n\n<h2 class=\"wp-block-heading\"><div class=\"linha-header\">Assessoria de Gradua\u00e7\u00e3o e Monitoria<\/div><\/h2>\n\n\n\n<ul class=\"wp-block-list\">\n<li><strong>Cibelle Guimar\u00e3es Silva Severo&nbsp;(titular)<\/strong><\/li>\n\n\n\n<li><strong>Albanise Barbosa Marinho (suplente)<\/strong><\/li>\n<\/ul>\n\n\n\n<p>* Vig\u00eancia de 02 (dois) anos a partir de 12 de agosto de 2024<\/p>\n\n\n\n<h2 class=\"wp-block-heading\"><div class=\"linha-header\">Assessoria de Pesquisa<\/div><\/h2>\n\n\n\n<ul class=\"wp-block-list\">\n<li><strong>Hidelbrando Jos\u00e9 Farkat Di\u00f3genes&nbsp;(titular)<\/strong><\/li>\n\n\n\n<li><strong>Adriano Rolim da Paz&nbsp;(suplente)<\/strong><\/li>\n<\/ul>\n\n\n\n<p>&nbsp;* Vig\u00eancia de 02 (dois) anos a partir de 12 de agosto de 2024<\/p>\n\n\n\n<h2 class=\"wp-block-heading\"><div class=\"linha-header\">Assessoria de Extens\u00e3o<\/div><\/h2>\n\n\n\n<ul class=\"wp-block-list\">\n<li><strong>Ysabelle Yruska de Lucena Gomes Braga (titular)<\/strong><\/li>\n\n\n\n<li><strong>Cl\u00e1udia Coutinho N\u00f3brega (suplente)<\/strong><\/li>\n<\/ul>\n\n\n\n<p>&nbsp;&nbsp;* Vig\u00eancia de 02 (dois) anos a partir de 12 de agosto de 2024<\/p>\n\n\n\n<h2 class=\"wp-block-heading\"><div class=\"linha-header\">C\u00e2mara Departamental<\/div><\/h2>\n\n\n\n<ul class=\"wp-block-list\">\n<li><strong>Andrea Brasiliano Silva&nbsp;(membro nato, na condi\u00e7\u00e3o de Chefe de Departamento)<\/strong><\/li>\n\n\n\n<li><strong>Rafael Lopes Mendo\u00e7a (membro nato, na condi\u00e7\u00e3o de Vice-Chefe de Departamento)<\/strong><\/li>\n\n\n\n<li><strong>Hidelbrando Jos\u00e9 Farkat Di\u00f3genes (membro docente &#8211; \u00c1rea da Constru\u00e7\u00e3o Civil)<\/strong><\/li>\n\n\n\n<li><strong>Adriano Rolim da Paz (membro docente &#8211; \u00c1rea de Saneamento)<\/strong><\/li>\n\n\n\n<li><strong>F\u00e1bio Lopes Soares (membro docente &#8211; \u00c1rea de Geotecnia e Transporte)<\/strong><\/li>\n\n\n\n<li><strong>Cristiano das Neves Almeia (membro docente &#8211; \u00c1rea de Recursos H\u00eddricos)<\/strong><\/li>\n\n\n\n<li><strong>Orlando de Cavalcanti Villar Filho (membro docente, interino&nbsp; &#8211; \u00c1rea de Estruturas)<\/strong><\/li>\n\n\n\n<li><strong>Aline Fl\u00e1via Nunes Rem\u00edgio Antunes ( membro docente &#8211; Representando as Coordena\u00e7\u00f5es)<\/strong><\/li>\n\n\n\n<li><strong>Elizabete Mirela Coutinho Braz Silva (membro discente &#8211; Gradua\u00e7\u00e3o Engenharia Civil)&nbsp;<\/strong><\/li>\n\n\n\n<li><strong>Ana Vict\u00f3ria do Nascimento Santos (membro discente &#8211; Gradua\u00e7\u00e3o Engenharia Ambiental)<\/strong><\/li>\n\n\n\n<li><strong>&nbsp;(membro t\u00e9cnico-administrativo)<\/strong><\/li>\n<\/ul>\n\n\n\n<h2 class=\"wp-block-heading\"><div class=\"linha-header\">Comiss\u00e3o de Encargos Docentes<\/div><\/h2>\n\n\n\n<ul class=\"wp-block-list\">\n<li><strong>Andr\u00e9a Brasiliano Silva (membro nato, na condi\u00e7\u00e3o de Chefe de Departamento)<\/strong><\/li>\n\n\n\n<li><strong>Cibelle Guimar\u00e3es Silva Severo&nbsp;(titular)<\/strong><\/li>\n\n\n\n<li><strong>Davi de Carvalho Diniz Melo&nbsp;&nbsp;(titular)<\/strong><\/li>\n\n\n\n<li><strong>Leonardo Vieira Soares&nbsp;&nbsp;(titular)<\/strong><\/li>\n\n\n\n<li><strong>Rafael lopes Mendon\u00e7a (titular)<\/strong><\/li>\n\n\n\n<li><strong>Gustavo Barbosa Lima Silva&nbsp;(suplente)<\/strong><\/li>\n<\/ul>\n\n\n\n<h2 class=\"wp-block-heading\"><div class=\"linha-header\">Comiss\u00e3o de Progress\u00e3o Funcional<\/div><\/h2>\n\n\n\n<ul class=\"wp-block-list\">\n<li><strong>Primo Fernandes Filho&nbsp;(titular)<\/strong><\/li>\n<\/ul>\n\n\n\n<h2 class=\"wp-block-heading\"><div class=\"linha-header\">Comiss\u00e3o de Revalida\u00e7\u00e3o de Diploma<\/div><\/h2>\n\n\n\n<h2 class=\"wp-block-heading\"><div class=\"linha-header\">Comiss\u00e3o de Reestrutura\u00e7\u00e3o das \u00c1reas<\/div><\/h2>\n\n\n\n<p><\/p>\n","protected":false},"excerpt":{"rendered":"<p>Chefia Departamental Professora Andrea Brasiliano Silva (Chefe) &#8211; e-mail: andrea.brasiliano@academico.ufpb.br&nbsp; &nbsp;&nbsp;Curr\u00edculo Lattes&nbsp;&nbsp;\/&nbsp;&nbsp;Ver p\u00e1gina&nbsp;(SIGAA) Professor Rafael [&hellip;]<\/p>\n","protected":false},"author":171,"featured_media":0,"parent":0,"menu_order":0,"comment_status":"closed","ping_status":"closed","template":"","meta":{"footnotes":""},"class_list":["post-20","page","type-page","status-publish","hentry"],"_links":{"self":[{"href":"https:\/\/www.ct.ufpb.br\/deca\/wp-json\/wp\/v2\/pages\/20","targetHints":{"allow":["GET"]}}],"collection":[{"href":"https:\/\/www.ct.ufpb.br\/deca\/wp-json\/wp\/v2\/pages"}],"about":[{"href":"https:\/\/www.ct.ufpb.br\/deca\/wp-json\/wp\/v2\/types\/page"}],"author":[{"embeddable":true,"href":"https:\/\/www.ct.ufpb.br\/deca\/wp-json\/wp\/v2\/users\/171"}],"replies":[{"embeddable":true,"href":"https:\/\/www.ct.ufpb.br\/deca\/wp-json\/wp\/v2\/comments?post=20"}],"version-history":[{"count":3,"href":"https:\/\/www.ct.ufpb.br\/deca\/wp-json\/wp\/v2\/pages\/20\/revisions"}],"predecessor-version":[{"id":172,"href":"https:\/\/www.ct.ufpb.br\/deca\/wp-json\/wp\/v2\/pages\/20\/revisions\/172"}],"wp:attachment":[{"href":"https:\/\/www.ct.ufpb.br\/deca\/wp-json\/wp\/v2\/media?parent=20"}],"curies":[{"name":"wp","href":"https:\/\/api.w.org\/{rel}","templated":true}]}}