{"id":59,"date":"2026-02-23T11:18:09","date_gmt":"2026-02-23T14:18:09","guid":{"rendered":"https:\/\/www.ct.ufpb.br\/dea\/?page_id=59"},"modified":"2026-02-23T11:18:09","modified_gmt":"2026-02-23T14:18:09","slug":"laboratorios","status":"publish","type":"page","link":"https:\/\/www.ct.ufpb.br\/dea\/laboratorios\/","title":{"rendered":"Laborat\u00f3rios"},"content":{"rendered":"\n<h2 class=\"wp-block-heading\"><div class=\"linha-header\"><strong><a href=\"http:\/\/plone.ufpb.br\/dea\/contents\/paginas\/laboratorio-multiusuario-de-qualidade-em-alimentos\">Laborat\u00f3rio Multiusu\u00e1rio de Qualidade em Alimentos<\/a><\/strong><\/div><\/h2>\n\n\n\n<p>Coordenadora: Profa.&nbsp;Taliana K\u00eania Alencar Bezerra<br>Equipe t\u00e9cnica:&nbsp;Leila Moreira de Carvalho e M\u00e9rcia de Sousa Galv\u00e3o<\/p>\n\n\n\n<h2 class=\"wp-block-heading\"><div class=\"linha-header\"><strong>Laborat\u00f3rio de An\u00e1lise Sensorial e Desenvolvimento de Novos Produtos (LAS)<\/strong><\/div><\/h2>\n\n\n\n<p>Coordenador:&nbsp;Prof. Ricardo Targino Moreira<br>Equipe t\u00e9cnica:&nbsp;Katharina Kardinele Barros Sassi<\/p>\n\n\n\n<h2 class=\"wp-block-heading\"><div class=\"linha-header\"><strong>Laborat\u00f3rio de An\u00e1lises Qu\u00edmicas de Alimentos (LAQA)<\/strong><\/div><\/h2>\n\n\n\n<p>Coordenadora: Profa.&nbsp;Marta Suely Madruga<br>Equipe t\u00e9cnica: Leila Moreira de Carvalho<\/p>\n\n\n\n<h2 class=\"wp-block-heading\"><div class=\"linha-header\"><strong>Laborat\u00f3rio de Apoio (LA)<\/strong><\/div><\/h2>\n\n\n\n<p>Coordenadora: Profa.&nbsp;Marta Suely Madruga<br>Equipe t\u00e9cnica:&nbsp;M\u00e9rcia de Sousa Galv\u00e3o<\/p>\n\n\n\n<h2 class=\"wp-block-heading\"><div class=\"linha-header\"><strong>Laborat\u00f3rio de Bioqu\u00edmica de Alimentos (LABA)<\/strong><\/div><\/h2>\n\n\n\n<p>Coordenadora: Profa.&nbsp;Marciane Magnani<br>Equipe t\u00e9cnica:&nbsp;Gilvandro Ferreira da Costa<\/p>\n\n\n\n<ul class=\"wp-block-list\">\n<li><strong>Laborat\u00f3rio de Engenharia de Alimentos (LEA)<\/strong><\/li>\n<\/ul>\n\n\n\n<p>Coordenador: Prof.&nbsp;Pierre Corr\u00eaa Martins<br>Equipe t\u00e9cnica:&nbsp;Josevan da Silva,&nbsp;Thayze Rodrigues Bezerra Pessoa<\/p>\n\n\n\n<h2 class=\"wp-block-heading\"><div class=\"linha-header\"><strong>Laborat\u00f3rio de<em>\u00a0Flavor<\/em>\u00a0(LAF)<\/strong><\/div><\/h2>\n\n\n\n<p>Coordenadora: Profa.&nbsp;Marta Suely Madruga<br>Equipe t\u00e9cnica:&nbsp;M\u00e9rcia de Sousa Galv\u00e3o<\/p>\n\n\n\n<h2 class=\"wp-block-heading\"><div class=\"linha-header\"><strong>Laborat\u00f3rio de Inform\u00e1tica (LI)<\/strong><\/div><\/h2>\n\n\n\n<p>Coordenadora: Profa.&nbsp;Joselma Ara\u00fajo de Amorim<br>Equipe t\u00e9cnica:&nbsp;<\/p>\n\n\n\n<h2 class=\"wp-block-heading\"><div class=\"linha-header\"><strong>Laborat\u00f3rio de Microbiologia de Alimentos (LAMICRO)<\/strong><\/div><\/h2>\n\n\n\n<p>Coordenadora: Profa.&nbsp;Janeeyre Ferreira Maciel<br>Equipe t\u00e9cnica:&nbsp;Genilson Batista de Oliveira<\/p>\n\n\n\n<h2 class=\"wp-block-heading\"><div class=\"linha-header\"><strong>Laborat\u00f3rio de Processamento de Derivados de Carnes (LPDC)<\/strong>;<\/div><\/h2>\n\n\n\n<p>Coordenador:&nbsp;Prof. Ricardo Targino Moreira<br>Equipe t\u00e9cnica:&nbsp;Katharina Kardinele Barros Sassi,&nbsp;Lincoln Pontes Vaz, Jessica Lisana Ouriques Brasileiro<\/p>\n\n\n\n<h2 class=\"wp-block-heading\"><div class=\"linha-header\"><strong>Laborat\u00f3rio de Processamento de Derivados de Leite (LPDL)<\/strong><\/div><\/h2>\n\n\n\n<p>Coordenadora: Profa.&nbsp;Taliana Kenia Alves Bezerra<br>Equipe t\u00e9cnica:&nbsp;Ana Tereza de Oliveira Cirilo,&nbsp;Wilma Carla de Freitas<\/p>\n\n\n\n<h2 class=\"wp-block-heading\"><div class=\"linha-header\"><strong>Laborat\u00f3rio de Processamento de Derivados de Pescado (LPTEP)<\/strong><\/div><\/h2>\n\n\n\n<p>Coordenadora: Profa.&nbsp;Yuri Montenegro Ishihara<br>Equipe t\u00e9cnica:&nbsp;<\/p>\n\n\n\n<h2 class=\"wp-block-heading\"><div class=\"linha-header\"><strong>Laborat\u00f3rio de Processos Microbianos em Alimentos (LPMA)<\/strong><\/div><\/h2>\n\n\n\n<p>Coordenadora: Profa.&nbsp;Marciane Magnani<br>Equipe t\u00e9cnica:&nbsp;Whyara Karoline Almeida da Costa<\/p>\n\n\n\n<h2 class=\"wp-block-heading\"><div class=\"linha-header\"><strong>Laborat\u00f3rio de Tecnologia de Alimentos (LTA)<\/strong><\/div><\/h2>\n\n\n\n<p>Coordenadora: Profa.&nbsp;Stela de Lourdes Ribeiro de Mendon\u00e7a<br>Equipe t\u00e9cnica:&nbsp;Adriana Dutra Sousa,&nbsp;Antonio Di\u00f3genes Teixeira de Azevedo,&nbsp;Gilvan Jeremias do Nascimento,&nbsp;Larissa Raphaela Goncalves de Farias Feitosa,&nbsp;Leda Guedes Cavalcanti,&nbsp;Sinara Pereira Fragoso<\/p>\n\n\n\n<h2 class=\"wp-block-heading\"><div class=\"linha-header\"><strong>Laborat\u00f3rio de Tecnologia de Panifica\u00e7\u00e3o \u2013 Padaria Piloto (LTP)<\/strong><\/div><\/h2>\n\n\n\n<p>Coordenadora: Profa.&nbsp;Stela de Lourdes Ribeiro de Mendon\u00e7a<br>Equipe t\u00e9cnica:&nbsp;Danielly Vasconcelos Travassos<\/p>\n","protected":false},"excerpt":{"rendered":"<p>Laborat\u00f3rio Multiusu\u00e1rio de Qualidade em Alimentos Coordenadora: Profa.&nbsp;Taliana K\u00eania Alencar BezerraEquipe t\u00e9cnica:&nbsp;Leila Moreira de Carvalho [&hellip;]<\/p>\n","protected":false},"author":285,"featured_media":0,"parent":0,"menu_order":0,"comment_status":"closed","ping_status":"closed","template":"","meta":{"footnotes":""},"class_list":["post-59","page","type-page","status-publish","hentry"],"_links":{"self":[{"href":"https:\/\/www.ct.ufpb.br\/dea\/wp-json\/wp\/v2\/pages\/59","targetHints":{"allow":["GET"]}}],"collection":[{"href":"https:\/\/www.ct.ufpb.br\/dea\/wp-json\/wp\/v2\/pages"}],"about":[{"href":"https:\/\/www.ct.ufpb.br\/dea\/wp-json\/wp\/v2\/types\/page"}],"author":[{"embeddable":true,"href":"https:\/\/www.ct.ufpb.br\/dea\/wp-json\/wp\/v2\/users\/285"}],"replies":[{"embeddable":true,"href":"https:\/\/www.ct.ufpb.br\/dea\/wp-json\/wp\/v2\/comments?post=59"}],"version-history":[{"count":1,"href":"https:\/\/www.ct.ufpb.br\/dea\/wp-json\/wp\/v2\/pages\/59\/revisions"}],"predecessor-version":[{"id":60,"href":"https:\/\/www.ct.ufpb.br\/dea\/wp-json\/wp\/v2\/pages\/59\/revisions\/60"}],"wp:attachment":[{"href":"https:\/\/www.ct.ufpb.br\/dea\/wp-json\/wp\/v2\/media?parent=59"}],"curies":[{"name":"wp","href":"https:\/\/api.w.org\/{rel}","templated":true}]}}