{"id":37,"date":"2025-09-29T10:29:26","date_gmt":"2025-09-29T13:29:26","guid":{"rendered":"https:\/\/www.ct.ufpb.br\/ccau\/?page_id=37"},"modified":"2026-03-20T12:35:53","modified_gmt":"2026-03-20T15:35:53","slug":"corpo-docente","status":"publish","type":"page","link":"https:\/\/www.ct.ufpb.br\/cgepm\/corpo-docente\/","title":{"rendered":"Corpo Docente"},"content":{"rendered":"\n<p>Nesse local est\u00e3o descritos o nome dos Professores do Departamento de Engenharia de Produ\u00e7\u00e3o (DEP).<\/p>\n\n\n\n<p>Dada a proximidade entre o Curso e o Departamento, normalmente, esses s\u00e3o os professores que orientam Projetos de Pesquisa, de Extens\u00e3o, Monitorias, Trabalhos de Conclus\u00e3o de Curso, Est\u00e1gios, entre outras atividades.<\/p>\n\n\n\n<p><a href=\"http:\/\/ct.ufpb.br\/dep\/contents\/menu\/dep-1\/docentes\" target=\"_blank\" rel=\"noreferrer noopener\"><strong>Acesse o link do site do Departamento de Engenharia de Produ\u00e7\u00e3o<\/strong><\/a>&nbsp;que apresenta o nome dos docentes.<\/p>\n\n\n\n<p><a href=\"http:\/\/plone.ufpb.br\/cgepm\/contents\/menu\/academico\/corpo-docente#wrapper\">Voltar para o topo<\/a><\/p>\n\n\n\n<p><\/p>\n","protected":false},"excerpt":{"rendered":"<p>Nesse local est\u00e3o descritos o nome dos Professores do Departamento de Engenharia de Produ\u00e7\u00e3o (DEP). [&hellip;]<\/p>\n","protected":false},"author":63,"featured_media":0,"parent":0,"menu_order":0,"comment_status":"closed","ping_status":"closed","template":"","meta":{"footnotes":""},"class_list":["post-37","page","type-page","status-publish","hentry"],"_links":{"self":[{"href":"https:\/\/www.ct.ufpb.br\/cgepm\/wp-json\/wp\/v2\/pages\/37","targetHints":{"allow":["GET"]}}],"collection":[{"href":"https:\/\/www.ct.ufpb.br\/cgepm\/wp-json\/wp\/v2\/pages"}],"about":[{"href":"https:\/\/www.ct.ufpb.br\/cgepm\/wp-json\/wp\/v2\/types\/page"}],"author":[{"embeddable":true,"href":"https:\/\/www.ct.ufpb.br\/cgepm\/wp-json\/wp\/v2\/users\/63"}],"replies":[{"embeddable":true,"href":"https:\/\/www.ct.ufpb.br\/cgepm\/wp-json\/wp\/v2\/comments?post=37"}],"version-history":[{"count":1,"href":"https:\/\/www.ct.ufpb.br\/cgepm\/wp-json\/wp\/v2\/pages\/37\/revisions"}],"predecessor-version":[{"id":126,"href":"https:\/\/www.ct.ufpb.br\/cgepm\/wp-json\/wp\/v2\/pages\/37\/revisions\/126"}],"wp:attachment":[{"href":"https:\/\/www.ct.ufpb.br\/cgepm\/wp-json\/wp\/v2\/media?parent=37"}],"curies":[{"name":"wp","href":"https:\/\/api.w.org\/{rel}","templated":true}]}}