{"id":27,"date":"2025-09-29T10:28:14","date_gmt":"2025-09-29T13:28:14","guid":{"rendered":"https:\/\/www.ct.ufpb.br\/ccau\/?page_id=27"},"modified":"2026-03-20T12:30:58","modified_gmt":"2026-03-20T15:30:58","slug":"normativas","status":"publish","type":"page","link":"https:\/\/www.ct.ufpb.br\/cgepm\/normativas\/","title":{"rendered":"Normativas"},"content":{"rendered":"\n<p><a href=\"http:\/\/plone.ufpb.br\/cgepm\/contents\/documentos\/resolucoes\/regimento-ufpb.pdf\" target=\"_blank\" rel=\"noreferrer noopener\">Regimento Geral da UFPB<\/a><\/p>\n\n\n\n<p><a href=\"http:\/\/plone.ufpb.br\/cgepm\/contents\/documentos\/resolucoes\/res-59-1997.pdf\" target=\"_blank\" rel=\"noreferrer noopener\">Resolu\u00e7\u00e3o n\u00ba 59\/1997 &#8211; Estrutura curricular do curso de EPM<\/a><\/p>\n\n\n\n<p><a href=\"https:\/\/www.ufpb.br\/prac\/contents\/paginas\/portaarquivos\/ResolucaoCONSEPE61_2014.pdf\/view\" target=\"_blank\" rel=\"noreferrer noopener\">Resolu\u00e7\u00e3o n\u00ba 61\/2014 &#8211; Regulamente as atividades de Extens\u00e3o da UFPB<\/a><\/p>\n\n\n\n<p><a href=\"http:\/\/plone.ufpb.br\/cgepm\/contents\/documentos\/resolucoes\/resolucao-01-17-epm-conteudos-flexiveis.pdf\" target=\"_blank\" rel=\"noreferrer noopener\">&nbsp;Resolu\u00e7\u00e3o n\u00ba 01\/2017 CGEPM &#8211; Conte\u00fados flex\u00edveis<\/a><\/p>\n\n\n\n<p><a href=\"http:\/\/plone.ufpb.br\/cgepm\/contents\/documentos\/resolucoes\/resolucao-29-2020.pdf\" target=\"_blank\" rel=\"noreferrer noopener\">Resolu\u00e7\u00e3o n\u00ba 29\/2020 CONSEPE &#8211; Regulamenta\u00e7\u00e3o geral de gradua\u00e7\u00e3o da UFPB<\/a><\/p>\n\n\n\n<p><a href=\"http:\/\/plone.ufpb.br\/cgepm\/contents\/documentos\/resolucoes\/res-_consepe_27-2021.pdf\" target=\"_blank\" rel=\"noreferrer noopener\">Resolu\u00e7\u00e3o n\u00ba 27\/2021 CONSEPE &#8211; Regulamenta\u00e7\u00e3o de oferta de componentes curriculares para gradua\u00e7\u00e3o 2021.1<\/a><\/p>\n\n\n\n<p><a href=\"http:\/\/plone.ufpb.br\/cgepm\/contents\/documentos\/resolucoes\/res-_consepe_29-2021.pdf\" target=\"_blank\" rel=\"noreferrer noopener\">Resolu\u00e7\u00e3o n\u00ba 29\/2021 CONSEPE &#8211; Regulamenta\u00e7\u00e3o de ajustes no per\u00edodo 2021.2 e de f\u00e9rias ofertados entre os per\u00edodos 2021.1 e 2021.2<\/a><\/p>\n\n\n\n<p><a href=\"http:\/\/plone.ufpb.br\/cgepm\/contents\/documentos\/resolucoes\/2022_manual-do-estudante.pdf\" target=\"_blank\" rel=\"noreferrer noopener\">Manual do Estudante 2022<\/a><\/p>\n\n\n\n<p><a href=\"http:\/\/plone.ufpb.br\/cgepm\/contents\/documentos\/resolucoes\/cartilha_lei_estagio.pdf\" target=\"_blank\" rel=\"noreferrer noopener\">Cartilha Esclarecedora sobre a Lei do Est\u00e1gio<\/a><\/p>\n","protected":false},"excerpt":{"rendered":"<p>Regimento Geral da UFPB Resolu\u00e7\u00e3o n\u00ba 59\/1997 &#8211; Estrutura curricular do curso de EPM Resolu\u00e7\u00e3o [&hellip;]<\/p>\n","protected":false},"author":63,"featured_media":0,"parent":0,"menu_order":0,"comment_status":"closed","ping_status":"closed","template":"","meta":{"footnotes":""},"class_list":["post-27","page","type-page","status-publish","hentry"],"_links":{"self":[{"href":"https:\/\/www.ct.ufpb.br\/cgepm\/wp-json\/wp\/v2\/pages\/27","targetHints":{"allow":["GET"]}}],"collection":[{"href":"https:\/\/www.ct.ufpb.br\/cgepm\/wp-json\/wp\/v2\/pages"}],"about":[{"href":"https:\/\/www.ct.ufpb.br\/cgepm\/wp-json\/wp\/v2\/types\/page"}],"author":[{"embeddable":true,"href":"https:\/\/www.ct.ufpb.br\/cgepm\/wp-json\/wp\/v2\/users\/63"}],"replies":[{"embeddable":true,"href":"https:\/\/www.ct.ufpb.br\/cgepm\/wp-json\/wp\/v2\/comments?post=27"}],"version-history":[{"count":1,"href":"https:\/\/www.ct.ufpb.br\/cgepm\/wp-json\/wp\/v2\/pages\/27\/revisions"}],"predecessor-version":[{"id":122,"href":"https:\/\/www.ct.ufpb.br\/cgepm\/wp-json\/wp\/v2\/pages\/27\/revisions\/122"}],"wp:attachment":[{"href":"https:\/\/www.ct.ufpb.br\/cgepm\/wp-json\/wp\/v2\/media?parent=27"}],"curies":[{"name":"wp","href":"https:\/\/api.w.org\/{rel}","templated":true}]}}